{"id":1168,"date":"2024-11-21T03:37:57","date_gmt":"2024-11-21T03:37:57","guid":{"rendered":"https:\/\/volovape.com\/?post_type=product&#038;p=1168"},"modified":"2025-07-13T13:49:52","modified_gmt":"2025-07-13T13:49:52","slug":"vapsolo-tornado-pro-12000-bouffees","status":"publish","type":"product","link":"https:\/\/volovape.com\/fr\/product\/vapsolo-tornado-pro-12000-puffs\/","title":{"rendered":"Vapsolo Tornado Pro 12000 bouff\u00e9es Vape jetable - RGB, Airflow ajustable, Mesh Coil"},"content":{"rendered":"<p><iframe title=\"VideoPress Lecteur vid\u00e9o\" aria-label='VideoPress Lecteur vid\u00e9o' width='421' height='750' src='https:\/\/videopress.com\/embed\/IQNVFUQ9?hd=0&amp;cover=1' frameborder='0' allowfullscreen allow='clipboard-write'><\/iframe><script src='https:\/\/v0.wordpress.com\/js\/next\/videopress-iframe.js?m=1739540970'><\/script><\/p>\n<p><strong>Vapsolo Tornado Pro 12000 bouff\u00e9es Vape jetable<\/strong> - Vaping personnalisable gr\u00e2ce \u00e0 l'\u00e9clairage RGB et \u00e0 l'\u00e9coulement d'air r\u00e9glable.<\/p>\n<p>Le <strong>Vapsolo Tornado Pro 12000 bouff\u00e9es<\/strong> La vape jetable offre une exp\u00e9rience de vapotage personnalis\u00e9e gr\u00e2ce \u00e0 son <strong>D\u00e9bit d'air r\u00e9glable sur 4 niveaux<\/strong> et dynamique <strong>\u00c9clairage RVB<\/strong>. Avec jusqu'\u00e0 <strong>12 000 bouff\u00e9es<\/strong>, a <strong>R\u00e9servoir d'e-liquide de 20ml<\/strong>et un <strong>Batterie rechargeable de 650mAh<\/strong>Cet appareil offre une long\u00e9vit\u00e9 exceptionnelle. Les <strong>Bobine \u00e0 mailles de 0,9\u03a9<\/strong> garantit une vapeur douce et savoureuse, tandis que l'\u00e9cran complet vous informe sur les niveaux de la batterie et de l'e-liquide. Note : Bien que principalement jetable, la grande capacit\u00e9 peut permettre une ou deux recharges apr\u00e8s la premi\u00e8re utilisation, bien que les performances optimales soient obtenues avec l'e-liquide pr\u00e9-rempli. Id\u00e9al pour les vapoteurs qui recherchent la personnalisation et le style, le Vapsolo Tornado Pro est parfait pour un usage personnel et pour la consommation de tabac. <strong>Vape jetable en gros<\/strong>. <strong>Commande en vrac<\/strong> sont disponibles pour les d\u00e9taillants.<\/p>\n<h3><strong>Vapsolo Tornado Pro 12000 Puffs Caract\u00e9ristiques :<\/strong><\/h3>\n<ul>\n<li>Bouff\u00e9es : Jusqu'\u00e0 12 000<\/li>\n<li>Capacit\u00e9 E-liquide : 20ml<\/li>\n<li>Batterie : 650mAh (rechargeable)<\/li>\n<li>Chargement : Type-C<\/li>\n<li>Bobine : 0.9\u03a9 Mesh Coil<\/li>\n<li>Flux d'air : R\u00e9glable sur 4 niveaux<\/li>\n<li>\u00c9clairage : RVB<\/li>\n<li>Affichage : Complet (niveaux de batterie et d'e-liquide)<\/li>\n<li>Saveurs disponibles : Melon d'eau glac\u00e9, fraise kiwi, Blue Razz, cerise p\u00e9tillante, myrtille glac\u00e9e, fraise framboise cerise glac\u00e9e, p\u00eache mangue ananas, raisin glac\u00e9, framboise melon d'eau, fraise banane.<\/li>\n<\/ul>\n<h4>FAQ<\/h4>\n<h5>Comment le flux d'air r\u00e9glable sur 4 niveaux am\u00e9liore-t-il l'exp\u00e9rience de vapotage ?<\/h5>\n<p>Le flux d'air r\u00e9glable sur 4 niveaux permet aux utilisateurs d'affiner leur tirage, en passant d'un style MTL (bouche \u00e0 poumon) serr\u00e9 pour une saveur plus concentr\u00e9e \u00e0 un style DTL (direct \u00e0 poumon) plus l\u00e2che pour des nuages de vapeur plus importants. Cette polyvalence r\u00e9pond aux pr\u00e9f\u00e9rences individuelles, offrant une exp\u00e9rience de vapotage personnalis\u00e9e et satisfaisante.<\/p>\n<h5>Quels sont les avantages de l'\u00e9clairage RVB et de l'affichage complet ?<\/h5>\n<p>L'\u00e9clairage RVB vibrant ajoute un \u00e9l\u00e9ment visuel \u00e9l\u00e9gant et personnalisable, am\u00e9liorant l'exp\u00e9rience globale de vapotage. L'\u00e9cran complet fournit des informations en temps r\u00e9el sur les niveaux de batterie et d'e-liquide, ce qui vous permet d'\u00eatre toujours inform\u00e9 de l'\u00e9tat de votre appareil.<\/p>\n<h5>Quelle est la signification de la bobine \u00e0 mailles de 0,9\u03a9 ?<\/h5>\n<p>La bobine \u00e0 mailles de 0,9\u03a9 est con\u00e7ue pour fournir une chaleur constante et uniforme, ce qui permet une production de vapeur douce, riche et savoureuse. Cette bobine garantit que chaque bouff\u00e9e est satisfaisante et maximise la diffusion des saveurs de l'e-liquide.<\/p>\n<h5>Quelles sont les m\u00e9thodes d'exp\u00e9dition utilis\u00e9es ?<\/h5>\n<p>Nous travaillons en partenariat avec des transporteurs fiables tels que UPS, DHL, FedEx et DPD afin de garantir une livraison efficace et s\u00fbre. Nous s\u00e9lectionnons la m\u00e9thode d'exp\u00e9dition la plus appropri\u00e9e en fonction de votre situation g\u00e9ographique pour que votre commande vous parvienne le plus rapidement possible.<\/p>\n<h5>Puis-je faire confiance \u00e0 mon achat ?<\/h5>\n<p>Nous donnons la priorit\u00e9 \u00e0 la satisfaction de nos clients et offrons des options de paiement s\u00e9curis\u00e9es, y compris PayPal avec protection de l'acheteur. Vous pouvez \u00e9galement consulter les avis des clients sur TrustPilot : <a href=\"https:\/\/www.trustpilot.com\/review\/volovape.com?utm_medium=trustbox&amp;utm_source=TrustBoxReviewCollector\">TrustPilot<\/a>.<\/p>","protected":false},"excerpt":{"rendered":"<p>Boostez vos ventes de vape avec Vapsolo Tornado Pro 12000 Puffs en gros ! Airflow r\u00e9glable, lumi\u00e8res RGB, 0.9\u03a9 mesh coil, 20ml, rechargeable. Stock vibrant, vapes personnalisables.<\/p>","protected":false},"featured_media":1407,"comment_status":"open","ping_status":"closed","template":"","meta":[],"product_brand":[],"product_cat":[72,38,21,18,39,20,23,24,22,25,26,27,28,29,30,31,32,33,34,35,36,40],"product_tag":[],"class_list":{"0":"post-1168","1":"product","2":"type-product","3":"status-publish","4":"has-post-thumbnail","6":"product_cat-vapsolo","7":"product_cat-12000-puffs-disposable-vape","8":"product_cat-big-puffs-vapes","9":"product_cat-different-puffs-of-disposable-vapes","10":"product_cat-digital-box-vapes","11":"product_cat-disposable-vape-types","12":"product_cat-disposable-vapes-in-austria","13":"product_cat-disposable-vapes-in-belgium","14":"product_cat-disposable-vapes-in-europe","15":"product_cat-disposable-vapes-in-france","16":"product_cat-disposable-vapes-in-germany","17":"product_cat-disposable-vapes-in-hungary","18":"product_cat-disposable-vapes-in-ltaly","19":"product_cat-disposable-vapes-in-netherlands","20":"product_cat-disposable-vapes-in-norway","21":"product_cat-disposable-vapes-in-poland","22":"product_cat-disposable-vapes-in-portugal","23":"product_cat-disposable-vapes-in-spain","24":"product_cat-disposable-vapes-in-sweden","25":"product_cat-disposable-vapes-in-switzerland","26":"product_cat-rechargeable-vapes","27":"product_cat-smart-screen-vapes","29":"first","30":"instock","31":"shipping-taxable","32":"purchasable","33":"product-type-variable","34":"has-default-attributes"},"jetpack_sharing_enabled":true,"tiered_pricing_type":"fixed","tiered_pricing_fixed_rules":{"2000":6.4900000000000002131628207280300557613372802734375},"tiered_pricing_product_settings":{"layout":"default","base_unit_name":{"singular":null,"plural":null},"default_variation":null},"tiered_pricing_minimum_quantity":1000,"tiered_pricing_roles_data":[],"tiered_pricing_percentage_rules":[],"tiered_pricing_maximum_quantity":null,"tiered_pricing_quantity_step":"10","_links":{"self":[{"href":"https:\/\/volovape.com\/fr\/wp-json\/wp\/v2\/product\/1168","targetHints":{"allow":["GET"]}}],"collection":[{"href":"https:\/\/volovape.com\/fr\/wp-json\/wp\/v2\/product"}],"about":[{"href":"https:\/\/volovape.com\/fr\/wp-json\/wp\/v2\/types\/product"}],"replies":[{"embeddable":true,"href":"https:\/\/volovape.com\/fr\/wp-json\/wp\/v2\/comments?post=1168"}],"wp:featuredmedia":[{"embeddable":true,"href":"https:\/\/volovape.com\/fr\/wp-json\/wp\/v2\/media\/1407"}],"wp:attachment":[{"href":"https:\/\/volovape.com\/fr\/wp-json\/wp\/v2\/media?parent=1168"}],"wp:term":[{"taxonomy":"product_brand","embeddable":true,"href":"https:\/\/volovape.com\/fr\/wp-json\/wp\/v2\/product_brand?post=1168"},{"taxonomy":"product_cat","embeddable":true,"href":"https:\/\/volovape.com\/fr\/wp-json\/wp\/v2\/product_cat?post=1168"},{"taxonomy":"product_tag","embeddable":true,"href":"https:\/\/volovape.com\/fr\/wp-json\/wp\/v2\/product_tag?post=1168"}],"curies":[{"name":"wp","href":"https:\/\/api.w.org\/{rel}","templated":true}]}}