{"id":1167,"date":"2024-11-21T03:37:57","date_gmt":"2024-11-21T03:37:57","guid":{"rendered":"https:\/\/volovape.com\/?post_type=product&#038;p=1167"},"modified":"2025-07-13T13:48:06","modified_gmt":"2025-07-13T13:48:06","slug":"vapsolo-dg18000-puffs","status":"publish","type":"product","link":"https:\/\/volovape.com\/fr\/product\/vapsolo-dg18000-puffs\/","title":{"rendered":"Vapsolo DG18000 Puffs Vape jetable - Capacit\u00e9 28ml, R\u00e9sistance 0.9\u03a9"},"content":{"rendered":"<p><iframe title=\"VideoPress Lecteur vid\u00e9o\" aria-label='VideoPress Lecteur vid\u00e9o' width='500' height='281' src='https:\/\/videopress.com\/embed\/ss3cmXiS?hd=0&amp;cover=1' frameborder='0' allowfullscreen allow='clipboard-write'><\/iframe><script src='https:\/\/v0.wordpress.com\/js\/next\/videopress-iframe.js?m=1739540970'><\/script><\/p>\n<p><strong>Vapsolo DG18000 Puffs Vape jetable<\/strong> - Une long\u00e9vit\u00e9 in\u00e9gal\u00e9e et une vapeur douce dans un appareil de grande capacit\u00e9.<\/p>\n<p>Le <strong>Vapsolo DG18000 Puffs<\/strong> est con\u00e7u pour les vapoteurs qui exigent une utilisation prolong\u00e9e et des performances sup\u00e9rieures. Avec une impressionnante <strong>18 000 bouff\u00e9es<\/strong> de la capacit\u00e9 de production, une <strong>R\u00e9servoir d'e-liquide de 28ml<\/strong>et un <strong>Batterie rechargeable de 650mAh<\/strong>Ce dispositif offre une long\u00e9vit\u00e9 et une commodit\u00e9 in\u00e9gal\u00e9es. L'optimisation de la <strong>0,9\u03a9 r\u00e9sistance<\/strong> garantit une production de vapeur r\u00e9guli\u00e8re et savoureuse. Choisissez entre <strong>Intensit\u00e9 de nicotine 2% et 5%<\/strong>. Id\u00e9al pour les vapoteurs \u00e0 la recherche d'un plaisir durable, le Vapsolo DG18000 est parfait pour l'usage personnel et pour le plaisir de fumer. <strong>Vape jetable en gros<\/strong>. <strong>Commande en vrac<\/strong> sont disponibles pour les d\u00e9taillants.<\/p>\n<h3><strong>Vapsolo DG18000 Puffs Caract\u00e9ristiques :<\/strong><\/h3>\n<ul>\n<li>Bouff\u00e9es : Jusqu'\u00e0 18 000<\/li>\n<li>Capacit\u00e9 E-liquide : 28ml<\/li>\n<li>Batterie : 650mAh (rechargeable)<\/li>\n<li>Chargement : Type-C<\/li>\n<li>R\u00e9sistance : 0.9\u03a9<\/li>\n<li>Points forts de la nicotine : 2%, 5%<\/li>\n<li>Saveurs disponibles : P\u00eache Mangue Ananas, Fruit de la Passion Kiwi Ice, Myrtille Cerise Canneberge, Past\u00e8que Ice, Fraise Kiwi, Citron Lime, Fraise Banane, Red Bull, Baies m\u00e9lang\u00e9es, Prime Fraise Past\u00e8que.<\/li>\n<\/ul>\n<h4>FAQ<\/h4>\n<h5>Comment la r\u00e9sistance de 0,9\u03a9 am\u00e9liore-t-elle l'exp\u00e9rience de vapotage ?<\/h5>\n<p>La r\u00e9sistance de 0,9\u03a9 est sp\u00e9cialement con\u00e7ue pour fournir un \u00e9quilibre entre la saveur et la production de vapeur. Cette r\u00e9sistance assure une vapeur homog\u00e8ne et fluide, d\u00e9livrant des saveurs riches et satisfaisantes \u00e0 chaque bouff\u00e9e. Elle est optimis\u00e9e pour une exp\u00e9rience de vapotage confortable et agr\u00e9able.<\/p>\n<h5>Quels sont les avantages de la capacit\u00e9 de 18 000 bouff\u00e9es et du r\u00e9servoir d'e-liquide de 28 ml ?<\/h5>\n<p>La capacit\u00e9 de 18 000 bouff\u00e9es et le r\u00e9servoir d'e-liquide de 28 ml permettent une utilisation prolong\u00e9e, minimisant ainsi le besoin de remplacements fr\u00e9quents. Le Vapsolo DG18000 est donc id\u00e9al pour les utilisateurs qui souhaitent une solution de vapotage durable et pratique, parfaite pour les voyages ou l'usage quotidien.<\/p>\n<h5>Quelle est la vitesse de recharge de la batterie de 650 mAh ?<\/h5>\n<p>La batterie de 650mAh prend en charge de longues sessions de vapotage et se recharge rapidement via le chargement Type-C. Cela garantit un temps d'arr\u00eat minimal, vous permettant de profiter de votre appareil sans longues attentes.<\/p>\n<h5>Quelles sont les m\u00e9thodes d'exp\u00e9dition utilis\u00e9es ?<\/h5>\n<p>Nous travaillons en partenariat avec des transporteurs fiables tels que UPS, DHL, FedEx et DPD afin de garantir une livraison efficace et s\u00fbre. Nous s\u00e9lectionnons la m\u00e9thode d'exp\u00e9dition la plus appropri\u00e9e en fonction de votre situation g\u00e9ographique pour que votre commande vous parvienne le plus rapidement possible.<\/p>\n<h5>Puis-je faire confiance \u00e0 mon achat ?<\/h5>\n<p>Nous donnons la priorit\u00e9 \u00e0 la satisfaction de nos clients et offrons des options de paiement s\u00e9curis\u00e9es, y compris PayPal avec protection de l'acheteur. Vous pouvez \u00e9galement consulter les avis des clients sur TrustPilot : <a href=\"https:\/\/www.trustpilot.com\/review\/volovape.com?utm_medium=trustbox&amp;utm_source=TrustBoxReviewCollector\">TrustPilot<\/a>.<\/p>","protected":false},"excerpt":{"rendered":"<p>Faites le plein de Vapsolo DG18000 Puffs Vape jetable en vrac. Avec 28ml d'e-liquide, 2% &amp; 5% options de nicotine, et une vapeur douce, c'est id\u00e9al pour les fournisseurs de vape en gros et les d\u00e9taillants.<\/p>","protected":false},"featured_media":1388,"comment_status":"open","ping_status":"closed","template":"","meta":[],"product_brand":[],"product_cat":[72,50,21,18,39,20,23,24,22,25,26,27,28,29,30,31,32,33,34,35,36,40],"product_tag":[],"class_list":{"0":"post-1167","1":"product","2":"type-product","3":"status-publish","4":"has-post-thumbnail","6":"product_cat-vapsolo","7":"product_cat-18000-puffs-disposable-vape","8":"product_cat-big-puffs-vapes","9":"product_cat-different-puffs-of-disposable-vapes","10":"product_cat-digital-box-vapes","11":"product_cat-disposable-vape-types","12":"product_cat-disposable-vapes-in-austria","13":"product_cat-disposable-vapes-in-belgium","14":"product_cat-disposable-vapes-in-europe","15":"product_cat-disposable-vapes-in-france","16":"product_cat-disposable-vapes-in-germany","17":"product_cat-disposable-vapes-in-hungary","18":"product_cat-disposable-vapes-in-ltaly","19":"product_cat-disposable-vapes-in-netherlands","20":"product_cat-disposable-vapes-in-norway","21":"product_cat-disposable-vapes-in-poland","22":"product_cat-disposable-vapes-in-portugal","23":"product_cat-disposable-vapes-in-spain","24":"product_cat-disposable-vapes-in-sweden","25":"product_cat-disposable-vapes-in-switzerland","26":"product_cat-rechargeable-vapes","27":"product_cat-smart-screen-vapes","29":"first","30":"instock","31":"shipping-taxable","32":"purchasable","33":"product-type-variable","34":"has-default-attributes"},"jetpack_sharing_enabled":true,"tiered_pricing_type":"fixed","tiered_pricing_fixed_rules":{"2000":6.9900000000000002131628207280300557613372802734375},"tiered_pricing_product_settings":{"layout":"default","base_unit_name":{"singular":null,"plural":null},"default_variation":null},"tiered_pricing_minimum_quantity":1000,"tiered_pricing_roles_data":[],"tiered_pricing_percentage_rules":[],"tiered_pricing_maximum_quantity":null,"tiered_pricing_quantity_step":"10","_links":{"self":[{"href":"https:\/\/volovape.com\/fr\/wp-json\/wp\/v2\/product\/1167","targetHints":{"allow":["GET"]}}],"collection":[{"href":"https:\/\/volovape.com\/fr\/wp-json\/wp\/v2\/product"}],"about":[{"href":"https:\/\/volovape.com\/fr\/wp-json\/wp\/v2\/types\/product"}],"replies":[{"embeddable":true,"href":"https:\/\/volovape.com\/fr\/wp-json\/wp\/v2\/comments?post=1167"}],"wp:featuredmedia":[{"embeddable":true,"href":"https:\/\/volovape.com\/fr\/wp-json\/wp\/v2\/media\/1388"}],"wp:attachment":[{"href":"https:\/\/volovape.com\/fr\/wp-json\/wp\/v2\/media?parent=1167"}],"wp:term":[{"taxonomy":"product_brand","embeddable":true,"href":"https:\/\/volovape.com\/fr\/wp-json\/wp\/v2\/product_brand?post=1167"},{"taxonomy":"product_cat","embeddable":true,"href":"https:\/\/volovape.com\/fr\/wp-json\/wp\/v2\/product_cat?post=1167"},{"taxonomy":"product_tag","embeddable":true,"href":"https:\/\/volovape.com\/fr\/wp-json\/wp\/v2\/product_tag?post=1167"}],"curies":[{"name":"wp","href":"https:\/\/api.w.org\/{rel}","templated":true}]}}