{"id":1166,"date":"2024-11-21T03:37:57","date_gmt":"2024-11-21T03:37:57","guid":{"rendered":"https:\/\/volovape.com\/?post_type=product&#038;p=1166"},"modified":"2025-08-07T08:19:46","modified_gmt":"2025-08-07T08:19:46","slug":"vapsolo-viking-12000-bouffees","status":"publish","type":"product","link":"https:\/\/volovape.com\/fr\/product\/vapsolo-viking-12000-puffs\/","title":{"rendered":"VapSolo Viking 12000 bouff\u00e9es Vape jetable - Airflow ajustable, Mesh Coil, LCD"},"content":{"rendered":"<p><iframe title=\"VideoPress Lecteur vid\u00e9o\" aria-label='VideoPress Lecteur vid\u00e9o' width='500' height='281' src='https:\/\/videopress.com\/embed\/ngfVq1VJ?hd=0&amp;cover=1' frameborder='0' allowfullscreen allow='clipboard-write'><\/iframe><script src='https:\/\/v0.wordpress.com\/js\/next\/videopress-iframe.js?m=1739540970'><\/script><\/p>\n<p><strong>VapSolo Viking 12000 bouff\u00e9es Vape jetable<\/strong> - Vaping personnalis\u00e9 avec flux d'air r\u00e9glable et \u00e9cran LCD.<\/p>\n<p>Le <strong>VapSolo Viking 12000 Puffs<\/strong> La vape jetable offre une exp\u00e9rience de vapotage personnalisable gr\u00e2ce \u00e0 son <strong>D\u00e9bit d'air r\u00e9glable sur 4 niveaux<\/strong>Vous pouvez ainsi passer d'un style MTL \u00e0 un style DTL. Avec jusqu'\u00e0 <strong>12 000 bouff\u00e9es<\/strong>, une g\u00e9n\u00e9reuse <strong>R\u00e9servoir d'e-liquide de 22ml<\/strong>et un <strong>Batterie rechargeable de 650mAh<\/strong>Cet appareil offre une valeur et une long\u00e9vit\u00e9 exceptionnelles. Les <strong>Bobine \u00e0 mailles de 1,0\u03a9<\/strong> garantit une vapeur toujours douce et savoureuse, tandis que le <strong>\u00c9cran LCD<\/strong> permet de contr\u00f4ler en temps r\u00e9el l'autonomie de la batterie et l'\u00e9tat de la vape. Id\u00e9al pour les vapoteurs \u00e0 la recherche d'un contr\u00f4le personnalis\u00e9, le VapSolo Viking est parfait pour une utilisation personnelle et une utilisation en famille. <strong>Vape jetable en gros<\/strong>. <strong>Commande en vrac<\/strong> sont disponibles pour les d\u00e9taillants.<\/p>\n<h3><strong>VapSolo Viking 12000 Puffs Caract\u00e9ristiques :<\/strong><\/h3>\n<ul>\n<li>Bouff\u00e9es : Jusqu'\u00e0 12 000<\/li>\n<li>Capacit\u00e9 E-liquide : 22ml<\/li>\n<li>Batterie : 650mAh (rechargeable)<\/li>\n<li>Chargement : Type-C<\/li>\n<li>Bobine : 1.0\u03a9 Mesh Coil<\/li>\n<li>Flux d'air : R\u00e9glable sur 4 niveaux<\/li>\n<li>Affichage : LCD (\u00e9tat de la batterie et de la vaporisation)<\/li>\n<li>Saveurs disponibles : Myrtille framboise, myrtille, cerise, glace past\u00e8que, fraise kiwi, fraise past\u00e8que, myrtille cerise canneberge, citron vert, ourson gommeux, fraise banane, menthe fra\u00eeche, fraise framboise glace, citron p\u00eache, pomme rouge glace.<\/li>\n<\/ul>\n<h4>FAQ<\/h4>\n<h5>Comment le flux d'air r\u00e9glable sur 4 niveaux am\u00e9liore-t-il l'exp\u00e9rience de vapotage ?<\/h5>\n<p>Le flux d'air r\u00e9glable sur 4 niveaux permet aux utilisateurs d'affiner leur tirage, en passant d'un style MTL (bouche \u00e0 poumon) serr\u00e9 pour une saveur plus concentr\u00e9e \u00e0 un style DTL (direct \u00e0 poumon) plus l\u00e2che pour des nuages de vapeur plus importants. Cette polyvalence r\u00e9pond aux pr\u00e9f\u00e9rences individuelles, offrant une exp\u00e9rience de vapotage personnalis\u00e9e et satisfaisante.<\/p>\n<h5>Quels sont les avantages de l'\u00e9cran LCD ?<\/h5>\n<p>L'\u00e9cran LCD fournit des informations en temps r\u00e9el sur l'autonomie de la batterie et l'\u00e9tat de la vape, ce qui permet aux utilisateurs de contr\u00f4ler facilement l'\u00e9tat de leur appareil. Cette fonction vous permet d'\u00eatre toujours inform\u00e9 et de planifier vos sessions de vapotage en cons\u00e9quence, ce qui est plus pratique et \u00e9vite les interruptions inattendues.<\/p>\n<h5>Comment la bobine 1.0\u03a9 contribue-t-elle \u00e0 la saveur et \u00e0 la production de vapeur ?<\/h5>\n<p>La bobine de 1,0\u03a9 est con\u00e7ue pour fournir une chaleur homog\u00e8ne et r\u00e9guli\u00e8re, ce qui permet une production de vapeur douce, riche et savoureuse. Cette bobine garantit que chaque bouff\u00e9e est satisfaisante et maximise la diffusion de la saveur de l'e-liquide.<\/p>\n<h5>Quelles sont les m\u00e9thodes d'exp\u00e9dition utilis\u00e9es ?<\/h5>\n<p>Nous travaillons en partenariat avec des transporteurs fiables tels que UPS, DHL, FedEx et DPD afin de garantir une livraison efficace et s\u00fbre. Nous s\u00e9lectionnons la m\u00e9thode d'exp\u00e9dition la plus appropri\u00e9e en fonction de votre situation g\u00e9ographique pour que votre commande vous parvienne le plus rapidement possible.<\/p>\n<h5>Puis-je faire confiance \u00e0 mon achat ?<\/h5>\n<p>Nous donnons la priorit\u00e9 \u00e0 la satisfaction de nos clients et offrons des options de paiement s\u00e9curis\u00e9es, y compris PayPal avec protection de l'acheteur. Vous pouvez \u00e9galement consulter les avis des clients sur TrustPilot : <a href=\"https:\/\/www.trustpilot.com\/review\/volovape.com?utm_medium=trustbox&amp;utm_source=TrustBoxReviewCollector\">TrustPilot<\/a>.<\/p>","protected":false},"excerpt":{"rendered":"<p>Commandez VapSolo Viking 12000 Puffs Vape jetable en vrac. Le flux d'air r\u00e9glable, l'\u00e9cran LCD et la saveur douce le rendent parfait pour les acheteurs et les revendeurs de vape en gros \u00e0 la recherche d'options de haute performance.<\/p>","protected":false},"featured_media":1373,"comment_status":"open","ping_status":"closed","template":"","meta":[],"product_brand":[],"product_cat":[72,38,21,18,39,20,23,24,22,25,26,27,28,29,30,31,32,33,34,35,36,40],"product_tag":[],"class_list":{"0":"post-1166","1":"product","2":"type-product","3":"status-publish","4":"has-post-thumbnail","6":"product_cat-vapsolo","7":"product_cat-12000-puffs-disposable-vape","8":"product_cat-big-puffs-vapes","9":"product_cat-different-puffs-of-disposable-vapes","10":"product_cat-digital-box-vapes","11":"product_cat-disposable-vape-types","12":"product_cat-disposable-vapes-in-austria","13":"product_cat-disposable-vapes-in-belgium","14":"product_cat-disposable-vapes-in-europe","15":"product_cat-disposable-vapes-in-france","16":"product_cat-disposable-vapes-in-germany","17":"product_cat-disposable-vapes-in-hungary","18":"product_cat-disposable-vapes-in-ltaly","19":"product_cat-disposable-vapes-in-netherlands","20":"product_cat-disposable-vapes-in-norway","21":"product_cat-disposable-vapes-in-poland","22":"product_cat-disposable-vapes-in-portugal","23":"product_cat-disposable-vapes-in-spain","24":"product_cat-disposable-vapes-in-sweden","25":"product_cat-disposable-vapes-in-switzerland","26":"product_cat-rechargeable-vapes","27":"product_cat-smart-screen-vapes","29":"first","30":"instock","31":"shipping-taxable","32":"purchasable","33":"product-type-variable","34":"has-default-attributes"},"jetpack_sharing_enabled":true,"tiered_pricing_type":"fixed","tiered_pricing_fixed_rules":{"2000":5.6500000000000003552713678800500929355621337890625},"tiered_pricing_product_settings":{"layout":"default","base_unit_name":{"singular":null,"plural":null},"default_variation":null},"tiered_pricing_minimum_quantity":1000,"tiered_pricing_roles_data":[],"tiered_pricing_percentage_rules":[],"tiered_pricing_maximum_quantity":null,"tiered_pricing_quantity_step":"10","_links":{"self":[{"href":"https:\/\/volovape.com\/fr\/wp-json\/wp\/v2\/product\/1166","targetHints":{"allow":["GET"]}}],"collection":[{"href":"https:\/\/volovape.com\/fr\/wp-json\/wp\/v2\/product"}],"about":[{"href":"https:\/\/volovape.com\/fr\/wp-json\/wp\/v2\/types\/product"}],"replies":[{"embeddable":true,"href":"https:\/\/volovape.com\/fr\/wp-json\/wp\/v2\/comments?post=1166"}],"wp:featuredmedia":[{"embeddable":true,"href":"https:\/\/volovape.com\/fr\/wp-json\/wp\/v2\/media\/1373"}],"wp:attachment":[{"href":"https:\/\/volovape.com\/fr\/wp-json\/wp\/v2\/media?parent=1166"}],"wp:term":[{"taxonomy":"product_brand","embeddable":true,"href":"https:\/\/volovape.com\/fr\/wp-json\/wp\/v2\/product_brand?post=1166"},{"taxonomy":"product_cat","embeddable":true,"href":"https:\/\/volovape.com\/fr\/wp-json\/wp\/v2\/product_cat?post=1166"},{"taxonomy":"product_tag","embeddable":true,"href":"https:\/\/volovape.com\/fr\/wp-json\/wp\/v2\/product_tag?post=1166"}],"curies":[{"name":"wp","href":"https:\/\/api.w.org\/{rel}","templated":true}]}}