{"id":1120,"date":"2024-11-21T03:37:34","date_gmt":"2024-11-21T03:37:34","guid":{"rendered":"https:\/\/volovape.com\/?post_type=product&#038;p=1120"},"modified":"2025-09-08T03:35:10","modified_gmt":"2025-09-08T03:35:10","slug":"vapsolo-twins-20000-puffs-dual-flavor-jetable-wholesale","status":"publish","type":"product","link":"https:\/\/volovape.com\/fr\/product\/vapsolo-twins-20000-puffs-dual-flavor-disposable-wholesale\/","title":{"rendered":"VapSolo Twins 20000 puffs dual-flavor disposable vape - double taste rechargeable with display"},"content":{"rendered":"<p><iframe title=\"VideoPress Lecteur vid\u00e9o\" aria-label='VideoPress Lecteur vid\u00e9o' width='421' height='750' src='https:\/\/videopress.com\/embed\/q9MmvkxP?hd=0&amp;cover=1' frameborder='0' allowfullscreen allow='clipboard-write'><\/iframe><script src='https:\/\/v0.wordpress.com\/js\/next\/videopress-iframe.js?m=1739540970'><\/script><\/p>\n<p><strong>VapSolo Twins 20000 Puffs Dual Flavor Vape jetable<\/strong> - Doublez la saveur, doublez la satisfaction.<\/p>\n<p>Le <strong>VapSolo Twins 20000 bouff\u00e9es<\/strong> pr\u00e9sente un design r\u00e9volutionnaire \u00e0 double ar\u00f4me, qui vous permet de passer d'un ar\u00f4me \u00e0 l'autre dans un seul appareil pratique et rechargeable. Avec jusqu'\u00e0 <strong>20 000 bouff\u00e9es<\/strong>, une g\u00e9n\u00e9reuse <strong>Capacit\u00e9 de 25 ml d'e-liquide<\/strong>et un <strong>Batterie rechargeable de 650mAh<\/strong>Cet appareil offre une long\u00e9vit\u00e9 et une vari\u00e9t\u00e9 exceptionnelles. L'\u00e9cran int\u00e9gr\u00e9 permet de contr\u00f4ler en temps r\u00e9el les niveaux d'e-liquide et de batterie. <strong>Bobine \u00e0 mailles de 1\u03a9<\/strong> garantit une vapeur douce et savoureuse. Choisissez entre <strong>Intensit\u00e9 de nicotine 2% et 5%<\/strong>. Id\u00e9al pour les vapoteurs \u00e0 la recherche de vari\u00e9t\u00e9 et de performances durables, le VapSolo Twins est parfait pour une utilisation personnelle et pour les fumeurs. <strong>Vape jetable en gros<\/strong>. <strong>Commande en vrac<\/strong> sont disponibles pour les d\u00e9taillants.<\/p>\n<h3><strong>VapSolo Twins 20000 Puffs Caract\u00e9ristiques :<\/strong><\/h3>\n<ul>\n<li>Bouff\u00e9es : Jusqu'\u00e0 20 000<\/li>\n<li>Capacit\u00e9 E-liquide : 25ml<\/li>\n<li>Batterie : 650mAh (rechargeable)<\/li>\n<li>Chargement : Type-C<\/li>\n<li>Bobine : Bobine en maille (1\u03a9)<\/li>\n<li>Points forts de la nicotine : 2%, 5%<\/li>\n<li>Affichage : Niveau d'e-liquide et de batterie<\/li>\n<li>Type d'ar\u00f4me : Double ar\u00f4me<\/li>\n<li>Combinaisons d'ar\u00f4mes disponibles : Citron vert et glace past\u00e8que, glace raisin et fraise kiwi, ananas noix de coco et fraise banane, orange mangue past\u00e8que et taureau rouge, glace myrtille et cerise Fizzy, glace past\u00e8que et fruits m\u00e9lang\u00e9s, fraise banane et cerise Fizzy, glace fraise framboise cerise et glace raisin, limonade bleue et citron vert, glace past\u00e8que et fraise mangue.<\/li>\n<\/ul>\n<h4>FAQ<\/h4>\n<h5>Comment la conception \u00e0 double ar\u00f4me am\u00e9liore-t-elle l'exp\u00e9rience de vapotage ?<\/h5>\n<p>La conception \u00e0 double saveur du VapSolo Twins permet aux utilisateurs de passer d'une saveur \u00e0 l'autre sans avoir besoin de plusieurs appareils. Cela permet de varier les saveurs et d'\u00e9viter la lassitude, ce qui le rend parfait pour les vapoteurs qui aiment explorer des go\u00fbts diff\u00e9rents.<\/p>\n<h5>Quels sont les avantages de l'affichage int\u00e9gr\u00e9 ?<\/h5>\n<p>L'\u00e9cran int\u00e9gr\u00e9 permet de contr\u00f4ler en temps r\u00e9el les niveaux d'e-liquide et de batterie, afin que vous soyez toujours inform\u00e9 de l'\u00e9tat de votre appareil. Cette fonction am\u00e9liore la commodit\u00e9 et \u00e9vite les interruptions inattendues, pour une exp\u00e9rience de vapotage sans faille.<\/p>\n<h5>Comment la bobine de 1\u03a9 contribue-t-elle \u00e0 la saveur et \u00e0 la production de vapeur ?<\/h5>\n<p>La bobine \u00e0 mailles de 1\u03a9 est con\u00e7ue pour fournir une vapeur douce, coh\u00e9rente et savoureuse. Elle optimise la distribution de la chaleur et la vaporisation de l'e-liquide, garantissant que chaque bouff\u00e9e est riche et satisfaisante.<\/p>\n<h5>Quelles sont les m\u00e9thodes d'exp\u00e9dition utilis\u00e9es ?<\/h5>\n<p>Nous travaillons en partenariat avec des transporteurs fiables tels que UPS, DHL, FedEx et DPD afin de garantir une livraison efficace et s\u00fbre. Nous s\u00e9lectionnons la m\u00e9thode d'exp\u00e9dition la plus appropri\u00e9e en fonction de votre situation g\u00e9ographique pour que votre commande vous parvienne le plus rapidement possible.<\/p>\n<h5>Puis-je faire confiance \u00e0 mon achat ?<\/h5>\n<p>Nous donnons la priorit\u00e9 \u00e0 la satisfaction de nos clients et offrons des options de paiement s\u00e9curis\u00e9es, y compris PayPal avec protection de l'acheteur. Vous pouvez \u00e9galement consulter les avis des clients sur TrustPilot : <a href=\"https:\/\/www.trustpilot.com\/review\/volovape.com?utm_medium=trustbox&amp;utm_source=TrustBoxReviewCollector\">TrustPilot<\/a>.<\/p>","protected":false},"excerpt":{"rendered":"<p>Maximisez vos ventes de vape avec le VapSolo Twins 20000 Puffs en gros ! Deux saveurs, 25ml, \u00e9cran, 1\u03a9 mesh coil. Faites le plein de ce produit unique, rechargeable et jetable d\u00e8s aujourd'hui.<\/p>","protected":false},"featured_media":1330,"comment_status":"open","ping_status":"closed","template":"","meta":[],"product_brand":[],"product_cat":[72,42,21,18,39,20,23,24,22,25,26,27,28,29,30,31,32,33,34,35,64,36,40],"product_tag":[],"class_list":{"0":"post-1120","1":"product","2":"type-product","3":"status-publish","4":"has-post-thumbnail","6":"product_cat-vapsolo","7":"product_cat-20000-puffs-disposable-vape","8":"product_cat-big-puffs-vapes","9":"product_cat-different-puffs-of-disposable-vapes","10":"product_cat-digital-box-vapes","11":"product_cat-disposable-vape-types","12":"product_cat-disposable-vapes-in-austria","13":"product_cat-disposable-vapes-in-belgium","14":"product_cat-disposable-vapes-in-europe","15":"product_cat-disposable-vapes-in-france","16":"product_cat-disposable-vapes-in-germany","17":"product_cat-disposable-vapes-in-hungary","18":"product_cat-disposable-vapes-in-ltaly","19":"product_cat-disposable-vapes-in-netherlands","20":"product_cat-disposable-vapes-in-norway","21":"product_cat-disposable-vapes-in-poland","22":"product_cat-disposable-vapes-in-portugal","23":"product_cat-disposable-vapes-in-spain","24":"product_cat-disposable-vapes-in-sweden","25":"product_cat-disposable-vapes-in-switzerland","26":"product_cat-dual-flavor-vapes","27":"product_cat-rechargeable-vapes","28":"product_cat-smart-screen-vapes","30":"first","31":"instock","32":"shipping-taxable","33":"purchasable","34":"product-type-variable","35":"has-default-attributes"},"jetpack_sharing_enabled":true,"tiered_pricing_type":"fixed","tiered_pricing_fixed_rules":{"2000":7.20000000000000017763568394002504646778106689453125},"tiered_pricing_product_settings":{"layout":"default","base_unit_name":{"singular":null,"plural":null},"default_variation":null},"tiered_pricing_minimum_quantity":1000,"tiered_pricing_roles_data":[],"tiered_pricing_percentage_rules":[],"tiered_pricing_maximum_quantity":null,"tiered_pricing_quantity_step":"10","_links":{"self":[{"href":"https:\/\/volovape.com\/fr\/wp-json\/wp\/v2\/product\/1120","targetHints":{"allow":["GET"]}}],"collection":[{"href":"https:\/\/volovape.com\/fr\/wp-json\/wp\/v2\/product"}],"about":[{"href":"https:\/\/volovape.com\/fr\/wp-json\/wp\/v2\/types\/product"}],"replies":[{"embeddable":true,"href":"https:\/\/volovape.com\/fr\/wp-json\/wp\/v2\/comments?post=1120"}],"wp:featuredmedia":[{"embeddable":true,"href":"https:\/\/volovape.com\/fr\/wp-json\/wp\/v2\/media\/1330"}],"wp:attachment":[{"href":"https:\/\/volovape.com\/fr\/wp-json\/wp\/v2\/media?parent=1120"}],"wp:term":[{"taxonomy":"product_brand","embeddable":true,"href":"https:\/\/volovape.com\/fr\/wp-json\/wp\/v2\/product_brand?post=1120"},{"taxonomy":"product_cat","embeddable":true,"href":"https:\/\/volovape.com\/fr\/wp-json\/wp\/v2\/product_cat?post=1120"},{"taxonomy":"product_tag","embeddable":true,"href":"https:\/\/volovape.com\/fr\/wp-json\/wp\/v2\/product_tag?post=1120"}],"curies":[{"name":"wp","href":"https:\/\/api.w.org\/{rel}","templated":true}]}}