{"id":92,"date":"2024-11-21T03:26:52","date_gmt":"2024-11-21T03:26:52","guid":{"rendered":"https:\/\/volovape.com\/?post_type=product&#038;p=92"},"modified":"2025-10-30T05:03:11","modified_gmt":"2025-10-30T05:03:11","slug":"mrvi-18000-inhalaciones","status":"publish","type":"product","link":"https:\/\/volovape.com\/es\/product\/mrvi-18000-puffs\/","title":{"rendered":"MRVI 18000 Puffs Vape Desechable - Bobina Dual Mesh y Calor Ajustable (2%\/5% Nicotina)"},"content":{"rendered":"<p><iframe title=\"Reproductor de v\u00eddeo de VideoPress\" aria-label='Reproductor de v\u00eddeo de VideoPress' width='421' height='750' src='https:\/\/videopress.com\/embed\/4wiCqhDO?hd=0&amp;cover=1' frameborder='0' allowfullscreen allow='clipboard-write'><\/iframe><script src='https:\/\/v0.wordpress.com\/js\/next\/videopress-iframe.js?m=1739540970'><\/script><\/p>\n<p><strong>MRVI 18000 Puffs Vape desechable<\/strong> - Vaping personalizable con doble bobina de malla y calefacci\u00f3n ajustable.<\/p>\n<p>El <strong>MRVI 18000<\/strong> establece un nuevo est\u00e1ndar para vapes desechables, ofreciendo hasta <strong>18.000 bocanadas<\/strong> y una generosa <strong>Capacidad de 26 ml de e-l\u00edquido<\/strong>. Impulsado por un <strong>Bater\u00eda recargable de 600 mAh<\/strong> y con <strong>Carga tipo C<\/strong>Este dispositivo est\u00e1 dise\u00f1ado para un uso prolongado. El <strong>bobinas duales de malla de 1.0\u03a9<\/strong> proporcionan un vapor rico y suave, mientras que el <strong>cuatro modos de calefacci\u00f3n ajustables<\/strong> le permiten ajustar con precisi\u00f3n su experiencia de vapeo. Elija entre <strong>Concentraciones de nicotina 2% y 5%<\/strong> seg\u00fan sus preferencias. Disponible en <strong>10 sabores \u00fanicos<\/strong>El MRVI 18000 es ideal para <strong>vape desechable al por mayor<\/strong>, <strong>pedidos al por mayor<\/strong>o <strong>uso personal<\/strong>que combina tecnolog\u00eda avanzada con la m\u00e1xima comodidad.<\/p>\n<h3><strong>MRVI 18000 Caracter\u00edsticas:<\/strong><\/h3>\n<ul>\n<li>Puffs: Hasta 18.000 Puffs<\/li>\n<li>Capacidad del E-l\u00edquido: 26mL<\/li>\n<li>Bater\u00eda: 600mAh (recargable)<\/li>\n<li>Carga: Tipo-C<\/li>\n<li>Bobina: Bobinas de malla duales de 1.0\u03a9<\/li>\n<li>Modos de calefacci\u00f3n: 4 modos ajustables<\/li>\n<li>Potencias de nicotina: 2%, 5%<\/li>\n<li>Sabores: 10 opciones \u00fanicas<\/li>\n<li>Dimensiones: 43 x 23,7 x 99 mm<\/li>\n<li>Dispositivo desechable<\/li>\n<\/ul>\n<h4>Preguntas frecuentes<\/h4>\n<h5>\u00bfC\u00f3mo mejoran la experiencia de vapeo los modos de calentamiento ajustables?<\/h5>\n<p>Los cuatro modos de calentamiento ajustables le permiten personalizar la intensidad y el calor de su vapor. Tanto si prefieres una calada suave como una m\u00e1s potente e intensa, puedes ajustar f\u00e1cilmente la configuraci\u00f3n para adaptarla a tus preferencias personales.<\/p>\n<h5>\u00bfQu\u00e9 m\u00e9todos de env\u00edo se utilizan?<\/h5>\n<p>Colaboramos con transportistas de confianza como UPS, DHL, FedEx y DPD para garantizar que su pedido se entregue de forma r\u00e1pida y segura. Seleccionamos el m\u00e9todo de env\u00edo m\u00e1s eficiente en funci\u00f3n de su ubicaci\u00f3n para optimizar la velocidad y la fiabilidad de la entrega.<\/p>\n<h5>\u00bfCu\u00e1nto tarda en llegar mi pedido?<\/h5>\n<p>El plazo de entrega suele ser de 7 a 15 d\u00edas laborables. Sin embargo, durante las vacaciones o condiciones meteorol\u00f3gicas adversas, puede que se produzcan ligeros retrasos en el env\u00edo.<\/p>\n<h5>\u00bfTendr\u00e9 problemas de aduanas o gastos adicionales?<\/h5>\n<p>Nos encargamos de todos los tr\u00e1mites aduaneros, garantizando una experiencia fluida y sin complicaciones. No tendr\u00e1 que pagar impuestos ni tasas adicionales. Nos aseguramos de que 100% de nuestros productos pasen la aduana con \u00e9xito.<\/p>\n<h5>\u00bfEs seguro y fiable comprar en su sitio web?<\/h5>\n<p>S\u00ed, ofrecemos transacciones seguras de PayPal con protecci\u00f3n del comprador. Tambi\u00e9n puede comprobar nuestra fiabilidad consultando las opiniones de nuestros clientes en <a href=\"https:\/\/www.trustpilot.com\/review\/volovape.com?utm_medium=trustbox&amp;utm_source=TrustBoxReviewCollector\">TrustPilot<\/a>donde encontrar\u00e1 testimonios de clientes satisfechos.<\/p>","protected":false},"excerpt":{"rendered":"<p>Personaliza tu vape con MRVI 18000 Puffs. Doble bobina de malla, cuatro modos de calentamiento, 26ml, recargable. Perfecto para uso personal o al por mayor, que ofrece la tecnolog\u00eda vaping avanzada.<\/p>","protected":false},"featured_media":371,"comment_status":"open","ping_status":"closed","template":"","meta":[],"product_brand":[],"product_cat":[55,50,21,18,39,20,23,24,22,25,26,27,28,29,30,31,32,33,34,35,44,36,40],"product_tag":[],"class_list":{"0":"post-92","1":"product","2":"type-product","3":"status-publish","4":"has-post-thumbnail","6":"product_cat-mrvi","7":"product_cat-18000-puffs-disposable-vape","8":"product_cat-big-puffs-vapes","9":"product_cat-different-puffs-of-disposable-vapes","10":"product_cat-digital-box-vapes","11":"product_cat-disposable-vape-types","12":"product_cat-disposable-vapes-in-austria","13":"product_cat-disposable-vapes-in-belgium","14":"product_cat-disposable-vapes-in-europe","15":"product_cat-disposable-vapes-in-france","16":"product_cat-disposable-vapes-in-germany","17":"product_cat-disposable-vapes-in-hungary","18":"product_cat-disposable-vapes-in-ltaly","19":"product_cat-disposable-vapes-in-netherlands","20":"product_cat-disposable-vapes-in-norway","21":"product_cat-disposable-vapes-in-poland","22":"product_cat-disposable-vapes-in-portugal","23":"product_cat-disposable-vapes-in-spain","24":"product_cat-disposable-vapes-in-sweden","25":"product_cat-disposable-vapes-in-switzerland","26":"product_cat-dual-mesh-vapes","27":"product_cat-rechargeable-vapes","28":"product_cat-smart-screen-vapes","30":"first","31":"instock","32":"shipping-taxable","33":"purchasable","34":"product-type-variable","35":"has-default-attributes"},"jetpack_sharing_enabled":true,"tiered_pricing_type":"fixed","tiered_pricing_fixed_rules":{"100":6.230000000000000426325641456060111522674560546875,"200":5.4900000000000002131628207280300557613372802734375,"400":5.19000000000000039079850466805510222911834716796875},"tiered_pricing_product_settings":{"layout":"default","base_unit_name":{"singular":null,"plural":null},"default_variation":null},"tiered_pricing_minimum_quantity":50,"tiered_pricing_roles_data":[],"tiered_pricing_percentage_rules":[],"tiered_pricing_maximum_quantity":null,"tiered_pricing_quantity_step":"10","_links":{"self":[{"href":"https:\/\/volovape.com\/es\/wp-json\/wp\/v2\/product\/92","targetHints":{"allow":["GET"]}}],"collection":[{"href":"https:\/\/volovape.com\/es\/wp-json\/wp\/v2\/product"}],"about":[{"href":"https:\/\/volovape.com\/es\/wp-json\/wp\/v2\/types\/product"}],"replies":[{"embeddable":true,"href":"https:\/\/volovape.com\/es\/wp-json\/wp\/v2\/comments?post=92"}],"wp:featuredmedia":[{"embeddable":true,"href":"https:\/\/volovape.com\/es\/wp-json\/wp\/v2\/media\/371"}],"wp:attachment":[{"href":"https:\/\/volovape.com\/es\/wp-json\/wp\/v2\/media?parent=92"}],"wp:term":[{"taxonomy":"product_brand","embeddable":true,"href":"https:\/\/volovape.com\/es\/wp-json\/wp\/v2\/product_brand?post=92"},{"taxonomy":"product_cat","embeddable":true,"href":"https:\/\/volovape.com\/es\/wp-json\/wp\/v2\/product_cat?post=92"},{"taxonomy":"product_tag","embeddable":true,"href":"https:\/\/volovape.com\/es\/wp-json\/wp\/v2\/product_tag?post=92"}],"curies":[{"name":"Gracias","href":"https:\/\/api.w.org\/{rel}","templated":true}]}}