{"id":90,"date":"2024-11-21T03:26:52","date_gmt":"2024-11-21T03:26:52","guid":{"rendered":"https:\/\/volovape.com\/?post_type=product&#038;p=90"},"modified":"2025-08-07T08:19:55","modified_gmt":"2025-08-07T08:19:55","slug":"sora-25k-malla-dual","status":"publish","type":"product","link":"https:\/\/volovape.com\/es\/product\/sora-25k-dual-mesh\/","title":{"rendered":"SORA 25K vape desechable al por mayor - doble malla, pantalla LCD, 25.000 caladas"},"content":{"rendered":"<p><strong>Vapeador desechable SORA 25K<\/strong> - Capacidad de calada inigualable con precisi\u00f3n de doble malla y pantalla inteligente.<\/p>\n<p>El <strong>SORA 25K<\/strong> redefine el vapeo desechable con un asombroso <strong>25.000 bocanadas<\/strong>una considerable <strong>Capacidad de 20 ml de e-l\u00edquido<\/strong>y un s\u00f3lido <strong>Bater\u00eda recargable de 900 mAh<\/strong>. Experimente una producci\u00f3n de vapor y una intensidad de sabor superiores con su <strong>tecnolog\u00eda avanzada de bobina de doble malla<\/strong>. El sistema integrado <strong>Pantalla LCD<\/strong> proporciona informaci\u00f3n instant\u00e1nea sobre la duraci\u00f3n de la bater\u00eda y el n\u00famero de caladas, mejorando el control del usuario. Con un <strong>5% potencia de nicotina<\/strong> y una amplia gama de <strong>9 sabores \u00fanicos<\/strong>Este dispositivo, que incluye mezclas ex\u00f3ticas y cl\u00e1sicos favoritos, satisface a los vapeadores m\u00e1s exigentes. Ideal para <strong>vape desechable al por mayor<\/strong>, <strong>compra a granel<\/strong>o <strong>uso personal<\/strong>La SORA 25K combina un alto rendimiento con la m\u00e1xima comodidad.<\/p>\n<h3><strong>SORA 25K Caracter\u00edsticas:<\/strong><\/h3>\n<ul>\n<li>Puffs: Hasta 25.000 Puffs<\/li>\n<li>Capacidad de E-l\u00edquido: 20mL<\/li>\n<li>Bater\u00eda: 900mAh (recargable)<\/li>\n<li>Carga: Tipo-C<\/li>\n<li>Bobina: Dual Mesh Coils<\/li>\n<li>Pantalla: LCD (bater\u00eda y recuento de caladas)<\/li>\n<li>Fuerza de la nicotina: 5%<\/li>\n<li>Sabores: 9 opciones \u00fanicas<\/li>\n<li>Dispositivo desechable<\/li>\n<\/ul>\n<h4>Preguntas frecuentes<\/h4>\n<h5>\u00bfC\u00f3mo mejora la tecnolog\u00eda de doble bobina de malla el sabor y la producci\u00f3n de vapor?<\/h5>\n<p>El dise\u00f1o de doble bobina de malla aumenta la superficie de calentamiento, asegurando una distribuci\u00f3n uniforme del calor y maximizando la vaporizaci\u00f3n del e-l\u00edquido. Esto se traduce en sabores m\u00e1s ricos e intensos y nubes de vapor m\u00e1s densas, proporcionando una experiencia de vapeo superior en comparaci\u00f3n con los dispositivos de una sola bobina.<\/p>\n<h5>\u00bfQu\u00e9 m\u00e9todos de env\u00edo se utilizan?<\/h5>\n<p>Colaboramos con transportistas de confianza como UPS, DHL, FedEx y DPD para garantizar que su pedido se entregue r\u00e1pidamente. Seleccionamos el m\u00e9todo de env\u00edo m\u00e1s eficiente en funci\u00f3n de su ubicaci\u00f3n para optimizar la velocidad de entrega.<\/p>\n<h5>\u00bfCu\u00e1nto tarda en llegar mi pedido?<\/h5>\n<p>El plazo de entrega suele ser de 7 a 15 d\u00edas laborables. Sin embargo, durante las vacaciones o condiciones meteorol\u00f3gicas adversas, puede que se produzcan ligeros retrasos en el env\u00edo.<\/p>\n<h5>\u00bfTendr\u00e9 problemas de aduanas o gastos adicionales?<\/h5>\n<p>Nos encargamos de todos los tr\u00e1mites aduaneros, garantizando una experiencia fluida y sin complicaciones. No tendr\u00e1 que pagar impuestos ni tasas adicionales. Nos aseguramos de que 100% de nuestros productos pasen la aduana con \u00e9xito.<\/p>\n<h5>\u00bfEs seguro y fiable comprar en su sitio web?<\/h5>\n<p>S\u00ed, ofrecemos transacciones seguras de PayPal con protecci\u00f3n del comprador. Tambi\u00e9n puede comprobar nuestra fiabilidad consultando las opiniones de nuestros clientes en <a href=\"https:\/\/www.trustpilot.com\/review\/volovape.com?utm_medium=trustbox&amp;utm_source=TrustBoxReviewCollector\">TrustPilot<\/a>donde encontrar\u00e1 testimonios de clientes satisfechos.<\/p>","protected":false},"excerpt":{"rendered":"<p>Eleva tu experiencia de vapeo con el SORA 25K Desechable. Doble bobina de malla, pantalla LCD, 20ml, 900mAh recargable. Perfecto para uso personal o al por mayor, ofrece caladas sabrosas y duraderas.<\/p>","protected":false},"featured_media":348,"comment_status":"open","ping_status":"closed","template":"","meta":[],"product_brand":[],"product_cat":[53,45,21,18,39,20,23,24,22,25,26,27,28,29,30,31,32,33,34,35,44,36,40],"product_tag":[],"class_list":{"0":"post-90","1":"product","2":"type-product","3":"status-publish","4":"has-post-thumbnail","6":"product_cat-sora","7":"product_cat-25000-puffs-disposable-vape","8":"product_cat-big-puffs-vapes","9":"product_cat-different-puffs-of-disposable-vapes","10":"product_cat-digital-box-vapes","11":"product_cat-disposable-vape-types","12":"product_cat-disposable-vapes-in-austria","13":"product_cat-disposable-vapes-in-belgium","14":"product_cat-disposable-vapes-in-europe","15":"product_cat-disposable-vapes-in-france","16":"product_cat-disposable-vapes-in-germany","17":"product_cat-disposable-vapes-in-hungary","18":"product_cat-disposable-vapes-in-ltaly","19":"product_cat-disposable-vapes-in-netherlands","20":"product_cat-disposable-vapes-in-norway","21":"product_cat-disposable-vapes-in-poland","22":"product_cat-disposable-vapes-in-portugal","23":"product_cat-disposable-vapes-in-spain","24":"product_cat-disposable-vapes-in-sweden","25":"product_cat-disposable-vapes-in-switzerland","26":"product_cat-dual-mesh-vapes","27":"product_cat-rechargeable-vapes","28":"product_cat-smart-screen-vapes","30":"first","31":"instock","32":"shipping-taxable","33":"purchasable","34":"product-type-variable","35":"has-default-attributes"},"jetpack_sharing_enabled":true,"tiered_pricing_type":"fixed","tiered_pricing_fixed_rules":{"2000":5.62000000000000010658141036401502788066864013671875},"tiered_pricing_product_settings":{"layout":"default","base_unit_name":{"singular":null,"plural":null},"default_variation":null},"tiered_pricing_minimum_quantity":1000,"tiered_pricing_roles_data":[],"tiered_pricing_percentage_rules":[],"tiered_pricing_maximum_quantity":null,"tiered_pricing_quantity_step":"5","_links":{"self":[{"href":"https:\/\/volovape.com\/es\/wp-json\/wp\/v2\/product\/90","targetHints":{"allow":["GET"]}}],"collection":[{"href":"https:\/\/volovape.com\/es\/wp-json\/wp\/v2\/product"}],"about":[{"href":"https:\/\/volovape.com\/es\/wp-json\/wp\/v2\/types\/product"}],"replies":[{"embeddable":true,"href":"https:\/\/volovape.com\/es\/wp-json\/wp\/v2\/comments?post=90"}],"wp:featuredmedia":[{"embeddable":true,"href":"https:\/\/volovape.com\/es\/wp-json\/wp\/v2\/media\/348"}],"wp:attachment":[{"href":"https:\/\/volovape.com\/es\/wp-json\/wp\/v2\/media?parent=90"}],"wp:term":[{"taxonomy":"product_brand","embeddable":true,"href":"https:\/\/volovape.com\/es\/wp-json\/wp\/v2\/product_brand?post=90"},{"taxonomy":"product_cat","embeddable":true,"href":"https:\/\/volovape.com\/es\/wp-json\/wp\/v2\/product_cat?post=90"},{"taxonomy":"product_tag","embeddable":true,"href":"https:\/\/volovape.com\/es\/wp-json\/wp\/v2\/product_tag?post=90"}],"curies":[{"name":"Gracias","href":"https:\/\/api.w.org\/{rel}","templated":true}]}}