{"id":87,"date":"2024-11-21T03:26:51","date_gmt":"2024-11-21T03:26:51","guid":{"rendered":"https:\/\/volovape.com\/?post_type=product&#038;p=87"},"modified":"2025-08-07T08:19:54","modified_gmt":"2025-08-07T08:19:54","slug":"vapme-digital-12000-caladas","status":"publish","type":"product","link":"https:\/\/volovape.com\/es\/product\/vapme-digital-12000-puffs\/","title":{"rendered":"VAPME Digital 12000 caladas bobina de malla vape desechable - recargable con pantalla digital (0-5% nicotina)"},"content":{"rendered":"<p><iframe title=\"Reproductor de v\u00eddeo de VideoPress\" aria-label='Reproductor de v\u00eddeo de VideoPress' width='500' height='281' src='https:\/\/videopress.com\/embed\/Ip39Kbon?hd=0&amp;cover=1' frameborder='0' allowfullscreen allow='clipboard-write'><\/iframe><script src='https:\/\/v0.wordpress.com\/js\/next\/videopress-iframe.js?m=1739540970'><\/script><br \/>\nVAPME DIGITAL 12000 Puffs Vape Desechable - 1.0\u03a9 Mesh Coil, Recargable<br \/>\n<strong>VAPME DIGITAL 12000 Puffs Vape desechable de larga duraci\u00f3n con bobina de malla<\/strong> - Experiencia Smart Vaping.<\/p>\n<p>El <strong>VAPME DIGITAL 12000 Puffs<\/strong> El vape desechable ofrece una experiencia de vapeo prolongada e inteligente con hasta <strong>12.000 bocanadas<\/strong>, a <strong>20 ml de capacidad de e-l\u00edquido<\/strong>y un <strong>Bater\u00eda recargable de 850 mAh<\/strong> con <strong>Carga tipo C<\/strong>. En <strong>Bobina de malla de 1,0\u03a9<\/strong> garantiza un vapor consistente y sabroso. El <strong>pantalla digital<\/strong> le permite controlar f\u00e1cilmente la duraci\u00f3n de la bater\u00eda y los niveles de e-l\u00edquido. Elija entre <strong>Concentraciones de nicotina 2% o 5%<\/strong> y disfruta <strong>20 sabores diferentes<\/strong>, incluidos el helado de fresa y fruta del drag\u00f3n y el helado de melocot\u00f3n BlueRazz. Ideal para uso personal o <strong>vape desechable al por mayor<\/strong>Este dispositivo combina rendimiento con funciones inteligentes. Para <strong>pedidos al por mayor<\/strong> precios, p\u00f3ngase en contacto con nosotros.<\/p>\n<h3><strong>VAPME DIGITAL 12000 Caracter\u00edsticas:<\/strong><\/h3>\n<ul>\n<li>Puffs: Hasta 12.000<\/li>\n<li>Capacidad del e-l\u00edquido: 20ml<\/li>\n<li>Bater\u00eda: 850mAh (recargable)<\/li>\n<li>Carga: Tipo-C<\/li>\n<li>Bobina: 1.0\u03a9 Mesh Coil<\/li>\n<li>Potencias de nicotina: 2%, 5%<\/li>\n<li>Pantalla: Pantalla digital (niveles de bater\u00eda y e-l\u00edquido)<\/li>\n<li>20 opciones de sabores<\/li>\n<\/ul>\n<h4>Preguntas frecuentes<\/h4>\n<h5>\u00bfC\u00f3mo mejora la pantalla digital la experiencia del usuario?<\/h5>\n<p>La pantalla digital proporciona informaci\u00f3n en tiempo real sobre la duraci\u00f3n de la bater\u00eda y los niveles de e-l\u00edquido, lo que le permite controlar su dispositivo y planificar sus sesiones de vapeo en consecuencia. Esta caracter\u00edstica a\u00f1ade comodidad y garantiza que siempre est\u00e9s al tanto del estado de tu dispositivo.<\/p>\n<h5>\u00bfQu\u00e9 m\u00e9todos de env\u00edo se utilizan?<\/h5>\n<p>Colaboramos con transportistas de confianza como UPS, DHL, FedEx y DPD para garantizar que sus pedidos se entregan de forma eficiente. El m\u00e9todo de env\u00edo se selecciona en funci\u00f3n de su ubicaci\u00f3n para una velocidad de entrega y fiabilidad \u00f3ptimas.<\/p>\n<h5>\u00bfCu\u00e1nto suele tardar el env\u00edo?<\/h5>\n<p>El env\u00edo suele tardar entre 7 y 15 d\u00edas laborables. En temporadas altas o condiciones meteorol\u00f3gicas adversas, puede tardar hasta 20 d\u00edas laborables.<\/p>\n<h5>\u00bfTendr\u00e9 problemas con aduanas o tasas adicionales?<\/h5>\n<p>Nos encargamos de todos los tr\u00e1mites aduaneros, garantizando que su env\u00edo pase sin problemas. No incurrir\u00e1 en impuestos ni tasas adicionales. Garantizamos el despacho de aduanas de 100%.<\/p>\n<h5>\u00bfC\u00f3mo puedo estar seguro de la calidad y fiabilidad del producto?<\/h5>\n<p>Aceptamos pagos seguros de PayPal con protecci\u00f3n del comprador. Tambi\u00e9n puede leer los comentarios de los clientes en <a href=\"https:\/\/www.trustpilot.com\/review\/volovape.com?utm_medium=trustbox&amp;utm_source=TrustBoxReviewCollector\">TrustPilot<\/a>donde muchos clientes han compartido experiencias positivas con nuestros productos y servicios.<\/p>","protected":false},"excerpt":{"rendered":"<p>Disfruta del vapeo digital con VAPME DIGITAL 12000 Puffs. Malla de 1,0\u03a9, 20ml, recargable de 850mAh. Perfecto para uso personal o al por mayor, ofrece un sabor duradero y variadas opciones de nicotina.<\/p>","protected":false},"featured_media":324,"comment_status":"open","ping_status":"closed","template":"","meta":[],"product_brand":[],"product_cat":[49,38,21,18,39,20,23,24,22,25,26,27,28,29,30,31,32,33,34,35,36,40],"product_tag":[],"class_list":{"0":"post-87","1":"product","2":"type-product","3":"status-publish","4":"has-post-thumbnail","6":"product_cat-vapme","7":"product_cat-12000-puffs-disposable-vape","8":"product_cat-big-puffs-vapes","9":"product_cat-different-puffs-of-disposable-vapes","10":"product_cat-digital-box-vapes","11":"product_cat-disposable-vape-types","12":"product_cat-disposable-vapes-in-austria","13":"product_cat-disposable-vapes-in-belgium","14":"product_cat-disposable-vapes-in-europe","15":"product_cat-disposable-vapes-in-france","16":"product_cat-disposable-vapes-in-germany","17":"product_cat-disposable-vapes-in-hungary","18":"product_cat-disposable-vapes-in-ltaly","19":"product_cat-disposable-vapes-in-netherlands","20":"product_cat-disposable-vapes-in-norway","21":"product_cat-disposable-vapes-in-poland","22":"product_cat-disposable-vapes-in-portugal","23":"product_cat-disposable-vapes-in-spain","24":"product_cat-disposable-vapes-in-sweden","25":"product_cat-disposable-vapes-in-switzerland","26":"product_cat-rechargeable-vapes","27":"product_cat-smart-screen-vapes","29":"first","30":"instock","31":"shipping-taxable","32":"purchasable","33":"product-type-variable","34":"has-default-attributes"},"jetpack_sharing_enabled":true,"tiered_pricing_type":"fixed","tiered_pricing_fixed_rules":{"2000":4.2599999999999997868371792719699442386627197265625},"tiered_pricing_product_settings":{"layout":"default","base_unit_name":{"singular":null,"plural":null},"default_variation":null},"tiered_pricing_minimum_quantity":1000,"tiered_pricing_roles_data":[],"tiered_pricing_percentage_rules":[],"tiered_pricing_maximum_quantity":null,"tiered_pricing_quantity_step":"10","_links":{"self":[{"href":"https:\/\/volovape.com\/es\/wp-json\/wp\/v2\/product\/87","targetHints":{"allow":["GET"]}}],"collection":[{"href":"https:\/\/volovape.com\/es\/wp-json\/wp\/v2\/product"}],"about":[{"href":"https:\/\/volovape.com\/es\/wp-json\/wp\/v2\/types\/product"}],"replies":[{"embeddable":true,"href":"https:\/\/volovape.com\/es\/wp-json\/wp\/v2\/comments?post=87"}],"wp:featuredmedia":[{"embeddable":true,"href":"https:\/\/volovape.com\/es\/wp-json\/wp\/v2\/media\/324"}],"wp:attachment":[{"href":"https:\/\/volovape.com\/es\/wp-json\/wp\/v2\/media?parent=87"}],"wp:term":[{"taxonomy":"product_brand","embeddable":true,"href":"https:\/\/volovape.com\/es\/wp-json\/wp\/v2\/product_brand?post=87"},{"taxonomy":"product_cat","embeddable":true,"href":"https:\/\/volovape.com\/es\/wp-json\/wp\/v2\/product_cat?post=87"},{"taxonomy":"product_tag","embeddable":true,"href":"https:\/\/volovape.com\/es\/wp-json\/wp\/v2\/product_tag?post=87"}],"curies":[{"name":"Gracias","href":"https:\/\/api.w.org\/{rel}","templated":true}]}}