{"id":86,"date":"2024-11-21T03:26:51","date_gmt":"2024-11-21T03:26:51","guid":{"rendered":"https:\/\/volovape.com\/?post_type=product&#038;p=86"},"modified":"2025-10-28T03:26:10","modified_gmt":"2025-10-28T03:26:10","slug":"vapme-crystal-7000-caladas","status":"publish","type":"product","link":"https:\/\/volovape.com\/es\/product\/vapme-crystal-7000-puffs\/","title":{"rendered":"VAPME Crystal 7000 bocanadas vape desechable - 30 sabores con recargable tipo-c"},"content":{"rendered":"<p><iframe title=\"Reproductor de v\u00eddeo de VideoPress\" aria-label='Reproductor de v\u00eddeo de VideoPress' width='421' height='750' src='https:\/\/videopress.com\/embed\/tK1sr4ND?hd=0&amp;cover=1' frameborder='0' allowfullscreen allow='clipboard-write'><\/iframe><script src='https:\/\/v0.wordpress.com\/js\/next\/videopress-iframe.js?m=1739540970'><\/script><\/p>\n<p>Vape desechable VAPME Crystal 7000 Puffs, 30 sabores, 2%\/5% de nicotina, recargable tipo C, venta al por mayor<br \/>\n<strong>VAPME Crystal 7000 Puffs Recargable Vape Desechable con 30 Sabores<\/strong> - Variedad de sabores y rendimiento duradero.<\/p>\n<p>El <strong>VAPME Crystal 7000 Puffs<\/strong> vape desechable ofrece una amplia experiencia de vapeo con hasta <strong>7.000 bocanadas<\/strong>, a <strong>Capacidad de 14 ml de e-l\u00edquido<\/strong>, y un <strong>Bater\u00eda recargable de 650 mAh<\/strong> con <strong>Carga tipo C<\/strong>. En <strong>Bobina de malla de 0,8\u03a9<\/strong> asegura un vapor consistente y sabroso. Elija entre <strong>Concentraciones de nicotina 2% o 5%<\/strong> y explore una impresionante gama de <strong>30 sabores \u00fanicos<\/strong>entre los que se incluyen Strawberry Watermelon Bubblegum y Tropical Fruit Punch. Ideal para uso personal o <strong>vape desechable al por mayor<\/strong>Este dispositivo ofrece variedad y comodidad. Para <strong>pedidos al por mayor<\/strong> precios, p\u00f3ngase en contacto con nosotros.<\/p>\n<h3><strong>VAPME Crystal 7000 Caracter\u00edsticas:<\/strong><\/h3>\n<ul>\n<li>Puffs: Hasta 7.000<\/li>\n<li>Capacidad del e-l\u00edquido: 14ml<\/li>\n<li>Bater\u00eda: 650mAh (recargable)<\/li>\n<li>Carga: Tipo-C<\/li>\n<li>Bobina: 0.8\u03a9 Mesh Coil<\/li>\n<li>Potencias de nicotina: 2%, 5%<\/li>\n<li>30 opciones de sabores<\/li>\n<\/ul>\n<h4>Preguntas frecuentes<\/h4>\n<h5>C\u00f3mo mejora la bobina de malla 0.8\u03a9 la entrega de sabor?<\/h5>\n<p>La bobina de malla de 0,8\u03a9 est\u00e1 dise\u00f1ada para optimizar la entrega de sabor proporcionando un calentamiento consistente y una vaporizaci\u00f3n eficiente. Esto asegura que cada calada es rica y satisfactoria, lo que le permite disfrutar plenamente de la amplia variedad de sabores que ofrece.<\/p>\n<h5>\u00bfQu\u00e9 m\u00e9todos de env\u00edo se utilizan?<\/h5>\n<p>Colaboramos con transportistas de confianza como UPS, DHL, FedEx y DPD para garantizar que sus pedidos se entregan de forma eficiente. El m\u00e9todo de env\u00edo se selecciona en funci\u00f3n de su ubicaci\u00f3n para una velocidad de entrega y fiabilidad \u00f3ptimas.<\/p>\n<h5>\u00bfCu\u00e1nto suele tardar el env\u00edo?<\/h5>\n<p>El env\u00edo suele tardar entre 7 y 15 d\u00edas laborables. En temporadas altas o condiciones meteorol\u00f3gicas adversas, puede tardar hasta 20 d\u00edas laborables.<\/p>\n<h5>\u00bfTendr\u00e9 problemas con aduanas o tasas adicionales?<\/h5>\n<p>Nos encargamos de todos los tr\u00e1mites aduaneros, garantizando que su env\u00edo pase sin problemas. No incurrir\u00e1 en impuestos ni tasas adicionales. Garantizamos el despacho de aduanas de 100%.<\/p>\n<h5>\u00bfC\u00f3mo puedo estar seguro de la calidad y fiabilidad del producto?<\/h5>\n<p>Aceptamos pagos seguros de PayPal con protecci\u00f3n del comprador. Tambi\u00e9n puede leer los comentarios de los clientes en <a href=\"https:\/\/www.trustpilot.com\/review\/volovape.com?utm_medium=trustbox&amp;utm_source=TrustBoxReviewCollector\">TrustPilot<\/a>donde muchos clientes han compartido experiencias positivas con nuestros productos y servicios.<\/p>","protected":false},"excerpt":{"rendered":"<p>Saborea el vapeo prolongado con el VAPME Crystal 7000 Puffs. Bobina de malla de 0,8\u03a9, 14ml, recargable. Explora 30 sabores y elige nicotina 2% o 5%. Ideal para uso personal o al por mayor.<\/p>","protected":false},"featured_media":310,"comment_status":"open","ping_status":"closed","template":"","meta":[],"product_brand":[],"product_cat":[49,37,21,43,18,20,23,24,22,25,26,27,28,29,30,31,32,33,34,35,36],"product_tag":[],"class_list":{"0":"post-86","1":"product","2":"type-product","3":"status-publish","4":"has-post-thumbnail","6":"product_cat-vapme","7":"product_cat-8000-puffs-disposable-vape","8":"product_cat-big-puffs-vapes","9":"product_cat-crystal-vapes","10":"product_cat-different-puffs-of-disposable-vapes","11":"product_cat-disposable-vape-types","12":"product_cat-disposable-vapes-in-austria","13":"product_cat-disposable-vapes-in-belgium","14":"product_cat-disposable-vapes-in-europe","15":"product_cat-disposable-vapes-in-france","16":"product_cat-disposable-vapes-in-germany","17":"product_cat-disposable-vapes-in-hungary","18":"product_cat-disposable-vapes-in-ltaly","19":"product_cat-disposable-vapes-in-netherlands","20":"product_cat-disposable-vapes-in-norway","21":"product_cat-disposable-vapes-in-poland","22":"product_cat-disposable-vapes-in-portugal","23":"product_cat-disposable-vapes-in-spain","24":"product_cat-disposable-vapes-in-sweden","25":"product_cat-disposable-vapes-in-switzerland","26":"product_cat-rechargeable-vapes","28":"first","29":"instock","30":"shipping-taxable","31":"purchasable","32":"product-type-variable","33":"has-default-attributes"},"jetpack_sharing_enabled":true,"tiered_pricing_type":"fixed","tiered_pricing_fixed_rules":{"30":5.28000000000000024868995751603506505489349365234375,"50":4.75,"100":4.160000000000000142108547152020037174224853515625,"200":3.979999999999999982236431605997495353221893310546875,"400":3.5800000000000000710542735760100185871124267578125},"tiered_pricing_product_settings":{"layout":"default","base_unit_name":{"singular":null,"plural":null},"default_variation":null},"tiered_pricing_minimum_quantity":10,"tiered_pricing_roles_data":[],"tiered_pricing_percentage_rules":[],"tiered_pricing_maximum_quantity":null,"tiered_pricing_quantity_step":"10","_links":{"self":[{"href":"https:\/\/volovape.com\/es\/wp-json\/wp\/v2\/product\/86","targetHints":{"allow":["GET"]}}],"collection":[{"href":"https:\/\/volovape.com\/es\/wp-json\/wp\/v2\/product"}],"about":[{"href":"https:\/\/volovape.com\/es\/wp-json\/wp\/v2\/types\/product"}],"replies":[{"embeddable":true,"href":"https:\/\/volovape.com\/es\/wp-json\/wp\/v2\/comments?post=86"}],"wp:featuredmedia":[{"embeddable":true,"href":"https:\/\/volovape.com\/es\/wp-json\/wp\/v2\/media\/310"}],"wp:attachment":[{"href":"https:\/\/volovape.com\/es\/wp-json\/wp\/v2\/media?parent=86"}],"wp:term":[{"taxonomy":"product_brand","embeddable":true,"href":"https:\/\/volovape.com\/es\/wp-json\/wp\/v2\/product_brand?post=86"},{"taxonomy":"product_cat","embeddable":true,"href":"https:\/\/volovape.com\/es\/wp-json\/wp\/v2\/product_cat?post=86"},{"taxonomy":"product_tag","embeddable":true,"href":"https:\/\/volovape.com\/es\/wp-json\/wp\/v2\/product_tag?post=86"}],"curies":[{"name":"Gracias","href":"https:\/\/api.w.org\/{rel}","templated":true}]}}