{"id":854,"date":"2024-11-21T03:33:53","date_gmt":"2024-11-21T03:33:53","guid":{"rendered":"https:\/\/volovape.com\/?post_type=product&#038;p=854"},"modified":"2025-07-06T04:15:38","modified_gmt":"2025-07-06T04:15:38","slug":"elfworld-mx-25000-bocanadas","status":"publish","type":"product","link":"https:\/\/volovape.com\/es\/product\/elfworld-mx-25000-puffs\/","title":{"rendered":"ELFWORLD MX 25000 puffs vape desechable - bobina de malla, pantalla digital, flujo de aire ajustable"},"content":{"rendered":"<p><strong>ELFWORLD MX 25000 Puffs Vape desechable<\/strong> - Vaping personalizado con alta capacidad y precisi\u00f3n digital.<\/p>\n<p>El <strong>ELFWORLD MX 25000 inhalaciones<\/strong> El vaporizador desechable ofrece una experiencia de vaporizaci\u00f3n excepcional con un enorme <strong>25.000 puff<\/strong> capacidad, una generosa <strong>Dep\u00f3sito de e-l\u00edquido de 25 ml<\/strong>y un potente <strong>Bater\u00eda recargable de 850 mAh<\/strong>. El avanzado <strong>bobina de malla<\/strong> garantiza un vapor siempre suave y sabroso, mientras que el <strong>pantalla digital<\/strong> proporciona un control en tiempo real de los niveles de bater\u00eda y e-l\u00edquido. La p\u00e1gina <strong>flujo de aire ajustable<\/strong> permite un sorteo personalizable, atendiendo a las preferencias individuales. Elija entre <strong>Concentraciones de nicotina 0%, 2%, 3% o 5%<\/strong>. Ideal para uso personal y <strong>vape desechable al por mayor<\/strong>este dispositivo ofrece tanto rendimiento como personalizaci\u00f3n. <strong>Pedidos a granel<\/strong> opciones disponibles para los minoristas.<\/p>\n<h3><strong>ELFWORLD MX 25000 Puffs Caracter\u00edsticas:<\/strong><\/h3>\n<ul>\n<li>Puffs: Hasta 25.000<\/li>\n<li>Capacidad del e-l\u00edquido: 25ml<\/li>\n<li>Bater\u00eda: 850mAh (recargable)<\/li>\n<li>Carga: Tipo-C<\/li>\n<li>Bobina Bobina de malla<\/li>\n<li>Pantalla: Pantalla digital (niveles de bater\u00eda y e-l\u00edquido)<\/li>\n<li>Flujo de aire: Ajustable<\/li>\n<li>Potencias de nicotina: 0%, 2%, 3%, 5%<\/li>\n<li>Sabores disponibles: Hielo de Fresa, Hielo de Sand\u00eda, Hielo de Uva, Menta, Doble Manzana, Hielo de Melocot\u00f3n Jugoso, Hielo de Blue Razz, Limonada Rosa, Mezcla de Bayas, Sand\u00eda de Ar\u00e1ndanos, Naranja de Lime Berry, Lima de Frambuesa y Melocot\u00f3n, Pi\u00f1a de Mango Agrio, Granizado de Melocot\u00f3n Azul.<\/li>\n<\/ul>\n<h4>Preguntas frecuentes<\/h4>\n<h5>\u00bfC\u00f3mo mejora la experiencia de vapeo el flujo de aire ajustable?<\/h5>\n<p>El flujo de aire ajustable permite a los usuarios ajustar con precisi\u00f3n la resistencia a la extracci\u00f3n seg\u00fan sus preferencias, proporcionando un control personalizado sobre la densidad del vapor y la intensidad del sabor. Esta personalizaci\u00f3n garantiza una experiencia de vapeo m\u00e1s satisfactoria y personalizada.<\/p>\n<h5>\u00bfQu\u00e9 ventajas ofrece la pantalla digital de este aparato?<\/h5>\n<p>La pantalla digital monitoriza en tiempo real los niveles de bater\u00eda y e-l\u00edquido, permitiendo a los usuarios controlar f\u00e1cilmente el estado de su dispositivo. Esta caracter\u00edstica garantiza que siempre est\u00e9s informado y puedas planificar tus sesiones de vapeo en consecuencia, mejorando la comodidad y evitando interrupciones inesperadas.<\/p>\n<h5>\u00bfC\u00f3mo beneficia a los usuarios la capacidad de 25.000 caladas y la bater\u00eda de 850 mAh?<\/h5>\n<p>La capacidad de 25.000 caladas y la bater\u00eda recargable de 850mAh ofrecen un uso prolongado, minimizando la necesidad de reemplazos o recargas frecuentes. Esta combinaci\u00f3n proporciona una longevidad y comodidad excepcionales, haciendo que el ELFWORLD MX 25000 sea ideal para sesiones de vapeo prolongadas.<\/p>\n<h5>\u00bfQu\u00e9 m\u00e9todos de env\u00edo se utilizan?<\/h5>\n<p>Colaboramos con transportistas de confianza como UPS, DHL, FedEx y DPD para garantizar una entrega eficaz y segura. Seleccionamos el m\u00e9todo de env\u00edo m\u00e1s adecuado en funci\u00f3n de su ubicaci\u00f3n para hacerle llegar su pedido lo antes posible.<\/p>\n<h5>\u00bfPuedo fiarme de mi compra?<\/h5>\n<p>Damos prioridad a la satisfacci\u00f3n del cliente y ofrecemos opciones de pago seguras, incluido PayPal con protecci\u00f3n del comprador. Tambi\u00e9n puedes ver las opiniones de los clientes en TrustPilot: <a href=\"https:\/\/www.trustpilot.com\/review\/volovape.com?utm_medium=trustbox&amp;utm_source=TrustBoxReviewCollector\">TrustPilot<\/a>.<\/p>","protected":false},"excerpt":{"rendered":"<p>Stock ELFWORLD MX 25000 Puffs Vapes desechables. 25.000 caladas, 25ml e-liquid, bater\u00eda de 850mAh, bobina de malla, pantalla digital, flujo de aire ajustable. Elige entre 15 sabores.<\/p>","protected":false},"featured_media":1296,"comment_status":"open","ping_status":"closed","template":"","meta":[],"product_brand":[],"product_cat":[69,45,21,18,39,20,23,24,22,25,26,27,28,29,30,31,32,33,34,35,44,36,40],"product_tag":[],"class_list":{"0":"post-854","1":"product","2":"type-product","3":"status-publish","4":"has-post-thumbnail","6":"product_cat-elfworld","7":"product_cat-25000-puffs-disposable-vape","8":"product_cat-big-puffs-vapes","9":"product_cat-different-puffs-of-disposable-vapes","10":"product_cat-digital-box-vapes","11":"product_cat-disposable-vape-types","12":"product_cat-disposable-vapes-in-austria","13":"product_cat-disposable-vapes-in-belgium","14":"product_cat-disposable-vapes-in-europe","15":"product_cat-disposable-vapes-in-france","16":"product_cat-disposable-vapes-in-germany","17":"product_cat-disposable-vapes-in-hungary","18":"product_cat-disposable-vapes-in-ltaly","19":"product_cat-disposable-vapes-in-netherlands","20":"product_cat-disposable-vapes-in-norway","21":"product_cat-disposable-vapes-in-poland","22":"product_cat-disposable-vapes-in-portugal","23":"product_cat-disposable-vapes-in-spain","24":"product_cat-disposable-vapes-in-sweden","25":"product_cat-disposable-vapes-in-switzerland","26":"product_cat-dual-mesh-vapes","27":"product_cat-rechargeable-vapes","28":"product_cat-smart-screen-vapes","30":"first","31":"instock","32":"shipping-taxable","33":"purchasable","34":"product-type-variable","35":"has-default-attributes"},"jetpack_sharing_enabled":true,"tiered_pricing_type":"fixed","tiered_pricing_fixed_rules":{"2000":5.20000000000000017763568394002504646778106689453125},"tiered_pricing_product_settings":{"layout":"default","base_unit_name":{"singular":null,"plural":null},"default_variation":null},"tiered_pricing_minimum_quantity":1000,"tiered_pricing_roles_data":[],"tiered_pricing_percentage_rules":[],"tiered_pricing_maximum_quantity":null,"tiered_pricing_quantity_step":"10","_links":{"self":[{"href":"https:\/\/volovape.com\/es\/wp-json\/wp\/v2\/product\/854","targetHints":{"allow":["GET"]}}],"collection":[{"href":"https:\/\/volovape.com\/es\/wp-json\/wp\/v2\/product"}],"about":[{"href":"https:\/\/volovape.com\/es\/wp-json\/wp\/v2\/types\/product"}],"replies":[{"embeddable":true,"href":"https:\/\/volovape.com\/es\/wp-json\/wp\/v2\/comments?post=854"}],"wp:featuredmedia":[{"embeddable":true,"href":"https:\/\/volovape.com\/es\/wp-json\/wp\/v2\/media\/1296"}],"wp:attachment":[{"href":"https:\/\/volovape.com\/es\/wp-json\/wp\/v2\/media?parent=854"}],"wp:term":[{"taxonomy":"product_brand","embeddable":true,"href":"https:\/\/volovape.com\/es\/wp-json\/wp\/v2\/product_brand?post=854"},{"taxonomy":"product_cat","embeddable":true,"href":"https:\/\/volovape.com\/es\/wp-json\/wp\/v2\/product_cat?post=854"},{"taxonomy":"product_tag","embeddable":true,"href":"https:\/\/volovape.com\/es\/wp-json\/wp\/v2\/product_tag?post=854"}],"curies":[{"name":"Gracias","href":"https:\/\/api.w.org\/{rel}","templated":true}]}}