{"id":853,"date":"2024-11-21T03:33:53","date_gmt":"2024-11-21T03:33:53","guid":{"rendered":"https:\/\/volovape.com\/?post_type=product&#038;p=853"},"modified":"2025-07-06T04:14:47","modified_gmt":"2025-07-06T04:14:47","slug":"supernova-de-hzko-25-000-bocanadas","status":"publish","type":"product","link":"https:\/\/volovape.com\/es\/product\/hzko-supernova-25000-puffs\/","title":{"rendered":"HZKO Supernova 25000 caladas vape desechable - pantalla digital, flujo de aire ajustable, bobina de malla"},"content":{"rendered":"<p><strong>HZKO Supernova 25000 Puffs Vape Desechable<\/strong> - Experimente el m\u00e1ximo control y longevidad con la pantalla digital y el flujo de aire ajustable.<\/p>\n<p>El <strong>HZKO Supernova 25000 inhalaciones<\/strong> El vaporizador desechable ofrece una experiencia de vaporizaci\u00f3n inigualable con una impresionante <strong>25.000 puff<\/strong> capacidad, una generosa <strong>Dep\u00f3sito de e-l\u00edquido de 25 ml<\/strong>y un potente <strong>Bater\u00eda recargable de 850 mAh<\/strong>. El sistema integrado <strong>pantalla digital<\/strong> proporciona un control en tiempo real de los niveles de bater\u00eda y e-l\u00edquido, mientras que el <strong>flujo de aire ajustable<\/strong> permite sesiones de vapeo personalizadas. El avanzado <strong>bobina de malla<\/strong> garantiza una producci\u00f3n de vapor suave y sabrosa. Elija entre <strong>Concentraciones de nicotina 0%, 2%, 3% o 5%<\/strong>. Ideal para uso personal y <strong>vape desechable al por mayor<\/strong>Este dispositivo ofrece comodidad y control. <strong>Pedidos a granel<\/strong> opciones disponibles para los minoristas.<\/p>\n<h3><strong>HZKO Supernova 25000 Puffs Caracter\u00edsticas:<\/strong><\/h3>\n<ul>\n<li>Puffs: Hasta 25.000<\/li>\n<li>Capacidad del e-l\u00edquido: 25ml<\/li>\n<li>Bater\u00eda: 850mAh (recargable)<\/li>\n<li>Carga: Tipo-C<\/li>\n<li>Bobina Bobina de malla<\/li>\n<li>Pantalla: Pantalla digital (niveles de bater\u00eda y e-l\u00edquido)<\/li>\n<li>Flujo de aire: Ajustable<\/li>\n<li>Potencias de nicotina: 0%, 2%, 3%, 5%<\/li>\n<li>Sabores disponibles: Melocot\u00f3n Azul Granizado, Refresco de Pomelo, Mango Agrio Pi\u00f1a, Lima Baya Naranja, Sand\u00eda Ice, Miami Menta, Blue Razz Ice, Manzana Agria Ice, Mezcla de Bayas, Frambuesa Melocot\u00f3n Lima.<\/li>\n<\/ul>\n<h4>Preguntas frecuentes<\/h4>\n<h5>\u00bfC\u00f3mo mejora la pantalla digital la experiencia del usuario?<\/h5>\n<p>La pantalla digital proporciona informaci\u00f3n en tiempo real sobre los niveles de bater\u00eda y e-l\u00edquido, lo que permite a los usuarios controlar el estado de su dispositivo de un vistazo. Esta caracter\u00edstica garantiza que el usuario est\u00e9 siempre al tanto del estado de su dispositivo, evitando interrupciones inesperadas y mejorando la comodidad general.<\/p>\n<h5>\u00bfCu\u00e1les son las ventajas del flujo de aire ajustable en este aparato?<\/h5>\n<p>El flujo de aire ajustable permite a los usuarios personalizar su experiencia de vapeo ajustando la resistencia de la calada. Ya sea que prefiera un sorteo apretado o suelto, esta caracter\u00edstica permite un control personalizado, lo que resulta en una sesi\u00f3n m\u00e1s satisfactoria y agradable vaping.<\/p>\n<h5>\u00bfC\u00f3mo contribuyen la bater\u00eda de 850 mAh y la capacidad de 25 ml de e-l\u00edquido a la longevidad del dispositivo?<\/h5>\n<p>La bater\u00eda recargable de 850mAh y la capacidad de 25ml de e-l\u00edquido est\u00e1n dise\u00f1adas para soportar el alto n\u00famero de caladas del dispositivo, asegurando un uso prolongado sin recargas frecuentes. Esta combinaci\u00f3n ofrece una comodidad y longevidad excepcionales, haciendo que el HZKO Supernova 25000 sea ideal para sesiones de vapeo prolongadas.<\/p>\n<h5>\u00bfQu\u00e9 m\u00e9todos de env\u00edo se utilizan?<\/h5>\n<p>Colaboramos con transportistas de confianza como UPS, DHL, FedEx y DPD para garantizar una entrega eficaz y segura. Seleccionamos el m\u00e9todo de env\u00edo m\u00e1s adecuado en funci\u00f3n de su ubicaci\u00f3n para hacerle llegar su pedido lo antes posible.<\/p>\n<h5>\u00bfPuedo fiarme de mi compra?<\/h5>\n<p>Damos prioridad a la satisfacci\u00f3n del cliente y ofrecemos opciones de pago seguras, incluido PayPal con protecci\u00f3n del comprador. Tambi\u00e9n puedes ver las opiniones de los clientes en TrustPilot: <a href=\"https:\/\/www.trustpilot.com\/review\/volovape.com?utm_medium=trustbox&amp;utm_source=TrustBoxReviewCollector\">TrustPilot<\/a>.<\/p>","protected":false},"excerpt":{"rendered":"<p>Suministro HZKO Supernova 25000 Puffs Vapes desechables. 25.000 caladas, 25ml e-liquid, bater\u00eda de 850mAh, pantalla digital, flujo de aire ajustable, bobina de malla. Nicotina variada. Explora sabores.<\/p>","protected":false},"featured_media":1281,"comment_status":"open","ping_status":"closed","template":"","meta":[],"product_brand":[],"product_cat":[70,45,21,18,39,20,23,24,22,25,26,27,28,29,30,31,32,33,34,35,44,36,40],"product_tag":[],"class_list":{"0":"post-853","1":"product","2":"type-product","3":"status-publish","4":"has-post-thumbnail","6":"product_cat-hzkd","7":"product_cat-25000-puffs-disposable-vape","8":"product_cat-big-puffs-vapes","9":"product_cat-different-puffs-of-disposable-vapes","10":"product_cat-digital-box-vapes","11":"product_cat-disposable-vape-types","12":"product_cat-disposable-vapes-in-austria","13":"product_cat-disposable-vapes-in-belgium","14":"product_cat-disposable-vapes-in-europe","15":"product_cat-disposable-vapes-in-france","16":"product_cat-disposable-vapes-in-germany","17":"product_cat-disposable-vapes-in-hungary","18":"product_cat-disposable-vapes-in-ltaly","19":"product_cat-disposable-vapes-in-netherlands","20":"product_cat-disposable-vapes-in-norway","21":"product_cat-disposable-vapes-in-poland","22":"product_cat-disposable-vapes-in-portugal","23":"product_cat-disposable-vapes-in-spain","24":"product_cat-disposable-vapes-in-sweden","25":"product_cat-disposable-vapes-in-switzerland","26":"product_cat-dual-mesh-vapes","27":"product_cat-rechargeable-vapes","28":"product_cat-smart-screen-vapes","30":"first","31":"instock","32":"shipping-taxable","33":"purchasable","34":"product-type-variable","35":"has-default-attributes"},"jetpack_sharing_enabled":true,"tiered_pricing_type":"fixed","tiered_pricing_fixed_rules":{"2000":5.20000000000000017763568394002504646778106689453125},"tiered_pricing_product_settings":{"layout":"default","base_unit_name":{"singular":null,"plural":null},"default_variation":null},"tiered_pricing_minimum_quantity":1000,"tiered_pricing_roles_data":[],"tiered_pricing_percentage_rules":[],"tiered_pricing_maximum_quantity":null,"tiered_pricing_quantity_step":"10","_links":{"self":[{"href":"https:\/\/volovape.com\/es\/wp-json\/wp\/v2\/product\/853","targetHints":{"allow":["GET"]}}],"collection":[{"href":"https:\/\/volovape.com\/es\/wp-json\/wp\/v2\/product"}],"about":[{"href":"https:\/\/volovape.com\/es\/wp-json\/wp\/v2\/types\/product"}],"replies":[{"embeddable":true,"href":"https:\/\/volovape.com\/es\/wp-json\/wp\/v2\/comments?post=853"}],"wp:featuredmedia":[{"embeddable":true,"href":"https:\/\/volovape.com\/es\/wp-json\/wp\/v2\/media\/1281"}],"wp:attachment":[{"href":"https:\/\/volovape.com\/es\/wp-json\/wp\/v2\/media?parent=853"}],"wp:term":[{"taxonomy":"product_brand","embeddable":true,"href":"https:\/\/volovape.com\/es\/wp-json\/wp\/v2\/product_brand?post=853"},{"taxonomy":"product_cat","embeddable":true,"href":"https:\/\/volovape.com\/es\/wp-json\/wp\/v2\/product_cat?post=853"},{"taxonomy":"product_tag","embeddable":true,"href":"https:\/\/volovape.com\/es\/wp-json\/wp\/v2\/product_tag?post=853"}],"curies":[{"name":"Gracias","href":"https:\/\/api.w.org\/{rel}","templated":true}]}}