{"id":83,"date":"2024-11-21T03:26:51","date_gmt":"2024-11-21T03:26:51","guid":{"rendered":"https:\/\/volovape.com\/?post_type=product&#038;p=83"},"modified":"2025-06-30T01:33:31","modified_gmt":"2025-06-30T01:33:31","slug":"vapme-crown-bar-18000-caladas","status":"publish","type":"product","link":"https:\/\/volovape.com\/es\/product\/vapme-crown-bar-18000-puffs\/","title":{"rendered":"VAPME CROWN BAR 18000 Puffs Vape Desechable - Luz RGB, Mesh Coil, Recargable"},"content":{"rendered":"<p><strong>VAPME CROWN BAR 18000 Puffs Elegante Vape Desechable con Iluminaci\u00f3n RGB y Bobina de Malla<\/strong> - Vaping de alto rendimiento con atractivo visual.<\/p>\n<p>El <strong>BARRA CORONA VAPME 18000 Puffs<\/strong> El vaporizador desechable ofrece una experiencia de vaporizaci\u00f3n excepcional con hasta <strong>18.000 bocanadas<\/strong>un gran <strong>Capacidad de e-l\u00edquido de 25 ml<\/strong>y un <strong>Bater\u00eda recargable de 850 mAh<\/strong> con <strong>Carga tipo C<\/strong>. En <strong>tecnolog\u00eda avanzada de bobinas de malla<\/strong> garantiza un vapor suave y sabroso. El <strong>vibrante iluminaci\u00f3n RGB<\/strong> a\u00f1ade un elemento visual elegante y personalizable. Elija entre <strong>Concentraciones de nicotina 2% o 5%<\/strong> y disfruta <strong>12 deliciosos sabores<\/strong>, incluidos el chicle de ar\u00e1ndano y el dulce de maracuy\u00e1. Ideal para uso personal o <strong>vape desechable al por mayor<\/strong>Este dispositivo combina un alto rendimiento con una est\u00e9tica llamativa. Para <strong>pedidos al por mayor<\/strong> precios, p\u00f3ngase en contacto con nosotros.<\/p>\n<h3><strong>VAPME CROWN BAR 18000 Caracter\u00edsticas:<\/strong><\/h3>\n<ul>\n<li>Puffs: Hasta 18.000<\/li>\n<li>Capacidad del e-l\u00edquido: 25ml<\/li>\n<li>Bater\u00eda: 850mAh (recargable)<\/li>\n<li>Carga: Tipo-C<\/li>\n<li>Bobina Bobina de malla<\/li>\n<li>Iluminaci\u00f3n: RGB<\/li>\n<li>Potencias de nicotina: 2%, 5%<\/li>\n<li>12 opciones de sabores<\/li>\n<\/ul>\n<h4>Preguntas frecuentes<\/h4>\n<h5>\u00bfC\u00f3mo mejora la iluminaci\u00f3n RGB la experiencia de vapeo?<\/h5>\n<p>La vibrante iluminaci\u00f3n RGB a\u00f1ade un elemento visual elegante y din\u00e1mico, haciendo que sus sesiones de vapeo sean m\u00e1s agradables y personalizadas. Es una caracter\u00edstica \u00fanica que distingue a VAPME CROWN BAR.<\/p>\n<h5>\u00bfQu\u00e9 m\u00e9todos de env\u00edo se utilizan?<\/h5>\n<p>Colaboramos con transportistas de confianza como UPS, DHL, FedEx y DPD para garantizar que sus pedidos se entregan de forma eficiente. El m\u00e9todo de env\u00edo se selecciona en funci\u00f3n de su ubicaci\u00f3n para una velocidad de entrega y fiabilidad \u00f3ptimas.<\/p>\n<h5>\u00bfCu\u00e1nto suele tardar el env\u00edo?<\/h5>\n<p>El env\u00edo suele tardar entre 7 y 15 d\u00edas laborables. En temporadas altas o condiciones meteorol\u00f3gicas adversas, puede tardar hasta 20 d\u00edas laborables.<\/p>\n<h5>\u00bfTendr\u00e9 problemas con aduanas o tasas adicionales?<\/h5>\n<p>Nos encargamos de todos los tr\u00e1mites aduaneros, garantizando que su env\u00edo pase sin problemas. No incurrir\u00e1 en impuestos ni tasas adicionales. Garantizamos el despacho de aduanas de 100%.<\/p>\n<h5>\u00bfC\u00f3mo puedo estar seguro de la calidad y fiabilidad del producto?<\/h5>\n<p>Aceptamos pagos seguros de PayPal con protecci\u00f3n del comprador. Tambi\u00e9n puede leer los comentarios de los clientes en <a href=\"https:\/\/www.trustpilot.com\/review\/volovape.com?utm_medium=trustbox&amp;utm_source=TrustBoxReviewCollector\">TrustPilot<\/a>donde muchos clientes han compartido experiencias positivas con nuestros productos y servicios.<\/p>","protected":false},"excerpt":{"rendered":"<p>Ilumina tu vapeo con el VAPME CROWN BAR 18000 Puffs. Iluminaci\u00f3n RGB, bobina de malla, 25ml, 850mAh recargable. Perfecto para el disfrute personal o al por mayor.<\/p>","protected":false},"featured_media":270,"comment_status":"open","ping_status":"closed","template":"","meta":[],"product_brand":[],"product_cat":[49,50,21,18,20,23,24,22,25,26,27,28,29,30,31,32,33,34,35,36,47,40],"product_tag":[],"class_list":{"0":"post-83","1":"product","2":"type-product","3":"status-publish","4":"has-post-thumbnail","6":"product_cat-vapme","7":"product_cat-18000-puffs-disposable-vape","8":"product_cat-big-puffs-vapes","9":"product_cat-different-puffs-of-disposable-vapes","10":"product_cat-disposable-vape-types","11":"product_cat-disposable-vapes-in-austria","12":"product_cat-disposable-vapes-in-belgium","13":"product_cat-disposable-vapes-in-europe","14":"product_cat-disposable-vapes-in-france","15":"product_cat-disposable-vapes-in-germany","16":"product_cat-disposable-vapes-in-hungary","17":"product_cat-disposable-vapes-in-ltaly","18":"product_cat-disposable-vapes-in-netherlands","19":"product_cat-disposable-vapes-in-norway","20":"product_cat-disposable-vapes-in-poland","21":"product_cat-disposable-vapes-in-portugal","22":"product_cat-disposable-vapes-in-spain","23":"product_cat-disposable-vapes-in-sweden","24":"product_cat-disposable-vapes-in-switzerland","25":"product_cat-rechargeable-vapes","26":"product_cat-shisha-hookah-vapes","27":"product_cat-smart-screen-vapes","29":"first","30":"instock","31":"shipping-taxable","32":"purchasable","33":"product-type-variable","34":"has-default-attributes"},"jetpack_sharing_enabled":true,"tiered_pricing_type":"fixed","tiered_pricing_fixed_rules":{"2000":4.9900000000000002131628207280300557613372802734375},"tiered_pricing_product_settings":{"layout":"default","base_unit_name":{"singular":null,"plural":null},"default_variation":null},"tiered_pricing_minimum_quantity":1000,"tiered_pricing_roles_data":[],"tiered_pricing_percentage_rules":[],"tiered_pricing_maximum_quantity":null,"tiered_pricing_quantity_step":"100","_links":{"self":[{"href":"https:\/\/volovape.com\/es\/wp-json\/wp\/v2\/product\/83","targetHints":{"allow":["GET"]}}],"collection":[{"href":"https:\/\/volovape.com\/es\/wp-json\/wp\/v2\/product"}],"about":[{"href":"https:\/\/volovape.com\/es\/wp-json\/wp\/v2\/types\/product"}],"replies":[{"embeddable":true,"href":"https:\/\/volovape.com\/es\/wp-json\/wp\/v2\/comments?post=83"}],"wp:featuredmedia":[{"embeddable":true,"href":"https:\/\/volovape.com\/es\/wp-json\/wp\/v2\/media\/270"}],"wp:attachment":[{"href":"https:\/\/volovape.com\/es\/wp-json\/wp\/v2\/media?parent=83"}],"wp:term":[{"taxonomy":"product_brand","embeddable":true,"href":"https:\/\/volovape.com\/es\/wp-json\/wp\/v2\/product_brand?post=83"},{"taxonomy":"product_cat","embeddable":true,"href":"https:\/\/volovape.com\/es\/wp-json\/wp\/v2\/product_cat?post=83"},{"taxonomy":"product_tag","embeddable":true,"href":"https:\/\/volovape.com\/es\/wp-json\/wp\/v2\/product_tag?post=83"}],"curies":[{"name":"Gracias","href":"https:\/\/api.w.org\/{rel}","templated":true}]}}