{"id":826,"date":"2024-11-21T03:33:30","date_gmt":"2024-11-21T03:33:30","guid":{"rendered":"https:\/\/volovape.com\/?post_type=product&#038;p=826"},"modified":"2025-06-19T03:45:17","modified_gmt":"2025-06-19T03:45:17","slug":"elfworld-al-22000-bocanadas","status":"publish","type":"product","link":"https:\/\/volovape.com\/es\/product\/elfworld-al-22000-puffs\/","title":{"rendered":"ELFWORLD AL 22000 Puffs Vapeador Desechable - Dual Mesh, Pantalla Digital, Flujo de Aire Ajustable"},"content":{"rendered":"<p><strong>ELFWORLD AL 22000 Puffs Vape desechable<\/strong> - Lo \u00faltimo en control de vapeo con doble bobina de malla y pantalla digital.<\/p>\n<p>El <strong>ELFWORLD AL 22000 bocanadas<\/strong> vape desechable redefine el vapeo con su excepcional <strong>22.000 puff<\/strong> capacidad, una enorme <strong>Dep\u00f3sito de e-l\u00edquido de 26 ml<\/strong>y un s\u00f3lido <strong>Bater\u00eda recargable de 650 mAh<\/strong>. En <strong>bobinas duales de malla de 1.0\u03a9<\/strong>Este dispositivo ofrece un sabor y una producci\u00f3n de vapor inigualables. El sistema integrado <strong>pantalla digital<\/strong> proporciona un control en tiempo real de los niveles de bater\u00eda y e-l\u00edquido, mientras que el <strong>flujo de aire ajustable<\/strong> permite una experiencia de vapeo totalmente personalizable. Elija entre <strong>Concentraciones de nicotina 0%, 2%, 3% o 5%<\/strong>. Ideal para uso personal y <strong>vape desechable al por mayor<\/strong>Este dispositivo ofrece lo m\u00e1ximo en comodidad y rendimiento. <strong>Pedidos a granel<\/strong> opciones disponibles para los minoristas.<\/p>\n<h3><strong>ELFWORLD AL 22000 Puffs Caracter\u00edsticas:<\/strong><\/h3>\n<ul>\n<li>Puffs: Hasta 22.000<\/li>\n<li>Capacidad del e-l\u00edquido: 26ml<\/li>\n<li>Bater\u00eda: 650mAh (recargable)<\/li>\n<li>Carga: Tipo-C<\/li>\n<li>Bobina: Bobinas de malla duales de 1.0\u03a9<\/li>\n<li>Pantalla: Pantalla digital (niveles de bater\u00eda y e-l\u00edquido)<\/li>\n<li>Flujo de aire: Ajustable<\/li>\n<li>Potencias de nicotina: 0%, 2%, 3%, 5%<\/li>\n<li>Sabores disponibles: Mango Manzana Pera, Mango Fresco, Manzana Verde, Ar\u00e1ndano Hielo, Menta, Mezcla de Bayas, Uva Hielo, Sand\u00eda Hielo, Ar\u00e1ndano Menta.<\/li>\n<\/ul>\n<h4>Preguntas frecuentes<\/h4>\n<h5>\u00bfC\u00f3mo mejoran las bobinas de doble malla la experiencia de vapeo?<\/h5>\n<p>Las bobinas de malla duales de 1,0 \u03a9 proporcionan una mayor eficiencia de calentamiento y una vaporizaci\u00f3n uniforme, lo que resulta en sabores m\u00e1s ricos e intensos y nubes de vapor m\u00e1s densas. Esta tecnolog\u00eda garantiza una experiencia de vapeo suave y satisfactoria durante toda la vida \u00fatil del dispositivo.<\/p>\n<h5>\u00bfCu\u00e1les son las ventajas de la pantalla digital y del flujo de aire ajustable?<\/h5>\n<p>La pantalla digital permite a los usuarios controlar la bater\u00eda y los niveles de e-l\u00edquido en tiempo real, asegurando que nunca son sorprendidos con la guardia baja. El flujo de aire ajustable ofrece la posibilidad de personalizar la resistencia, lo que permite a los usuarios ajustar su experiencia de vapeo a sus preferencias exactas.<\/p>\n<h5>\u00bfC\u00f3mo beneficia a los usuarios la capacidad de 22.000 caladas y el dep\u00f3sito de e-l\u00edquido de 26 ml?<\/h5>\n<p>La capacidad de 22.000 caladas y el dep\u00f3sito de e-l\u00edquido de 26 ml ofrecen un uso prolongado, minimizando la necesidad de reemplazos frecuentes. Esto proporciona una comodidad y un valor excepcionales, por lo que el ELFWORLD AL 22000 es perfecto para los usuarios que desean una experiencia de vapeo duradera y sin complicaciones.<\/p>\n<h5>\u00bfQu\u00e9 m\u00e9todos de env\u00edo se utilizan?<\/h5>\n<p>Colaboramos con transportistas de confianza como UPS, DHL, FedEx y DPD para garantizar una entrega eficaz y segura. Seleccionamos el m\u00e9todo de env\u00edo m\u00e1s adecuado en funci\u00f3n de su ubicaci\u00f3n para hacerle llegar su pedido lo antes posible.<\/p>\n<h5>\u00bfPuedo fiarme de mi compra?<\/h5>\n<p>Damos prioridad a la satisfacci\u00f3n del cliente y ofrecemos opciones de pago seguras, incluido PayPal con protecci\u00f3n del comprador. Tambi\u00e9n puedes ver las opiniones de los clientes en TrustPilot: <a href=\"https:\/\/www.trustpilot.com\/review\/volovape.com?utm_medium=trustbox&amp;utm_source=TrustBoxReviewCollector\">TrustPilot<\/a>.<\/p>","protected":false},"excerpt":{"rendered":"<p>Vapes desechables ELFWORLD AL 22000 Puffs al por mayor. 22.000 bocanadas, 26 ml de e-l\u00edquido, bobinas de doble malla, pantalla digital y flujo de aire ajustable. Explora 10 sabores.<\/p>","protected":false},"featured_media":1271,"comment_status":"open","ping_status":"closed","template":"","meta":[],"product_brand":[],"product_cat":[69,42,45,21,18,39,20,23,24,22,25,26,27,28,29,30,31,32,33,34,35,44,36,40],"product_tag":[],"class_list":{"0":"post-826","1":"product","2":"type-product","3":"status-publish","4":"has-post-thumbnail","6":"product_cat-elfworld","7":"product_cat-20000-puffs-disposable-vape","8":"product_cat-25000-puffs-disposable-vape","9":"product_cat-big-puffs-vapes","10":"product_cat-different-puffs-of-disposable-vapes","11":"product_cat-digital-box-vapes","12":"product_cat-disposable-vape-types","13":"product_cat-disposable-vapes-in-austria","14":"product_cat-disposable-vapes-in-belgium","15":"product_cat-disposable-vapes-in-europe","16":"product_cat-disposable-vapes-in-france","17":"product_cat-disposable-vapes-in-germany","18":"product_cat-disposable-vapes-in-hungary","19":"product_cat-disposable-vapes-in-ltaly","20":"product_cat-disposable-vapes-in-netherlands","21":"product_cat-disposable-vapes-in-norway","22":"product_cat-disposable-vapes-in-poland","23":"product_cat-disposable-vapes-in-portugal","24":"product_cat-disposable-vapes-in-spain","25":"product_cat-disposable-vapes-in-sweden","26":"product_cat-disposable-vapes-in-switzerland","27":"product_cat-dual-mesh-vapes","28":"product_cat-rechargeable-vapes","29":"product_cat-smart-screen-vapes","31":"first","32":"instock","33":"shipping-taxable","34":"purchasable","35":"product-type-variable","36":"has-default-attributes"},"jetpack_sharing_enabled":true,"tiered_pricing_type":"fixed","tiered_pricing_fixed_rules":{"2000":6.88999999999999968025576890795491635799407958984375},"tiered_pricing_product_settings":{"layout":"default","base_unit_name":{"singular":null,"plural":null},"default_variation":null},"tiered_pricing_minimum_quantity":1000,"tiered_pricing_roles_data":[],"tiered_pricing_percentage_rules":[],"tiered_pricing_maximum_quantity":null,"tiered_pricing_quantity_step":"10","_links":{"self":[{"href":"https:\/\/volovape.com\/es\/wp-json\/wp\/v2\/product\/826","targetHints":{"allow":["GET"]}}],"collection":[{"href":"https:\/\/volovape.com\/es\/wp-json\/wp\/v2\/product"}],"about":[{"href":"https:\/\/volovape.com\/es\/wp-json\/wp\/v2\/types\/product"}],"replies":[{"embeddable":true,"href":"https:\/\/volovape.com\/es\/wp-json\/wp\/v2\/comments?post=826"}],"wp:featuredmedia":[{"embeddable":true,"href":"https:\/\/volovape.com\/es\/wp-json\/wp\/v2\/media\/1271"}],"wp:attachment":[{"href":"https:\/\/volovape.com\/es\/wp-json\/wp\/v2\/media?parent=826"}],"wp:term":[{"taxonomy":"product_brand","embeddable":true,"href":"https:\/\/volovape.com\/es\/wp-json\/wp\/v2\/product_brand?post=826"},{"taxonomy":"product_cat","embeddable":true,"href":"https:\/\/volovape.com\/es\/wp-json\/wp\/v2\/product_cat?post=826"},{"taxonomy":"product_tag","embeddable":true,"href":"https:\/\/volovape.com\/es\/wp-json\/wp\/v2\/product_tag?post=826"}],"curies":[{"name":"Gracias","href":"https:\/\/api.w.org\/{rel}","templated":true}]}}