{"id":825,"date":"2024-11-21T03:33:30","date_gmt":"2024-11-21T03:33:30","guid":{"rendered":"https:\/\/volovape.com\/?post_type=product&#038;p=825"},"modified":"2025-07-06T04:09:11","modified_gmt":"2025-07-06T04:09:11","slug":"elfworld-mas-20000-bocanadas","status":"publish","type":"product","link":"https:\/\/volovape.com\/es\/product\/elfworld-plus-20000-puffs\/","title":{"rendered":"ELFWORLD PLUS+ 20000 caladas vape desechable - descuento por volumen, bobina de malla, recargable"},"content":{"rendered":"<p><strong>Vapeador desechable ELFWORLD PLUS+ 20000 Puffs<\/strong> - Longevidad y sabor inigualables con la avanzada tecnolog\u00eda de bobina de malla.<\/p>\n<p>El <strong>ELFWORLD PLUS+ 20000 inhalaciones<\/strong> El vaporizador desechable ofrece una experiencia de vaporizaci\u00f3n excepcional con una impresionante <strong>20.000 puff<\/strong> capacidad, una generosa <strong>Dep\u00f3sito de e-l\u00edquido de 22 ml<\/strong>y un potente <strong>Bater\u00eda recargable de 650 mAh<\/strong>. El avanzado <strong>bobina de malla<\/strong> asegura un vapor consistentemente suave, rico y satisfactorio, haci\u00e9ndolo perfecto para un uso prolongado. Elija entre <strong>Concentraciones de nicotina 0%, 2%, 3% o 5%<\/strong> seg\u00fan sus preferencias. Ideal para uso personal y <strong>vape desechable al por mayor<\/strong>Este dispositivo ofrece longevidad y comodidad. <strong>Pedidos a granel<\/strong> opciones disponibles para los minoristas.<\/p>\n<h3><strong>ELFWORLD PLUS+ 20000 Puffs Caracter\u00edsticas:<\/strong><\/h3>\n<ul>\n<li>Puffs: Hasta 20.000<\/li>\n<li>Capacidad del e-l\u00edquido: 22ml<\/li>\n<li>Bater\u00eda: 650mAh (recargable)<\/li>\n<li>Carga: Tipo-C<\/li>\n<li>Bobina Bobina de malla<\/li>\n<li>Potencias de nicotina: 0%, 2%, 3%, 5%<\/li>\n<li>Sabores disponibles: Lim\u00f3n Uva, Cereza Bomba, Melocot\u00f3n Jugoso Ice, Berry Bliss, Blue Razz Ice, Sand\u00eda Ar\u00e1ndano, Limonada Rosa, Mango M\u00e9xico, Fresa Pl\u00e1tano, Sand\u00eda Ice, Gominola Blanca Ice, Mango Fresa, Menta Miami.<\/li>\n<\/ul>\n<h4>Preguntas frecuentes<\/h4>\n<h5>\u00bfC\u00f3mo mejora la bobina de malla la experiencia de vapeo en este dispositivo de alta potencia?<\/h5>\n<p>La bobina de malla del ELFWORLD PLUS+ 20000 est\u00e1 dise\u00f1ada para proporcionar un calentamiento uniforme y una vaporizaci\u00f3n eficiente, garantizando un sabor y una producci\u00f3n de vapor constantes durante toda la vida \u00fatil del dispositivo. Esta tecnolog\u00eda permite una experiencia suave y satisfactoria, incluso con el alto n\u00famero de caladas.<\/p>\n<h5>\u00bfCu\u00e1les son las ventajas de una capacidad de 20.000 bocanadas?<\/h5>\n<p>La capacidad de 20.000 caladas ofrece un uso prolongado, reduciendo la necesidad de reemplazos frecuentes. Esto hace que el ELFWORLD PLUS+ 20000 sea ideal para usuarios que desean una soluci\u00f3n de vapeo duradera y c\u00f3moda, perfecta para viajes o uso diario.<\/p>\n<h5>\u00bfCon qu\u00e9 rapidez se recarga la bater\u00eda de 650 mAh?<\/h5>\n<p>La bater\u00eda de 650 mAh admite largas sesiones de vapeo y se recarga r\u00e1pidamente mediante carga Type-C. Esto garantiza un tiempo de inactividad m\u00ednimo, lo que le permite disfrutar de su dispositivo sin largas esperas.<\/p>\n<h5>\u00bfQu\u00e9 m\u00e9todos de env\u00edo se utilizan?<\/h5>\n<p>Colaboramos con transportistas de confianza como UPS, DHL, FedEx y DPD para garantizar una entrega eficaz y segura. Seleccionamos la mejor opci\u00f3n de env\u00edo en funci\u00f3n de su ubicaci\u00f3n para hacerle llegar su pedido lo antes posible.<\/p>\n<h5>\u00bfPuedo fiarme de mi compra?<\/h5>\n<p>Damos prioridad a la satisfacci\u00f3n del cliente y ofrecemos opciones de pago seguras, incluido PayPal con protecci\u00f3n del comprador. Tambi\u00e9n puedes ver las opiniones de los clientes en TrustPilot: <a href=\"https:\/\/www.trustpilot.com\/review\/volovape.com?utm_medium=trustbox&amp;utm_source=TrustBoxReviewCollector\">TrustPilot<\/a>.<\/p>","protected":false},"excerpt":{"rendered":"<p>Vapes desechables ELFWORLD PLUS+ 20000 Puffs al por mayor. 20.000 caladas, 22ml e-l\u00edquido, bobina de malla, recargable. Variadas opciones de nicotina. Explora 15 sabores.<\/p>","protected":false},"featured_media":1254,"comment_status":"open","ping_status":"closed","template":"","meta":[],"product_brand":[],"product_cat":[69,42,21,18,39,20,23,24,22,25,26,27,28,29,30,31,32,33,34,35,44,36,40],"product_tag":[],"class_list":{"0":"post-825","1":"product","2":"type-product","3":"status-publish","4":"has-post-thumbnail","6":"product_cat-elfworld","7":"product_cat-20000-puffs-disposable-vape","8":"product_cat-big-puffs-vapes","9":"product_cat-different-puffs-of-disposable-vapes","10":"product_cat-digital-box-vapes","11":"product_cat-disposable-vape-types","12":"product_cat-disposable-vapes-in-austria","13":"product_cat-disposable-vapes-in-belgium","14":"product_cat-disposable-vapes-in-europe","15":"product_cat-disposable-vapes-in-france","16":"product_cat-disposable-vapes-in-germany","17":"product_cat-disposable-vapes-in-hungary","18":"product_cat-disposable-vapes-in-ltaly","19":"product_cat-disposable-vapes-in-netherlands","20":"product_cat-disposable-vapes-in-norway","21":"product_cat-disposable-vapes-in-poland","22":"product_cat-disposable-vapes-in-portugal","23":"product_cat-disposable-vapes-in-spain","24":"product_cat-disposable-vapes-in-sweden","25":"product_cat-disposable-vapes-in-switzerland","26":"product_cat-dual-mesh-vapes","27":"product_cat-rechargeable-vapes","28":"product_cat-smart-screen-vapes","30":"first","31":"instock","32":"shipping-taxable","33":"purchasable","34":"product-type-variable","35":"has-default-attributes"},"jetpack_sharing_enabled":true,"tiered_pricing_type":"fixed","tiered_pricing_fixed_rules":{"2000":6.19000000000000039079850466805510222911834716796875},"tiered_pricing_product_settings":{"layout":"default","base_unit_name":{"singular":null,"plural":null},"default_variation":null},"tiered_pricing_minimum_quantity":1000,"tiered_pricing_roles_data":[],"tiered_pricing_percentage_rules":[],"tiered_pricing_maximum_quantity":null,"tiered_pricing_quantity_step":"10","_links":{"self":[{"href":"https:\/\/volovape.com\/es\/wp-json\/wp\/v2\/product\/825","targetHints":{"allow":["GET"]}}],"collection":[{"href":"https:\/\/volovape.com\/es\/wp-json\/wp\/v2\/product"}],"about":[{"href":"https:\/\/volovape.com\/es\/wp-json\/wp\/v2\/types\/product"}],"replies":[{"embeddable":true,"href":"https:\/\/volovape.com\/es\/wp-json\/wp\/v2\/comments?post=825"}],"wp:featuredmedia":[{"embeddable":true,"href":"https:\/\/volovape.com\/es\/wp-json\/wp\/v2\/media\/1254"}],"wp:attachment":[{"href":"https:\/\/volovape.com\/es\/wp-json\/wp\/v2\/media?parent=825"}],"wp:term":[{"taxonomy":"product_brand","embeddable":true,"href":"https:\/\/volovape.com\/es\/wp-json\/wp\/v2\/product_brand?post=825"},{"taxonomy":"product_cat","embeddable":true,"href":"https:\/\/volovape.com\/es\/wp-json\/wp\/v2\/product_cat?post=825"},{"taxonomy":"product_tag","embeddable":true,"href":"https:\/\/volovape.com\/es\/wp-json\/wp\/v2\/product_tag?post=825"}],"curies":[{"name":"Gracias","href":"https:\/\/api.w.org\/{rel}","templated":true}]}}