{"id":824,"date":"2024-11-21T03:33:30","date_gmt":"2024-11-21T03:33:30","guid":{"rendered":"https:\/\/volovape.com\/?post_type=product&#038;p=824"},"modified":"2025-07-06T04:22:09","modified_gmt":"2025-07-06T04:22:09","slug":"elfworld-15pro-12000-caladas","status":"publish","type":"product","link":"https:\/\/volovape.com\/es\/product\/elfworld-15pro-12000-puffs\/","title":{"rendered":"Vapeador desechable ELFWORLD 15PRO 12000 puffs con pantalla digital y flujo de aire ajustable"},"content":{"rendered":"<p><strong>ELFWORLD 15PRO 12000 Puffs Vape Desechable<\/strong> - Vaping inteligente con pantalla digital y flujo de aire ajustable.<\/p>\n<p>El <strong>ELFWORLD 15PRO 12000 inhalaciones<\/strong> El vape desechable combina un alto rendimiento con funciones inteligentes, ofreciendo hasta <strong>12.000 bocanadas<\/strong>, an <strong>Capacidad de 18 ml de e-l\u00edquido<\/strong>, y un <strong>Bater\u00eda recargable de 600 mAh<\/strong>. El sistema integrado <strong>pantalla digital<\/strong> proporciona un control en tiempo real de los niveles de bater\u00eda y e-l\u00edquido, mientras que el <strong>flujo de aire ajustable<\/strong> permite experiencias de vapeo personalizadas. El avanzado <strong>bobina de malla<\/strong> garantiza un vapor suave y sabroso. Elija entre <strong>Concentraciones de nicotina 0%, 2%, 3% o 5%<\/strong>. Ideal para uso personal y <strong>vape desechable al por mayor<\/strong>Este dispositivo ofrece comodidad y control. <strong>Pedidos a granel<\/strong> opciones disponibles para los minoristas.<\/p>\n<h3><strong>ELFWORLD 15PRO 12000 Puffs Caracter\u00edsticas:<\/strong><\/h3>\n<ul>\n<li>Puffs: Hasta 12.000<\/li>\n<li>Capacidad del e-l\u00edquido: 18ml<\/li>\n<li>Bater\u00eda: 600mAh (recargable)<\/li>\n<li>Carga: Tipo-C<\/li>\n<li>Bobina Bobina de malla<\/li>\n<li>Pantalla: Pantalla digital (niveles de bater\u00eda y e-l\u00edquido)<\/li>\n<li>Flujo de aire: Ajustable<\/li>\n<li>Potencias de nicotina: 0%, 2%, 3%, 5%<\/li>\n<li>Sabores disponibles: Sand\u00eda Ice, Blue Razz Ice, Fresa Ice, Vainilla Casta Tabaco, Fruta Drag\u00f3n Berry, Uva Sakura, Melocot\u00f3n Mango, Candy Rainbow, Menta, Mezcla de Bayas, Sand\u00eda Bubble Gum, Kiwi Maracuy\u00e1 Guayaba, Sand\u00eda Frambuesa, Doble Manzana, Fresa Helada.<\/li>\n<\/ul>\n<h4>Preguntas frecuentes<\/h4>\n<h5>\u00bfC\u00f3mo mejora la pantalla digital la experiencia de vapeo?<\/h5>\n<p>La pantalla digital proporciona informaci\u00f3n en tiempo real sobre los niveles de bater\u00eda y e-l\u00edquido, lo que permite a los usuarios controlar el estado de su dispositivo de un vistazo. Esta caracter\u00edstica garantiza que nunca te pille desprevenido y puedas planificar tus sesiones de vapeo en consecuencia, mejorando la comodidad y el control generales.<\/p>\n<h5>\u00bfCu\u00e1les son las ventajas del flujo de aire regulable?<\/h5>\n<p>El flujo de aire ajustable permite a los usuarios personalizar su experiencia de vapeo ajustando la resistencia de tiro. Tanto si prefieres un tiro m\u00e1s fuerte como m\u00e1s flojo, esta funci\u00f3n te permite personalizar tu vapeo para adaptarlo a tus preferencias, lo que se traduce en una experiencia m\u00e1s satisfactoria y agradable.<\/p>\n<h5>\u00bfC\u00f3mo contribuye la bobina de malla al sabor y a la producci\u00f3n de vapor?<\/h5>\n<p>La bobina de malla est\u00e1 dise\u00f1ada para proporcionar un calentamiento uniforme y una vaporizaci\u00f3n \u00f3ptima del e-l\u00edquido, dando como resultado un vapor suave y sabroso. Esta tecnolog\u00eda mejora la experiencia de vapeo en general mediante la entrega de nubes ricas y satisfactorias con cada calada.<\/p>\n<h5>\u00bfQu\u00e9 m\u00e9todos de env\u00edo se utilizan?<\/h5>\n<p>Colaboramos con transportistas de confianza como UPS, DHL, FedEx y DPD para garantizar una entrega fiable y eficaz. Seleccionamos el m\u00e9todo de env\u00edo m\u00e1s adecuado en funci\u00f3n de su ubicaci\u00f3n para hacerle llegar su pedido lo antes posible.<\/p>\n<h5>\u00bfPuedo fiarme de mi compra?<\/h5>\n<p>Damos prioridad a la satisfacci\u00f3n del cliente y ofrecemos opciones de pago seguras, incluido PayPal con protecci\u00f3n del comprador. Tambi\u00e9n puedes ver las opiniones de los clientes en TrustPilot: <a href=\"https:\/\/www.trustpilot.com\/review\/volovape.com?utm_medium=trustbox&amp;utm_source=TrustBoxReviewCollector\">TrustPilot<\/a>.<\/p>","protected":false},"excerpt":{"rendered":"<p>Distribuir ELFWORLD 15PRO 12000 Puffs Vapes desechables. 12.000 caladas, 18ml e-liquid, pantalla digital, flujo de aire ajustable, bobina de malla. Nicotina variada. Descubre 15 sabores.<\/p>","protected":false},"featured_media":1243,"comment_status":"open","ping_status":"closed","template":"","meta":[],"product_brand":[],"product_cat":[69,38,21,18,39,20,23,24,22,25,26,27,28,29,30,31,32,33,34,35,36,40],"product_tag":[],"class_list":{"0":"post-824","1":"product","2":"type-product","3":"status-publish","4":"has-post-thumbnail","6":"product_cat-elfworld","7":"product_cat-12000-puffs-disposable-vape","8":"product_cat-big-puffs-vapes","9":"product_cat-different-puffs-of-disposable-vapes","10":"product_cat-digital-box-vapes","11":"product_cat-disposable-vape-types","12":"product_cat-disposable-vapes-in-austria","13":"product_cat-disposable-vapes-in-belgium","14":"product_cat-disposable-vapes-in-europe","15":"product_cat-disposable-vapes-in-france","16":"product_cat-disposable-vapes-in-germany","17":"product_cat-disposable-vapes-in-hungary","18":"product_cat-disposable-vapes-in-ltaly","19":"product_cat-disposable-vapes-in-netherlands","20":"product_cat-disposable-vapes-in-norway","21":"product_cat-disposable-vapes-in-poland","22":"product_cat-disposable-vapes-in-portugal","23":"product_cat-disposable-vapes-in-spain","24":"product_cat-disposable-vapes-in-sweden","25":"product_cat-disposable-vapes-in-switzerland","26":"product_cat-rechargeable-vapes","27":"product_cat-smart-screen-vapes","29":"first","30":"instock","31":"shipping-taxable","32":"purchasable","33":"product-type-variable","34":"has-default-attributes"},"jetpack_sharing_enabled":true,"tiered_pricing_type":"fixed","tiered_pricing_fixed_rules":{"2000":5.20000000000000017763568394002504646778106689453125},"tiered_pricing_product_settings":{"layout":"default","base_unit_name":{"singular":null,"plural":null},"default_variation":null},"tiered_pricing_minimum_quantity":1000,"tiered_pricing_roles_data":[],"tiered_pricing_percentage_rules":[],"tiered_pricing_maximum_quantity":null,"tiered_pricing_quantity_step":"10","_links":{"self":[{"href":"https:\/\/volovape.com\/es\/wp-json\/wp\/v2\/product\/824","targetHints":{"allow":["GET"]}}],"collection":[{"href":"https:\/\/volovape.com\/es\/wp-json\/wp\/v2\/product"}],"about":[{"href":"https:\/\/volovape.com\/es\/wp-json\/wp\/v2\/types\/product"}],"replies":[{"embeddable":true,"href":"https:\/\/volovape.com\/es\/wp-json\/wp\/v2\/comments?post=824"}],"wp:featuredmedia":[{"embeddable":true,"href":"https:\/\/volovape.com\/es\/wp-json\/wp\/v2\/media\/1243"}],"wp:attachment":[{"href":"https:\/\/volovape.com\/es\/wp-json\/wp\/v2\/media?parent=824"}],"wp:term":[{"taxonomy":"product_brand","embeddable":true,"href":"https:\/\/volovape.com\/es\/wp-json\/wp\/v2\/product_brand?post=824"},{"taxonomy":"product_cat","embeddable":true,"href":"https:\/\/volovape.com\/es\/wp-json\/wp\/v2\/product_cat?post=824"},{"taxonomy":"product_tag","embeddable":true,"href":"https:\/\/volovape.com\/es\/wp-json\/wp\/v2\/product_tag?post=824"}],"curies":[{"name":"Gracias","href":"https:\/\/api.w.org\/{rel}","templated":true}]}}