{"id":80,"date":"2024-11-21T03:26:51","date_gmt":"2024-11-21T03:26:51","guid":{"rendered":"https:\/\/volovape.com\/?post_type=product&#038;p=80"},"modified":"2025-07-04T02:51:49","modified_gmt":"2025-07-04T02:51:49","slug":"fihp-15000-inhalaciones","status":"publish","type":"product","link":"https:\/\/volovape.com\/es\/product\/fihp-15000-puffs\/","title":{"rendered":"FIHP 15000 Puffs Vape desechable - bobina de malla, pantalla LED, recargable"},"content":{"rendered":"<p><strong>FIHP 15000 Puffs Vape desechable de larga duraci\u00f3n con pantalla LED<\/strong> - Soluci\u00f3n de vapeo de alto rendimiento.<\/p>\n<p>El <strong>FIHP 15000 inhalaciones<\/strong> El vape desechable ofrece una experiencia de vapeo prolongada con hasta <strong>15.000 bocanadas<\/strong>, a <strong>Capacidad de e-l\u00edquido de 22 ml<\/strong>, y un <strong>Bater\u00eda recargable de 650 mAh<\/strong> con <strong>Carga tipo C<\/strong>. En <strong>Bobina de malla de 1,0\u03a9<\/strong> proporciona un sabor suave y rico y un vapor consistente. Un <strong>Pantalla LED<\/strong> permite controlar f\u00e1cilmente el estado de la bater\u00eda y del dispositivo. Elige entre <strong>Concentraciones de nicotina 2% o 5%<\/strong> y disfrutar de una variedad de <strong>10+ sabores<\/strong>, incluyendo Energy Drink y Kiwi Maracuy\u00e1 Guayaba. Ideal para uso personal o <strong>vape desechable al por mayor<\/strong>Este dispositivo combina un alto rendimiento con la comodidad. Para <strong>pedidos al por mayor<\/strong> precios, p\u00f3ngase en contacto con nosotros.<\/p>\n<h3><strong>FIHP 15000 Caracter\u00edsticas:<\/strong><\/h3>\n<ul>\n<li>Puffs: Hasta 15.000<\/li>\n<li>Capacidad del e-l\u00edquido: 22ml<\/li>\n<li>Bater\u00eda: 650mAh (recargable)<\/li>\n<li>Carga: Tipo-C<\/li>\n<li>Bobina: 1.0\u03a9 Mesh Coil<\/li>\n<li>Pantalla: Pantalla LED<\/li>\n<li>Potencias de nicotina: 2%, 5%<\/li>\n<li>M\u00e1s de 10 opciones de sabores<\/li>\n<\/ul>\n<h4>Preguntas frecuentes<\/h4>\n<h5>C\u00f3mo mejora la bobina de malla 1.0\u03a9 la experiencia vaping?<\/h5>\n<p>La bobina de malla 1.0\u03a9 est\u00e1 dise\u00f1ada para proporcionar una experiencia de vapeo suave y consistente, proporcionando ricos sabores y una producci\u00f3n de vapor satisfactoria con cada calada. Asegura una vaporizaci\u00f3n eficiente del e-l\u00edquido, maximizando la entrega de sabor y el disfrute general.<\/p>\n<h5>\u00bfQu\u00e9 m\u00e9todos de env\u00edo se utilizan?<\/h5>\n<p>Colaboramos con transportistas de confianza como UPS, DHL, FedEx y DPD para garantizar que sus pedidos se entregan de forma eficiente. El m\u00e9todo de env\u00edo se selecciona en funci\u00f3n de su ubicaci\u00f3n para una velocidad de entrega y fiabilidad \u00f3ptimas.<\/p>\n<h5>\u00bfCu\u00e1nto suele tardar el env\u00edo?<\/h5>\n<p>El env\u00edo suele tardar entre 7 y 15 d\u00edas laborables. En temporadas altas o condiciones meteorol\u00f3gicas adversas, puede tardar hasta 20 d\u00edas laborables.<\/p>\n<h5>\u00bfTendr\u00e9 problemas con aduanas o tasas adicionales?<\/h5>\n<p>Nos encargamos de todos los tr\u00e1mites aduaneros, garantizando que su env\u00edo pase sin problemas. No incurrir\u00e1 en impuestos ni tasas adicionales. Garantizamos el despacho de aduanas de 100%.<\/p>\n<h5>\u00bfC\u00f3mo puedo estar seguro de la calidad y fiabilidad del producto?<\/h5>\n<p>Aceptamos pagos seguros de PayPal con protecci\u00f3n del comprador. Tambi\u00e9n puede leer los comentarios de los clientes en <a href=\"https:\/\/www.trustpilot.com\/review\/volovape.com?utm_medium=trustbox&amp;utm_source=TrustBoxReviewCollector\">TrustPilot<\/a>donde muchos clientes han compartido experiencias positivas con nuestros productos y servicios.<\/p>","protected":false},"excerpt":{"rendered":"<p>Disfrute de un sabor prolongado con el FIHP 15000 Puffs. Pantalla LED, malla de 1.0\u03a9, 22ml, recargable. Perfecto para uso personal o al por mayor, ofrece un vapor suave y variadas opciones de nicotina.<\/p>","protected":false},"featured_media":238,"comment_status":"open","ping_status":"closed","template":"","meta":[],"product_brand":[],"product_cat":[46,41,21,18,20,23,24,22,25,26,27,28,29,30,31,32,33,34,35,36,40],"product_tag":[],"class_list":{"0":"post-80","1":"product","2":"type-product","3":"status-publish","4":"has-post-thumbnail","6":"product_cat-fihp","7":"product_cat-15000-puffs-disposable-vape","8":"product_cat-big-puffs-vapes","9":"product_cat-different-puffs-of-disposable-vapes","10":"product_cat-disposable-vape-types","11":"product_cat-disposable-vapes-in-austria","12":"product_cat-disposable-vapes-in-belgium","13":"product_cat-disposable-vapes-in-europe","14":"product_cat-disposable-vapes-in-france","15":"product_cat-disposable-vapes-in-germany","16":"product_cat-disposable-vapes-in-hungary","17":"product_cat-disposable-vapes-in-ltaly","18":"product_cat-disposable-vapes-in-netherlands","19":"product_cat-disposable-vapes-in-norway","20":"product_cat-disposable-vapes-in-poland","21":"product_cat-disposable-vapes-in-portugal","22":"product_cat-disposable-vapes-in-spain","23":"product_cat-disposable-vapes-in-sweden","24":"product_cat-disposable-vapes-in-switzerland","25":"product_cat-rechargeable-vapes","26":"product_cat-smart-screen-vapes","28":"first","29":"instock","30":"shipping-taxable","31":"purchasable","32":"product-type-variable","33":"has-default-attributes"},"jetpack_sharing_enabled":true,"tiered_pricing_type":"fixed","tiered_pricing_fixed_rules":{"2000":4.9900000000000002131628207280300557613372802734375},"tiered_pricing_product_settings":{"layout":"default","base_unit_name":{"singular":null,"plural":null},"default_variation":null},"tiered_pricing_minimum_quantity":1000,"tiered_pricing_roles_data":[],"tiered_pricing_percentage_rules":[],"tiered_pricing_maximum_quantity":null,"tiered_pricing_quantity_step":"10","_links":{"self":[{"href":"https:\/\/volovape.com\/es\/wp-json\/wp\/v2\/product\/80","targetHints":{"allow":["GET"]}}],"collection":[{"href":"https:\/\/volovape.com\/es\/wp-json\/wp\/v2\/product"}],"about":[{"href":"https:\/\/volovape.com\/es\/wp-json\/wp\/v2\/types\/product"}],"replies":[{"embeddable":true,"href":"https:\/\/volovape.com\/es\/wp-json\/wp\/v2\/comments?post=80"}],"wp:featuredmedia":[{"embeddable":true,"href":"https:\/\/volovape.com\/es\/wp-json\/wp\/v2\/media\/238"}],"wp:attachment":[{"href":"https:\/\/volovape.com\/es\/wp-json\/wp\/v2\/media?parent=80"}],"wp:term":[{"taxonomy":"product_brand","embeddable":true,"href":"https:\/\/volovape.com\/es\/wp-json\/wp\/v2\/product_brand?post=80"},{"taxonomy":"product_cat","embeddable":true,"href":"https:\/\/volovape.com\/es\/wp-json\/wp\/v2\/product_cat?post=80"},{"taxonomy":"product_tag","embeddable":true,"href":"https:\/\/volovape.com\/es\/wp-json\/wp\/v2\/product_tag?post=80"}],"curies":[{"name":"Gracias","href":"https:\/\/api.w.org\/{rel}","templated":true}]}}