{"id":785,"date":"2024-11-21T03:33:06","date_gmt":"2024-11-21T03:33:06","guid":{"rendered":"https:\/\/volovape.com\/?post_type=product&#038;p=785"},"modified":"2025-06-19T03:45:15","modified_gmt":"2025-06-19T03:45:15","slug":"aivono-aim-plus-800-inhalaciones","status":"publish","type":"product","link":"https:\/\/volovape.com\/es\/product\/aivono-aim-plus-800-puffs\/","title":{"rendered":"Aivono Aim Plus 800 Puffs Vape Desechable - Mesh Coil, TPD Certificado"},"content":{"rendered":"<p><strong>Aivono Aim Plus 800 Puffs Vape Desechable<\/strong> - Fiable, sabrosa y con certificaci\u00f3n TPD para garantizar la calidad.<\/p>\n<p>El <strong>Aivono Aim Plus 800 inhalaciones<\/strong> El vape desechable ofrece una experiencia de vapeo sencilla y satisfactoria con hasta <strong>800 bocanadas<\/strong>, a <strong>3,2 ml de capacidad de e-l\u00edquido<\/strong>, y un <strong>Bater\u00eda de 550 mAh<\/strong>. En <strong>Bobina de malla de 1,8\u03a9<\/strong> asegura una producci\u00f3n de vapor consistente y sabrosa. Este dispositivo est\u00e1 certificado por TPD, garantizando el cumplimiento de altos est\u00e1ndares de calidad y seguridad. Elija entre <strong>Concentraciones de nicotina 0%, 2% o 5%<\/strong>. Ideal para uso personal y <strong>vape desechable al por mayor<\/strong>Aivono Aim Plus ofrece fiabilidad y sabor en un c\u00f3modo envase. <strong>Pedidos a granel<\/strong> opciones disponibles para los minoristas.<\/p>\n<h3><strong>Aivono Aim Plus 800 Puffs Caracter\u00edsticas:<\/strong><\/h3>\n<ul>\n<li>Puffs: Hasta 800<\/li>\n<li>Capacidad del e-l\u00edquido: 3.2ml<\/li>\n<li>Bater\u00eda: 550 mAh<\/li>\n<li>Bobina: 1.8\u03a9 Mesh Coil<\/li>\n<li>Potencias de nicotina: 0%, 2%, 5%<\/li>\n<li>Certificaci\u00f3n: Certificado TPD<\/li>\n<li>Sabores disponibles: Cool Mint, Lush Ice, Cotton Candy, Tangerine Ice, Strawberry Watermelon, Blueberry Raspberry Lemon, Mixed Berry, Peach Ice, Banana Ice, Blueberry on Ice, Grape Ice, Mango Ice, Strawberry Ice, Apple Ice, Lychee Ice, Pink Lemonade, Pi\u00f1a Colada, Cola Ice, Red Bull, Fresa Pl\u00e1tano, Guayaba Ice, Fresa Maracuy\u00e1, Fresa Kiwi, Mango Lichi, Melocot\u00f3n Blanco Pomelo, Mango Pi\u00f1a Melocot\u00f3n, Naranja Maracuy\u00e1 Guayaba, Sand\u00eda Bubble Gum, Tarta de Queso y Ar\u00e1ndanos.<\/li>\n<\/ul>\n<h4>Preguntas frecuentes<\/h4>\n<h5>\u00bfQu\u00e9 significa la certificaci\u00f3n TPD para este vape?<\/h5>\n<p>La certificaci\u00f3n TPD (Directiva sobre Productos del Tabaco) significa que el Aivono Aim Plus 800 cumple las estrictas normas de calidad y seguridad establecidas por la Uni\u00f3n Europea. Esto garantiza que el producto se ha sometido a rigurosas pruebas y cumple con las normativas relativas a ingredientes, emisiones y envasado, proporcionando a los usuarios una experiencia de vapeo segura y fiable.<\/p>\n<h5>C\u00f3mo contribuye la bobina de malla 1.8\u03a9 a la experiencia vaping?<\/h5>\n<p>La bobina de malla de 1,8 \u03a9 est\u00e1 dise\u00f1ada para ofrecer una experiencia de vapeo suave y consistente. Optimiza la entrega de sabor y la producci\u00f3n de vapor, asegurando que cada calada sea satisfactoria y sabrosa. Esta bobina es ideal para los usuarios que prefieren una sesi\u00f3n de vapeo m\u00e1s controlada y agradable.<\/p>\n<h5>\u00bfCu\u00e1nto dura la bater\u00eda y cu\u00e1l es la capacidad del e-l\u00edquido?<\/h5>\n<p>La bater\u00eda de 550 mAh soporta hasta 800 caladas, proporcionando una potencia fiable para un uso prolongado. El dispositivo cuenta con una capacidad de 3,2 ml de e-l\u00edquido, lo que garantiza que tendr\u00e1s suficiente e-l\u00edquido para toda la vida \u00fatil del dispositivo.<\/p>\n<h5>\u00bfQu\u00e9 m\u00e9todos de env\u00edo se utilizan?<\/h5>\n<p>Colaboramos con transportistas de confianza como UPS, DHL, FedEx y DPD para garantizar una entrega fiable y eficaz. Seleccionamos el m\u00e9todo de env\u00edo m\u00e1s adecuado en funci\u00f3n de su ubicaci\u00f3n para hacerle llegar su pedido lo antes posible.<\/p>\n<h5>\u00bfPuedo fiarme de mi compra?<\/h5>\n<p>Damos prioridad a la satisfacci\u00f3n del cliente y ofrecemos opciones de pago seguras, incluido PayPal con protecci\u00f3n del comprador. Tambi\u00e9n puedes ver las opiniones de los clientes en TrustPilot: <a href=\"https:\/\/www.trustpilot.com\/review\/volovape.com?utm_medium=trustbox&amp;utm_source=TrustBoxReviewCollector\">TrustPilot<\/a>.<\/p>","protected":false},"excerpt":{"rendered":"<p>Comprar Aivono Aim Plus 800 Puffs Vape desechable al por mayor. Con 3,2 ml de e-l\u00edquido, bobina de malla, certificaci\u00f3n TPD, y m\u00faltiples opciones de nicotina, es perfecto para los proveedores y revendedores de vape al por mayor.<\/p>","protected":false},"featured_media":1213,"comment_status":"open","ping_status":"closed","template":"","meta":[],"product_brand":[],"product_cat":[67,59,18,20,23,24,22,25,26,27,28,29,30,31,32,33,34,35,60],"product_tag":[],"class_list":{"0":"post-785","1":"product","2":"type-product","3":"status-publish","4":"has-post-thumbnail","6":"product_cat-aivono","7":"product_cat-800-puffs-disposable-vape","8":"product_cat-different-puffs-of-disposable-vapes","9":"product_cat-disposable-vape-types","10":"product_cat-disposable-vapes-in-austria","11":"product_cat-disposable-vapes-in-belgium","12":"product_cat-disposable-vapes-in-europe","13":"product_cat-disposable-vapes-in-france","14":"product_cat-disposable-vapes-in-germany","15":"product_cat-disposable-vapes-in-hungary","16":"product_cat-disposable-vapes-in-ltaly","17":"product_cat-disposable-vapes-in-netherlands","18":"product_cat-disposable-vapes-in-norway","19":"product_cat-disposable-vapes-in-poland","20":"product_cat-disposable-vapes-in-portugal","21":"product_cat-disposable-vapes-in-spain","22":"product_cat-disposable-vapes-in-sweden","23":"product_cat-disposable-vapes-in-switzerland","24":"product_cat-mini-puffs-vapes","26":"first","27":"instock","28":"shipping-taxable","29":"purchasable","30":"product-type-variable","31":"has-default-attributes"},"jetpack_sharing_enabled":true,"tiered_pricing_type":"fixed","tiered_pricing_fixed_rules":{"2000":3.04000000000000003552713678800500929355621337890625},"tiered_pricing_product_settings":{"layout":"default","base_unit_name":{"singular":null,"plural":null},"default_variation":null},"tiered_pricing_minimum_quantity":1000,"tiered_pricing_roles_data":[],"tiered_pricing_percentage_rules":[],"tiered_pricing_maximum_quantity":null,"tiered_pricing_quantity_step":"10","_links":{"self":[{"href":"https:\/\/volovape.com\/es\/wp-json\/wp\/v2\/product\/785","targetHints":{"allow":["GET"]}}],"collection":[{"href":"https:\/\/volovape.com\/es\/wp-json\/wp\/v2\/product"}],"about":[{"href":"https:\/\/volovape.com\/es\/wp-json\/wp\/v2\/types\/product"}],"replies":[{"embeddable":true,"href":"https:\/\/volovape.com\/es\/wp-json\/wp\/v2\/comments?post=785"}],"wp:featuredmedia":[{"embeddable":true,"href":"https:\/\/volovape.com\/es\/wp-json\/wp\/v2\/media\/1213"}],"wp:attachment":[{"href":"https:\/\/volovape.com\/es\/wp-json\/wp\/v2\/media?parent=785"}],"wp:term":[{"taxonomy":"product_brand","embeddable":true,"href":"https:\/\/volovape.com\/es\/wp-json\/wp\/v2\/product_brand?post=785"},{"taxonomy":"product_cat","embeddable":true,"href":"https:\/\/volovape.com\/es\/wp-json\/wp\/v2\/product_cat?post=785"},{"taxonomy":"product_tag","embeddable":true,"href":"https:\/\/volovape.com\/es\/wp-json\/wp\/v2\/product_tag?post=785"}],"curies":[{"name":"Gracias","href":"https:\/\/api.w.org\/{rel}","templated":true}]}}