{"id":784,"date":"2024-11-21T03:33:06","date_gmt":"2024-11-21T03:33:06","guid":{"rendered":"https:\/\/volovape.com\/?post_type=product&#038;p=784"},"modified":"2025-06-19T03:45:13","modified_gmt":"2025-06-19T03:45:13","slug":"aivono-mini-boxx-600-inhalaciones","status":"publish","type":"product","link":"https:\/\/volovape.com\/es\/product\/aivono-mini-boxx-600-puffs\/","title":{"rendered":"Aivono Mini Boxx 600 Puffs Vape Desechable - Recargable, Mesh Coil"},"content":{"rendered":"<p><strong>Aivono Mini Boxx 600 Puffs Vape Desechable<\/strong> - Compacto, recargable y sabroso para vapear sobre la marcha.<\/p>\n<p>El <strong>Aivono Mini Boxx 600 inhalaciones<\/strong> vape desechable est\u00e1 dise\u00f1ado para aquellos que priorizan la portabilidad y la comodidad sin comprometer el sabor. Con hasta <strong>600 bocanadas<\/strong>, a <strong>Capacidad de 2 ml de e-l\u00edquido<\/strong>, y un <strong>Bater\u00eda recargable de 400 mAh<\/strong>Este dispositivo ofrece una experiencia de vapeo satisfactoria en un dise\u00f1o elegante y compacto. El <strong>Bobina de malla de 1,2\u03a9<\/strong> garantiza un vapor suave y sabroso, perfecto para el uso diario. Elija entre <strong>Concentraciones de nicotina 0%, 2% o 5%<\/strong>. Ideal para uso personal y <strong>vape desechable al por mayor<\/strong>Aivono Mini Boxx es la combinaci\u00f3n perfecta de comodidad y rendimiento. <strong>Pedidos a granel<\/strong> opciones disponibles para los minoristas.<\/p>\n<h3><strong>Aivono Mini Boxx 600 Puffs Caracter\u00edsticas:<\/strong><\/h3>\n<ul>\n<li>Puffs: Hasta 600<\/li>\n<li>Capacidad del e-l\u00edquido: 2ml<\/li>\n<li>Bater\u00eda: 400mAh (recargable)<\/li>\n<li>Carga: Tipo-C<\/li>\n<li>Bobina: 1.2\u03a9 Mesh Coil<\/li>\n<li>Potencias de nicotina: 0%, 2%, 5%<\/li>\n<li>Sabores disponibles: Helado de Fresa, Menta Lim\u00f3n, Fresa Kiwi Ice, Aloe Blackberry Ice, Sand\u00eda Bubble Gum Ice, Fresa Ice, Bebida Energ\u00e9tica, Melocot\u00f3n Blanco Pomelo, Cereza Cantalupo, Pi\u00f1a Coco Ice.<\/li>\n<\/ul>\n<h4>Preguntas frecuentes<\/h4>\n<h5>\u00bfQu\u00e9 hace que la Aivono Mini Boxx sea ideal para vapear sobre la marcha?<\/h5>\n<p>El Aivono Mini Boxx est\u00e1 dise\u00f1ado con un factor de forma compacto y ligero, por lo que es extremadamente port\u00e1til y perfecto para los usuarios que necesitan una soluci\u00f3n vaping discreta y conveniente. Su peque\u00f1o tama\u00f1o cabe f\u00e1cilmente en bolsillos o bolsas, asegurando que pueda disfrutar de sus sabores favoritos en cualquier momento y en cualquier lugar.<\/p>\n<h5>C\u00f3mo mejora la bobina de malla 1.2\u03a9 la experiencia de sabor?<\/h5>\n<p>La bobina de malla 1.2\u03a9 est\u00e1 optimizada para la entrega de sabor, proporcionando una experiencia de vapeo suave y consistente. Esta bobina calienta eficientemente el e-l\u00edquido, asegurando que cada calada sea rica y sabrosa, mejorando la satisfacci\u00f3n general de cada sesi\u00f3n de vapeo.<\/p>\n<h5>\u00bfCu\u00e1nto dura la bater\u00eda y con qu\u00e9 rapidez se recarga?<\/h5>\n<p>La bater\u00eda recargable de 400 mAh est\u00e1 dise\u00f1ada para soportar hasta 600 caladas. Con la carga Type-C, el dispositivo se recarga r\u00e1pidamente, minimizando el tiempo de inactividad y garantizando que puedas volver a vapear antes.<\/p>\n<h5>\u00bfQu\u00e9 m\u00e9todos de env\u00edo se utilizan?<\/h5>\n<p>Colaboramos con transportistas de confianza como UPS, DHL, FedEx y DPD para ofrecer una entrega eficaz y segura. Seleccionamos la mejor opci\u00f3n de env\u00edo en funci\u00f3n de su ubicaci\u00f3n para asegurarnos de que su pedido llegue puntualmente.<\/p>\n<h5>\u00bfPuedo fiarme de mi compra?<\/h5>\n<p>Damos prioridad a la satisfacci\u00f3n del cliente y ofrecemos opciones de pago seguras, incluido PayPal con protecci\u00f3n del comprador. Tambi\u00e9n puedes ver las opiniones de los clientes en TrustPilot: <a href=\"https:\/\/www.trustpilot.com\/review\/volovape.com?utm_medium=trustbox&amp;utm_source=TrustBoxReviewCollector\">TrustPilot<\/a>.<\/p>","protected":false},"excerpt":{"rendered":"<p>Comprar Aivono Mini Boxx 600 Puffs Vape Desechable al por mayor. Con 2 ml de e-l\u00edquido, bobina de malla, y un dise\u00f1o compacto, es una opci\u00f3n ideal para la venta al por mayor vape distribuidores y minoristas.<\/p>","protected":false},"featured_media":1203,"comment_status":"open","ping_status":"closed","template":"","meta":[],"product_brand":[],"product_cat":[67,59,18,20,23,24,22,25,26,27,28,29,30,31,32,33,34,35,60],"product_tag":[],"class_list":{"0":"post-784","1":"product","2":"type-product","3":"status-publish","4":"has-post-thumbnail","6":"product_cat-aivono","7":"product_cat-800-puffs-disposable-vape","8":"product_cat-different-puffs-of-disposable-vapes","9":"product_cat-disposable-vape-types","10":"product_cat-disposable-vapes-in-austria","11":"product_cat-disposable-vapes-in-belgium","12":"product_cat-disposable-vapes-in-europe","13":"product_cat-disposable-vapes-in-france","14":"product_cat-disposable-vapes-in-germany","15":"product_cat-disposable-vapes-in-hungary","16":"product_cat-disposable-vapes-in-ltaly","17":"product_cat-disposable-vapes-in-netherlands","18":"product_cat-disposable-vapes-in-norway","19":"product_cat-disposable-vapes-in-poland","20":"product_cat-disposable-vapes-in-portugal","21":"product_cat-disposable-vapes-in-spain","22":"product_cat-disposable-vapes-in-sweden","23":"product_cat-disposable-vapes-in-switzerland","24":"product_cat-mini-puffs-vapes","26":"first","27":"instock","28":"shipping-taxable","29":"purchasable","30":"product-type-variable","31":"has-default-attributes"},"jetpack_sharing_enabled":true,"tiered_pricing_type":"fixed","tiered_pricing_fixed_rules":{"2000":3.45999999999999996447286321199499070644378662109375},"tiered_pricing_product_settings":{"layout":"default","base_unit_name":{"singular":null,"plural":null},"default_variation":null},"tiered_pricing_minimum_quantity":1000,"tiered_pricing_roles_data":[],"tiered_pricing_percentage_rules":[],"tiered_pricing_maximum_quantity":null,"tiered_pricing_quantity_step":"10","_links":{"self":[{"href":"https:\/\/volovape.com\/es\/wp-json\/wp\/v2\/product\/784","targetHints":{"allow":["GET"]}}],"collection":[{"href":"https:\/\/volovape.com\/es\/wp-json\/wp\/v2\/product"}],"about":[{"href":"https:\/\/volovape.com\/es\/wp-json\/wp\/v2\/types\/product"}],"replies":[{"embeddable":true,"href":"https:\/\/volovape.com\/es\/wp-json\/wp\/v2\/comments?post=784"}],"wp:featuredmedia":[{"embeddable":true,"href":"https:\/\/volovape.com\/es\/wp-json\/wp\/v2\/media\/1203"}],"wp:attachment":[{"href":"https:\/\/volovape.com\/es\/wp-json\/wp\/v2\/media?parent=784"}],"wp:term":[{"taxonomy":"product_brand","embeddable":true,"href":"https:\/\/volovape.com\/es\/wp-json\/wp\/v2\/product_brand?post=784"},{"taxonomy":"product_cat","embeddable":true,"href":"https:\/\/volovape.com\/es\/wp-json\/wp\/v2\/product_cat?post=784"},{"taxonomy":"product_tag","embeddable":true,"href":"https:\/\/volovape.com\/es\/wp-json\/wp\/v2\/product_tag?post=784"}],"curies":[{"name":"Gracias","href":"https:\/\/api.w.org\/{rel}","templated":true}]}}