{"id":783,"date":"2024-11-21T03:33:06","date_gmt":"2024-11-21T03:33:06","guid":{"rendered":"https:\/\/volovape.com\/?post_type=product&#038;p=783"},"modified":"2025-08-06T08:14:48","modified_gmt":"2025-08-06T08:14:48","slug":"shisha-aivono-fatman-15000-caladas","status":"publish","type":"product","link":"https:\/\/volovape.com\/es\/product\/aivono-fatman-shisha-15000-puffs\/","title":{"rendered":"Aivono Fatman Shisha 15000 bocanadas vape desechable - ricos sabores Shisha, recargable, descuento al por mayor"},"content":{"rendered":"<p><strong>Aivono Fatman Shisha 15000 Puffs Vape Desechable<\/strong> - Experimenta los ricos sabores de la Shisha con un vapeo de alto rendimiento.<\/p>\n<p>El <strong>Shisha Aivono Fatman 15000 caladas<\/strong> El vaporizador desechable ofrece una aut\u00e9ntica experiencia de shisha con su impresionante <strong>15.000 puff<\/strong> capacidad, una generosa <strong>Dep\u00f3sito de e-l\u00edquido de 24 ml<\/strong>y un <strong>Bater\u00eda recargable de 600 mAh<\/strong>. La optimizaci\u00f3n <strong>Bobina de malla de 0,6\u03a9<\/strong> asegura un vapor denso y sabores ricos y satisfactorios, replicando la esencia de la shisha tradicional. Elija entre <strong>Concentraciones de nicotina 0%, 2%, 3% o 5%<\/strong> seg\u00fan sus preferencias. Este dispositivo es perfecto para uso personal y <strong>vape desechable al por mayor<\/strong>que ofrece comodidad y rendimiento. <strong>Pedidos a granel<\/strong> est\u00e1n disponibles para los minoristas que buscan vapes desechables de alta calidad.<\/p>\n<h3><strong>Aivono Fatman Shisha 15000 Puffs Caracter\u00edsticas:<\/strong><\/h3>\n<ul>\n<li>Puffs: Hasta 15.000<\/li>\n<li>Capacidad del e-l\u00edquido: 24ml<\/li>\n<li>Bater\u00eda: 600mAh (recargable)<\/li>\n<li>Carga: Tipo-C<\/li>\n<li>Bobina: 0.6\u03a9 Mesh Coil<\/li>\n<li>Potencias de nicotina: 0%, 2%, 3%, 5%<\/li>\n<li>Sabores disponibles: Fresa Helada, Sand\u00eda Helada, Fresa Frambuesa, Melocot\u00f3n Jugoso, Ar\u00e1ndano Helado, Mango Fruta de la Pasi\u00f3n, Cereza Sand\u00eda Gelatina.<\/li>\n<\/ul>\n<h4>Preguntas frecuentes<\/h4>\n<h5>C\u00f3mo mejora la bobina de malla de 0,6\u03a9 la experiencia de vapear shisha?<\/h5>\n<p>La bobina de malla de 0,6\u03a9 est\u00e1 dise\u00f1ada espec\u00edficamente para maximizar la producci\u00f3n de vapor y la intensidad del sabor, proporcionando una nube densa y sabrosa que imita la experiencia de la shisha tradicional. Esta bobina asegura un calentamiento uniforme y una entrega \u00f3ptima de sabor.<\/p>\n<h5>\u00bfCu\u00e1l es la duraci\u00f3n de la bater\u00eda y el tiempo de carga?<\/h5>\n<p>La bater\u00eda recargable de 600 mAh proporciona una potencia duradera de hasta 15.000 caladas. Con la carga Type-C, puedes recargar el dispositivo de forma r\u00e1pida y eficiente, minimizando el tiempo de inactividad y maximizando el placer de vapear.<\/p>\n<h5>\u00bfQu\u00e9 sabores hay disponibles?<\/h5>\n<p>La Aivono Fatman Shisha 15000 ofrece una variedad de sabores inspirados en la shisha, incluyendo Fresa Helada, Sand\u00eda Helada, Fresa Frambuesa, Melocot\u00f3n Jugoso, Ar\u00e1ndanos Helados, Mango Fruta de la Pasi\u00f3n y Cereza Sand\u00eda Gelatina. Cada sabor est\u00e1 dise\u00f1ado para ofrecer una experiencia de vapeo \u00fanica y satisfactoria.<\/p>\n<h5>\u00bfQu\u00e9 m\u00e9todos de env\u00edo se utilizan?<\/h5>\n<p>Colaboramos con transportistas de confianza como UPS, DHL, FedEx y DPD para garantizar una entrega r\u00e1pida y segura. Seleccionamos el m\u00e9todo de env\u00edo m\u00e1s adecuado en funci\u00f3n de su ubicaci\u00f3n para hacerle llegar su pedido lo antes posible.<\/p>\n<h5>\u00bfPuedo fiarme de mi compra?<\/h5>\n<p>Damos prioridad a la satisfacci\u00f3n del cliente y ofrecemos opciones de pago seguras, incluido PayPal con protecci\u00f3n del comprador. Tambi\u00e9n puedes ver las opiniones de los clientes en TrustPilot: <a href=\"https:\/\/www.trustpilot.com\/review\/volovape.com?utm_medium=trustbox&amp;utm_source=TrustBoxReviewCollector\">TrustPilot<\/a>.<\/p>","protected":false},"excerpt":{"rendered":"<p>Venta al por mayor Aivono Fatman Shisha 15000 Puffs Vape desechable. 15.000 caladas, 24ml e-l\u00edquido, recargable. Bobina de malla, nicotina variada. Explora los sabores de shisha ahora.<\/p>","protected":false},"featured_media":1191,"comment_status":"open","ping_status":"closed","template":"","meta":[],"product_brand":[],"product_cat":[67,41,21,18,20,23,24,22,25,26,27,28,29,30,31,32,33,34,35,36,47],"product_tag":[],"class_list":{"0":"post-783","1":"product","2":"type-product","3":"status-publish","4":"has-post-thumbnail","6":"product_cat-aivono","7":"product_cat-15000-puffs-disposable-vape","8":"product_cat-big-puffs-vapes","9":"product_cat-different-puffs-of-disposable-vapes","10":"product_cat-disposable-vape-types","11":"product_cat-disposable-vapes-in-austria","12":"product_cat-disposable-vapes-in-belgium","13":"product_cat-disposable-vapes-in-europe","14":"product_cat-disposable-vapes-in-france","15":"product_cat-disposable-vapes-in-germany","16":"product_cat-disposable-vapes-in-hungary","17":"product_cat-disposable-vapes-in-ltaly","18":"product_cat-disposable-vapes-in-netherlands","19":"product_cat-disposable-vapes-in-norway","20":"product_cat-disposable-vapes-in-poland","21":"product_cat-disposable-vapes-in-portugal","22":"product_cat-disposable-vapes-in-spain","23":"product_cat-disposable-vapes-in-sweden","24":"product_cat-disposable-vapes-in-switzerland","25":"product_cat-rechargeable-vapes","26":"product_cat-shisha-hookah-vapes","28":"first","29":"instock","30":"shipping-taxable","31":"purchasable","32":"product-type-variable","33":"has-default-attributes"},"jetpack_sharing_enabled":true,"tiered_pricing_type":"fixed","tiered_pricing_fixed_rules":{"2000":5.4900000000000002131628207280300557613372802734375},"tiered_pricing_product_settings":{"layout":"default","base_unit_name":{"singular":null,"plural":null},"default_variation":null},"tiered_pricing_minimum_quantity":1000,"tiered_pricing_roles_data":[],"tiered_pricing_percentage_rules":[],"tiered_pricing_maximum_quantity":null,"tiered_pricing_quantity_step":"10","_links":{"self":[{"href":"https:\/\/volovape.com\/es\/wp-json\/wp\/v2\/product\/783","targetHints":{"allow":["GET"]}}],"collection":[{"href":"https:\/\/volovape.com\/es\/wp-json\/wp\/v2\/product"}],"about":[{"href":"https:\/\/volovape.com\/es\/wp-json\/wp\/v2\/types\/product"}],"replies":[{"embeddable":true,"href":"https:\/\/volovape.com\/es\/wp-json\/wp\/v2\/comments?post=783"}],"wp:featuredmedia":[{"embeddable":true,"href":"https:\/\/volovape.com\/es\/wp-json\/wp\/v2\/media\/1191"}],"wp:attachment":[{"href":"https:\/\/volovape.com\/es\/wp-json\/wp\/v2\/media?parent=783"}],"wp:term":[{"taxonomy":"product_brand","embeddable":true,"href":"https:\/\/volovape.com\/es\/wp-json\/wp\/v2\/product_brand?post=783"},{"taxonomy":"product_cat","embeddable":true,"href":"https:\/\/volovape.com\/es\/wp-json\/wp\/v2\/product_cat?post=783"},{"taxonomy":"product_tag","embeddable":true,"href":"https:\/\/volovape.com\/es\/wp-json\/wp\/v2\/product_tag?post=783"}],"curies":[{"name":"Gracias","href":"https:\/\/api.w.org\/{rel}","templated":true}]}}