{"id":76,"date":"2024-11-21T03:26:51","date_gmt":"2024-11-21T03:26:51","guid":{"rendered":"https:\/\/volovape.com\/?post_type=product&#038;p=76"},"modified":"2026-04-22T01:04:25","modified_gmt":"2026-04-22T01:04:25","slug":"avispa-25k","status":"publish","type":"product","link":"https:\/\/volovape.com\/es\/product\/waspe-25k\/","title":{"rendered":"WASPE 25K doble malla desechable vape | 25ml recargable a granel comprar al por mayor"},"content":{"rendered":"<p><iframe title=\"Reproductor de v\u00eddeo de VideoPress\" aria-label='Reproductor de v\u00eddeo de VideoPress' width='421' height='750' src='https:\/\/videopress.com\/embed\/qjEoBbFN?hd=0&amp;cover=1' frameborder='0' allowfullscreen allow='clipboard-write'><\/iframe><script src='https:\/\/v0.wordpress.com\/js\/next\/videopress-iframe.js?m=1739540970'><\/script><\/p>\n<p><strong>WASPE 25K Dual Mesh Vape recargable desechable con pantalla LCD<\/strong> - Longevidad y sabor inigualables.<\/p>\n<p>El <strong>WASPE 25K Malla doble<\/strong> El vaporizador desechable ofrece un <strong>25.000 bocanadas<\/strong>con un gran <strong>Capacidad de e-l\u00edquido de 25 ml<\/strong> y un <strong>Bater\u00eda recargable de 650 mAh<\/strong> con <strong>Carga tipo C<\/strong>. El avanzado <strong>tecnolog\u00eda de bobina de doble malla<\/strong> garantiza un sabor y una producci\u00f3n de vapor superiores. El sistema integrado <strong>Pantalla LCD<\/strong> permite controlar f\u00e1cilmente la duraci\u00f3n de la bater\u00eda y el n\u00famero de caladas. Elija entre <strong>Concentraciones de nicotina 0%, 2% o 5%<\/strong> y disfruta <strong>10 deliciosos sabores<\/strong>como Melocot\u00f3n, Mango, Sand\u00eda y Ar\u00e1ndanos, Frambuesa y Limonada. Perfecto para uso personal o <strong>vape desechable al por mayor<\/strong>Este dispositivo proporciona una longevidad y un rendimiento inigualables. Para <strong>pedidos al por mayor<\/strong> precios, p\u00f3ngase en contacto con nosotros.<\/p>\n<h3><strong>WASPE 25K Caracter\u00edsticas:<\/strong><\/h3>\n<ul>\n<li>Puffs: Hasta 25.000<\/li>\n<li>Capacidad del e-l\u00edquido: 25ml<\/li>\n<li>Bater\u00eda: 650mAh (recargable)<\/li>\n<li>Carga: Tipo-C<\/li>\n<li>Bobina: Bobina Dual Mesh<\/li>\n<li>Potencias de nicotina: 0%, 2%, 5%<\/li>\n<li>Pantalla: LCD (bater\u00eda y recuento de caladas)<\/li>\n<li>10 opciones de sabores<\/li>\n<\/ul>\n<h4>Preguntas frecuentes<\/h4>\n<h5>\u00bfEn qu\u00e9 beneficia al vapeador la tecnolog\u00eda de doble bobina de malla?<\/h5>\n<p>La tecnolog\u00eda de doble bobina de malla maximiza el \u00e1rea de superficie de calentamiento, lo que resulta en la entrega de sabor consistente e intenso. Tambi\u00e9n garantiza un calentamiento uniforme, evitando sabores quemados y proporcionando una experiencia de vapeo suave y satisfactoria durante toda la vida \u00fatil del dispositivo.<\/p>\n<h5>\u00bfQu\u00e9 m\u00e9todos de env\u00edo hay disponibles?<\/h5>\n<p>Utilizamos transportistas de confianza como UPS, DHL, FedEx y DPD para garantizar que sus pedidos se entregan de forma eficiente. El m\u00e9todo de env\u00edo se selecciona en funci\u00f3n de su ubicaci\u00f3n para garantizar una velocidad y fiabilidad de entrega \u00f3ptimas.<\/p>\n<h5>\u00bfCu\u00e1nto suele tardar el env\u00edo?<\/h5>\n<p>El env\u00edo suele tardar entre 7 y 15 d\u00edas laborables. En temporadas altas o condiciones meteorol\u00f3gicas adversas, puede tardar hasta 20 d\u00edas laborables.<\/p>\n<h5>\u00bfTendr\u00e9 problemas con aduanas o tasas adicionales?<\/h5>\n<p>Nos encargamos de todos los tr\u00e1mites aduaneros, garantizando que su env\u00edo pase sin problemas. No incurrir\u00e1 en impuestos ni tasas adicionales. Garantizamos el despacho de aduanas de 100%.<\/p>\n<h5>\u00bfC\u00f3mo puedo estar seguro de la calidad y fiabilidad del producto?<\/h5>\n<p>Aceptamos pagos seguros de PayPal con protecci\u00f3n del comprador. Tambi\u00e9n puede leer los comentarios de los clientes en <a href=\"https:\/\/www.trustpilot.com\/review\/volovape.com?utm_medium=trustbox&amp;utm_source=TrustBoxReviewCollector\">TrustPilot<\/a>donde muchos clientes han compartido experiencias positivas con nuestros productos y servicios.<\/p>","protected":false},"excerpt":{"rendered":"<p>Eleve su experiencia de vapeo con WASPE 25K Dual Mesh. Bobinas de doble malla, pantalla LCD, 25ml, recargable. Ideal para el disfrute personal o al por mayor a granel, con sabor superior.<\/p>","protected":false},"featured_media":188,"comment_status":"open","ping_status":"closed","template":"","meta":[],"product_brand":[],"product_cat":[17,45,21,18,39,20,23,24,22,25,26,27,28,29,30,31,32,33,34,35,44,36,40],"product_tag":[],"class_list":{"0":"post-76","1":"product","2":"type-product","3":"status-publish","4":"has-post-thumbnail","6":"product_cat-waspe","7":"product_cat-25000-puffs-disposable-vape","8":"product_cat-big-puffs-vapes","9":"product_cat-different-puffs-of-disposable-vapes","10":"product_cat-digital-box-vapes","11":"product_cat-disposable-vape-types","12":"product_cat-disposable-vapes-in-austria","13":"product_cat-disposable-vapes-in-belgium","14":"product_cat-disposable-vapes-in-europe","15":"product_cat-disposable-vapes-in-france","16":"product_cat-disposable-vapes-in-germany","17":"product_cat-disposable-vapes-in-hungary","18":"product_cat-disposable-vapes-in-ltaly","19":"product_cat-disposable-vapes-in-netherlands","20":"product_cat-disposable-vapes-in-norway","21":"product_cat-disposable-vapes-in-poland","22":"product_cat-disposable-vapes-in-portugal","23":"product_cat-disposable-vapes-in-spain","24":"product_cat-disposable-vapes-in-sweden","25":"product_cat-disposable-vapes-in-switzerland","26":"product_cat-dual-mesh-vapes","27":"product_cat-rechargeable-vapes","28":"product_cat-smart-screen-vapes","30":"first","31":"instock","32":"shipping-taxable","33":"purchasable","34":"product-type-variable","35":"has-default-attributes"},"jetpack_sharing_enabled":true,"tiered_pricing_type":"fixed","tiered_pricing_fixed_rules":{"2000":5.55999999999999960920149533194489777088165283203125},"tiered_pricing_product_settings":{"layout":"default","base_unit_name":{"singular":null,"plural":null},"default_variation":null},"tiered_pricing_minimum_quantity":1000,"tiered_pricing_roles_data":[],"tiered_pricing_percentage_rules":[],"tiered_pricing_maximum_quantity":null,"tiered_pricing_quantity_step":"10","_links":{"self":[{"href":"https:\/\/volovape.com\/es\/wp-json\/wp\/v2\/product\/76","targetHints":{"allow":["GET"]}}],"collection":[{"href":"https:\/\/volovape.com\/es\/wp-json\/wp\/v2\/product"}],"about":[{"href":"https:\/\/volovape.com\/es\/wp-json\/wp\/v2\/types\/product"}],"replies":[{"embeddable":true,"href":"https:\/\/volovape.com\/es\/wp-json\/wp\/v2\/comments?post=76"}],"wp:featuredmedia":[{"embeddable":true,"href":"https:\/\/volovape.com\/es\/wp-json\/wp\/v2\/media\/188"}],"wp:attachment":[{"href":"https:\/\/volovape.com\/es\/wp-json\/wp\/v2\/media?parent=76"}],"wp:term":[{"taxonomy":"product_brand","embeddable":true,"href":"https:\/\/volovape.com\/es\/wp-json\/wp\/v2\/product_brand?post=76"},{"taxonomy":"product_cat","embeddable":true,"href":"https:\/\/volovape.com\/es\/wp-json\/wp\/v2\/product_cat?post=76"},{"taxonomy":"product_tag","embeddable":true,"href":"https:\/\/volovape.com\/es\/wp-json\/wp\/v2\/product_tag?post=76"}],"curies":[{"name":"Gracias","href":"https:\/\/api.w.org\/{rel}","templated":true}]}}