{"id":750,"date":"2024-11-21T03:32:38","date_gmt":"2024-11-21T03:32:38","guid":{"rendered":"https:\/\/volovape.com\/?post_type=product&#038;p=750"},"modified":"2025-07-06T04:26:20","modified_gmt":"2025-07-06T04:26:20","slug":"evappe-shisha-deluxe-bar-18000-caladas","status":"publish","type":"product","link":"https:\/\/volovape.com\/es\/product\/evappe-shisha-deluxe-bar-18000-puffs\/","title":{"rendered":"EVAPPE Shisha Deluxe Bar 18000 caladas vape desechable - 0.6\u03a9 bobina de malla, recargable (0-5% nicotina)"},"content":{"rendered":"<p><strong>EVAPPE Shisha Deluxe Bar 18000 Puffs Vape Desechable<\/strong> - Experimenta el vapeo inspirado en la shisha con una longevidad inigualable.<\/p>\n<p>El <strong>EVAPPE Shisha Deluxe Bar 18000 caladas<\/strong> El vaporizador desechable lleva la rica y sabrosa experiencia de la shisha a un formato c\u00f3modo y port\u00e1til. Con una impresionante <strong>18.000 bocanadas<\/strong>un generoso <strong>Capacidad de e-l\u00edquido de 25 ml<\/strong>y un s\u00f3lido <strong>Bater\u00eda recargable de 600 mAh<\/strong>Este dispositivo garantiza sesiones de vapeo prolongadas. El avanzado <strong>Bobina de malla de 0,6\u03a9<\/strong> proporciona un vapor suave y denso, capturando la esencia de los sabores cl\u00e1sicos de la shisha. Elige entre <strong>Concentraciones de nicotina 0%, 2%, 3% o 5%<\/strong> para adaptar su experiencia. Ideal para el disfrute personal y <strong>vape desechable al por mayor<\/strong>Este elegante dispositivo es perfecto para aquellos que buscan un vapeo de primera calidad. <strong>Pedidos a granel<\/strong> opciones disponibles para los minoristas.<\/p>\n<h3><strong>EVAPPE Shisha Deluxe Bar 18000 Puffs Caracter\u00edsticas:<\/strong><\/h3>\n<ul>\n<li>Puffs: Hasta 18.000<\/li>\n<li>Capacidad del e-l\u00edquido: 25ml<\/li>\n<li>Bater\u00eda: 600mAh (recargable)<\/li>\n<li>Carga: Tipo-C<\/li>\n<li>Bobina: 0.6\u03a9 Mesh Coil<\/li>\n<li>Potencias de nicotina: 0%, 2%, 3%, 5%<\/li>\n<li>Sabores disponibles: Two Apple, Berry Ice, Blueberry Gum, Grape Mint, Lush Ice, Cherry Raspberry, Peach Ice, Strawberry Punch.<\/li>\n<\/ul>\n<h4>Preguntas frecuentes<\/h4>\n<h5>C\u00f3mo mejora la bobina de malla de 0,6\u03a9 el sabor inspirado en la shisha?<\/h5>\n<p>La bobina de malla de 0,6\u03a9 est\u00e1 dise\u00f1ada para proporcionar una distribuci\u00f3n \u00f3ptima del calor, realzando los ricos y complejos sabores de las mezclas de shisha. Esto da como resultado un vapor m\u00e1s denso y sabroso, proporcionando una experiencia de vapeo realmente envolvente que recuerda a la shisha tradicional.<\/p>\n<h5>\u00bfCu\u00e1les son los niveles de nicotina disponibles?<\/h5>\n<p>La EVAPPE Shisha Deluxe Bar 18000 Puffs ofrece potencias de nicotina de 0%, 2%, 3% y 5%, lo que le permite elegir el nivel que mejor se adapte a sus preferencias y necesidades.<\/p>\n<h5>\u00bfCu\u00e1nto dura la bater\u00eda y con qu\u00e9 rapidez se recarga?<\/h5>\n<p>La bater\u00eda recargable de 600mAh est\u00e1 dise\u00f1ada para un rendimiento duradero, soportando hasta 18.000 caladas. Con la carga Type-C, puedes recargar tu dispositivo de forma r\u00e1pida y eficiente, minimizando el tiempo de inactividad.<\/p>\n<h5>\u00bfQu\u00e9 m\u00e9todos de env\u00edo se utilizan?<\/h5>\n<p>Colaboramos con transportistas de confianza como UPS, DHL, FedEx y DPD para garantizar una entrega fiable y eficaz. Seleccionamos la mejor opci\u00f3n de env\u00edo en funci\u00f3n de su ubicaci\u00f3n para hacerle llegar su pedido lo antes posible.<\/p>\n<h5>\u00bfPuedo fiarme de mi compra?<\/h5>\n<p>Damos prioridad a la satisfacci\u00f3n del cliente y ofrecemos opciones de pago seguras, incluido PayPal, con protecci\u00f3n del comprador. Tambi\u00e9n puedes leer opiniones de nuestros clientes satisfechos en TrustPilot: <a href=\"https:\/\/www.trustpilot.com\/review\/volovape.com?utm_medium=trustbox&amp;utm_source=TrustBoxReviewCollector\">TrustPilot<\/a>.<\/p>","protected":false},"excerpt":{"rendered":"<p>Compre EVAPPE Shisha Deluxe Bar 18000 Puffs Vape desechable al por mayor. Con 25 ml de e-l\u00edquido, bobina de malla suave y sabores inspirados en la shisha, es perfecto para revendedores y proveedores de vape al por mayor.<\/p>","protected":false},"featured_media":1169,"comment_status":"open","ping_status":"closed","template":"","meta":[],"product_brand":[],"product_cat":[68,50,21,18,20,23,24,22,25,26,27,28,29,30,31,32,33,34,35,36,47],"product_tag":[],"class_list":{"0":"post-750","1":"product","2":"type-product","3":"status-publish","4":"has-post-thumbnail","6":"product_cat-evappe","7":"product_cat-18000-puffs-disposable-vape","8":"product_cat-big-puffs-vapes","9":"product_cat-different-puffs-of-disposable-vapes","10":"product_cat-disposable-vape-types","11":"product_cat-disposable-vapes-in-austria","12":"product_cat-disposable-vapes-in-belgium","13":"product_cat-disposable-vapes-in-europe","14":"product_cat-disposable-vapes-in-france","15":"product_cat-disposable-vapes-in-germany","16":"product_cat-disposable-vapes-in-hungary","17":"product_cat-disposable-vapes-in-ltaly","18":"product_cat-disposable-vapes-in-netherlands","19":"product_cat-disposable-vapes-in-norway","20":"product_cat-disposable-vapes-in-poland","21":"product_cat-disposable-vapes-in-portugal","22":"product_cat-disposable-vapes-in-spain","23":"product_cat-disposable-vapes-in-sweden","24":"product_cat-disposable-vapes-in-switzerland","25":"product_cat-rechargeable-vapes","26":"product_cat-shisha-hookah-vapes","28":"first","29":"instock","30":"shipping-taxable","31":"purchasable","32":"product-type-variable","33":"has-default-attributes"},"jetpack_sharing_enabled":true,"tiered_pricing_type":"fixed","tiered_pricing_fixed_rules":{"2000":5.70000000000000017763568394002504646778106689453125},"tiered_pricing_product_settings":{"layout":"default","base_unit_name":{"singular":null,"plural":null},"default_variation":null},"tiered_pricing_minimum_quantity":1000,"tiered_pricing_roles_data":[],"tiered_pricing_percentage_rules":[],"tiered_pricing_maximum_quantity":null,"tiered_pricing_quantity_step":"10","_links":{"self":[{"href":"https:\/\/volovape.com\/es\/wp-json\/wp\/v2\/product\/750","targetHints":{"allow":["GET"]}}],"collection":[{"href":"https:\/\/volovape.com\/es\/wp-json\/wp\/v2\/product"}],"about":[{"href":"https:\/\/volovape.com\/es\/wp-json\/wp\/v2\/types\/product"}],"replies":[{"embeddable":true,"href":"https:\/\/volovape.com\/es\/wp-json\/wp\/v2\/comments?post=750"}],"wp:featuredmedia":[{"embeddable":true,"href":"https:\/\/volovape.com\/es\/wp-json\/wp\/v2\/media\/1169"}],"wp:attachment":[{"href":"https:\/\/volovape.com\/es\/wp-json\/wp\/v2\/media?parent=750"}],"wp:term":[{"taxonomy":"product_brand","embeddable":true,"href":"https:\/\/volovape.com\/es\/wp-json\/wp\/v2\/product_brand?post=750"},{"taxonomy":"product_cat","embeddable":true,"href":"https:\/\/volovape.com\/es\/wp-json\/wp\/v2\/product_cat?post=750"},{"taxonomy":"product_tag","embeddable":true,"href":"https:\/\/volovape.com\/es\/wp-json\/wp\/v2\/product_tag?post=750"}],"curies":[{"name":"Gracias","href":"https:\/\/api.w.org\/{rel}","templated":true}]}}