{"id":749,"date":"2024-11-21T03:32:38","date_gmt":"2024-11-21T03:32:38","guid":{"rendered":"https:\/\/volovape.com\/?post_type=product&#038;p=749"},"modified":"2025-06-19T03:45:11","modified_gmt":"2025-06-19T03:45:11","slug":"fumot-randm-crystal-12000-bocanadas","status":"publish","type":"product","link":"https:\/\/volovape.com\/es\/product\/fumot-randm-crystal-12000-puffs\/","title":{"rendered":"FUMOT RandM Crystal 12000 Puffs Vape Desechable - Mesh Coil, Recargable"},"content":{"rendered":"<p><iframe title=\"Reproductor de v\u00eddeo de VideoPress\" aria-label='Reproductor de v\u00eddeo de VideoPress' width='500' height='281' src='https:\/\/videopress.com\/embed\/yQX23W0R?hd=0&amp;cover=1' frameborder='0' allowfullscreen allow='clipboard-write'><\/iframe><script src='https:\/\/v0.wordpress.com\/js\/next\/videopress-iframe.js?m=1739540970'><\/script><\/p>\n<p><strong>FUMOT RandM Crystal 12000 Puffs Vape Desechable<\/strong> - Experimenta el vapeo prolongado con estilo y rendimiento.<\/p>\n<p>El <strong>FUMOT RandM Cristal 12000 Puffs<\/strong> vape desechable ofrece un <strong>12.000 bocanadas<\/strong>con una importante <strong>20 ml de capacidad de e-l\u00edquido<\/strong> y un poderoso <strong>Bater\u00eda recargable de 650 mAh<\/strong>. Dise\u00f1ado para ofrecer estilo y comodidad, este dispositivo garantiza un disfrute duradero gracias a su avanzada tecnolog\u00eda. <strong>tecnolog\u00eda de bobinas de malla<\/strong> para un vapor suave y sabroso. Elija su concentraci\u00f3n de nicotina preferida entre <strong>0%, 2%, 3% o 5%<\/strong>y disfrute del elegante dise\u00f1o de cristal. Perfecto para uso personal y <strong>vape desechable al por mayor<\/strong>Este aparato ofrece un valor excepcional. <strong>Pedidos a granel<\/strong> tambi\u00e9n est\u00e1n disponibles.<\/p>\n<h3><strong>FUMOT RandM Crystal 12000 Puffs Caracter\u00edsticas:<\/strong><\/h3>\n<ul>\n<li>Puffs: Hasta 12.000<\/li>\n<li>Capacidad del e-l\u00edquido: 20ml<\/li>\n<li>Bater\u00eda: 650mAh (recargable)<\/li>\n<li>Carga: Tipo-C<\/li>\n<li>Bobina Bobina de malla<\/li>\n<li>Potencias de nicotina: 0%, 2%, 3%, 5%<\/li>\n<li>Sabores disponibles: Aloe Grape, Blue Razz Ice, Rainbow Candy, Peachy Mango Watermelon, Cool Mint, Strawberry Kiwi, Lush Ice.<\/li>\n<\/ul>\n<h4>Preguntas frecuentes<\/h4>\n<h5>\u00bfC\u00f3mo mejora la bobina de malla la experiencia de vapeo?<\/h5>\n<p>La bobina de malla en el FUMOT RandM Crystal 12000 proporciona una mayor superficie de calentamiento, lo que resulta en un calentamiento m\u00e1s uniforme y una entrega de sabor superior. Esta tecnolog\u00eda asegura una producci\u00f3n de vapor consistentemente suave y rica, maximizando su disfrute con cada calada.<\/p>\n<h5>\u00bfQu\u00e9 m\u00e9todos de env\u00edo se utilizan?<\/h5>\n<p>Colaboramos con transportistas de confianza como UPS, DHL, FedEx y DPD. Seleccionamos la opci\u00f3n de env\u00edo m\u00e1s eficiente en funci\u00f3n de su ubicaci\u00f3n de entrega para garantizar que su pedido llegue puntualmente.<\/p>\n<h5>\u00bfCu\u00e1nto tarda en llegar mi pedido?<\/h5>\n<p>Normalmente, la entrega tarda entre 7 y 15 d\u00edas laborables. Sin embargo, durante los d\u00edas festivos o las condiciones meteorol\u00f3gicas adversas, puede tardar hasta 20 d\u00edas laborables.<\/p>\n<h5>\u00bfTendr\u00e9 problemas aduaneros o fiscales?<\/h5>\n<p>Le garantizamos una experiencia sin complicaciones en el despacho de aduanas. Nos encargamos de todos los procesos aduaneros, asegur\u00e1ndonos de que no tenga que pagar impuestos ni tasas adicionales. Cumplimos nuestra promesa de despacho de aduanas 100%.<\/p>\n<h5>\u00bfPuedo fiarme de mi compra?<\/h5>\n<p>Ofrecemos opciones de pago seguras a trav\u00e9s de PayPal y proporcionamos protecci\u00f3n al comprador. Tambi\u00e9n puedes leer opiniones reales de clientes en nuestra p\u00e1gina de TrustPilot: <a href=\"https:\/\/www.trustpilot.com\/review\/volovape.com?utm_medium=trustbox&amp;utm_source=TrustBoxReviewCollector\">TrustPilot<\/a>.<\/p>","protected":false},"excerpt":{"rendered":"<p>Comprar FUMOT RandM Crystal 12000 Puffs Vape desechable al por mayor. Con 20 ml de e-l\u00edquido, bobina de malla, y el dise\u00f1o de cristal, es una opci\u00f3n elegante vape al por mayor para los minoristas y distribuidores.<\/p>","protected":false},"featured_media":1152,"comment_status":"open","ping_status":"closed","template":"","meta":[],"product_brand":[],"product_cat":[52,38,21,43,18,39,20,23,24,22,25,26,27,28,29,30,31,32,33,34,35,36,40],"product_tag":[],"class_list":{"0":"post-749","1":"product","2":"type-product","3":"status-publish","4":"has-post-thumbnail","6":"product_cat-randm","7":"product_cat-12000-puffs-disposable-vape","8":"product_cat-big-puffs-vapes","9":"product_cat-crystal-vapes","10":"product_cat-different-puffs-of-disposable-vapes","11":"product_cat-digital-box-vapes","12":"product_cat-disposable-vape-types","13":"product_cat-disposable-vapes-in-austria","14":"product_cat-disposable-vapes-in-belgium","15":"product_cat-disposable-vapes-in-europe","16":"product_cat-disposable-vapes-in-france","17":"product_cat-disposable-vapes-in-germany","18":"product_cat-disposable-vapes-in-hungary","19":"product_cat-disposable-vapes-in-ltaly","20":"product_cat-disposable-vapes-in-netherlands","21":"product_cat-disposable-vapes-in-norway","22":"product_cat-disposable-vapes-in-poland","23":"product_cat-disposable-vapes-in-portugal","24":"product_cat-disposable-vapes-in-spain","25":"product_cat-disposable-vapes-in-sweden","26":"product_cat-disposable-vapes-in-switzerland","27":"product_cat-rechargeable-vapes","28":"product_cat-smart-screen-vapes","30":"first","31":"instock","32":"shipping-taxable","33":"purchasable","34":"product-type-variable","35":"has-default-attributes"},"jetpack_sharing_enabled":true,"tiered_pricing_type":"fixed","tiered_pricing_fixed_rules":{"2000":6.20000000000000017763568394002504646778106689453125},"tiered_pricing_product_settings":{"layout":"default","base_unit_name":{"singular":null,"plural":null},"default_variation":null},"tiered_pricing_minimum_quantity":1000,"tiered_pricing_roles_data":[],"tiered_pricing_percentage_rules":[],"tiered_pricing_maximum_quantity":null,"tiered_pricing_quantity_step":"10","_links":{"self":[{"href":"https:\/\/volovape.com\/es\/wp-json\/wp\/v2\/product\/749","targetHints":{"allow":["GET"]}}],"collection":[{"href":"https:\/\/volovape.com\/es\/wp-json\/wp\/v2\/product"}],"about":[{"href":"https:\/\/volovape.com\/es\/wp-json\/wp\/v2\/types\/product"}],"replies":[{"embeddable":true,"href":"https:\/\/volovape.com\/es\/wp-json\/wp\/v2\/comments?post=749"}],"wp:featuredmedia":[{"embeddable":true,"href":"https:\/\/volovape.com\/es\/wp-json\/wp\/v2\/media\/1152"}],"wp:attachment":[{"href":"https:\/\/volovape.com\/es\/wp-json\/wp\/v2\/media?parent=749"}],"wp:term":[{"taxonomy":"product_brand","embeddable":true,"href":"https:\/\/volovape.com\/es\/wp-json\/wp\/v2\/product_brand?post=749"},{"taxonomy":"product_cat","embeddable":true,"href":"https:\/\/volovape.com\/es\/wp-json\/wp\/v2\/product_cat?post=749"},{"taxonomy":"product_tag","embeddable":true,"href":"https:\/\/volovape.com\/es\/wp-json\/wp\/v2\/product_tag?post=749"}],"curies":[{"name":"Gracias","href":"https:\/\/api.w.org\/{rel}","templated":true}]}}