{"id":747,"date":"2024-11-21T03:32:38","date_gmt":"2024-11-21T03:32:38","guid":{"rendered":"https:\/\/volovape.com\/?post_type=product&#038;p=747"},"modified":"2025-09-08T03:35:35","modified_gmt":"2025-09-08T03:35:35","slug":"randm-tornado-9000-bocanadas","status":"publish","type":"product","link":"https:\/\/volovape.com\/es\/product\/randm-tornado-9000-puffs\/","title":{"rendered":"RandM Tornado 9000 Puffs Vapeador Desechable con Luz RGB - Recargable (0-5% Nicotina)"},"content":{"rendered":"<p><strong>RandM Tornado 9000 Puffs Iluminaci\u00f3n RGB Vape Desechable Recargable<\/strong> - Eleva tu experiencia de vapeo con el RandM Tornado 9000, con una vibrante iluminaci\u00f3n RGB y un rendimiento de alta capacidad. Este vaporizador desechable recargable ofrece hasta 9.000 caladas, con un dep\u00f3sito de e-l\u00edquido de 18mL y una bater\u00eda de 850mAh. La tecnolog\u00eda de bobina de malla garantiza un vapor suave y sabroso, ideal para uso personal y para pedidos al por mayor de vapeadores desechables. Elija entre 0%, 2%, 3%, o 5% concentraciones de nicotina y una amplia selecci\u00f3n de m\u00e1s de 40 deliciosos sabores.<\/p>\n<h3><strong>RandM Tornado 9000 Puffs Caracter\u00edsticas:<\/strong><\/h3>\n<ul>\n<li>Bocanadas: 9000 bocanadas<\/li>\n<li>Capacidad del e-l\u00edquido: 18mL<\/li>\n<li>Bater\u00eda: 850mAh (recargable)<\/li>\n<li>Carga: Tipo-C<\/li>\n<li>Bobina Bobina de malla<\/li>\n<li>Potencias de nicotina: 0%, 2%, 3%, 5%<\/li>\n<li>Iluminaci\u00f3n: RGB<\/li>\n<li>Opciones de sabores: Lush Ice, Blue Razz Ice, Sand\u00eda Fresa, Pi\u00f1a Colada, Manzana Agria, Pera Algod\u00f3n, Caramelo Skittles, Menta Fresca, y muchos m\u00e1s.<\/li>\n<\/ul>\n<h4>Preguntas frecuentes<\/h4>\n<h5>\u00bfC\u00f3mo mejora la iluminaci\u00f3n RGB la experiencia de vapeo?<\/h5>\n<p>La iluminaci\u00f3n RGB personalizable a\u00f1ade un elemento visual elegante y din\u00e1mico a tu experiencia de vapeo. Te permite personalizar tu dispositivo y disfrutar de una est\u00e9tica \u00fanica mientras vapeas.<\/p>\n<h5>\u00bfQu\u00e9 m\u00e9todos de env\u00edo hay disponibles?<\/h5>\n<p>Colaboramos con transportistas de confianza, como UPS, DHL, FedEx y DPD, para ofrecer un env\u00edo eficaz y fiable. El m\u00e9todo de env\u00edo m\u00e1s adecuado se selecciona en funci\u00f3n del lugar de entrega.<\/p>\n<h5>\u00bfCu\u00e1nto suele tardar el env\u00edo?<\/h5>\n<p>El env\u00edo suele tardar entre 7 y 15 d\u00edas laborables, aunque los plazos de entrega pueden alargarse hasta 20 d\u00edas laborables en periodos vacacionales o condiciones meteorol\u00f3gicas adversas.<\/p>\n<h5>\u00bfTendr\u00e9 que pagar tasas o impuestos de aduana?<\/h5>\n<p>Nos encargamos de todos los tr\u00e1mites aduaneros, garantiz\u00e1ndole que no incurrir\u00e1 en impuestos o tasas adicionales. 100% de nuestros productos pasan por la aduana sin problemas.<\/p>\n<h5>\u00bfEs mi compra segura y fiable?<\/h5>\n<p>Ofrecemos transacciones seguras a trav\u00e9s de la protecci\u00f3n del comprador de PayPal. Tambi\u00e9n puede comprobar nuestra fiabilidad consultando las opiniones de nuestros clientes en <a href=\"https:\/\/www.trustpilot.com\/review\/volovape.com?utm_medium=trustbox&amp;utm_source=TrustBoxReviewCollector\">TrustPilot<\/a>.<\/p>","protected":false},"excerpt":{"rendered":"<p>Pida RandM Tornado 9000 Puffs Recargable Vape Desechable al por mayor. Con iluminaci\u00f3n RGB, bobina de malla, y 18 ml de e-l\u00edquido, es una gran opci\u00f3n al por mayor para los distribuidores y minoristas vape.<\/p>","protected":false},"featured_media":1122,"comment_status":"open","ping_status":"closed","template":"","meta":[],"product_brand":[],"product_cat":[52,48,21,18,20,23,24,22,25,26,27,28,29,30,31,32,33,34,35],"product_tag":[],"class_list":{"0":"post-747","1":"product","2":"type-product","3":"status-publish","4":"has-post-thumbnail","6":"product_cat-randm","7":"product_cat-9000-puffs-disposable-vape","8":"product_cat-big-puffs-vapes","9":"product_cat-different-puffs-of-disposable-vapes","10":"product_cat-disposable-vape-types","11":"product_cat-disposable-vapes-in-austria","12":"product_cat-disposable-vapes-in-belgium","13":"product_cat-disposable-vapes-in-europe","14":"product_cat-disposable-vapes-in-france","15":"product_cat-disposable-vapes-in-germany","16":"product_cat-disposable-vapes-in-hungary","17":"product_cat-disposable-vapes-in-ltaly","18":"product_cat-disposable-vapes-in-netherlands","19":"product_cat-disposable-vapes-in-norway","20":"product_cat-disposable-vapes-in-poland","21":"product_cat-disposable-vapes-in-portugal","22":"product_cat-disposable-vapes-in-spain","23":"product_cat-disposable-vapes-in-sweden","24":"product_cat-disposable-vapes-in-switzerland","26":"first","27":"instock","28":"shipping-taxable","29":"purchasable","30":"product-type-variable","31":"has-default-attributes"},"jetpack_sharing_enabled":true,"tiered_pricing_type":"fixed","tiered_pricing_fixed_rules":{"2000":7.0999999999999996447286321199499070644378662109375},"tiered_pricing_product_settings":{"layout":"default","base_unit_name":{"singular":null,"plural":null},"default_variation":null},"tiered_pricing_minimum_quantity":1000,"tiered_pricing_roles_data":[],"tiered_pricing_percentage_rules":[],"tiered_pricing_maximum_quantity":null,"tiered_pricing_quantity_step":"10","_links":{"self":[{"href":"https:\/\/volovape.com\/es\/wp-json\/wp\/v2\/product\/747","targetHints":{"allow":["GET"]}}],"collection":[{"href":"https:\/\/volovape.com\/es\/wp-json\/wp\/v2\/product"}],"about":[{"href":"https:\/\/volovape.com\/es\/wp-json\/wp\/v2\/types\/product"}],"replies":[{"embeddable":true,"href":"https:\/\/volovape.com\/es\/wp-json\/wp\/v2\/comments?post=747"}],"wp:featuredmedia":[{"embeddable":true,"href":"https:\/\/volovape.com\/es\/wp-json\/wp\/v2\/media\/1122"}],"wp:attachment":[{"href":"https:\/\/volovape.com\/es\/wp-json\/wp\/v2\/media?parent=747"}],"wp:term":[{"taxonomy":"product_brand","embeddable":true,"href":"https:\/\/volovape.com\/es\/wp-json\/wp\/v2\/product_brand?post=747"},{"taxonomy":"product_cat","embeddable":true,"href":"https:\/\/volovape.com\/es\/wp-json\/wp\/v2\/product_cat?post=747"},{"taxonomy":"product_tag","embeddable":true,"href":"https:\/\/volovape.com\/es\/wp-json\/wp\/v2\/product_tag?post=747"}],"curies":[{"name":"Gracias","href":"https:\/\/api.w.org\/{rel}","templated":true}]}}