{"id":74,"date":"2024-11-21T03:26:51","date_gmt":"2024-11-21T03:26:51","guid":{"rendered":"https:\/\/volovape.com\/?post_type=product&#038;p=74"},"modified":"2025-09-08T03:35:12","modified_gmt":"2025-09-08T03:35:12","slug":"avispa-15000-bocanadas","status":"publish","type":"product","link":"https:\/\/volovape.com\/es\/product\/waspe-15000-puffs\/","title":{"rendered":"Waspe 15000 Puffs Vape Desechable Recargable con Pantalla LCD (0-5% Nicotina)"},"content":{"rendered":"<p><iframe title=\"Reproductor de v\u00eddeo de VideoPress\" aria-label='Reproductor de v\u00eddeo de VideoPress' width='500' height='281' src='https:\/\/videopress.com\/embed\/8ucqlbSL?hd=0&amp;cover=1' frameborder='0' allowfullscreen allow='clipboard-write'><\/iframe><script src='https:\/\/v0.wordpress.com\/js\/next\/videopress-iframe.js?m=1739540970'><\/script><\/p>\n<p><strong>Waspe 15000 Puffs Vape Desechable Recargable con Pantalla LCD<\/strong> - Vaping de alta capacidad con monitorizaci\u00f3n inteligente.<\/p>\n<p>El <strong>Waspe 15000 bocanadas<\/strong> El vaporizador desechable ofrece un <strong>15.000 bocanadas<\/strong>con un gran <strong>Capacidad de 22 ml de e-l\u00edquido<\/strong> y un <strong>Bater\u00eda recargable de 850 mAh<\/strong> con <strong>Carga tipo C<\/strong> para un uso prolongado. El sistema integrado <strong>Pantalla LCD<\/strong> te permite controlar f\u00e1cilmente la duraci\u00f3n de la bater\u00eda y el n\u00famero de caladas. El <strong>Bobina de malla de 0,8\u03a9<\/strong> garantiza una producci\u00f3n de vapor suave y uniforme, disponible en <strong>Concentraciones de nicotina 0%, 2%, 3% o 5%<\/strong>. Elija entre <strong>12 sabores diferentes<\/strong>entre las que se incluyen Orange Soda y Blue Razz Lemon. Ideal para disfrute personal o <strong>vape desechable al por mayor<\/strong>Este dispositivo ofrece rendimiento y comodidad. Para <strong>pedidos al por mayor<\/strong> precios, p\u00f3ngase en contacto con nosotros.<\/p>\n<h3><strong>Waspe 15000 Caracter\u00edsticas:<\/strong><\/h3>\n<ul>\n<li>Puffs: Hasta 15.000<\/li>\n<li>Capacidad del e-l\u00edquido: 22ml<\/li>\n<li>Bater\u00eda: 850mAh (recargable)<\/li>\n<li>Carga: Tipo-C<\/li>\n<li>Bobina: 0.8\u03a9 Mesh Coil<\/li>\n<li>Potencias de nicotina: 0%, 2%, 3%, 5%<\/li>\n<li>Pantalla: LCD (bater\u00eda y recuento de caladas)<\/li>\n<li>12 opciones de sabores<\/li>\n<\/ul>\n<h4>Preguntas frecuentes<\/h4>\n<h5>\u00bfC\u00f3mo mejora la pantalla LCD la usabilidad?<\/h5>\n<p>La pantalla LCD proporciona informaci\u00f3n actualizada en tiempo real sobre el nivel de la bater\u00eda y el n\u00famero de caladas, lo que le permite controlar su uso y planificar sus sesiones de vapeo con eficacia. Esta caracter\u00edstica a\u00f1ade comodidad y garantiza que siempre est\u00e9s al tanto del estado de tu dispositivo.<\/p>\n<h5>\u00bfQu\u00e9 m\u00e9todos de env\u00edo hay disponibles?<\/h5>\n<p>Trabajamos con transportistas de confianza como UPS, DHL, FedEx y DPD para entregar sus pedidos. Seleccionamos el m\u00e9todo de env\u00edo m\u00e1s adecuado en funci\u00f3n de su ubicaci\u00f3n para garantizar una entrega eficaz y fiable.<\/p>\n<h5>\u00bfCu\u00e1l es la duraci\u00f3n t\u00edpica del env\u00edo?<\/h5>\n<p>El env\u00edo suele tardar entre 7 y 15 d\u00edas laborables. Durante los d\u00edas festivos o condiciones meteorol\u00f3gicas adversas, puede tardar hasta 20 d\u00edas laborables.<\/p>\n<h5>\u00bfHay alg\u00fan problema de aduanas o tasas adicionales?<\/h5>\n<p>Gestionamos todos los tr\u00e1mites aduaneros, garantizando que su env\u00edo pase sin problemas. No hay impuestos ni tasas adicionales. Garantizamos el despacho de aduanas de 100%.<\/p>\n<h5>\u00bfC\u00f3mo puedo verificar la calidad y fiabilidad del producto?<\/h5>\n<p>Admitimos pagos seguros de PayPal con protecci\u00f3n del comprador. Tambi\u00e9n puede leer los comentarios de los clientes en <a href=\"https:\/\/www.trustpilot.com\/review\/volovape.com?utm_medium=trustbox&amp;utm_source=TrustBoxReviewCollector\">TrustPilot<\/a>donde muchos clientes han compartido experiencias positivas con nuestros productos y servicios.<\/p>","protected":false},"excerpt":{"rendered":"<p>Experimenta el vapeo prolongado con Waspe 15000 Puffs. Pantalla LCD, malla de 0,8\u03a9, 22ml, 850mAh recargable. Ideal para uso personal o al por mayor, ofrece vapor suave y diversas opciones de nicotina.<\/p>","protected":false},"featured_media":154,"comment_status":"open","ping_status":"closed","template":"","meta":[],"product_brand":[],"product_cat":[17,41,21,18,20,23,24,22,25,26,27,28,29,30,31,32,33,34,35,36,40],"product_tag":[],"class_list":{"0":"post-74","1":"product","2":"type-product","3":"status-publish","4":"has-post-thumbnail","6":"product_cat-waspe","7":"product_cat-15000-puffs-disposable-vape","8":"product_cat-big-puffs-vapes","9":"product_cat-different-puffs-of-disposable-vapes","10":"product_cat-disposable-vape-types","11":"product_cat-disposable-vapes-in-austria","12":"product_cat-disposable-vapes-in-belgium","13":"product_cat-disposable-vapes-in-europe","14":"product_cat-disposable-vapes-in-france","15":"product_cat-disposable-vapes-in-germany","16":"product_cat-disposable-vapes-in-hungary","17":"product_cat-disposable-vapes-in-ltaly","18":"product_cat-disposable-vapes-in-netherlands","19":"product_cat-disposable-vapes-in-norway","20":"product_cat-disposable-vapes-in-poland","21":"product_cat-disposable-vapes-in-portugal","22":"product_cat-disposable-vapes-in-spain","23":"product_cat-disposable-vapes-in-sweden","24":"product_cat-disposable-vapes-in-switzerland","25":"product_cat-rechargeable-vapes","26":"product_cat-smart-screen-vapes","28":"first","29":"instock","30":"shipping-taxable","31":"purchasable","32":"product-type-variable","33":"has-default-attributes"},"jetpack_sharing_enabled":true,"tiered_pricing_type":"fixed","tiered_pricing_fixed_rules":{"2000":4.75},"tiered_pricing_product_settings":{"layout":"default","base_unit_name":{"singular":null,"plural":null},"default_variation":null},"tiered_pricing_minimum_quantity":1000,"tiered_pricing_roles_data":[],"tiered_pricing_percentage_rules":[],"tiered_pricing_maximum_quantity":null,"tiered_pricing_quantity_step":"10","_links":{"self":[{"href":"https:\/\/volovape.com\/es\/wp-json\/wp\/v2\/product\/74","targetHints":{"allow":["GET"]}}],"collection":[{"href":"https:\/\/volovape.com\/es\/wp-json\/wp\/v2\/product"}],"about":[{"href":"https:\/\/volovape.com\/es\/wp-json\/wp\/v2\/types\/product"}],"replies":[{"embeddable":true,"href":"https:\/\/volovape.com\/es\/wp-json\/wp\/v2\/comments?post=74"}],"wp:featuredmedia":[{"embeddable":true,"href":"https:\/\/volovape.com\/es\/wp-json\/wp\/v2\/media\/154"}],"wp:attachment":[{"href":"https:\/\/volovape.com\/es\/wp-json\/wp\/v2\/media?parent=74"}],"wp:term":[{"taxonomy":"product_brand","embeddable":true,"href":"https:\/\/volovape.com\/es\/wp-json\/wp\/v2\/product_brand?post=74"},{"taxonomy":"product_cat","embeddable":true,"href":"https:\/\/volovape.com\/es\/wp-json\/wp\/v2\/product_cat?post=74"},{"taxonomy":"product_tag","embeddable":true,"href":"https:\/\/volovape.com\/es\/wp-json\/wp\/v2\/product_tag?post=74"}],"curies":[{"name":"Gracias","href":"https:\/\/api.w.org\/{rel}","templated":true}]}}