{"id":73,"date":"2024-11-21T03:26:50","date_gmt":"2024-11-21T03:26:50","guid":{"rendered":"https:\/\/volovape.com\/?post_type=product&#038;p=73"},"modified":"2025-06-19T07:23:56","modified_gmt":"2025-06-19T07:23:56","slug":"caja-digital-waspe-15000-puffs","status":"publish","type":"product","link":"https:\/\/volovape.com\/es\/product\/waspe-15000-puffs-digital-box\/","title":{"rendered":"Waspe 15000 Puffs Digital Box Vape Desechable - Mesh Coil, Recargable, LCD"},"content":{"rendered":"<p><iframe title=\"Reproductor de v\u00eddeo de VideoPress\" aria-label='Reproductor de v\u00eddeo de VideoPress' width='500' height='281' src='https:\/\/videopress.com\/embed\/IYpVs7iJ?hd=0&amp;cover=1' frameborder='0' allowfullscreen allow='clipboard-write'><\/iframe><script src='https:\/\/v0.wordpress.com\/js\/next\/videopress-iframe.js?m=1739540970'><\/script><\/p>\n<h2>Waspe 15000 Puffs Caja Digital: Vape desechable inteligente con bobina de malla y LCD<\/h2>\n<p>El vapeador desechable Waspe 15000 Puffs Digital Box est\u00e1 dise\u00f1ado para vapeadores que buscan un alto rendimiento e informaci\u00f3n de un vistazo. Con hasta 15.000 caladas, un generoso dep\u00f3sito de e-l\u00edquido de 22 ml y una bater\u00eda recargable de 650 mAh, este dispositivo ofrece un valor y una comodidad excepcionales. El <em>pantalla digital LCD<\/em> proporciona un control en tiempo real de la duraci\u00f3n de la bater\u00eda y de los niveles de e-l\u00edquido, mientras que el <em>Bobina de malla de 0,8\u03a9<\/em>\u00a0garantiza una producci\u00f3n de vapor suave, rica y sabrosa.<\/p>\n<h3>Principales caracter\u00edsticas y ventajas<\/h3>\n<ul>\n<li><strong>Excepcional recuento de puff:<\/strong> Disfruta de hasta 15.000 caladas para una experiencia de vapeo incre\u00edblemente duradera.<\/li>\n<li><strong>Gran capacidad de e-l\u00edquido:<\/strong> El dep\u00f3sito precargado de 22 ml minimiza la necesidad de recargas.<\/li>\n<li><strong>Bater\u00eda recargable:<\/strong> La bater\u00eda de 650 mAh con carga Type-C proporciona energ\u00eda fiable y recargas r\u00e1pidas.<\/li>\n<li><strong>Pantalla LCD digital:<\/strong> Controla f\u00e1cilmente los niveles de bater\u00eda y e-l\u00edquido de un vistazo.<\/li>\n<li><strong>Vapor suave y sabroso:<\/strong> La bobina de malla de 0,8\u03a9 proporciona un vape consistentemente satisfactorio.<\/li>\n<li><strong>Opciones de concentraci\u00f3n de nicotina:<\/strong> Elija entre 0%, 2%, 3% o 5% nicotina para satisfacer sus preferencias.<\/li>\n<li><strong>Port\u00e1til y c\u00f3modo:<\/strong> Listo para usar nada m\u00e1s sacarlo de la caja, sin necesidad de mantenimiento. Compacta y f\u00e1cil de transportar.<\/li>\n<\/ul>\n<h3 id=\"flavor-selection\">Sabores disponibles (\u00a110 opciones!)<\/h3>\n<p>Descubra una selecci\u00f3n de deliciosos sabores para mejorar su experiencia de vapeo:<\/p>\n<ul>\n<li><strong>Hielo de sand\u00eda:<\/strong> Puro sabor a sand\u00eda con una exhalaci\u00f3n fresca y helada.<\/li>\n<li><strong>Hielo de ar\u00e1ndano:<\/strong> Ar\u00e1ndanos dulces con una r\u00e1faga helada.<\/li>\n<li><strong>Grape Marshmallow:<\/strong> Una mezcla \u00fanica de dulce uva y esponjoso malvavisco.<\/li>\n<li><strong>Fresa Frambuesa Cereza:<\/strong> Una trifecta de sabores de bayas dulces y \u00e1cidas.<\/li>\n<li><strong>Mezcla de bayas:<\/strong> Una mezcla de sabores de bayas dulces y \u00e1cidas.<\/li>\n<li><strong>Sand\u00eda con fresas:<\/strong> Una combinaci\u00f3n cl\u00e1sica de fresas dulces y sand\u00eda jugosa.<\/li>\n<li><strong>Fresa Kiwi:<\/strong> Fresas dulces combinadas con kiwi \u00e1cido.<\/li>\n<li><strong>Mango Melocot\u00f3n Pi\u00f1a:<\/strong> Una mezcla tropical de mango, melocot\u00f3n y pi\u00f1a.<\/li>\n<li><strong>Zumo de granada y frambuesa:<\/strong> Una mezcla de frambuesa \u00e1cida y granada dulce.<\/li>\n<li><strong>Hielo de manzana verde y sand\u00eda:<\/strong> Crujiente manzana verde y refrescante sand\u00eda, terminada con una fresca sensaci\u00f3n mentolada.<\/li>\n<\/ul>\n<h3>Especificaciones<\/h3>\n<ul>\n<li><strong>Puffs:<\/strong> Hasta 15.000<\/li>\n<li><strong>Capacidad de e-l\u00edquido:<\/strong> 22 ml<\/li>\n<li><strong>Bater\u00eda:<\/strong> 650mAh (Recargable)<\/li>\n<li><strong>Cargando:<\/strong> Tipo-C<\/li>\n<li><strong>Bobina:<\/strong> Bobina de malla de 0,8 \u03a9<\/li>\n<li><strong>Pantalla:<\/strong> LCD digital (niveles de bater\u00eda y e-l\u00edquido)<\/li>\n<li><strong>Concentraciones de nicotina:<\/strong> 0%, 2%, 3%, 5%<\/li>\n<\/ul>\n<h3>Informaci\u00f3n para mayoristas<\/h3>\n<p>La caja digital Waspe 15000 est\u00e1 disponible para su compra al por mayor. Bienvenido a <a href=\"#addtocartnow\">haga su pedido<\/a> en esta p\u00e1gina, o p\u00f3ngase en contacto con nosotros para obtener m\u00e1s informaci\u00f3n y precios al por mayor.<\/p>\n<p><img data-recalc-dims=\"1\" loading=\"lazy\" decoding=\"async\" class=\"alignnone size-full wp-image-6647\" title=\"Caja digital Waspe de 15000 bocanadas: 0%, 2%, 3%, 5%, recargable, compra al por mayor de vaporizador desechable VOLO VAPE\" src=\"https:\/\/i0.wp.com\/aiviouvapes.com\/wp-content\/uploads\/2024\/08\/%E6%B5%B7%E6%8A%A54-1.jpg?resize=1646%2C1920&#038;ssl=1\" alt=\"Caja digital Waspe de 15000 bocanadas: 0%, 2%, 3%, 5%, recargable, compra al por mayor de vaporizador desechable VOLO VAPE\" width=\"1646\" height=\"1920\" \/><\/p>","protected":false},"excerpt":{"rendered":"<p>Disfruta de un vapeo inteligente y prolongado con el Waspe 15000 Puffs Digital Box. Pantalla LCD, malla de 0,8\u03a9, 22ml, recargable. Perfecto para uso personal o al por mayor, ofrece un sabor suave y diversas opciones de nicotina.<\/p>","protected":false},"featured_media":143,"comment_status":"open","ping_status":"closed","template":"","meta":[],"product_brand":[],"product_cat":[17,41,21,18,39,20,23,24,22,25,26,27,28,29,30,31,32,33,34,35,36,40],"product_tag":[],"class_list":{"0":"post-73","1":"product","2":"type-product","3":"status-publish","4":"has-post-thumbnail","6":"product_cat-waspe","7":"product_cat-15000-puffs-disposable-vape","8":"product_cat-big-puffs-vapes","9":"product_cat-different-puffs-of-disposable-vapes","10":"product_cat-digital-box-vapes","11":"product_cat-disposable-vape-types","12":"product_cat-disposable-vapes-in-austria","13":"product_cat-disposable-vapes-in-belgium","14":"product_cat-disposable-vapes-in-europe","15":"product_cat-disposable-vapes-in-france","16":"product_cat-disposable-vapes-in-germany","17":"product_cat-disposable-vapes-in-hungary","18":"product_cat-disposable-vapes-in-ltaly","19":"product_cat-disposable-vapes-in-netherlands","20":"product_cat-disposable-vapes-in-norway","21":"product_cat-disposable-vapes-in-poland","22":"product_cat-disposable-vapes-in-portugal","23":"product_cat-disposable-vapes-in-spain","24":"product_cat-disposable-vapes-in-sweden","25":"product_cat-disposable-vapes-in-switzerland","26":"product_cat-rechargeable-vapes","27":"product_cat-smart-screen-vapes","29":"first","30":"instock","31":"shipping-taxable","32":"purchasable","33":"product-type-variable","34":"has-default-attributes"},"jetpack_sharing_enabled":true,"tiered_pricing_type":"fixed","tiered_pricing_fixed_rules":{"2000":4.9000000000000003552713678800500929355621337890625},"tiered_pricing_product_settings":{"layout":"default","base_unit_name":{"singular":null,"plural":null},"default_variation":null},"tiered_pricing_minimum_quantity":1000,"tiered_pricing_roles_data":[],"tiered_pricing_percentage_rules":[],"tiered_pricing_maximum_quantity":null,"tiered_pricing_quantity_step":"1000","_links":{"self":[{"href":"https:\/\/volovape.com\/es\/wp-json\/wp\/v2\/product\/73","targetHints":{"allow":["GET"]}}],"collection":[{"href":"https:\/\/volovape.com\/es\/wp-json\/wp\/v2\/product"}],"about":[{"href":"https:\/\/volovape.com\/es\/wp-json\/wp\/v2\/types\/product"}],"replies":[{"embeddable":true,"href":"https:\/\/volovape.com\/es\/wp-json\/wp\/v2\/comments?post=73"}],"wp:featuredmedia":[{"embeddable":true,"href":"https:\/\/volovape.com\/es\/wp-json\/wp\/v2\/media\/143"}],"wp:attachment":[{"href":"https:\/\/volovape.com\/es\/wp-json\/wp\/v2\/media?parent=73"}],"wp:term":[{"taxonomy":"product_brand","embeddable":true,"href":"https:\/\/volovape.com\/es\/wp-json\/wp\/v2\/product_brand?post=73"},{"taxonomy":"product_cat","embeddable":true,"href":"https:\/\/volovape.com\/es\/wp-json\/wp\/v2\/product_cat?post=73"},{"taxonomy":"product_tag","embeddable":true,"href":"https:\/\/volovape.com\/es\/wp-json\/wp\/v2\/product_tag?post=73"}],"curies":[{"name":"Gracias","href":"https:\/\/api.w.org\/{rel}","templated":true}]}}