{"id":72,"date":"2024-11-21T03:26:50","date_gmt":"2024-11-21T03:26:50","guid":{"rendered":"https:\/\/volovape.com\/?post_type=product&#038;p=72"},"modified":"2025-08-06T07:46:36","modified_gmt":"2025-08-06T07:46:36","slug":"avispa-12000-bocanadas","status":"publish","type":"product","link":"https:\/\/volovape.com\/es\/product\/waspe-12000-puffs\/","title":{"rendered":"WASPE 12000 Puffs Vape Desechable - Recargable, Mesh Coil, Luces LED"},"content":{"rendered":"<p><iframe title=\"Reproductor de v\u00eddeo de VideoPress\" aria-label='Reproductor de v\u00eddeo de VideoPress' width='500' height='281' src='https:\/\/videopress.com\/embed\/XcRvhlS5?hd=0&amp;cover=1' frameborder='0' allowfullscreen allow='clipboard-write'><\/iframe><script src='https:\/\/v0.wordpress.com\/js\/next\/videopress-iframe.js?m=1739540970'><\/script><\/p>\n<p><strong>WASPE 12000 Puffs Vape Desechable Recargable con Luces LED<\/strong> - Vaping de larga duraci\u00f3n con un toque a\u00f1adido.<\/p>\n<p>El <strong>WASPE 12000 bocanadas<\/strong> vape desechable ofrece un <strong>12.000 bocanadas<\/strong>, a <strong>20 ml de capacidad de e-l\u00edquido<\/strong>, y un <strong>Bater\u00eda recargable de 650 mAh<\/strong> con <strong>Carga tipo C<\/strong> para un uso prolongado. En <strong>Bobina de malla de 0,8\u03a9<\/strong> proporciona un vapor consistente, suave y sabroso, y el <strong>geniales luces LED<\/strong> en la base proporcionan una experiencia visual \u00fanica. Elija entre <strong>Concentraciones de nicotina 0%, 2%, 3% o 5%<\/strong> y disfruta <strong>12 sabores refrescantes<\/strong>como Watermelon Ice y Strawberry Pitaya Lemonade. Ideal para uso personal o <strong>vape desechable al por mayor<\/strong>Este dispositivo combina rendimiento y estilo. Para <strong>pedidos al por mayor<\/strong> consultas, p\u00f3ngase en contacto con nosotros.<\/p>\n<h3><strong>WASPE 12000 Caracter\u00edsticas:<\/strong><\/h3>\n<ul>\n<li>Puffs: Hasta 12.000<\/li>\n<li>Capacidad del e-l\u00edquido: 20ml<\/li>\n<li>Bater\u00eda: 650mAh (recargable)<\/li>\n<li>Carga: Tipo-C<\/li>\n<li>Bobina: 0.8\u03a9 Mesh Coil<\/li>\n<li>Iluminaci\u00f3n: Luces LED fr\u00edas<\/li>\n<li>Potencias de nicotina: 0%, 2%, 3%, 5%<\/li>\n<li>12 opciones de sabores<\/li>\n<\/ul>\n<h4>Preguntas frecuentes<\/h4>\n<h5>\u00bfC\u00f3mo mejoran las luces LED la experiencia de vapeo?<\/h5>\n<p>Las fr\u00edas luces LED de la base del WASPE 12000 a\u00f1aden un elemento visual elegante y \u00fanico a tus sesiones de vapeo. Crean un efecto vibrante y llamativo, haciendo que tu vape destaque mientras disfrutas de un vapor suave y sabroso.<\/p>\n<h5>\u00bfCu\u00e1les son los m\u00e9todos de env\u00edo disponibles?<\/h5>\n<p>Colaboramos con transportistas de confianza como UPS, DHL, FedEx y DPD para entregar sus pedidos. El m\u00e9todo de env\u00edo m\u00e1s adecuado se selecciona en funci\u00f3n de su ubicaci\u00f3n para garantizar una entrega eficiente y puntual.<\/p>\n<h5>\u00bfCu\u00e1nto suele tardar el env\u00edo?<\/h5>\n<p>El env\u00edo suele tardar entre 7 y 15 d\u00edas laborables. En temporadas altas o condiciones meteorol\u00f3gicas adversas, puede tardar hasta 20 d\u00edas laborables.<\/p>\n<h5>\u00bfTendr\u00e9 problemas con aduanas o tasas adicionales?<\/h5>\n<p>Nos encargamos de todos los tr\u00e1mites aduaneros, garantizando que su env\u00edo pase sin problemas. No incurrir\u00e1 en impuestos ni tasas adicionales. Garantizamos el despacho de aduanas de 100%.<\/p>\n<h5>\u00bfC\u00f3mo puedo estar seguro de la calidad y fiabilidad del producto?<\/h5>\n<p>Aceptamos pagos seguros de PayPal con protecci\u00f3n del comprador. Tambi\u00e9n puede consultar las opiniones de nuestros clientes en <a href=\"https:\/\/www.trustpilot.com\/review\/volovape.com?utm_medium=trustbox&amp;utm_source=TrustBoxReviewCollector\">TrustPilot<\/a> para conocer las experiencias de primera mano de nuestros clientes satisfechos.<\/p>","protected":false},"excerpt":{"rendered":"<p>Ilumina tu vapeo con WASPE 12000 Puffs. Luces LED, malla de 0,8\u03a9, 20ml, recargable. Perfecto para uso personal o al por mayor, ofrece un sabor duradero y un estilo vibrante.<\/p>","protected":false},"featured_media":124,"comment_status":"open","ping_status":"closed","template":"","meta":[],"product_brand":[],"product_cat":[17,38,21,18,20,23,24,22,25,26,27,28,29,30,31,32,33,34,35,36],"product_tag":[],"class_list":{"0":"post-72","1":"product","2":"type-product","3":"status-publish","4":"has-post-thumbnail","6":"product_cat-waspe","7":"product_cat-12000-puffs-disposable-vape","8":"product_cat-big-puffs-vapes","9":"product_cat-different-puffs-of-disposable-vapes","10":"product_cat-disposable-vape-types","11":"product_cat-disposable-vapes-in-austria","12":"product_cat-disposable-vapes-in-belgium","13":"product_cat-disposable-vapes-in-europe","14":"product_cat-disposable-vapes-in-france","15":"product_cat-disposable-vapes-in-germany","16":"product_cat-disposable-vapes-in-hungary","17":"product_cat-disposable-vapes-in-ltaly","18":"product_cat-disposable-vapes-in-netherlands","19":"product_cat-disposable-vapes-in-norway","20":"product_cat-disposable-vapes-in-poland","21":"product_cat-disposable-vapes-in-portugal","22":"product_cat-disposable-vapes-in-spain","23":"product_cat-disposable-vapes-in-sweden","24":"product_cat-disposable-vapes-in-switzerland","25":"product_cat-rechargeable-vapes","27":"first","28":"instock","29":"shipping-taxable","30":"purchasable","31":"product-type-variable","32":"has-default-attributes"},"jetpack_sharing_enabled":true,"tiered_pricing_type":"fixed","tiered_pricing_fixed_rules":{"2000":4.13999999999999968025576890795491635799407958984375},"tiered_pricing_product_settings":{"layout":"default","base_unit_name":{"singular":null,"plural":null},"default_variation":null},"tiered_pricing_minimum_quantity":1000,"tiered_pricing_roles_data":[],"tiered_pricing_percentage_rules":[],"tiered_pricing_maximum_quantity":null,"tiered_pricing_quantity_step":"10","_links":{"self":[{"href":"https:\/\/volovape.com\/es\/wp-json\/wp\/v2\/product\/72","targetHints":{"allow":["GET"]}}],"collection":[{"href":"https:\/\/volovape.com\/es\/wp-json\/wp\/v2\/product"}],"about":[{"href":"https:\/\/volovape.com\/es\/wp-json\/wp\/v2\/types\/product"}],"replies":[{"embeddable":true,"href":"https:\/\/volovape.com\/es\/wp-json\/wp\/v2\/comments?post=72"}],"wp:featuredmedia":[{"embeddable":true,"href":"https:\/\/volovape.com\/es\/wp-json\/wp\/v2\/media\/124"}],"wp:attachment":[{"href":"https:\/\/volovape.com\/es\/wp-json\/wp\/v2\/media?parent=72"}],"wp:term":[{"taxonomy":"product_brand","embeddable":true,"href":"https:\/\/volovape.com\/es\/wp-json\/wp\/v2\/product_brand?post=72"},{"taxonomy":"product_cat","embeddable":true,"href":"https:\/\/volovape.com\/es\/wp-json\/wp\/v2\/product_cat?post=72"},{"taxonomy":"product_tag","embeddable":true,"href":"https:\/\/volovape.com\/es\/wp-json\/wp\/v2\/product_tag?post=72"}],"curies":[{"name":"Gracias","href":"https:\/\/api.w.org\/{rel}","templated":true}]}}