{"id":70,"date":"2024-11-21T03:26:50","date_gmt":"2024-11-21T03:26:50","guid":{"rendered":"https:\/\/volovape.com\/?post_type=product&#038;p=70"},"modified":"2025-06-30T01:32:46","modified_gmt":"2025-06-30T01:32:46","slug":"avispa-8000-bocanadas","status":"publish","type":"product","link":"https:\/\/volovape.com\/es\/product\/waspe-8000-puffs\/","title":{"rendered":"WASPE 8000 Puffs Vape Desechable - Recargable, 0.8\u03a9 Mesh Coil"},"content":{"rendered":"<p><strong>WASPE 8000 Puffs Vape Desechable Recargable<\/strong> - Experimenta un vapeo prolongado y sabroso.<\/p>\n<p>El <strong>WASPE 8000<\/strong> suministra hasta <strong>8.000 bocanadas<\/strong> con una importante <strong>Capacidad de 16 ml de e-l\u00edquido<\/strong>para un disfrute prolongado. Su <strong>Bater\u00eda recargable de 650 mAh<\/strong> y <strong>Carga tipo C<\/strong> proporcionan energ\u00eda fiable, mientras que el <strong>Bobina de malla de 0,8\u03a9<\/strong> mejora el sabor y la producci\u00f3n de vapor. Elija entre <strong>Concentraciones de nicotina 0%, 2%, 3% o 5%<\/strong>y disfrutar de una variedad de <strong>10 sabores \u00fanicos<\/strong>Desde el refrescante helado de sand\u00eda hasta el ex\u00f3tico helado de lichi. Ideal tanto para uso personal como <strong>vape desechable al por mayor<\/strong>Cada unidad ofrece comodidad y calidad. Para <strong>pedidos al por mayor<\/strong> consultas, p\u00f3ngase en contacto con nosotros para obtener precios competitivos.<\/p>\n<h3><strong>WASPE 8000 Caracter\u00edsticas:<\/strong><\/h3>\n<ul>\n<li>Puffs: Hasta 8.000<\/li>\n<li>Capacidad del e-l\u00edquido: 16ml<\/li>\n<li>Bater\u00eda: 650mAh (recargable)<\/li>\n<li>Carga: Tipo-C<\/li>\n<li>Bobina: 0.8\u03a9 Mesh Coil<\/li>\n<li>Potencias de nicotina: 0%, 2%, 3%, 5%<\/li>\n<li>10 opciones de sabores<\/li>\n<\/ul>\n<h4>Preguntas frecuentes<\/h4>\n<h5>\u00bfC\u00f3mo mejora la bater\u00eda recargable mi experiencia de vapeo?<\/h5>\n<p>La bater\u00eda recargable de 650mAh, junto con la carga Type-C, garantiza que pueda utilizar las 8.000 caladas completas sin preocuparse de que el dispositivo muera prematuramente. Esta caracter\u00edstica hace que el WASPE 8000 sea una opci\u00f3n fiable y duradera en comparaci\u00f3n con los desechables est\u00e1ndar, maximizando su disfrute del e-l\u00edquido de 16 ml.<\/p>\n<h5>\u00bfQu\u00e9 m\u00e9todos de env\u00edo se utilizan?<\/h5>\n<p>Nos asociamos con transportistas de confianza como UPS, DHL, FedEx y DPD para entregar sus pedidos. Seleccionamos el m\u00e9todo de env\u00edo m\u00e1s adecuado en funci\u00f3n del lugar de entrega para garantizar una entrega r\u00e1pida y fiable.<\/p>\n<h5>\u00bfCu\u00e1nto tarda el env\u00edo?<\/h5>\n<p>Normalmente, el env\u00edo tarda entre 7 y 15 d\u00edas laborables. Sin embargo, durante las vacaciones o debido a condiciones meteorol\u00f3gicas adversas, puede tardar hasta 20 d\u00edas laborables.<\/p>\n<h5>\u00bfTendr\u00e9 problemas aduaneros o fiscales?<\/h5>\n<p>Nos encargamos de todos los tr\u00e1mites aduaneros, lo que garantiza que su env\u00edo pasar\u00e1 sin problemas. No incurrir\u00e1 en impuestos ni tasas adicionales. Aseguramos el despacho de aduanas 100%.<\/p>\n<h5>\u00bfPuedo confiar en la calidad y fiabilidad del WASPE 8000?<\/h5>\n<p>Admitimos pagos seguros de PayPal con protecci\u00f3n del comprador. Tambi\u00e9n puede ver los comentarios de nuestros clientes en <a href=\"https:\/\/www.trustpilot.com\/review\/volovape.com?utm_medium=trustbox&amp;utm_source=TrustBoxReviewCollector\">TrustPilot<\/a> ver las experiencias positivas de nuestros clientes.<\/p>","protected":false},"excerpt":{"rendered":"<p>Saboree un sabor prolongado con los WASPE 8000 Puffs. Malla de 0,8\u03a9, 16ml, recargable. Perfecto para uso personal o al por mayor, ofrece vapor suave y diversas opciones de nicotina.<\/p>","protected":false},"featured_media":103,"comment_status":"open","ping_status":"closed","template":"","meta":[],"product_brand":[],"product_cat":[17,37,21,18,20,23,24,22,25,26,27,28,29,30,31,32,33,34,35,36],"product_tag":[],"class_list":{"0":"post-70","1":"product","2":"type-product","3":"status-publish","4":"has-post-thumbnail","6":"product_cat-waspe","7":"product_cat-8000-puffs-disposable-vape","8":"product_cat-big-puffs-vapes","9":"product_cat-different-puffs-of-disposable-vapes","10":"product_cat-disposable-vape-types","11":"product_cat-disposable-vapes-in-austria","12":"product_cat-disposable-vapes-in-belgium","13":"product_cat-disposable-vapes-in-europe","14":"product_cat-disposable-vapes-in-france","15":"product_cat-disposable-vapes-in-germany","16":"product_cat-disposable-vapes-in-hungary","17":"product_cat-disposable-vapes-in-ltaly","18":"product_cat-disposable-vapes-in-netherlands","19":"product_cat-disposable-vapes-in-norway","20":"product_cat-disposable-vapes-in-poland","21":"product_cat-disposable-vapes-in-portugal","22":"product_cat-disposable-vapes-in-spain","23":"product_cat-disposable-vapes-in-sweden","24":"product_cat-disposable-vapes-in-switzerland","25":"product_cat-rechargeable-vapes","27":"first","28":"instock","29":"shipping-taxable","30":"purchasable","31":"product-type-variable","32":"has-default-attributes"},"jetpack_sharing_enabled":true,"tiered_pricing_type":"fixed","tiered_pricing_fixed_rules":{"2000":4.5999999999999996447286321199499070644378662109375},"tiered_pricing_product_settings":{"layout":"default","base_unit_name":{"singular":null,"plural":null},"default_variation":null},"tiered_pricing_minimum_quantity":1000,"tiered_pricing_roles_data":[],"tiered_pricing_percentage_rules":[],"tiered_pricing_maximum_quantity":null,"tiered_pricing_quantity_step":"100","_links":{"self":[{"href":"https:\/\/volovape.com\/es\/wp-json\/wp\/v2\/product\/70","targetHints":{"allow":["GET"]}}],"collection":[{"href":"https:\/\/volovape.com\/es\/wp-json\/wp\/v2\/product"}],"about":[{"href":"https:\/\/volovape.com\/es\/wp-json\/wp\/v2\/types\/product"}],"replies":[{"embeddable":true,"href":"https:\/\/volovape.com\/es\/wp-json\/wp\/v2\/comments?post=70"}],"wp:featuredmedia":[{"embeddable":true,"href":"https:\/\/volovape.com\/es\/wp-json\/wp\/v2\/media\/103"}],"wp:attachment":[{"href":"https:\/\/volovape.com\/es\/wp-json\/wp\/v2\/media?parent=70"}],"wp:term":[{"taxonomy":"product_brand","embeddable":true,"href":"https:\/\/volovape.com\/es\/wp-json\/wp\/v2\/product_brand?post=70"},{"taxonomy":"product_cat","embeddable":true,"href":"https:\/\/volovape.com\/es\/wp-json\/wp\/v2\/product_cat?post=70"},{"taxonomy":"product_tag","embeddable":true,"href":"https:\/\/volovape.com\/es\/wp-json\/wp\/v2\/product_tag?post=70"}],"curies":[{"name":"Gracias","href":"https:\/\/api.w.org\/{rel}","templated":true}]}}