{"id":69,"date":"2024-11-21T03:26:50","date_gmt":"2024-11-21T03:26:50","guid":{"rendered":"https:\/\/volovape.com\/?post_type=product&#038;p=69"},"modified":"2025-07-01T01:20:11","modified_gmt":"2025-07-01T01:20:11","slug":"avispa-5000-bocanadas","status":"publish","type":"product","link":"https:\/\/volovape.com\/es\/product\/waspe-5000-puffs\/","title":{"rendered":"WASPE 5000 Puffs Vape Desechable - Recargable, Mesh Coil"},"content":{"rendered":"<p><strong>WASPE 5000 Puffs Vape Desechable Recargable<\/strong> - Experimente el sabor prolongado y la comodidad.<\/p>\n<p>El <strong>WASPE 5000<\/strong> redefine el vapeo desechable con su impresionante <strong>5000 puff<\/strong> capacidad y una generosa <strong>13 ml de e-l\u00edquido<\/strong> dep\u00f3sito. Disfruta de un vapor consistente y sabroso gracias al <strong>bobina de malla avanzada<\/strong>y seleccione su concentraci\u00f3n de nicotina preferida entre <strong>0%, 2% o 5%<\/strong>. En <strong>Bater\u00eda recargable de 650 mAh<\/strong> con <strong>Carga tipo C<\/strong> garantiza que puedas disfrutar hasta la \u00faltima calada. Perfecto para uso personal o <strong>vape desechable al por mayor<\/strong>Este dispositivo ofrece rendimiento y portabilidad. Explore <strong>10 sabores \u00fanicos<\/strong> y descubra su nuevo favorito.<\/p>\n<h3><strong>WASPE 5000 Puffs Caracter\u00edsticas:<\/strong><\/h3>\n<ul>\n<li>Puffs: Hasta 5000<\/li>\n<li>Capacidad del e-l\u00edquido: 13mL<\/li>\n<li>Bater\u00eda: 650mAh (recargable)<\/li>\n<li>Carga: Tipo-C<\/li>\n<li>Bobina Bobina de malla<\/li>\n<li>Potencias de nicotina: 0%, 2%, 5%<\/li>\n<li>Sabores: Menta, Hielo de Ar\u00e1ndano, Hielo de Cola, Mango de Fresa, Sand\u00eda de Fresa, Mezcla de Bayas, Hielo de Lichi, Hielo de Sand\u00eda, Hielo de Uva<\/li>\n<\/ul>\n<h4>Preguntas frecuentes<\/h4>\n<h5>\u00bfC\u00f3mo mejora la funci\u00f3n recargable del WASPE 5000?<\/h5>\n<p>La bater\u00eda recargable de 650 mAh, junto con la carga de tipo C, le permite utilizar completamente el e-l\u00edquido de 13 ml, lo que garantiza que obtendr\u00e1 el m\u00e1ximo de 5000 caladas. Esto elimina el problema com\u00fan de los vapeadores desechables que se quedan sin bater\u00eda antes de que se agote el e-l\u00edquido, proporcionando una experiencia de vapeo m\u00e1s sostenible y satisfactoria.<\/p>\n<h5>\u00bfQu\u00e9 m\u00e9todos de env\u00edo se utilizan?<\/h5>\n<p>Cooperamos con UPS\/DHL\/FEDEX\/DPD, etc. Elegiremos la opci\u00f3n de env\u00edo adecuada en funci\u00f3n del pa\u00eds de entrega para que reciba sus productos lo antes posible.<\/p>\n<h5>\u00bfCu\u00e1nto tarda en llegar?<\/h5>\n<p>Suele tardar entre 7 y 15 d\u00edas laborables, aunque puede llegar a 20 d\u00edas laborables en d\u00edas festivos o en condiciones meteorol\u00f3gicas adversas.<\/p>\n<h5>\u00bfPuede pasar por la aduana y me causar\u00e1 alg\u00fan problema?<\/h5>\n<p>Le garantizamos que no tendr\u00e1 ning\u00fan problema, ya que nos encargaremos del despacho de aduanas y no habr\u00e1 impuestos ni tasas. Garantizamos que 100% de nuestros productos pasar\u00e1n la aduana.<\/p>\n<h5>\u00bfPuedo fiarme?<\/h5>\n<p>Apoyamos el pago de PayPal y el servicio de protecci\u00f3n del comprador. Tambi\u00e9n puede consultar nuestros comentarios en <a href=\"https:\/\/www.trustpilot.com\/review\/volovape.com?utm_medium=trustbox&amp;utm_source=TrustBoxReviewCollector\">TrustPilot<\/a>.<\/p>","protected":false},"excerpt":{"rendered":"<p>Consigue un vapeo c\u00f3modo y sabroso con el WASPE 5000 Puffs. Bobina de malla, 13ml, recargable. Ideal para uso personal o al por mayor, que ofrece vapor suave y variadas concentraciones de nicotina.<\/p>","protected":false},"featured_media":99,"comment_status":"open","ping_status":"closed","template":"","meta":[],"product_brand":[],"product_cat":[19,21,18,20,23,24,22,25,26,27,28,29,30,31,32,33,34,35,36,17],"product_tag":[],"class_list":{"0":"post-69","1":"product","2":"type-product","3":"status-publish","4":"has-post-thumbnail","6":"product_cat-5000-puffs-disposable-vape","7":"product_cat-big-puffs-vapes","8":"product_cat-different-puffs-of-disposable-vapes","9":"product_cat-disposable-vape-types","10":"product_cat-disposable-vapes-in-austria","11":"product_cat-disposable-vapes-in-belgium","12":"product_cat-disposable-vapes-in-europe","13":"product_cat-disposable-vapes-in-france","14":"product_cat-disposable-vapes-in-germany","15":"product_cat-disposable-vapes-in-hungary","16":"product_cat-disposable-vapes-in-ltaly","17":"product_cat-disposable-vapes-in-netherlands","18":"product_cat-disposable-vapes-in-norway","19":"product_cat-disposable-vapes-in-poland","20":"product_cat-disposable-vapes-in-portugal","21":"product_cat-disposable-vapes-in-spain","22":"product_cat-disposable-vapes-in-sweden","23":"product_cat-disposable-vapes-in-switzerland","24":"product_cat-rechargeable-vapes","25":"product_cat-waspe","27":"first","28":"instock","29":"shipping-taxable","30":"purchasable","31":"product-type-variable","32":"has-default-attributes"},"jetpack_sharing_enabled":true,"tiered_pricing_type":"fixed","tiered_pricing_fixed_rules":{"2000":3.79999999999999982236431605997495353221893310546875},"tiered_pricing_product_settings":{"layout":"default","base_unit_name":{"singular":null,"plural":null},"default_variation":null},"tiered_pricing_minimum_quantity":1000,"tiered_pricing_roles_data":[],"tiered_pricing_percentage_rules":[],"tiered_pricing_maximum_quantity":null,"tiered_pricing_quantity_step":"10","_links":{"self":[{"href":"https:\/\/volovape.com\/es\/wp-json\/wp\/v2\/product\/69","targetHints":{"allow":["GET"]}}],"collection":[{"href":"https:\/\/volovape.com\/es\/wp-json\/wp\/v2\/product"}],"about":[{"href":"https:\/\/volovape.com\/es\/wp-json\/wp\/v2\/types\/product"}],"replies":[{"embeddable":true,"href":"https:\/\/volovape.com\/es\/wp-json\/wp\/v2\/comments?post=69"}],"wp:featuredmedia":[{"embeddable":true,"href":"https:\/\/volovape.com\/es\/wp-json\/wp\/v2\/media\/99"}],"wp:attachment":[{"href":"https:\/\/volovape.com\/es\/wp-json\/wp\/v2\/media?parent=69"}],"wp:term":[{"taxonomy":"product_brand","embeddable":true,"href":"https:\/\/volovape.com\/es\/wp-json\/wp\/v2\/product_brand?post=69"},{"taxonomy":"product_cat","embeddable":true,"href":"https:\/\/volovape.com\/es\/wp-json\/wp\/v2\/product_cat?post=69"},{"taxonomy":"product_tag","embeddable":true,"href":"https:\/\/volovape.com\/es\/wp-json\/wp\/v2\/product_tag?post=69"}],"curies":[{"name":"Gracias","href":"https:\/\/api.w.org\/{rel}","templated":true}]}}