{"id":661,"date":"2024-11-21T03:31:47","date_gmt":"2024-11-21T03:31:47","guid":{"rendered":"https:\/\/volovape.com\/?post_type=product&#038;p=661"},"modified":"2025-07-11T04:40:31","modified_gmt":"2025-07-11T04:40:31","slug":"aivono-aim-puff-star-6500-caladas","status":"publish","type":"product","link":"https:\/\/volovape.com\/es\/product\/aivono-aim-puff-star-6500-puffs\/","title":{"rendered":"AIVONO AIM PUFF STAR 6500 Puffs Vape Desechable - Mesh Coil, Recargable"},"content":{"rendered":"<p><strong>AIVONO AIM PUFF STAR 6500 Puffs Mesh Coil Vape Desechable<\/strong> - Disfruta de una experiencia de vapeo c\u00f3moda y sabrosa con el AIVONO AIM PUFF STAR 6500. Este vape desechable ofrece hasta 6.500 caladas, con un dep\u00f3sito de e-l\u00edquido de 13mL y una bater\u00eda recargable de 400mAh. La bobina de malla de 1,2\u03a9 asegura un vapor consistentemente suave y sabroso, ideal para uso personal y pedidos al por mayor de vape desechables. Elija entre las concentraciones de nicotina 0%, 2% o 5% y una selecci\u00f3n de 10 deliciosos sabores.<\/p>\n<h3><strong>AIVONO AIM PUFF STAR 6500 Puffs Caracter\u00edsticas:<\/strong><\/h3>\n<ul>\n<li>Bocanadas: 6500 bocanadas<\/li>\n<li>Capacidad del e-l\u00edquido: 13mL<\/li>\n<li>Bater\u00eda: 400mAh (recargable)<\/li>\n<li>Carga: Tipo-C<\/li>\n<li>Bobina: 1.2\u03a9 Mesh Coil<\/li>\n<li>Potencias de nicotina: 0%, 2%, 5%<\/li>\n<li>Opciones de sabores: Mezcla de Bayas, Caramelo Mentolado, Fresa Kiwi, Mezcla de Mango, Sand\u00eda, Fresa Helada, Bebida Energ\u00e9tica, Blue Razz Berry, Coco Mel\u00f3n, Zumo de Melocot\u00f3n.<\/li>\n<\/ul>\n<h4>Preguntas frecuentes<\/h4>\n<h5>C\u00f3mo mejora la experiencia de vapeo la bobina de malla de 1,2\u03a9?<\/h5>\n<p>La bobina de malla de 1,2\u03a9 est\u00e1 dise\u00f1ada para proporcionar una experiencia de vapeo equilibrada, proporcionando un vapor suave y sabroso con un rendimiento constante. Esta bobina asegura la entrega de sabor \u00f3ptimo y un sorteo satisfactorio.<\/p>\n<h5>\u00bfQu\u00e9 m\u00e9todos de env\u00edo hay disponibles?<\/h5>\n<p>Colaboramos con transportistas de confianza, como UPS, DHL, FedEx y DPD, para ofrecer un env\u00edo eficaz y fiable. El m\u00e9todo de env\u00edo m\u00e1s adecuado se selecciona en funci\u00f3n del lugar de entrega.<\/p>\n<h5>\u00bfCu\u00e1nto suele tardar el env\u00edo?<\/h5>\n<p>El env\u00edo suele tardar entre 7 y 15 d\u00edas laborables, aunque los plazos de entrega pueden alargarse hasta 20 d\u00edas laborables en periodos vacacionales o condiciones meteorol\u00f3gicas adversas.<\/p>\n<h5>\u00bfTendr\u00e9 que pagar tasas o impuestos de aduana?<\/h5>\n<p>Nos encargamos de todos los tr\u00e1mites aduaneros, garantiz\u00e1ndole que no incurrir\u00e1 en impuestos o tasas adicionales. 100% de nuestros productos pasan por la aduana sin problemas.<\/p>\n<h5>\u00bfEs mi compra segura y fiable?<\/h5>\n<p>Ofrecemos transacciones seguras a trav\u00e9s de la protecci\u00f3n del comprador de PayPal. Tambi\u00e9n puede comprobar nuestra fiabilidad consultando las opiniones de nuestros clientes en <a href=\"https:\/\/www.trustpilot.com\/review\/volovape.com?utm_medium=trustbox&amp;utm_source=TrustBoxReviewCollector\">TrustPilot<\/a>.<\/p>","protected":false},"excerpt":{"rendered":"<p>Consigue un sabor conveniente con el AIVONO AIM PUFF STAR 6500 Puffs. Bobina de malla de 1,2\u03a9, 13ml, recargable. Ideal para el disfrute personal o la distribuci\u00f3n al por mayor a granel.<\/p>","protected":false},"featured_media":1038,"comment_status":"open","ping_status":"closed","template":"","meta":[],"product_brand":[],"product_cat":[19,37,67,21,18,20,23,24,22,25,26,27,28,29,30,31,32,33,34,35,36],"product_tag":[],"class_list":{"0":"post-661","1":"product","2":"type-product","3":"status-publish","4":"has-post-thumbnail","6":"product_cat-5000-puffs-disposable-vape","7":"product_cat-8000-puffs-disposable-vape","8":"product_cat-aivono","9":"product_cat-big-puffs-vapes","10":"product_cat-different-puffs-of-disposable-vapes","11":"product_cat-disposable-vape-types","12":"product_cat-disposable-vapes-in-austria","13":"product_cat-disposable-vapes-in-belgium","14":"product_cat-disposable-vapes-in-europe","15":"product_cat-disposable-vapes-in-france","16":"product_cat-disposable-vapes-in-germany","17":"product_cat-disposable-vapes-in-hungary","18":"product_cat-disposable-vapes-in-ltaly","19":"product_cat-disposable-vapes-in-netherlands","20":"product_cat-disposable-vapes-in-norway","21":"product_cat-disposable-vapes-in-poland","22":"product_cat-disposable-vapes-in-portugal","23":"product_cat-disposable-vapes-in-spain","24":"product_cat-disposable-vapes-in-sweden","25":"product_cat-disposable-vapes-in-switzerland","26":"product_cat-rechargeable-vapes","28":"first","29":"instock","30":"shipping-taxable","31":"purchasable","32":"product-type-variable","33":"has-default-attributes"},"jetpack_sharing_enabled":true,"tiered_pricing_type":"fixed","tiered_pricing_fixed_rules":{"2000":5.589999999999999857891452847979962825775146484375},"tiered_pricing_product_settings":{"layout":"default","base_unit_name":{"singular":null,"plural":null},"default_variation":null},"tiered_pricing_minimum_quantity":1000,"tiered_pricing_roles_data":[],"tiered_pricing_percentage_rules":[],"tiered_pricing_maximum_quantity":null,"tiered_pricing_quantity_step":"10","_links":{"self":[{"href":"https:\/\/volovape.com\/es\/wp-json\/wp\/v2\/product\/661","targetHints":{"allow":["GET"]}}],"collection":[{"href":"https:\/\/volovape.com\/es\/wp-json\/wp\/v2\/product"}],"about":[{"href":"https:\/\/volovape.com\/es\/wp-json\/wp\/v2\/types\/product"}],"replies":[{"embeddable":true,"href":"https:\/\/volovape.com\/es\/wp-json\/wp\/v2\/comments?post=661"}],"wp:featuredmedia":[{"embeddable":true,"href":"https:\/\/volovape.com\/es\/wp-json\/wp\/v2\/media\/1038"}],"wp:attachment":[{"href":"https:\/\/volovape.com\/es\/wp-json\/wp\/v2\/media?parent=661"}],"wp:term":[{"taxonomy":"product_brand","embeddable":true,"href":"https:\/\/volovape.com\/es\/wp-json\/wp\/v2\/product_brand?post=661"},{"taxonomy":"product_cat","embeddable":true,"href":"https:\/\/volovape.com\/es\/wp-json\/wp\/v2\/product_cat?post=661"},{"taxonomy":"product_tag","embeddable":true,"href":"https:\/\/volovape.com\/es\/wp-json\/wp\/v2\/product_tag?post=661"}],"curies":[{"name":"Gracias","href":"https:\/\/api.w.org\/{rel}","templated":true}]}}