{"id":6250,"date":"2024-11-29T04:36:13","date_gmt":"2024-11-29T04:36:13","guid":{"rendered":"https:\/\/volovape.com\/?post_type=product&#038;p=6250"},"modified":"2025-08-07T08:19:53","modified_gmt":"2025-08-07T08:19:53","slug":"jnr-shisha-max-22000-22k-bocanadas","status":"publish","type":"product","link":"https:\/\/volovape.com\/es\/product\/jnr-shisha-max-22000-22k-puffs\/","title":{"rendered":"JNR Shisha Max 22000 Puffs Hookah Edition Vape Desechable - Triple Malla, Flujo de Aire Ajustable"},"content":{"rendered":"<p><iframe title=\"Reproductor de v\u00eddeo de VideoPress\" aria-label='Reproductor de v\u00eddeo de VideoPress' width='421' height='750' src='https:\/\/videopress.com\/embed\/WoXrFsri?hd=0&amp;cover=1' frameborder='0' allowfullscreen allow='clipboard-write'><\/iframe><script src='https:\/\/v0.wordpress.com\/js\/next\/videopress-iframe.js?m=1739540970'><\/script><\/p>\n<p><strong>JNR Shisha Max 22000 Puffs Vape Desechable<\/strong> - Experimenta el vapeo inspirado en el Hookah con la tecnolog\u00eda de bobina de malla triple.<\/p>\n<p>El <strong>Shisha JNR Max 22000 bocanadas<\/strong> trae la rica y sabrosa experiencia del narguile tradicional a un moderno y c\u00f3modo vaporizador desechable. Ofrece una impresionante <strong>22.000 bocanadas<\/strong> y una generosa <strong>29 ml de capacidad de e-l\u00edquido<\/strong>Este dispositivo garantiza una experiencia duradera y satisfactoria. Alimentado por un robusto <strong>Bater\u00eda recargable de 1100 mAh<\/strong> con <strong>Carga tipo C<\/strong>, proporciona un uso prolongado y recargas r\u00e1pidas. La innovadora <strong>Bobina de triple malla<\/strong> proporciona un sabor intenso y un vapor denso, reproduciendo la profunda satisfacci\u00f3n de una sesi\u00f3n de narguile. Con <strong>flujo de aire ajustable<\/strong> y una clara <strong>bater\u00eda y pantalla l\u00edquida<\/strong>Con la nueva interfaz de usuario, puedes personalizar y controlar tu experiencia de vapeo. Disponible en <strong>15 sabores \u00fanicos<\/strong>, el <strong>Shisha JNR Max 22000 bocanadas<\/strong> es perfecto para aquellos que buscan un vaporizador de primera calidad inspirado en la hookah, ideal tanto para el disfrute personal como para el <strong>vape desechable al por mayor<\/strong>.<\/p>\n<h3><strong>JNR Shisha Max 22000 Puffs Caracter\u00edsticas:<\/strong><\/h3>\n<ul>\n<li>Puffs: Hasta 22.000<\/li>\n<li>Capacidad del e-l\u00edquido: 29ml<\/li>\n<li>Bater\u00eda: 1100mAh (recargable)<\/li>\n<li>Carga: Tipo-C<\/li>\n<li>Bobina: Bobina Triple Mesh<\/li>\n<li>Flujo de aire: Ajustable<\/li>\n<li>Pantalla: Bater\u00eda y pantalla l\u00edquida<\/li>\n<li>Intensidad de nicotina: 2%<\/li>\n<\/ul>\n<h4>Preguntas frecuentes<\/h4>\n<h5>\u00bfC\u00f3mo mejora la bobina de malla triple la experiencia de vapeo?<\/h5>\n<p>El sistema de triple bobina de malla del JNR Shisha Max 22000 Puffs est\u00e1 dise\u00f1ado para maximizar el sabor y la producci\u00f3n de vapor. Asegura un calentamiento uniforme y una mayor superficie para la vaporizaci\u00f3n del e-l\u00edquido, proporcionando un sabor rico e intenso y un vapor denso y suave, que recuerda a una sesi\u00f3n de narguile tradicional.<\/p>\n<h5>\u00bfDe verdad puedo conseguir 22.000 caladas con un solo aparato?<\/h5>\n<p>S\u00ed. La JNR Shisha Max 22000 Puffs est\u00e1 dise\u00f1ada para un uso prolongado, ofreciendo hasta 22.000 caladas. Esta alta capacidad, combinada con un dep\u00f3sito de e-l\u00edquido de 29ml y una potente bater\u00eda recargable de 1100mAh, la convierten en una elecci\u00f3n duradera y fiable, perfecta para <strong>pedidos al por mayor<\/strong> necesidades.<\/p>\n<h5>\u00bfQu\u00e9 hace que la bater\u00eda y la pantalla l\u00edquida sean tan \u00fatiles?<\/h5>\n<p>La pantalla integrada de bater\u00eda y l\u00edquido proporciona informaci\u00f3n en tiempo real sobre el nivel de bater\u00eda y el consumo de e-l\u00edquido. Esta funci\u00f3n te permite controlar tu dispositivo y garantiza que nunca te pille desprevenido, mejorando la comodidad general y la experiencia del usuario.<\/p>\n<h5>\u00bfC\u00f3mo puedo estar seguro de la calidad del producto y de la atenci\u00f3n al cliente?<\/h5>\n<p>Apoyamos el pago de PayPal y el servicio de protecci\u00f3n del comprador. Tambi\u00e9n puede consultar nuestros comentarios en <a href=\"https:\/\/www.trustpilot.com\/review\/volovape.com?utm_medium=trustbox&amp;utm_source=TrustBoxReviewCollector\">TrustPilot<\/a>.<\/p>","protected":false},"excerpt":{"rendered":"<p>Saborea el JNR Shisha Max 22000 Puffs Disposable Vape, un dispositivo inspirado en la hookah con 29ml de e-l\u00edquido, bater\u00eda de 1100mAh, bobinas de triple malla, nicotina 2%. Venta al por mayor, 15 sabores, carga Tipo-C.<\/p>","protected":false},"featured_media":6342,"comment_status":"open","ping_status":"closed","template":"","meta":[],"product_brand":[],"product_cat":[79,63,21,18,20,23,24,22,25,26,27,28,29,30,31,32,33,34,35,36,47,40],"product_tag":[],"class_list":{"0":"post-6250","1":"product","2":"type-product","3":"status-publish","4":"has-post-thumbnail","6":"product_cat-jnr","7":"product_cat-30000-puffs-disposable-vape","8":"product_cat-big-puffs-vapes","9":"product_cat-different-puffs-of-disposable-vapes","10":"product_cat-disposable-vape-types","11":"product_cat-disposable-vapes-in-austria","12":"product_cat-disposable-vapes-in-belgium","13":"product_cat-disposable-vapes-in-europe","14":"product_cat-disposable-vapes-in-france","15":"product_cat-disposable-vapes-in-germany","16":"product_cat-disposable-vapes-in-hungary","17":"product_cat-disposable-vapes-in-ltaly","18":"product_cat-disposable-vapes-in-netherlands","19":"product_cat-disposable-vapes-in-norway","20":"product_cat-disposable-vapes-in-poland","21":"product_cat-disposable-vapes-in-portugal","22":"product_cat-disposable-vapes-in-spain","23":"product_cat-disposable-vapes-in-sweden","24":"product_cat-disposable-vapes-in-switzerland","25":"product_cat-rechargeable-vapes","26":"product_cat-shisha-hookah-vapes","27":"product_cat-smart-screen-vapes","29":"first","30":"instock","31":"shipping-taxable","32":"purchasable","33":"product-type-variable","34":"has-default-attributes"},"jetpack_sharing_enabled":true,"tiered_pricing_type":"fixed","tiered_pricing_fixed_rules":{"2000":6.8499999999999996447286321199499070644378662109375},"tiered_pricing_product_settings":{"layout":"default","base_unit_name":{"singular":null,"plural":null},"default_variation":null},"tiered_pricing_minimum_quantity":1000,"tiered_pricing_roles_data":[],"tiered_pricing_percentage_rules":[],"tiered_pricing_maximum_quantity":null,"tiered_pricing_quantity_step":"10","_links":{"self":[{"href":"https:\/\/volovape.com\/es\/wp-json\/wp\/v2\/product\/6250","targetHints":{"allow":["GET"]}}],"collection":[{"href":"https:\/\/volovape.com\/es\/wp-json\/wp\/v2\/product"}],"about":[{"href":"https:\/\/volovape.com\/es\/wp-json\/wp\/v2\/types\/product"}],"replies":[{"embeddable":true,"href":"https:\/\/volovape.com\/es\/wp-json\/wp\/v2\/comments?post=6250"}],"wp:featuredmedia":[{"embeddable":true,"href":"https:\/\/volovape.com\/es\/wp-json\/wp\/v2\/media\/6342"}],"wp:attachment":[{"href":"https:\/\/volovape.com\/es\/wp-json\/wp\/v2\/media?parent=6250"}],"wp:term":[{"taxonomy":"product_brand","embeddable":true,"href":"https:\/\/volovape.com\/es\/wp-json\/wp\/v2\/product_brand?post=6250"},{"taxonomy":"product_cat","embeddable":true,"href":"https:\/\/volovape.com\/es\/wp-json\/wp\/v2\/product_cat?post=6250"},{"taxonomy":"product_tag","embeddable":true,"href":"https:\/\/volovape.com\/es\/wp-json\/wp\/v2\/product_tag?post=6250"}],"curies":[{"name":"Gracias","href":"https:\/\/api.w.org\/{rel}","templated":true}]}}