{"id":6249,"date":"2024-11-29T04:36:13","date_gmt":"2024-11-29T04:36:13","guid":{"rendered":"https:\/\/volovape.com\/?post_type=product&#038;p=6249"},"modified":"2025-08-07T08:19:52","modified_gmt":"2025-08-07T08:19:52","slug":"reloj-vaporizador-jnr-30000-30k-caladas","status":"publish","type":"product","link":"https:\/\/volovape.com\/es\/product\/jnr-vape-watch-30000-30k-puffs\/","title":{"rendered":"JNR Vape Watch 30000 Puffs - Smartwatch &amp; Vape desechable (Modo Dual)"},"content":{"rendered":"<p><iframe title=\"Reproductor de v\u00eddeo de VideoPress\" aria-label='Reproductor de v\u00eddeo de VideoPress' width='500' height='281' src='https:\/\/videopress.com\/embed\/3s6S9iWa?hd=0&amp;cover=1' frameborder='0' allowfullscreen allow='clipboard-write'><\/iframe><script src='https:\/\/v0.wordpress.com\/js\/next\/videopress-iframe.js?m=1739540970'><\/script><\/p>\n<p><strong>JNR Vape Watch 30000 Puffs<\/strong> - El revolucionario h\u00edbrido de reloj inteligente y vaporizador desechable.<\/p>\n<p>Experimente el futuro del vapeo con el <strong>JNR Vape Watch 30000 Puffs<\/strong>un dispositivo innovador que integra a la perfecci\u00f3n un vapeador desechable de alto rendimiento con la funcionalidad de un smartwatch. Este innovador dise\u00f1o ofrece una comodidad sin precedentes, permiti\u00e9ndole disfrutar de hasta 30.000 caladas en modo normal o 18.000 caladas en modo Pulse. El dispositivo cuenta con una capacidad sustancial de 19 ml de e-l\u00edquido, una bater\u00eda recargable de 1000 mAh de larga duraci\u00f3n con carga Type-C, y bobinas de malla duales para mejorar el sabor y la producci\u00f3n de vapor. El exclusivo dise\u00f1o de reloj extra\u00edble te permite desmontar el vaporizador para un uso tradicional o llevarlo como un smartwatch, con funciones de llamada, texto, control remoto de la c\u00e1mara, b\u00fasqueda de tel\u00e9fono y bloqueo privado. Disponible en 10 deliciosos sabores, el JNR Vape Watch 30000 Puffs redefine la experiencia de vapear, perfecto para el disfrute personal y la diversi\u00f3n. <strong>vape desechable al por mayor<\/strong>.<\/p>\n<h3><strong>JNR Vape Watch 30000 Puffs Caracter\u00edsticas:<\/strong><\/h3>\n<ul>\n<li>Dos modos de vapeo: Modo Normal (hasta 30.000 caladas) \/ Modo Pulso (hasta 18.000 caladas)<\/li>\n<li>Capacidad del e-l\u00edquido: 19ml<\/li>\n<li>Bater\u00eda: 1000mAh (Recargable)<\/li>\n<li>Carga: Tipo-C<\/li>\n<li>Bobina: Dual Mesh Coils<\/li>\n<li>Concentraci\u00f3n de nicotina: 2% (20 mg)<\/li>\n<li>Smartwatch Caracter\u00edsticas: Llamadas, SMS, C\u00e1mara remota, Buscar tel\u00e9fono, Bloqueo privado, Aplicaci\u00f3n responsive<\/li>\n<li>Dise\u00f1o: Reloj extra\u00edble<\/li>\n<\/ul>\n<h4>Preguntas frecuentes<\/h4>\n<h5>\u00bfC\u00f3mo mejora la usabilidad el dise\u00f1o del reloj extra\u00edble?<\/h5>\n<p>El JNR Vape Watch 30000 Puffs ofrece un dise\u00f1o \u00fanico de reloj extra\u00edble, que le permite separar la parte de vapeo para un uso tradicional o llevarlo como un smartwatch. Este dise\u00f1o proporciona la m\u00e1xima flexibilidad y comodidad para el vapeo sobre la marcha y la funcionalidad inteligente.<\/p>\n<h5>\u00bfCu\u00e1les son las ventajas de tener dos modos de vaporizaci\u00f3n?<\/h5>\n<p>El JNR Vape Watch 30000 Puffs dispone de dos modos de vapeo: Modo Normal (hasta 30.000 caladas) y Modo Pulso (hasta 18.000 caladas). Esto te permite personalizar tu experiencia de vapeo en funci\u00f3n de tus preferencias, tanto si prefieres un vapeo m\u00e1s duradero como un sabor y una producci\u00f3n de vapor m\u00e1s intensos.<\/p>\n<h5>\u00bfPuedo realmente hacer llamadas y enviar mensajes de texto desde este dispositivo?<\/h5>\n<p>\u00a1S\u00ed! El JNR Vape Watch 30000 Puffs integra la funcionalidad de smartwatch, permiti\u00e9ndote hacer y recibir llamadas, enviar y recibir mensajes de texto, controlar la c\u00e1mara de tu tel\u00e9fono de forma remota, encontrar tu tel\u00e9fono e incluso asegurar tu dispositivo con un bloqueo privado. Todas estas funciones son accesibles a trav\u00e9s de una app responsiva, lo que lo convierte en un dispositivo verdaderamente revolucionario.<\/p>\n<h5>\u00bfC\u00f3mo puedo estar seguro de la calidad del producto y de la atenci\u00f3n al cliente?<\/h5>\n<p>Apoyamos el pago de PayPal y el servicio de protecci\u00f3n del comprador. Tambi\u00e9n puede consultar nuestros comentarios en <a href=\"https:\/\/www.trustpilot.com\/review\/volovape.com?utm_medium=trustbox&amp;utm_source=TrustBoxReviewCollector\">TrustPilot<\/a>.<\/p>","protected":false},"excerpt":{"rendered":"<p>Experimenta el JNR Vape Watch 30000 Puffs, un h\u00edbrido smartwatch-vape. Ofrece 19ml de e-l\u00edquido, bater\u00eda de 1000mAh, doble bobina de malla, funciones inteligentes, nicotina 2%. Venta al por mayor, 10 sabores, carga Type-C.<\/p>","protected":false},"featured_media":6330,"comment_status":"open","ping_status":"closed","template":"","meta":[],"product_brand":[],"product_cat":[79,63,21,18,39,20,23,24,22,25,26,27,28,29,30,31,32,33,34,35,36,40],"product_tag":[],"class_list":{"0":"post-6249","1":"product","2":"type-product","3":"status-publish","4":"has-post-thumbnail","6":"product_cat-jnr","7":"product_cat-30000-puffs-disposable-vape","8":"product_cat-big-puffs-vapes","9":"product_cat-different-puffs-of-disposable-vapes","10":"product_cat-digital-box-vapes","11":"product_cat-disposable-vape-types","12":"product_cat-disposable-vapes-in-austria","13":"product_cat-disposable-vapes-in-belgium","14":"product_cat-disposable-vapes-in-europe","15":"product_cat-disposable-vapes-in-france","16":"product_cat-disposable-vapes-in-germany","17":"product_cat-disposable-vapes-in-hungary","18":"product_cat-disposable-vapes-in-ltaly","19":"product_cat-disposable-vapes-in-netherlands","20":"product_cat-disposable-vapes-in-norway","21":"product_cat-disposable-vapes-in-poland","22":"product_cat-disposable-vapes-in-portugal","23":"product_cat-disposable-vapes-in-spain","24":"product_cat-disposable-vapes-in-sweden","25":"product_cat-disposable-vapes-in-switzerland","26":"product_cat-rechargeable-vapes","27":"product_cat-smart-screen-vapes","29":"first","30":"instock","31":"shipping-taxable","32":"purchasable","33":"product-type-variable","34":"has-default-attributes"},"jetpack_sharing_enabled":true,"tiered_pricing_type":"fixed","tiered_pricing_fixed_rules":{"2000":9.75},"tiered_pricing_product_settings":{"layout":"default","base_unit_name":{"singular":null,"plural":null},"default_variation":null},"tiered_pricing_minimum_quantity":1000,"tiered_pricing_roles_data":[],"tiered_pricing_percentage_rules":[],"tiered_pricing_maximum_quantity":null,"tiered_pricing_quantity_step":"10","_links":{"self":[{"href":"https:\/\/volovape.com\/es\/wp-json\/wp\/v2\/product\/6249","targetHints":{"allow":["GET"]}}],"collection":[{"href":"https:\/\/volovape.com\/es\/wp-json\/wp\/v2\/product"}],"about":[{"href":"https:\/\/volovape.com\/es\/wp-json\/wp\/v2\/types\/product"}],"replies":[{"embeddable":true,"href":"https:\/\/volovape.com\/es\/wp-json\/wp\/v2\/comments?post=6249"}],"wp:featuredmedia":[{"embeddable":true,"href":"https:\/\/volovape.com\/es\/wp-json\/wp\/v2\/media\/6330"}],"wp:attachment":[{"href":"https:\/\/volovape.com\/es\/wp-json\/wp\/v2\/media?parent=6249"}],"wp:term":[{"taxonomy":"product_brand","embeddable":true,"href":"https:\/\/volovape.com\/es\/wp-json\/wp\/v2\/product_brand?post=6249"},{"taxonomy":"product_cat","embeddable":true,"href":"https:\/\/volovape.com\/es\/wp-json\/wp\/v2\/product_cat?post=6249"},{"taxonomy":"product_tag","embeddable":true,"href":"https:\/\/volovape.com\/es\/wp-json\/wp\/v2\/product_tag?post=6249"}],"curies":[{"name":"Gracias","href":"https:\/\/api.w.org\/{rel}","templated":true}]}}