{"id":6248,"date":"2024-11-29T04:36:13","date_gmt":"2024-11-29T04:36:13","guid":{"rendered":"https:\/\/volovape.com\/?post_type=product&#038;p=6248"},"modified":"2025-08-07T08:19:51","modified_gmt":"2025-08-07T08:19:51","slug":"jnr-phone-vape-30000-30k-bocanadas","status":"publish","type":"product","link":"https:\/\/volovape.com\/es\/product\/jnr-phone-vape-30000-30k-puffs\/","title":{"rendered":"JNR Phone Vape 30000 Puffs - Vape inteligente desechable con pantalla t\u00e1ctil (llamadas, mensajes de texto, c\u00e1mara)"},"content":{"rendered":"<p><iframe title=\"Reproductor de v\u00eddeo de VideoPress\" aria-label='Reproductor de v\u00eddeo de VideoPress' width='500' height='281' src='https:\/\/videopress.com\/embed\/tgY6TILp?hd=0&amp;cover=1' frameborder='0' allowfullscreen allow='clipboard-write'><\/iframe><script src='https:\/\/v0.wordpress.com\/js\/next\/videopress-iframe.js?m=1739540970'><\/script><\/p>\n<p><strong>JNR Phone Vape 30000 bocanadas<\/strong> - El Primer Vape Desechable Inteligente del Mundo con Pantalla T\u00e1ctil.<\/p>\n<p>Experimente el futuro del vapeo con el <strong>JNR Phone Vape 30000 bocanadas<\/strong>un dispositivo revolucionario que combina a la perfecci\u00f3n la tecnolog\u00eda de vapeo m\u00e1s avanzada con la comodidad de un smartphone. No se trata solo de un vapeador desechable, sino de un compa\u00f1ero inteligente que ofrece un vapeo y una conectividad excepcionales. Elige entre el Modo Normal (hasta 30.000 caladas) y el Modo Pulso (hasta 18.000 caladas) para disfrutar de una experiencia personalizada. Con una pantalla t\u00e1ctil f\u00e1cil de usar, funciones de llamada y texto, control remoto de la c\u00e1mara y funci\u00f3n para encontrar el tel\u00e9fono, este dispositivo te mantiene conectado a la vez que te ofrece un rendimiento superior. Con una capacidad de 19 ml de e-l\u00edquido, una bater\u00eda recargable de 850 mAh, y el flujo de aire ajustable, el JNR Phone Vape est\u00e1 dise\u00f1ado para la comodidad y la satisfacci\u00f3n. Disponible en 10 deliciosos sabores, este dispositivo es perfecto para el disfrute personal y <strong>vape desechable al por mayor<\/strong>.<\/p>\n<h3><strong>JNR Phone Vape 30000 Puffs Caracter\u00edsticas:<\/strong><\/h3>\n<ul>\n<li>Dos modos de vapeo: Modo Normal (hasta 30.000 caladas) \/ Modo Pulso (hasta 18.000 caladas)<\/li>\n<li>Capacidad del e-l\u00edquido: 19ml<\/li>\n<li>Bater\u00eda: 850mAh (recargable)<\/li>\n<li>Carga: Tipo-C<\/li>\n<li>Concentraci\u00f3n de nicotina: 2% (20 mg)<\/li>\n<li>Operaci\u00f3n: Activado por sorteo<\/li>\n<li>Pantalla: Pantalla t\u00e1ctil<\/li>\n<li>Flujo de aire: Ajustable<\/li>\n<li>Funciones inteligentes: Llamada, Texto, C\u00e1mara Remota, Encontrar Tel\u00e9fono, Bloqueo Privado, Smooth App<\/li>\n<\/ul>\n<h4>Preguntas frecuentes<\/h4>\n<h5>\u00bfC\u00f3mo mejora la pantalla t\u00e1ctil la experiencia de vapeo?<\/h5>\n<p>El JNR Phone Vape 30000 Puffs cuenta con una pantalla t\u00e1ctil f\u00e1cil de usar, que proporciona un control intuitivo sobre las funciones inteligentes del dispositivo y la configuraci\u00f3n de vapeo. Esto hace que la navegaci\u00f3n a trav\u00e9s de la llamada, texto, c\u00e1mara remota, y otras funciones sin problemas y sencilla, que lo distingue de otros vapes desechables.<\/p>\n<h5>\u00bfCu\u00e1les son las ventajas de tener dos modos de vapeo?<\/h5>\n<p>El JNR Phone Vape 30000 Puffs ofrece dos modos de vapeo: Modo Regular (hasta 30.000 caladas) y Modo Pulso (hasta 18.000 caladas). Esto le permite personalizar su experiencia de vapeo en funci\u00f3n de sus preferencias, ya sea que priorice la longevidad o un mejor sabor y producci\u00f3n de vapor. Esta versatilidad lo hace ideal para <strong>pedidos al por mayor<\/strong> necesidades.<\/p>\n<h5>\u00bfPuedo realmente hacer llamadas y enviar mensajes de texto desde este vape?<\/h5>\n<p>\u00a1S\u00ed! El JNR Phone Vape 30000 Puffs integra la funcionalidad de un smartphone, permiti\u00e9ndote hacer y recibir llamadas, enviar y recibir mensajes de texto, controlar la c\u00e1mara de tu tel\u00e9fono de forma remota e incluso localizar tu smartphone extraviado. Estas funciones, combinadas con una interfaz de aplicaci\u00f3n fluida, lo convierten en un dispositivo realmente innovador.<\/p>\n<h5>\u00bfC\u00f3mo puedo estar seguro de la calidad del producto y de la atenci\u00f3n al cliente?<\/h5>\n<p>Apoyamos el pago de PayPal y el servicio de protecci\u00f3n del comprador. Tambi\u00e9n puede consultar nuestros comentarios en <a href=\"https:\/\/www.trustpilot.com\/review\/volovape.com?utm_medium=trustbox&amp;utm_source=TrustBoxReviewCollector\">TrustPilot<\/a>.<\/p>","protected":false},"excerpt":{"rendered":"<p>Descubre el JNR Phone Vape 30000 Puffs, el primer combo smartphone-vape. Caracter\u00edsticas 19ml e-l\u00edquido, bater\u00eda 850mAh, pantalla t\u00e1ctil, funciones inteligentes, 2% nicotina. Compra al por mayor, 10 sabores, carga Tipo-C.<\/p>","protected":false},"featured_media":6318,"comment_status":"open","ping_status":"closed","template":"","meta":[],"product_brand":[],"product_cat":[79,63,21,18,39,20,23,24,22,25,26,27,28,29,30,31,32,33,34,35,36,40],"product_tag":[],"class_list":{"0":"post-6248","1":"product","2":"type-product","3":"status-publish","4":"has-post-thumbnail","6":"product_cat-jnr","7":"product_cat-30000-puffs-disposable-vape","8":"product_cat-big-puffs-vapes","9":"product_cat-different-puffs-of-disposable-vapes","10":"product_cat-digital-box-vapes","11":"product_cat-disposable-vape-types","12":"product_cat-disposable-vapes-in-austria","13":"product_cat-disposable-vapes-in-belgium","14":"product_cat-disposable-vapes-in-europe","15":"product_cat-disposable-vapes-in-france","16":"product_cat-disposable-vapes-in-germany","17":"product_cat-disposable-vapes-in-hungary","18":"product_cat-disposable-vapes-in-ltaly","19":"product_cat-disposable-vapes-in-netherlands","20":"product_cat-disposable-vapes-in-norway","21":"product_cat-disposable-vapes-in-poland","22":"product_cat-disposable-vapes-in-portugal","23":"product_cat-disposable-vapes-in-spain","24":"product_cat-disposable-vapes-in-sweden","25":"product_cat-disposable-vapes-in-switzerland","26":"product_cat-rechargeable-vapes","27":"product_cat-smart-screen-vapes","29":"first","30":"instock","31":"shipping-taxable","32":"purchasable","33":"product-type-variable","34":"has-default-attributes"},"jetpack_sharing_enabled":true,"tiered_pricing_type":"fixed","tiered_pricing_fixed_rules":{"2000":12.589999999999999857891452847979962825775146484375},"tiered_pricing_product_settings":{"layout":"default","base_unit_name":{"singular":null,"plural":null},"default_variation":null},"tiered_pricing_minimum_quantity":1000,"tiered_pricing_roles_data":[],"tiered_pricing_percentage_rules":[],"tiered_pricing_maximum_quantity":null,"tiered_pricing_quantity_step":"10","_links":{"self":[{"href":"https:\/\/volovape.com\/es\/wp-json\/wp\/v2\/product\/6248","targetHints":{"allow":["GET"]}}],"collection":[{"href":"https:\/\/volovape.com\/es\/wp-json\/wp\/v2\/product"}],"about":[{"href":"https:\/\/volovape.com\/es\/wp-json\/wp\/v2\/types\/product"}],"replies":[{"embeddable":true,"href":"https:\/\/volovape.com\/es\/wp-json\/wp\/v2\/comments?post=6248"}],"wp:featuredmedia":[{"embeddable":true,"href":"https:\/\/volovape.com\/es\/wp-json\/wp\/v2\/media\/6318"}],"wp:attachment":[{"href":"https:\/\/volovape.com\/es\/wp-json\/wp\/v2\/media?parent=6248"}],"wp:term":[{"taxonomy":"product_brand","embeddable":true,"href":"https:\/\/volovape.com\/es\/wp-json\/wp\/v2\/product_brand?post=6248"},{"taxonomy":"product_cat","embeddable":true,"href":"https:\/\/volovape.com\/es\/wp-json\/wp\/v2\/product_cat?post=6248"},{"taxonomy":"product_tag","embeddable":true,"href":"https:\/\/volovape.com\/es\/wp-json\/wp\/v2\/product_tag?post=6248"}],"curies":[{"name":"Gracias","href":"https:\/\/api.w.org\/{rel}","templated":true}]}}