{"id":6247,"date":"2024-11-29T04:36:13","date_gmt":"2024-11-29T04:36:13","guid":{"rendered":"https:\/\/volovape.com\/?post_type=product&#038;p=6247"},"modified":"2025-08-07T08:19:50","modified_gmt":"2025-08-07T08:19:50","slug":"jnr-media-max-40000-40k-bocanadas","status":"publish","type":"product","link":"https:\/\/volovape.com\/es\/product\/jnr-media-max-40000-40k-puffs\/","title":{"rendered":"JNR Media Max 40000 Puffs Smart Vape Desechable - Llamadas, Textos, Control de C\u00e1mara"},"content":{"rendered":"<p><strong>JNR Media Max 40000 inhalaciones<\/strong> - El Vape Desechable Inteligente con Caracter\u00edsticas Inigualables.<\/p>\n<p>El <strong>JNR Media Max 40000 inhalaciones<\/strong> redefine el vapeo desechable integrando funcionalidades similares a las de un smartphone en un dispositivo de gran capacidad. Ofrece una asombrosa <strong>40.000 bocanadas<\/strong> y una importante <strong>Capacidad de 21 ml de e-l\u00edquido<\/strong>Este vaporizador est\u00e1 dise\u00f1ado para un disfrute prolongado. Alimentado por un robusto <strong>Bater\u00eda recargable de 1000 mAh<\/strong> con <strong>Carga tipo C<\/strong>garantiza un rendimiento fiable. El avanzado <strong>tecnolog\u00eda de bobina de doble malla<\/strong> ofrece un sabor y una producci\u00f3n de vapor excepcionales. Funciones inteligentes exclusivas, como llamadas y mensajes de texto, control remoto de la c\u00e1mara y funci\u00f3n de b\u00fasqueda de tel\u00e9fono\/vapor, todas accesibles a trav\u00e9s de un bot\u00f3n de gran tama\u00f1o. <strong>Pantalla HD de 2,4\u201d<\/strong>de la marca, distinguen a este dispositivo. Disponible en <strong>10 deliciosos sabores<\/strong>, el <strong>JNR Media Max 40000 inhalaciones<\/strong> es perfecto para los usuarios que buscan una experiencia de vapeo multifuncional y de alto rendimiento, ideal tanto para uso personal como para <strong>vape desechable al por mayor<\/strong>.<\/p>\n<h3><strong>JNR Media Max 40000 Puffs Caracter\u00edsticas:<\/strong><\/h3>\n<ul>\n<li>Funciones inteligentes: Llamada, Texto, C\u00e1mara Remota, Encontrar Tel\u00e9fono\/Vape<\/li>\n<li>Bocanadas: Hasta 40.000 caladas<\/li>\n<li>Capacidad del e-l\u00edquido: 21ml<\/li>\n<li>Bater\u00eda: 1000mAh (Recargable)<\/li>\n<li>Carga: Tipo-C<\/li>\n<li>Bobina: Bobina Dual Mesh<\/li>\n<li>Flujo de aire: Ajustable<\/li>\n<li>Pantalla: 2,4\u2033 HD Display<\/li>\n<li>Fuerza de la nicotina: 5%<\/li>\n<\/ul>\n<h4>Preguntas frecuentes<\/h4>\n<h5>\u00bfC\u00f3mo mejoran las funciones inteligentes mi experiencia de vapeo?<\/h5>\n<p>El JNR Media Max 40000 Puffs va m\u00e1s all\u00e1 del vapeo t\u00edpico al ofrecer funciones inteligentes integradas como hacer llamadas, enviar mensajes de texto y controlar a distancia la c\u00e1mara de tu tel\u00e9fono. Esto transforma tu vapeador en un gadget multifuncional, a\u00f1adiendo comodidad a tu vida diaria. La funci\u00f3n \"encontrar tel\u00e9fono\/vape\" es especialmente \u00fatil para evitar extrav\u00edos.<\/p>\n<h5>\u00bfDe verdad puedo conseguir 40.000 caladas con un solo aparato?<\/h5>\n<p>S\u00ed. El JNR Media Max 40000 Puffs est\u00e1 dise\u00f1ado para la longevidad, proporcionando hasta 40.000 caladas. Esta alta capacidad, combinada con un dep\u00f3sito de e-l\u00edquido de 21ml y una potente bater\u00eda recargable de 1000mAh, asegura un uso prolongado, convirti\u00e9ndolo en una excelente opci\u00f3n para <strong>pedidos al por mayor<\/strong> necesidades.<\/p>\n<h5>\u00bfQu\u00e9 hace que la pantalla HD de 2,4\" sea tan exclusiva?<\/h5>\n<p>La gran pantalla HD de 2,4\" permite navegar f\u00e1cilmente por las funciones inteligentes y proporciona informaci\u00f3n clara sobre los ajustes de vaporizaci\u00f3n, el recuento de caladas y la duraci\u00f3n de la bater\u00eda. Esta interfaz f\u00e1cil de usar hace que el JNR Media Max 40000 Puffs destaque en el mercado de los vapeadores desechables.<\/p>\n<h5>\u00bfC\u00f3mo puedo estar seguro de la calidad del producto y de la atenci\u00f3n al cliente?<\/h5>\n<p>Apoyamos el pago de PayPal y el servicio de protecci\u00f3n del comprador. Tambi\u00e9n puede consultar nuestros comentarios en <a href=\"https:\/\/www.trustpilot.com\/review\/volovape.com?utm_medium=trustbox&amp;utm_source=TrustBoxReviewCollector\">TrustPilot<\/a>.<\/p>","protected":false},"excerpt":{"rendered":"<p>Transforma el vapeo con el JNR Media Max 40000 Puffs Smart Vape. Disfruta de 21ml de e-liquid, bater\u00eda de 1000mAh, pantalla HD de 2,4\u2033, funciones inteligentes, nicotina 5% y 10 sabores. Carga tipo C.<\/p>","protected":false},"featured_media":6306,"comment_status":"open","ping_status":"closed","template":"","meta":[],"product_brand":[],"product_cat":[79,74,21,18,39,20,23,24,22,25,26,27,28,29,30,31,32,33,34,35,36,40],"product_tag":[],"class_list":{"0":"post-6247","1":"product","2":"type-product","3":"status-publish","4":"has-post-thumbnail","6":"product_cat-jnr","7":"product_cat-40000-puffs-disposable-vape","8":"product_cat-big-puffs-vapes","9":"product_cat-different-puffs-of-disposable-vapes","10":"product_cat-digital-box-vapes","11":"product_cat-disposable-vape-types","12":"product_cat-disposable-vapes-in-austria","13":"product_cat-disposable-vapes-in-belgium","14":"product_cat-disposable-vapes-in-europe","15":"product_cat-disposable-vapes-in-france","16":"product_cat-disposable-vapes-in-germany","17":"product_cat-disposable-vapes-in-hungary","18":"product_cat-disposable-vapes-in-ltaly","19":"product_cat-disposable-vapes-in-netherlands","20":"product_cat-disposable-vapes-in-norway","21":"product_cat-disposable-vapes-in-poland","22":"product_cat-disposable-vapes-in-portugal","23":"product_cat-disposable-vapes-in-spain","24":"product_cat-disposable-vapes-in-sweden","25":"product_cat-disposable-vapes-in-switzerland","26":"product_cat-rechargeable-vapes","27":"product_cat-smart-screen-vapes","29":"first","30":"instock","31":"shipping-taxable","32":"purchasable","33":"product-type-variable","34":"has-default-attributes"},"jetpack_sharing_enabled":true,"tiered_pricing_type":"fixed","tiered_pricing_fixed_rules":{"2000":10.25},"tiered_pricing_product_settings":{"layout":"default","base_unit_name":{"singular":null,"plural":null},"default_variation":null},"tiered_pricing_minimum_quantity":1000,"tiered_pricing_roles_data":[],"tiered_pricing_percentage_rules":[],"tiered_pricing_maximum_quantity":null,"tiered_pricing_quantity_step":"10","_links":{"self":[{"href":"https:\/\/volovape.com\/es\/wp-json\/wp\/v2\/product\/6247","targetHints":{"allow":["GET"]}}],"collection":[{"href":"https:\/\/volovape.com\/es\/wp-json\/wp\/v2\/product"}],"about":[{"href":"https:\/\/volovape.com\/es\/wp-json\/wp\/v2\/types\/product"}],"replies":[{"embeddable":true,"href":"https:\/\/volovape.com\/es\/wp-json\/wp\/v2\/comments?post=6247"}],"wp:featuredmedia":[{"embeddable":true,"href":"https:\/\/volovape.com\/es\/wp-json\/wp\/v2\/media\/6306"}],"wp:attachment":[{"href":"https:\/\/volovape.com\/es\/wp-json\/wp\/v2\/media?parent=6247"}],"wp:term":[{"taxonomy":"product_brand","embeddable":true,"href":"https:\/\/volovape.com\/es\/wp-json\/wp\/v2\/product_brand?post=6247"},{"taxonomy":"product_cat","embeddable":true,"href":"https:\/\/volovape.com\/es\/wp-json\/wp\/v2\/product_cat?post=6247"},{"taxonomy":"product_tag","embeddable":true,"href":"https:\/\/volovape.com\/es\/wp-json\/wp\/v2\/product_tag?post=6247"}],"curies":[{"name":"Gracias","href":"https:\/\/api.w.org\/{rel}","templated":true}]}}