{"id":6245,"date":"2024-11-29T04:36:13","date_gmt":"2024-11-29T04:36:13","guid":{"rendered":"https:\/\/volovape.com\/?post_type=product&#038;p=6245"},"modified":"2025-11-04T06:54:05","modified_gmt":"2025-11-04T06:54:05","slug":"jnr-falon-16000-16k-bocanadas","status":"publish","type":"product","link":"https:\/\/volovape.com\/es\/product\/jnr-falon-16000-16k-puffs\/","title":{"rendered":"JNR Falcon 16000 Puffs Vapeador Desechable - Doble Malla, Flujo de Aire Ajustable, Dise\u00f1o de Cristal"},"content":{"rendered":"<p><iframe title=\"Reproductor de v\u00eddeo de VideoPress\" aria-label='Reproductor de v\u00eddeo de VideoPress' width='500' height='281' src='https:\/\/videopress.com\/embed\/IW3jjut3?hd=0&amp;cover=1' frameborder='0' allowfullscreen allow='clipboard-write'><\/iframe><script src='https:\/\/v0.wordpress.com\/js\/next\/videopress-iframe.js?m=1739540970'><\/script><\/p>\n<p><strong>Vape desechable JNR Falcon de 16 000 bocanadas, edici\u00f3n original<\/strong> - Disfrute de un estilo y unas prestaciones inigualables.<\/p>\n<p>El <strong>JNR Falcon 16000 bocanadas<\/strong> establece un nuevo est\u00e1ndar para los vaporizadores desechables, combinando un sofisticado dise\u00f1o artesanal de cristal con un rendimiento excepcional. Disfruta de hasta <strong>16.000 bocanadas<\/strong> de un generoso <strong>Capacidad de 22 ml de e-l\u00edquido<\/strong>para garantizar una experiencia duradera y satisfactoria. El avanzado <strong>Bobina de malla doble de 1 \u03a9<\/strong> ofrece un sabor rico y consistente, mientras que el <strong>flujo de aire ajustable<\/strong> permite un sorteo personalizado. Con <strong>28 opciones de sabor<\/strong> y un <strong>Concentraci\u00f3n de nicotina 2%<\/strong>este dispositivo satisface diversas preferencias. Equipado con un <strong>Bater\u00eda recargable de 850 mAh<\/strong> con <strong>Carga r\u00e1pida tipo C<\/strong>El Falcon 16000 ofrece fiabilidad y comodidad. Ideal para el disfrute personal o <strong>vape desechable al por mayor<\/strong>explore nuestra <strong>pedidos al por mayor<\/strong> opciones para un gran ahorro.<\/p>\n<h3><strong>JNR Falcon 16000 Puffs Caracter\u00edsticas:<\/strong><\/h3>\n<ul>\n<li>Nicotina: 2%<\/li>\n<li>Puffs: 16000<\/li>\n<li>Capacidad del e-l\u00edquido: 22mL<\/li>\n<li>Bater\u00eda: 850mAh (recargable)<\/li>\n<li>Bobina: 1\u03a9 Dual Mesh Coil<\/li>\n<li>Dise\u00f1o: Crystal Craft Exterior<\/li>\n<li>Flujo de aire: Ajustable<\/li>\n<li>Sabores: 28 opciones<\/li>\n<li>Carga: Tipo-C<\/li>\n<\/ul>\n<h4>Preguntas frecuentes<\/h4>\n<h5>\u00bfC\u00f3mo mejora mi experiencia de vapeo el flujo de aire ajustable?<\/h5>\n<p>La funci\u00f3n de flujo de aire ajustable le permite personalizar la resistencia a la extracci\u00f3n, lo que le permite cambiar entre un sabor concentrado y apretado o una producci\u00f3n de vapor m\u00e1s suelta y aireada, adaptando el vapeo a sus preferencias.<\/p>\n<h5>\u00bfQu\u00e9 m\u00e9todos de env\u00edo se utilizan?<\/h5>\n<p>Trabajamos con transportistas de confianza como UPS, DHL, FedEx y DPD para ofrecer la opci\u00f3n de env\u00edo m\u00e1s eficaz en funci\u00f3n de su ubicaci\u00f3n, garantizando una entrega r\u00e1pida y fiable.<\/p>\n<h5>\u00bfCu\u00e1nto tardar\u00e1 en llegar mi pedido?<\/h5>\n<p>La entrega suele tardar entre 7 y 15 d\u00edas laborables. No obstante, en vacaciones o condiciones meteorol\u00f3gicas adversas, puede tardar hasta 20 d\u00edas laborables.<\/p>\n<h5>\u00bfTendr\u00e9 problemas con aduanas o impuestos?<\/h5>\n<p>Nos encargamos de todos los tr\u00e1mites aduaneros, garantizando que no habr\u00e1 impuestos ni tasas adicionales. Aseguramos el despacho de aduanas 100% para todos nuestros productos.<\/p>\n<h5>\u00bfEst\u00e1 protegida mi compra?<\/h5>\n<p>S\u00ed, ofrecemos opciones de pago seguras, incluido PayPal con protecci\u00f3n del comprador. Tambi\u00e9n puede verificar nuestra credibilidad comprobando las opiniones de nuestros clientes en <a href=\"https:\/\/www.trustpilot.com\/review\/volovape.com?utm_medium=trustbox&amp;utm_source=TrustBoxReviewCollector\">TrustPilot<\/a>.<\/p>","protected":false},"excerpt":{"rendered":"<p>Descubre el Vapeador Desechable JNR Falcon 16000 Puffs con 22ml de e-l\u00edquido, bater\u00eda de 850mAh, doble bobina de malla, flujo de aire ajustable y nicotina 2%. Elegante dise\u00f1o de cristal, 28 sabores, carga Type-C.<\/p>","protected":false},"featured_media":6263,"comment_status":"open","ping_status":"closed","template":"","meta":[],"product_brand":[],"product_cat":[79,51,21,43,18,39,20,23,24,22,25,26,27,28,29,30,31,32,33,34,35,44,36,40],"product_tag":[],"class_list":{"0":"post-6245","1":"product","2":"type-product","3":"status-publish","4":"has-post-thumbnail","6":"product_cat-jnr","7":"product_cat-16000-puffs-disposable-vape","8":"product_cat-big-puffs-vapes","9":"product_cat-crystal-vapes","10":"product_cat-different-puffs-of-disposable-vapes","11":"product_cat-digital-box-vapes","12":"product_cat-disposable-vape-types","13":"product_cat-disposable-vapes-in-austria","14":"product_cat-disposable-vapes-in-belgium","15":"product_cat-disposable-vapes-in-europe","16":"product_cat-disposable-vapes-in-france","17":"product_cat-disposable-vapes-in-germany","18":"product_cat-disposable-vapes-in-hungary","19":"product_cat-disposable-vapes-in-ltaly","20":"product_cat-disposable-vapes-in-netherlands","21":"product_cat-disposable-vapes-in-norway","22":"product_cat-disposable-vapes-in-poland","23":"product_cat-disposable-vapes-in-portugal","24":"product_cat-disposable-vapes-in-spain","25":"product_cat-disposable-vapes-in-sweden","26":"product_cat-disposable-vapes-in-switzerland","27":"product_cat-dual-mesh-vapes","28":"product_cat-rechargeable-vapes","29":"product_cat-smart-screen-vapes","31":"first","32":"instock","33":"shipping-taxable","34":"purchasable","35":"product-type-variable","36":"has-default-attributes"},"jetpack_sharing_enabled":true,"tiered_pricing_type":"fixed","tiered_pricing_fixed_rules":{"30":8,"50":7.589999999999999857891452847979962825775146484375,"100":6.8499999999999996447286321199499070644378662109375,"200":6.480000000000000426325641456060111522674560546875,"400":5.92999999999999971578290569595992565155029296875},"tiered_pricing_product_settings":{"layout":"default","base_unit_name":{"singular":null,"plural":null},"default_variation":null},"tiered_pricing_minimum_quantity":10,"tiered_pricing_roles_data":[],"tiered_pricing_percentage_rules":[],"tiered_pricing_maximum_quantity":null,"tiered_pricing_quantity_step":"10","_links":{"self":[{"href":"https:\/\/volovape.com\/es\/wp-json\/wp\/v2\/product\/6245","targetHints":{"allow":["GET"]}}],"collection":[{"href":"https:\/\/volovape.com\/es\/wp-json\/wp\/v2\/product"}],"about":[{"href":"https:\/\/volovape.com\/es\/wp-json\/wp\/v2\/types\/product"}],"replies":[{"embeddable":true,"href":"https:\/\/volovape.com\/es\/wp-json\/wp\/v2\/comments?post=6245"}],"wp:featuredmedia":[{"embeddable":true,"href":"https:\/\/volovape.com\/es\/wp-json\/wp\/v2\/media\/6263"}],"wp:attachment":[{"href":"https:\/\/volovape.com\/es\/wp-json\/wp\/v2\/media?parent=6245"}],"wp:term":[{"taxonomy":"product_brand","embeddable":true,"href":"https:\/\/volovape.com\/es\/wp-json\/wp\/v2\/product_brand?post=6245"},{"taxonomy":"product_cat","embeddable":true,"href":"https:\/\/volovape.com\/es\/wp-json\/wp\/v2\/product_cat?post=6245"},{"taxonomy":"product_tag","embeddable":true,"href":"https:\/\/volovape.com\/es\/wp-json\/wp\/v2\/product_tag?post=6245"}],"curies":[{"name":"Gracias","href":"https:\/\/api.w.org\/{rel}","templated":true}]}}