{"id":598,"date":"2024-11-21T03:31:02","date_gmt":"2024-11-21T03:31:02","guid":{"rendered":"https:\/\/volovape.com\/?post_type=product&#038;p=598"},"modified":"2026-03-16T08:57:33","modified_gmt":"2026-03-16T08:57:33","slug":"caja-de-explosion-20000-bocanadas","status":"publish","type":"product","link":"https:\/\/volovape.com\/es\/product\/bang-box-20000-puffs\/","title":{"rendered":"Bang Box 20000 caladas vape desechable de larga duraci\u00f3n - opciones a granel con gran descuento"},"content":{"rendered":"<p><strong>Bang Box 20000 Puffs Ultimate Vape Desechable Recargable<\/strong> - Experimenta una longevidad y sabor inigualables con el Bang Box 20000. Este vaporizador desechable de alta capacidad ofrece la asombrosa cifra de 20.000 caladas, con un dep\u00f3sito de e-l\u00edquido de 35 ml y una bater\u00eda recargable de 850 mAh. La avanzada tecnolog\u00eda de bobina de malla garantiza un vapor suave y sabroso, perfecto tanto para uso personal como para pedidos al por mayor de vapeadores desechables. Elija entre 0%, 2%, 3%, o 5% concentraciones de nicotina y una amplia selecci\u00f3n de 12 sabores vibrantes.<\/p>\n<h3><strong>Bang Box 20000 Puffs Caracter\u00edsticas:<\/strong><\/h3>\n<ul>\n<li>Bocanadas: 20000 bocanadas<\/li>\n<li>Capacidad de E-l\u00edquido: 35mL<\/li>\n<li>Bater\u00eda: 850mAh (recargable)<\/li>\n<li>Carga: Tipo-C<\/li>\n<li>Bobina Bobina de malla<\/li>\n<li>Potencias de nicotina: 0%, 2%, 3%, 5%<\/li>\n<li>Opciones de sabores: Kiwi Fresa, Kiwi Maracuy\u00e1 Guayaba, Sand\u00eda Fresa, Sand\u00eda Frambuesa, Blueberry Sour Raspberry Ice, Sand\u00eda Ice, Banana Ice, Mango Peach, Blue Razz Ice, Mr. Blue, Grape Ice, Mango On Ice.<\/li>\n<\/ul>\n<h4>Preguntas frecuentes<\/h4>\n<h5>\u00bfC\u00f3mo mejora la experiencia de vapeo la bater\u00eda de 850 mAh?<\/h5>\n<p>La bater\u00eda de 850mAh proporciona una potencia extendida, asegurando que puedas disfrutar de las 20.000 caladas completas sin recargas frecuentes. Esta bater\u00eda de mayor capacidad permite sesiones de vapeo m\u00e1s largas y un rendimiento constante.<\/p>\n<h5>\u00bfCu\u00e1les son los m\u00e9todos de env\u00edo disponibles?<\/h5>\n<p>Colaboramos con transportistas de confianza, como UPS, DHL, FedEx y DPD, para ofrecer un env\u00edo fiable y eficaz. El m\u00e9todo de env\u00edo m\u00e1s adecuado se selecciona en funci\u00f3n de la ubicaci\u00f3n de entrega.<\/p>\n<h5>\u00bfCu\u00e1nto suele tardar el env\u00edo?<\/h5>\n<p>El env\u00edo suele tardar entre 7 y 15 d\u00edas laborables, aunque los plazos de entrega pueden alargarse hasta 20 d\u00edas laborables en periodos vacacionales o condiciones meteorol\u00f3gicas adversas.<\/p>\n<h5>\u00bfHay tasas o impuestos de aduanas?<\/h5>\n<p>Nos encargamos de todos los tr\u00e1mites aduaneros, garantiz\u00e1ndole que no incurrir\u00e1 en impuestos o tasas adicionales. 100% de nuestros productos pasan por la aduana sin problemas.<\/p>\n<h5>\u00bfEs mi compra segura y fiable?<\/h5>\n<p>Ofrecemos transacciones seguras a trav\u00e9s de la protecci\u00f3n del comprador de PayPal. Tambi\u00e9n puede comprobar nuestra fiabilidad consultando las opiniones de nuestros clientes en <a href=\"https:\/\/www.trustpilot.com\/review\/volovape.com?utm_medium=trustbox&amp;utm_source=TrustBoxReviewCollector\">TrustPilot<\/a>.<\/p>","protected":false},"excerpt":{"rendered":"<p>\u00a1Domina tu mercado con Bang Box 20000 Puffs al por mayor! Capacidad de 35ml, bater\u00eda de 850mAh, bobina de malla avanzada. Stock \u00faltima longevidad, desechables recargables.<\/p>","protected":false},"featured_media":941,"comment_status":"open","ping_status":"closed","template":"","meta":[],"product_brand":[],"product_cat":[61,42,21,18,20,23,24,22,25,26,27,28,29,30,31,32,33,34,35,36,40],"product_tag":[],"class_list":{"0":"post-598","1":"product","2":"type-product","3":"status-publish","4":"has-post-thumbnail","6":"product_cat-bang","7":"product_cat-20000-puffs-disposable-vape","8":"product_cat-big-puffs-vapes","9":"product_cat-different-puffs-of-disposable-vapes","10":"product_cat-disposable-vape-types","11":"product_cat-disposable-vapes-in-austria","12":"product_cat-disposable-vapes-in-belgium","13":"product_cat-disposable-vapes-in-europe","14":"product_cat-disposable-vapes-in-france","15":"product_cat-disposable-vapes-in-germany","16":"product_cat-disposable-vapes-in-hungary","17":"product_cat-disposable-vapes-in-ltaly","18":"product_cat-disposable-vapes-in-netherlands","19":"product_cat-disposable-vapes-in-norway","20":"product_cat-disposable-vapes-in-poland","21":"product_cat-disposable-vapes-in-portugal","22":"product_cat-disposable-vapes-in-spain","23":"product_cat-disposable-vapes-in-sweden","24":"product_cat-disposable-vapes-in-switzerland","25":"product_cat-rechargeable-vapes","26":"product_cat-smart-screen-vapes","28":"first","29":"instock","30":"shipping-taxable","31":"purchasable","32":"product-type-variable","33":"has-default-attributes"},"jetpack_sharing_enabled":true,"tiered_pricing_type":"fixed","tiered_pricing_fixed_rules":{"30":6.480000000000000426325641456060111522674560546875,"50":6.04999999999999982236431605997495353221893310546875,"100":5.30999999999999960920149533194489777088165283203125,"200":4.94000000000000039079850466805510222911834716796875,"400":4.37999999999999989341858963598497211933135986328125},"tiered_pricing_product_settings":{"layout":"default","base_unit_name":{"singular":null,"plural":null},"default_variation":null},"tiered_pricing_minimum_quantity":10,"tiered_pricing_roles_data":[],"tiered_pricing_percentage_rules":[],"tiered_pricing_maximum_quantity":null,"tiered_pricing_quantity_step":"10","_links":{"self":[{"href":"https:\/\/volovape.com\/es\/wp-json\/wp\/v2\/product\/598","targetHints":{"allow":["GET"]}}],"collection":[{"href":"https:\/\/volovape.com\/es\/wp-json\/wp\/v2\/product"}],"about":[{"href":"https:\/\/volovape.com\/es\/wp-json\/wp\/v2\/types\/product"}],"replies":[{"embeddable":true,"href":"https:\/\/volovape.com\/es\/wp-json\/wp\/v2\/comments?post=598"}],"wp:featuredmedia":[{"embeddable":true,"href":"https:\/\/volovape.com\/es\/wp-json\/wp\/v2\/media\/941"}],"wp:attachment":[{"href":"https:\/\/volovape.com\/es\/wp-json\/wp\/v2\/media?parent=598"}],"wp:term":[{"taxonomy":"product_brand","embeddable":true,"href":"https:\/\/volovape.com\/es\/wp-json\/wp\/v2\/product_brand?post=598"},{"taxonomy":"product_cat","embeddable":true,"href":"https:\/\/volovape.com\/es\/wp-json\/wp\/v2\/product_cat?post=598"},{"taxonomy":"product_tag","embeddable":true,"href":"https:\/\/volovape.com\/es\/wp-json\/wp\/v2\/product_tag?post=598"}],"curies":[{"name":"Gracias","href":"https:\/\/api.w.org\/{rel}","templated":true}]}}