{"id":597,"date":"2024-11-21T03:31:02","date_gmt":"2024-11-21T03:31:02","guid":{"rendered":"https:\/\/volovape.com\/?post_type=product&#038;p=597"},"modified":"2025-07-09T09:46:45","modified_gmt":"2025-07-09T09:46:45","slug":"caja-de-explosion-de-15000-bocanadas","status":"publish","type":"product","link":"https:\/\/volovape.com\/es\/product\/bang-box-15000-puffs\/","title":{"rendered":"Bang Box 15000 Puffs Vape Desechable - Recargable, Mesh Coil"},"content":{"rendered":"<p><strong>Bang Box 15000 Puffs Vape Desechable de Alta Capacidad<\/strong> - Disfrute de una experiencia de vapeo prolongada y satisfactoria con el Bang Box 15000. Este vape desechable ofrece hasta 15.000 caladas, un dep\u00f3sito de e-l\u00edquido de 25mL y una bater\u00eda recargable de 650mAh. La avanzada bobina de malla garantiza un vapor suave y sabroso, ideal tanto para uso personal como para pedidos al por mayor de vapeadores desechables. Elija entre 0%, 2%, 3%, o 5% concentraciones de nicotina y una variedad de 10 deliciosos sabores.<\/p>\n<h3><strong>Bang Box 15000 Puffs Caracter\u00edsticas:<\/strong><\/h3>\n<ul>\n<li>Bocanadas: 15000 bocanadas<\/li>\n<li>Capacidad de E-l\u00edquido: 25mL<\/li>\n<li>Bater\u00eda: 650mAh (recargable)<\/li>\n<li>Carga: Tipo-C<\/li>\n<li>Bobina Bobina de malla<\/li>\n<li>Potencias de nicotina: 0%, 2%, 3%, 5%<\/li>\n<li>Opciones de sabores: Kiwi Fresa, Sand\u00eda Frambuesa, Sand\u00eda Mango Melocot\u00f3n, Uva Fresa, Mango Fresa, Sand\u00eda Fresa, Melocot\u00f3n Ice, Triple Berry Ice, Sand\u00eda Ice, Blue Razz Ice.<\/li>\n<\/ul>\n<h4>Preguntas frecuentes<\/h4>\n<h5>\u00bfC\u00f3mo mejora la bobina de malla la experiencia de vapeo?<\/h5>\n<p>El dise\u00f1o de la bobina de malla proporciona una mayor superficie de calentamiento, lo que resulta en un calentamiento m\u00e1s uniforme y un mejor sabor y producci\u00f3n de vapor. Esto garantiza una experiencia de vapeo m\u00e1s suave y agradable.<\/p>\n<h5>\u00bfQu\u00e9 m\u00e9todos de env\u00edo hay disponibles?<\/h5>\n<p>Trabajamos con transportistas de confianza, como UPS, DHL, FedEx y DPD, para ofrecer un env\u00edo fiable y eficaz. El m\u00e9todo de env\u00edo \u00f3ptimo se selecciona en funci\u00f3n de su ubicaci\u00f3n.<\/p>\n<h5>\u00bfCu\u00e1l es el plazo de entrega habitual?<\/h5>\n<p>El env\u00edo suele tardar entre 7 y 15 d\u00edas laborables, pero los plazos de entrega pueden alargarse hasta 20 d\u00edas laborables durante las vacaciones o condiciones meteorol\u00f3gicas adversas.<\/p>\n<h5>\u00bfHay tasas o impuestos de aduanas?<\/h5>\n<p>Nos encargamos de todos los tr\u00e1mites aduaneros, garantiz\u00e1ndole que no incurrir\u00e1 en impuestos o tasas adicionales. 100% de nuestros productos pasan por la aduana sin problemas.<\/p>\n<h5>\u00bfEs segura mi compra?<\/h5>\n<p>Ofrecemos transacciones seguras a trav\u00e9s de la protecci\u00f3n del comprador de PayPal. Tambi\u00e9n puede comprobar nuestra fiabilidad consultando las opiniones de nuestros clientes en <a href=\"https:\/\/www.trustpilot.com\/review\/volovape.com?utm_medium=trustbox&amp;utm_source=TrustBoxReviewCollector\">TrustPilot<\/a>.<\/p>","protected":false},"excerpt":{"rendered":"<p>\u00a1Capitalice el mercado del vapeo con Bang Box 15000 Puffs al por mayor! Bobina de malla, 25ml, recargable. Stock fiable, vapes de alta puff con diversas opciones de nicotina.<\/p>","protected":false},"featured_media":925,"comment_status":"open","ping_status":"closed","template":"","meta":[],"product_brand":[],"product_cat":[61,41,21,18,20,23,24,22,25,26,27,28,29,30,31,32,33,34,35,36],"product_tag":[],"class_list":{"0":"post-597","1":"product","2":"type-product","3":"status-publish","4":"has-post-thumbnail","6":"product_cat-bang","7":"product_cat-15000-puffs-disposable-vape","8":"product_cat-big-puffs-vapes","9":"product_cat-different-puffs-of-disposable-vapes","10":"product_cat-disposable-vape-types","11":"product_cat-disposable-vapes-in-austria","12":"product_cat-disposable-vapes-in-belgium","13":"product_cat-disposable-vapes-in-europe","14":"product_cat-disposable-vapes-in-france","15":"product_cat-disposable-vapes-in-germany","16":"product_cat-disposable-vapes-in-hungary","17":"product_cat-disposable-vapes-in-ltaly","18":"product_cat-disposable-vapes-in-netherlands","19":"product_cat-disposable-vapes-in-norway","20":"product_cat-disposable-vapes-in-poland","21":"product_cat-disposable-vapes-in-portugal","22":"product_cat-disposable-vapes-in-spain","23":"product_cat-disposable-vapes-in-sweden","24":"product_cat-disposable-vapes-in-switzerland","25":"product_cat-rechargeable-vapes","27":"first","28":"instock","29":"shipping-taxable","30":"purchasable","31":"product-type-variable","32":"has-default-attributes"},"jetpack_sharing_enabled":true,"tiered_pricing_type":"fixed","tiered_pricing_fixed_rules":{"2000":5.7599999999999997868371792719699442386627197265625},"tiered_pricing_product_settings":{"layout":"default","base_unit_name":{"singular":null,"plural":null},"default_variation":null},"tiered_pricing_minimum_quantity":1000,"tiered_pricing_roles_data":[],"tiered_pricing_percentage_rules":[],"tiered_pricing_maximum_quantity":null,"tiered_pricing_quantity_step":"10","_links":{"self":[{"href":"https:\/\/volovape.com\/es\/wp-json\/wp\/v2\/product\/597","targetHints":{"allow":["GET"]}}],"collection":[{"href":"https:\/\/volovape.com\/es\/wp-json\/wp\/v2\/product"}],"about":[{"href":"https:\/\/volovape.com\/es\/wp-json\/wp\/v2\/types\/product"}],"replies":[{"embeddable":true,"href":"https:\/\/volovape.com\/es\/wp-json\/wp\/v2\/comments?post=597"}],"wp:featuredmedia":[{"embeddable":true,"href":"https:\/\/volovape.com\/es\/wp-json\/wp\/v2\/media\/925"}],"wp:attachment":[{"href":"https:\/\/volovape.com\/es\/wp-json\/wp\/v2\/media?parent=597"}],"wp:term":[{"taxonomy":"product_brand","embeddable":true,"href":"https:\/\/volovape.com\/es\/wp-json\/wp\/v2\/product_brand?post=597"},{"taxonomy":"product_cat","embeddable":true,"href":"https:\/\/volovape.com\/es\/wp-json\/wp\/v2\/product_cat?post=597"},{"taxonomy":"product_tag","embeddable":true,"href":"https:\/\/volovape.com\/es\/wp-json\/wp\/v2\/product_tag?post=597"}],"curies":[{"name":"Gracias","href":"https:\/\/api.w.org\/{rel}","templated":true}]}}