{"id":596,"date":"2024-11-21T03:31:02","date_gmt":"2024-11-21T03:31:02","guid":{"rendered":"https:\/\/volovape.com\/?post_type=product&#038;p=596"},"modified":"2025-08-06T08:00:34","modified_gmt":"2025-08-06T08:00:34","slug":"caja-bang-bc-de-15000-caladas","status":"publish","type":"product","link":"https:\/\/volovape.com\/es\/product\/bang-bc-box-15000-puffs\/","title":{"rendered":"Bang BC Box 15000 Puffs Vape Desechable - Recargable, Mesh Coil"},"content":{"rendered":"<p><strong>Bang BC Box 15000 Puffs Recargable Vape Desechable<\/strong> - Experimenta el placer del vapeo prolongado con el Bang BC Box 15000. Este vapeador desechable de alta capacidad proporciona hasta 15.000 caladas, con un dep\u00f3sito de e-l\u00edquido de 25mL y una bater\u00eda recargable de 650mAh. La avanzada tecnolog\u00eda de bobina de malla garantiza un vapor suave y sabroso. Ideal para uso personal y para pedidos al por mayor de vapeadores desechables, este dispositivo ofrece potencias de nicotina de 0%, 2%, 3% o 5% y una variada selecci\u00f3n de 11 deliciosos sabores.<\/p>\n<h3><strong>Bang BC Box 15000 Puffs Caracter\u00edsticas:<\/strong><\/h3>\n<ul>\n<li>Bocanadas: 15000 bocanadas<\/li>\n<li>Capacidad de E-l\u00edquido: 25mL<\/li>\n<li>Bater\u00eda: 650mAh (recargable)<\/li>\n<li>Carga: Tipo-C<\/li>\n<li>Bobina Bobina de malla<\/li>\n<li>Potencias de nicotina: 0%, 2%, 3%, 5%<\/li>\n<li>Opciones de sabores: Frambuesa Ar\u00e1ndano, Fresa Pl\u00e1tano, Frambuesa Manzana Agria, Fresa Ar\u00e1ndano, Fresa Kiwi, Mango On Ice, Cereza Cola, Sand\u00eda Fresa, Sand\u00eda Ice, Fresa Uva, Mezcla de Bayas.<\/li>\n<\/ul>\n<h4>Preguntas frecuentes<\/h4>\n<h5>\u00bfC\u00f3mo mejora la bobina de malla la experiencia de vapeo?<\/h5>\n<p>El dise\u00f1o de la bobina de malla proporciona una mayor superficie de calentamiento, lo que resulta en un calentamiento m\u00e1s uniforme y un mejor sabor y producci\u00f3n de vapor. Esta tecnolog\u00eda garantiza una experiencia de vapeo suave y satisfactoria.<\/p>\n<h5>\u00bfQu\u00e9 m\u00e9todos de env\u00edo se utilizan?<\/h5>\n<p>Colaboramos con transportistas de confianza como UPS, DHL, FedEx y DPD para ofrecer un env\u00edo eficaz y fiable. El m\u00e9todo de env\u00edo m\u00e1s adecuado se selecciona en funci\u00f3n del lugar de entrega.<\/p>\n<h5>\u00bfCu\u00e1nto suele tardar el env\u00edo?<\/h5>\n<p>El env\u00edo suele tardar entre 7 y 15 d\u00edas laborables, aunque los plazos de entrega pueden alargarse hasta 20 d\u00edas laborables en periodos vacacionales o condiciones meteorol\u00f3gicas adversas.<\/p>\n<h5>\u00bfTendr\u00e9 que pagar tasas o impuestos de aduana?<\/h5>\n<p>Nos encargamos de todos los tr\u00e1mites aduaneros, garantiz\u00e1ndole que no incurrir\u00e1 en impuestos o tasas adicionales. 100% de nuestros productos pasan por la aduana sin problemas.<\/p>\n<h5>\u00bfEs mi compra segura y fiable?<\/h5>\n<p>Ofrecemos transacciones seguras a trav\u00e9s de la protecci\u00f3n del comprador de PayPal. Tambi\u00e9n puede comprobar nuestra fiabilidad consultando las opiniones de nuestros clientes en <a href=\"https:\/\/www.trustpilot.com\/review\/volovape.com?utm_medium=trustbox&amp;utm_source=TrustBoxReviewCollector\">TrustPilot<\/a>.<\/p>","protected":false},"excerpt":{"rendered":"<p>Consigue un sabor duradero con el Vapeador Desechable Bang BC Box 15000 Puffs. 25ml, recargable, bobina de malla. Perfecto para uso personal o al por mayor. Nicotina variada.<\/p>","protected":false},"featured_media":912,"comment_status":"open","ping_status":"closed","template":"","meta":[],"product_brand":[],"product_cat":[61,41,21,18,39,20,23,24,22,25,26,27,28,29,30,31,32,33,34,35,36,40],"product_tag":[],"class_list":{"0":"post-596","1":"product","2":"type-product","3":"status-publish","4":"has-post-thumbnail","6":"product_cat-bang","7":"product_cat-15000-puffs-disposable-vape","8":"product_cat-big-puffs-vapes","9":"product_cat-different-puffs-of-disposable-vapes","10":"product_cat-digital-box-vapes","11":"product_cat-disposable-vape-types","12":"product_cat-disposable-vapes-in-austria","13":"product_cat-disposable-vapes-in-belgium","14":"product_cat-disposable-vapes-in-europe","15":"product_cat-disposable-vapes-in-france","16":"product_cat-disposable-vapes-in-germany","17":"product_cat-disposable-vapes-in-hungary","18":"product_cat-disposable-vapes-in-ltaly","19":"product_cat-disposable-vapes-in-netherlands","20":"product_cat-disposable-vapes-in-norway","21":"product_cat-disposable-vapes-in-poland","22":"product_cat-disposable-vapes-in-portugal","23":"product_cat-disposable-vapes-in-spain","24":"product_cat-disposable-vapes-in-sweden","25":"product_cat-disposable-vapes-in-switzerland","26":"product_cat-rechargeable-vapes","27":"product_cat-smart-screen-vapes","29":"first","30":"instock","31":"shipping-taxable","32":"purchasable","33":"product-type-variable","34":"has-default-attributes"},"jetpack_sharing_enabled":true,"tiered_pricing_type":"fixed","tiered_pricing_fixed_rules":{"2000":4.13999999999999968025576890795491635799407958984375},"tiered_pricing_product_settings":{"layout":"default","base_unit_name":{"singular":null,"plural":null},"default_variation":null},"tiered_pricing_minimum_quantity":1000,"tiered_pricing_roles_data":[],"tiered_pricing_percentage_rules":[],"tiered_pricing_maximum_quantity":null,"tiered_pricing_quantity_step":"10","_links":{"self":[{"href":"https:\/\/volovape.com\/es\/wp-json\/wp\/v2\/product\/596","targetHints":{"allow":["GET"]}}],"collection":[{"href":"https:\/\/volovape.com\/es\/wp-json\/wp\/v2\/product"}],"about":[{"href":"https:\/\/volovape.com\/es\/wp-json\/wp\/v2\/types\/product"}],"replies":[{"embeddable":true,"href":"https:\/\/volovape.com\/es\/wp-json\/wp\/v2\/comments?post=596"}],"wp:featuredmedia":[{"embeddable":true,"href":"https:\/\/volovape.com\/es\/wp-json\/wp\/v2\/media\/912"}],"wp:attachment":[{"href":"https:\/\/volovape.com\/es\/wp-json\/wp\/v2\/media?parent=596"}],"wp:term":[{"taxonomy":"product_brand","embeddable":true,"href":"https:\/\/volovape.com\/es\/wp-json\/wp\/v2\/product_brand?post=596"},{"taxonomy":"product_cat","embeddable":true,"href":"https:\/\/volovape.com\/es\/wp-json\/wp\/v2\/product_cat?post=596"},{"taxonomy":"product_tag","embeddable":true,"href":"https:\/\/volovape.com\/es\/wp-json\/wp\/v2\/product_tag?post=596"}],"curies":[{"name":"Gracias","href":"https:\/\/api.w.org\/{rel}","templated":true}]}}