{"id":5798,"date":"2024-11-21T03:49:18","date_gmt":"2024-11-21T03:49:18","guid":{"rendered":"https:\/\/volovape.com\/?post_type=product&#038;p=5798"},"modified":"2025-11-04T06:53:58","modified_gmt":"2025-11-04T06:53:58","slug":"vapme-20k-crystal-doble-sabor-20000-caladas","status":"publish","type":"product","link":"https:\/\/volovape.com\/es\/product\/vapme-20k-crystal-double-flavor-20000-puffs\/","title":{"rendered":"Vapeador desechable VAPME 20K Crystal doble sabor - 20000 caladas, bobina de malla"},"content":{"rendered":"<p><strong>VAPME 20K Cristal Doble Sabor Vape Desechable<\/strong> - Experimenta dos sabores y 20.000 caladas en un solo dispositivo.<\/p>\n<p>El <strong>VAPME 20K Cristal Doble Sabor<\/strong> redefine el vapeo desechable con su exclusivo sistema de doble sabor, que te permite cambiar entre dos sabores expertamente combinados sin esfuerzo. Disfruta de hasta <strong>20.000 bocanadas<\/strong> con una generosa <strong>Capacidad de 20 ml de e-l\u00edquido<\/strong> y un s\u00f3lido <strong>Bater\u00eda recargable de 700 mAh<\/strong>. Con un <strong>bobina de malla<\/strong> para ofrecer un sabor superior y un <strong>Concentraci\u00f3n de nicotina 2%<\/strong>Este dispositivo proporciona un vapeo suave y satisfactorio. Ideal tanto para uso personal como <strong>vape desechable al por mayor<\/strong>Este aparato ofrece comodidad y longevidad. Perfecto para quienes buscan un <strong>pedidos al por mayor<\/strong> de desechables de gran capacidad.<\/p>\n<h3><strong>VAPME 20K Cristal Doble Sabor Caracter\u00edsticas:<\/strong><\/h3>\n<ul>\n<li>Puffs: Hasta 20.000<\/li>\n<li>Capacidad de E-l\u00edquido: 20mL<\/li>\n<li>Bater\u00eda: 700mAh (recargable)<\/li>\n<li>Carga: Tipo-C<\/li>\n<li>Bobina Bobina de malla<\/li>\n<li>Intensidad de nicotina: 2%<\/li>\n<li>Sistema de doble sabor<\/li>\n<\/ul>\n<h4>Preguntas frecuentes<\/h4>\n<h5>\u00bfC\u00f3mo funciona el sistema de doble sabor?<\/h5>\n<p>El VAPME 20K Crystal Double Flavor est\u00e1 dise\u00f1ado con dos c\u00e1maras de e-l\u00edquido separadas y un mecanismo interruptor. Esto le permite alternar f\u00e1cilmente entre los dos sabores distintos, proporcionando una experiencia de vapeo vers\u00e1til y agradable sin necesidad de m\u00faltiples dispositivos.<\/p>\n<h5>\u00bfQu\u00e9 m\u00e9todos de env\u00edo se utilizan?<\/h5>\n<p>Colaboramos con las principales empresas de transporte, como UPS, DHL, FedEx y DPD, para garantizar una entrega fiable y eficaz. Se elegir\u00e1 el mejor m\u00e9todo de env\u00edo en funci\u00f3n de su ubicaci\u00f3n para garantizar una llegada r\u00e1pida.<\/p>\n<h5>\u00bfCu\u00e1nto tarda en llegar?<\/h5>\n<p>La entrega suele tardar entre 7 y 15 d\u00edas laborables. Sin embargo, durante las vacaciones o condiciones meteorol\u00f3gicas adversas, puede tardar hasta 20 d\u00edas laborables.<\/p>\n<h5>\u00bfTendr\u00e9 problemas aduaneros o fiscales?<\/h5>\n<p>Nos encargamos de todos los tr\u00e1mites aduaneros y le garantizamos que no habr\u00e1 impuestos ni tasas adicionales. Puede confiar en que 100% de nuestros env\u00edos pasar\u00e1 la aduana sin problemas.<\/p>\n<h5>\u00bfEs segura mi compra?<\/h5>\n<p>S\u00ed, ofrecemos opciones de pago seguras, incluido PayPal con protecci\u00f3n del comprador. Tambi\u00e9n puede verificar nuestra credibilidad comprobando las opiniones de nuestros clientes en <a href=\"https:\/\/www.trustpilot.com\/review\/volovape.com?utm_medium=trustbox&amp;utm_source=TrustBoxReviewCollector\">TrustPilot<\/a>.<\/p>","protected":false},"excerpt":{"rendered":"<p>Disfruta de dos sabores con el VAPME 20K Crystal Double Flavor Vape. Ofrece 20ml de e-l\u00edquido, bater\u00eda de 700mAh, bobinas de malla, nicotina 2%, hasta 20.000 caladas. Venta al por mayor, carga Tipo-C.<\/p>","protected":false},"featured_media":5814,"comment_status":"open","ping_status":"closed","template":"","meta":[],"product_brand":[],"product_cat":[49,42,21,43,18,39,20,23,24,22,25,26,27,28,29,30,31,32,33,34,35,64,36,40],"product_tag":[],"class_list":{"0":"post-5798","1":"product","2":"type-product","3":"status-publish","4":"has-post-thumbnail","6":"product_cat-vapme","7":"product_cat-20000-puffs-disposable-vape","8":"product_cat-big-puffs-vapes","9":"product_cat-crystal-vapes","10":"product_cat-different-puffs-of-disposable-vapes","11":"product_cat-digital-box-vapes","12":"product_cat-disposable-vape-types","13":"product_cat-disposable-vapes-in-austria","14":"product_cat-disposable-vapes-in-belgium","15":"product_cat-disposable-vapes-in-europe","16":"product_cat-disposable-vapes-in-france","17":"product_cat-disposable-vapes-in-germany","18":"product_cat-disposable-vapes-in-hungary","19":"product_cat-disposable-vapes-in-ltaly","20":"product_cat-disposable-vapes-in-netherlands","21":"product_cat-disposable-vapes-in-norway","22":"product_cat-disposable-vapes-in-poland","23":"product_cat-disposable-vapes-in-portugal","24":"product_cat-disposable-vapes-in-spain","25":"product_cat-disposable-vapes-in-sweden","26":"product_cat-disposable-vapes-in-switzerland","27":"product_cat-dual-flavor-vapes","28":"product_cat-rechargeable-vapes","29":"product_cat-smart-screen-vapes","31":"first","32":"instock","33":"shipping-taxable","34":"purchasable","35":"product-type-variable","36":"has-default-attributes"},"jetpack_sharing_enabled":true,"tiered_pricing_type":"fixed","tiered_pricing_fixed_rules":{"30":8.28999999999999914734871708787977695465087890625,"50":7.28000000000000024868995751603506505489349365234375,"100":6.6699999999999999289457264239899814128875732421875,"200":6.29999999999999982236431605997495353221893310546875},"tiered_pricing_product_settings":{"layout":"default","base_unit_name":{"singular":null,"plural":null},"default_variation":null},"tiered_pricing_minimum_quantity":10,"tiered_pricing_roles_data":[],"tiered_pricing_percentage_rules":[],"tiered_pricing_maximum_quantity":null,"tiered_pricing_quantity_step":"10","_links":{"self":[{"href":"https:\/\/volovape.com\/es\/wp-json\/wp\/v2\/product\/5798","targetHints":{"allow":["GET"]}}],"collection":[{"href":"https:\/\/volovape.com\/es\/wp-json\/wp\/v2\/product"}],"about":[{"href":"https:\/\/volovape.com\/es\/wp-json\/wp\/v2\/types\/product"}],"replies":[{"embeddable":true,"href":"https:\/\/volovape.com\/es\/wp-json\/wp\/v2\/comments?post=5798"}],"wp:featuredmedia":[{"embeddable":true,"href":"https:\/\/volovape.com\/es\/wp-json\/wp\/v2\/media\/5814"}],"wp:attachment":[{"href":"https:\/\/volovape.com\/es\/wp-json\/wp\/v2\/media?parent=5798"}],"wp:term":[{"taxonomy":"product_brand","embeddable":true,"href":"https:\/\/volovape.com\/es\/wp-json\/wp\/v2\/product_brand?post=5798"},{"taxonomy":"product_cat","embeddable":true,"href":"https:\/\/volovape.com\/es\/wp-json\/wp\/v2\/product_cat?post=5798"},{"taxonomy":"product_tag","embeddable":true,"href":"https:\/\/volovape.com\/es\/wp-json\/wp\/v2\/product_tag?post=5798"}],"curies":[{"name":"Gracias","href":"https:\/\/api.w.org\/{rel}","templated":true}]}}