{"id":535,"date":"2024-11-21T03:30:33","date_gmt":"2024-11-21T03:30:33","guid":{"rendered":"https:\/\/volovape.com\/?post_type=product&#038;p=535"},"modified":"2025-08-06T07:58:39","modified_gmt":"2025-08-06T07:58:39","slug":"bang-smart-screen-crown-bar-18000-caladas","status":"publish","type":"product","link":"https:\/\/volovape.com\/es\/product\/bang-smart-screen-crown-bar-18000-puffs\/","title":{"rendered":"Bang Crown Bar 18000 Puffs Smart Screen Vape Desechable - 0.6\u03a9 Mesh Coil, Recargable"},"content":{"rendered":"<p><strong>Bang Crown Bar 18000 Puffs Pantalla Inteligente Vape Desechable<\/strong> - Experimenta un vapeo superior con el Bang Crown Bar 18000. Este vapeador desechable de gran capacidad ofrece hasta 18.000 caladas, con un dep\u00f3sito de e-l\u00edquido de 24 ml y una bater\u00eda recargable de 650 mAh. La pantalla inteligente permite controlar f\u00e1cilmente los niveles de bater\u00eda y e-l\u00edquido, mientras que la bobina de malla de 0,6\u03a9 garantiza nubes densas y un rico sabor. Ideal para uso personal y para pedidos al por mayor de vapeadores desechables, este dispositivo ofrece potencias de nicotina 0%, 2%, 3% o 5% y una amplia gama de 11 deliciosos sabores.<\/p>\n<h3><strong>Bang Crown Bar 18000 Puffs Caracter\u00edsticas:<\/strong><\/h3>\n<ul>\n<li>Bocanadas: 18000 bocanadas<\/li>\n<li>Capacidad del e-l\u00edquido: 24mL<\/li>\n<li>Bater\u00eda: 650mAh (recargable)<\/li>\n<li>Carga: Tipo-C<\/li>\n<li>Bobina: 0.6\u03a9 Mesh Coil<\/li>\n<li>Pantalla: Pantalla inteligente (niveles de bater\u00eda y e-l\u00edquido)<\/li>\n<li>Potencias de nicotina: 0%, 2%, 3%, 5%<\/li>\n<li>Opciones de sabores: Hielo de Sand\u00eda, Sand\u00eda de Fresa, Frambuesa de Ar\u00e1ndano, Hielo de Ar\u00e1ndano, Kiwi de Fresa, Hielo de Melocot\u00f3n, Frutas Mixtas, Cola de Cereza, Manzana Doble, Lim\u00f3n de Ar\u00e1ndano, Hielo de Uva.<\/li>\n<\/ul>\n<h4>Preguntas frecuentes<\/h4>\n<h5>C\u00f3mo mejora la bobina de malla de 0,6\u03a9 la producci\u00f3n de vapor?<\/h5>\n<p>La bobina de malla de 0,6 \u03a9 est\u00e1 dise\u00f1ada para calentar e-l\u00edquido de manera m\u00e1s eficiente, lo que resulta en nubes m\u00e1s densas y perfiles de sabor m\u00e1s ricos. Esto proporciona una experiencia de vapeo m\u00e1s intensa y satisfactoria.<\/p>\n<h5>\u00bfQu\u00e9 m\u00e9todos de env\u00edo hay disponibles?<\/h5>\n<p>Colaboramos con transportistas de confianza como UPS, DHL, FedEx y DPD para garantizar un env\u00edo eficaz y fiable. El m\u00e9todo de env\u00edo m\u00e1s adecuado se selecciona en funci\u00f3n de la ubicaci\u00f3n de entrega.<\/p>\n<h5>\u00bfCu\u00e1nto suele tardar el env\u00edo?<\/h5>\n<p>El env\u00edo suele tardar entre 7 y 15 d\u00edas laborables, aunque los plazos de entrega pueden alargarse hasta 20 d\u00edas laborables en periodos vacacionales o condiciones meteorol\u00f3gicas adversas.<\/p>\n<h5>\u00bfTendr\u00e9 que pagar tasas o impuestos de aduana?<\/h5>\n<p>Nos encargamos de todos los tr\u00e1mites aduaneros, garantiz\u00e1ndole que no incurrir\u00e1 en impuestos o tasas adicionales. 100% de nuestros productos pasan por la aduana sin problemas.<\/p>\n<h5>\u00bfEs segura mi compra?<\/h5>\n<p>Ofrecemos transacciones seguras a trav\u00e9s de la protecci\u00f3n del comprador de PayPal. Tambi\u00e9n puede verificar nuestra credibilidad comprobando los comentarios de los clientes en <a href=\"https:\/\/www.trustpilot.com\/review\/volovape.com?utm_medium=trustbox&amp;utm_source=TrustBoxReviewCollector\">TrustPilot<\/a>.<\/p>","protected":false},"excerpt":{"rendered":"<p>\u00a1Revoluciona tu oferta de vapeo con Bang Crown Bar 18000 Puffs al por mayor! Tecnolog\u00eda de pantalla inteligente, malla de 0,6\u03a9, 24ml, recargable. Stock desechables de \u00faltima generaci\u00f3n para clientes exigentes.<\/p>","protected":false},"featured_media":905,"comment_status":"open","ping_status":"closed","template":"","meta":[],"product_brand":[],"product_cat":[61,50,21,18,20,23,24,22,25,26,27,28,29,30,31,32,33,34,35,36,47,40],"product_tag":[],"class_list":{"0":"post-535","1":"product","2":"type-product","3":"status-publish","4":"has-post-thumbnail","6":"product_cat-bang","7":"product_cat-18000-puffs-disposable-vape","8":"product_cat-big-puffs-vapes","9":"product_cat-different-puffs-of-disposable-vapes","10":"product_cat-disposable-vape-types","11":"product_cat-disposable-vapes-in-austria","12":"product_cat-disposable-vapes-in-belgium","13":"product_cat-disposable-vapes-in-europe","14":"product_cat-disposable-vapes-in-france","15":"product_cat-disposable-vapes-in-germany","16":"product_cat-disposable-vapes-in-hungary","17":"product_cat-disposable-vapes-in-ltaly","18":"product_cat-disposable-vapes-in-netherlands","19":"product_cat-disposable-vapes-in-norway","20":"product_cat-disposable-vapes-in-poland","21":"product_cat-disposable-vapes-in-portugal","22":"product_cat-disposable-vapes-in-spain","23":"product_cat-disposable-vapes-in-sweden","24":"product_cat-disposable-vapes-in-switzerland","25":"product_cat-rechargeable-vapes","26":"product_cat-shisha-hookah-vapes","27":"product_cat-smart-screen-vapes","29":"first","30":"instock","31":"shipping-taxable","32":"purchasable","33":"product-type-variable","34":"has-default-attributes"},"jetpack_sharing_enabled":true,"tiered_pricing_type":"fixed","tiered_pricing_fixed_rules":{"2000":3.890000000000000124344978758017532527446746826171875},"tiered_pricing_product_settings":{"layout":"default","base_unit_name":{"singular":null,"plural":null},"default_variation":null},"tiered_pricing_minimum_quantity":1000,"tiered_pricing_roles_data":[],"tiered_pricing_percentage_rules":[],"tiered_pricing_maximum_quantity":null,"tiered_pricing_quantity_step":"10","_links":{"self":[{"href":"https:\/\/volovape.com\/es\/wp-json\/wp\/v2\/product\/535","targetHints":{"allow":["GET"]}}],"collection":[{"href":"https:\/\/volovape.com\/es\/wp-json\/wp\/v2\/product"}],"about":[{"href":"https:\/\/volovape.com\/es\/wp-json\/wp\/v2\/types\/product"}],"replies":[{"embeddable":true,"href":"https:\/\/volovape.com\/es\/wp-json\/wp\/v2\/comments?post=535"}],"wp:featuredmedia":[{"embeddable":true,"href":"https:\/\/volovape.com\/es\/wp-json\/wp\/v2\/media\/905"}],"wp:attachment":[{"href":"https:\/\/volovape.com\/es\/wp-json\/wp\/v2\/media?parent=535"}],"wp:term":[{"taxonomy":"product_brand","embeddable":true,"href":"https:\/\/volovape.com\/es\/wp-json\/wp\/v2\/product_brand?post=535"},{"taxonomy":"product_cat","embeddable":true,"href":"https:\/\/volovape.com\/es\/wp-json\/wp\/v2\/product_cat?post=535"},{"taxonomy":"product_tag","embeddable":true,"href":"https:\/\/volovape.com\/es\/wp-json\/wp\/v2\/product_tag?post=535"}],"curies":[{"name":"Gracias","href":"https:\/\/api.w.org\/{rel}","templated":true}]}}