{"id":534,"date":"2024-11-21T03:30:33","date_gmt":"2024-11-21T03:30:33","guid":{"rendered":"https:\/\/volovape.com\/?post_type=product&#038;p=534"},"modified":"2025-10-10T06:57:22","modified_gmt":"2025-10-10T06:57:22","slug":"bang-king-smartscreen-15000-caladas","status":"publish","type":"product","link":"https:\/\/volovape.com\/es\/product\/bang-king-smartscreen-15000-puffs\/","title":{"rendered":"Bang King Smartscreen 15000 caladas vape desechable con pantalla inteligente y bobina de malla"},"content":{"rendered":"<p><strong>Bang King Smartscreen 15000 Puffs Vape Desechable<\/strong> - Eleve su experiencia de vapeo con el Bang King Smartscreen 15000. Este vapeador desechable de alta capacidad ofrece hasta 15.000 caladas, con un dep\u00f3sito de e-l\u00edquido de 25 ml y una bater\u00eda recargable de 650 mAh. La pantalla inteligente integrada te permite controlar f\u00e1cilmente los niveles de bater\u00eda y e-l\u00edquido, mientras que el n\u00facleo de malla de 1,0\u03a9 garantiza un vapor suave y sabroso. Perfecto para uso personal o para pedidos al por mayor de vapeadores desechables, este dispositivo ofrece potencias de nicotina 0%, 2%, 3% o 5% y una variedad de 10 deliciosos sabores.<\/p>\n<h3><strong>Bang King Smartscreen 15000 Puffs Caracter\u00edsticas:<\/strong><\/h3>\n<ul>\n<li>Bocanadas: 15000 bocanadas<\/li>\n<li>Capacidad de E-l\u00edquido: 25mL<\/li>\n<li>Bater\u00eda: 650mAh (recargable)<\/li>\n<li>Carga: Tipo-C<\/li>\n<li>Bobina: 1.0\u03a9 Mesh Core<\/li>\n<li>Pantalla: Pantalla inteligente (niveles de bater\u00eda y e-l\u00edquido)<\/li>\n<li>Potencias de nicotina: 0%, 2%, 3%, 5%<\/li>\n<li>Opciones de sabores: Blue Freeze, Berry Blast, Blue Cherry Lemon, Peach Freeze, Grape Freeze, Peach Berry, Sour Apple Razberry, Triple Fruit, Lush Ice, Strawberry Watermelon.<\/li>\n<\/ul>\n<h4>Preguntas frecuentes<\/h4>\n<h5>\u00bfC\u00f3mo mejora la pantalla inteligente mi experiencia de vapeo?<\/h5>\n<p>La pantalla inteligente proporciona informaci\u00f3n en tiempo real sobre la bater\u00eda y los niveles de e-l\u00edquido, lo que le permite controlar el uso y evitar interrupciones inesperadas. Esta funci\u00f3n mejora el control y la comodidad, garantizando una experiencia de vapeo siempre agradable.<\/p>\n<h5>\u00bfCu\u00e1les son los m\u00e9todos de env\u00edo disponibles?<\/h5>\n<p>Trabajamos con transportistas de confianza, como UPS, DHL, FedEx y DPD, para ofrecer un env\u00edo fiable y eficaz. Seleccionamos el m\u00e9todo de env\u00edo \u00f3ptimo en funci\u00f3n de su ubicaci\u00f3n para garantizar una entrega puntual.<\/p>\n<h5>\u00bfCu\u00e1nto suele tardar el env\u00edo?<\/h5>\n<p>El env\u00edo suele tardar entre 7 y 15 d\u00edas laborables, pero los plazos de entrega pueden prolongarse hasta 20 d\u00edas laborables durante las vacaciones o condiciones meteorol\u00f3gicas adversas.<\/p>\n<h5>\u00bfTendr\u00e9 que pagar tasas o impuestos de aduana?<\/h5>\n<p>Gestionamos todos los procedimientos de despacho de aduanas, garantiz\u00e1ndole que no tendr\u00e1 que pagar impuestos ni tasas adicionales. 100% de nuestros productos pasan por la aduana sin problemas.<\/p>\n<h5>\u00bfEs mi compra segura y fiable?<\/h5>\n<p>Ofrecemos transacciones seguras a trav\u00e9s de la protecci\u00f3n del comprador de PayPal. Tambi\u00e9n puede comprobar nuestra fiabilidad consultando los comentarios de nuestros clientes en <a href=\"https:\/\/www.trustpilot.com\/review\/volovape.com?utm_medium=trustbox&amp;utm_source=TrustBoxReviewCollector\">TrustPilot<\/a>.<\/p>","protected":false},"excerpt":{"rendered":"<p>\u00a1Eleve su selecci\u00f3n de vapeo con Bang King Smartscreen 15000 Puffs al por mayor! Tecnolog\u00eda de pantalla inteligente, malla 1.0\u03a9, 25ml, recargable. Vapes inteligentes en stock para clientes expertos en tecnolog\u00eda.<\/p>","protected":false},"featured_media":892,"comment_status":"open","ping_status":"closed","template":"","meta":[],"product_brand":[],"product_cat":[61,41,21,18,39,20,23,24,22,25,26,27,28,29,30,31,32,33,34,35,36,40],"product_tag":[],"class_list":{"0":"post-534","1":"product","2":"type-product","3":"status-publish","4":"has-post-thumbnail","6":"product_cat-bang","7":"product_cat-15000-puffs-disposable-vape","8":"product_cat-big-puffs-vapes","9":"product_cat-different-puffs-of-disposable-vapes","10":"product_cat-digital-box-vapes","11":"product_cat-disposable-vape-types","12":"product_cat-disposable-vapes-in-austria","13":"product_cat-disposable-vapes-in-belgium","14":"product_cat-disposable-vapes-in-europe","15":"product_cat-disposable-vapes-in-france","16":"product_cat-disposable-vapes-in-germany","17":"product_cat-disposable-vapes-in-hungary","18":"product_cat-disposable-vapes-in-ltaly","19":"product_cat-disposable-vapes-in-netherlands","20":"product_cat-disposable-vapes-in-norway","21":"product_cat-disposable-vapes-in-poland","22":"product_cat-disposable-vapes-in-portugal","23":"product_cat-disposable-vapes-in-spain","24":"product_cat-disposable-vapes-in-sweden","25":"product_cat-disposable-vapes-in-switzerland","26":"product_cat-rechargeable-vapes","27":"product_cat-smart-screen-vapes","29":"first","30":"instock","31":"shipping-taxable","32":"purchasable","33":"product-type-variable","34":"has-default-attributes"},"jetpack_sharing_enabled":true,"tiered_pricing_type":"fixed","tiered_pricing_fixed_rules":{"30":6.13999999999999968025576890795491635799407958984375,"50":5.55999999999999960920149533194489777088165283203125,"100":5.20999999999999996447286321199499070644378662109375,"200":4.79000000000000003552713678800500929355621337890625,"400":4.0099999999999997868371792719699442386627197265625},"tiered_pricing_product_settings":{"layout":"default","base_unit_name":{"singular":null,"plural":null},"default_variation":null},"tiered_pricing_minimum_quantity":10,"tiered_pricing_roles_data":[],"tiered_pricing_percentage_rules":[],"tiered_pricing_maximum_quantity":null,"tiered_pricing_quantity_step":"10","_links":{"self":[{"href":"https:\/\/volovape.com\/es\/wp-json\/wp\/v2\/product\/534","targetHints":{"allow":["GET"]}}],"collection":[{"href":"https:\/\/volovape.com\/es\/wp-json\/wp\/v2\/product"}],"about":[{"href":"https:\/\/volovape.com\/es\/wp-json\/wp\/v2\/types\/product"}],"replies":[{"embeddable":true,"href":"https:\/\/volovape.com\/es\/wp-json\/wp\/v2\/comments?post=534"}],"wp:featuredmedia":[{"embeddable":true,"href":"https:\/\/volovape.com\/es\/wp-json\/wp\/v2\/media\/892"}],"wp:attachment":[{"href":"https:\/\/volovape.com\/es\/wp-json\/wp\/v2\/media?parent=534"}],"wp:term":[{"taxonomy":"product_brand","embeddable":true,"href":"https:\/\/volovape.com\/es\/wp-json\/wp\/v2\/product_brand?post=534"},{"taxonomy":"product_cat","embeddable":true,"href":"https:\/\/volovape.com\/es\/wp-json\/wp\/v2\/product_cat?post=534"},{"taxonomy":"product_tag","embeddable":true,"href":"https:\/\/volovape.com\/es\/wp-json\/wp\/v2\/product_tag?post=534"}],"curies":[{"name":"Gracias","href":"https:\/\/api.w.org\/{rel}","templated":true}]}}