{"id":533,"date":"2024-11-21T03:30:33","date_gmt":"2024-11-21T03:30:33","guid":{"rendered":"https:\/\/volovape.com\/?post_type=product&#038;p=533"},"modified":"2025-08-06T08:11:38","modified_gmt":"2025-08-06T08:11:38","slug":"caja-de-explosion-rocket-de-18000-caladas","status":"publish","type":"product","link":"https:\/\/volovape.com\/es\/product\/bang-box-rocket-18000-puffs\/","title":{"rendered":"Bang Box Rocket 18000 Puffs Vape Desechable - 1.0\u03a9 Mesh Coil, Smart Display, Recargable"},"content":{"rendered":"<p><strong>Bang Box Rocket 18000 Puffs Vapeador Desechable Inteligente<\/strong> - Experimente el futuro del vapeo con el Bang Box Rocket 18000. Este innovador vapeador desechable ofrece 18.000 caladas, una capacidad de 28 ml de e-l\u00edquido y una pantalla inteligente para controlar los niveles de bater\u00eda y e-l\u00edquido. Con una bobina de malla de 1.0\u03a9 para un vapor suave y sabroso y una bater\u00eda recargable de 650mAh con carga Tipo-C, este dispositivo es perfecto tanto para uso personal como para pedidos al por mayor de vape desechable. Elija entre las concentraciones de nicotina 0%, 2%, 3% o 5% y disfrute de una amplia gama de 12 deliciosos sabores.<\/p>\n<h3><strong>Bang Box Rocket 18000 Puffs Caracter\u00edsticas:<\/strong><\/h3>\n<ul>\n<li>Bocanadas: 18000 bocanadas<\/li>\n<li>Capacidad del e-l\u00edquido: 28mL<\/li>\n<li>Bater\u00eda: 650mAh (recargable)<\/li>\n<li>Carga: Tipo-C<\/li>\n<li>Bobina: 1.0\u03a9 Mesh Coil<\/li>\n<li>Pantalla: Pantalla inteligente (niveles de bater\u00eda y e-l\u00edquido)<\/li>\n<li>Potencias de nicotina: 0%, 2%, 3%, 5%<\/li>\n<li>Opciones de sabores: Fresa Pl\u00e1tano, Sand\u00eda Hielo, Fresa Kiwi, Fresa Mango, Ar\u00e1ndano Hielo, M\u00e9xico Mango, Melocot\u00f3n Jugoso Hielo, Manzana Agria Hielo, Blue Razz Hielo, Tropical Rainbow Blast.<\/li>\n<\/ul>\n<h4>Preguntas frecuentes<\/h4>\n<h5>\u00bfC\u00f3mo mejora la pantalla inteligente mi experiencia de vapeo?<\/h5>\n<p>La pantalla inteligente integrada proporciona actualizaciones en tiempo real sobre la duraci\u00f3n de la bater\u00eda y los niveles de e-l\u00edquido, lo que elimina las conjeturas y garantiza que siempre est\u00e9 preparado. Esta funci\u00f3n permite una experiencia de vapeo m\u00e1s controlada y agradable.<\/p>\n<h5>\u00bfQu\u00e9 m\u00e9todos de env\u00edo se utilizan?<\/h5>\n<p>Trabajamos con transportistas de confianza como UPS, DHL, FedEx y DPD para ofrecer env\u00edos fiables y eficientes. Seleccionamos la mejor opci\u00f3n de env\u00edo en funci\u00f3n de su ubicaci\u00f3n para garantizar una entrega puntual.<\/p>\n<h5>\u00bfCu\u00e1nto suele tardar el env\u00edo?<\/h5>\n<p>El env\u00edo suele tardar entre 7 y 15 d\u00edas laborables, pero puede prolongarse hasta 20 d\u00edas laborables durante las vacaciones o condiciones meteorol\u00f3gicas adversas.<\/p>\n<h5>\u00bfHay tasas aduaneras o fiscales?<\/h5>\n<p>Nos encargamos de todos los tr\u00e1mites aduaneros, garantiz\u00e1ndole que no incurrir\u00e1 en impuestos o tasas adicionales. 100% de nuestros productos pasan por la aduana sin problemas.<\/p>\n<h5>\u00bfEs mi compra segura y fiable?<\/h5>\n<p>Apoyamos las transacciones seguras a trav\u00e9s de la protecci\u00f3n del comprador de PayPal. Tambi\u00e9n puede consultar los comentarios de nuestros clientes en <a href=\"https:\/\/www.trustpilot.com\/review\/volovape.com?utm_medium=trustbox&amp;utm_source=TrustBoxReviewCollector\">TrustPilot<\/a> para verificar nuestra fiabilidad.<\/p>","protected":false},"excerpt":{"rendered":"<p>\u00a1Domina el mercado del vapeo con Bang Box Rocket 18000 Puffs al por mayor! Pantalla inteligente, malla de 1,0\u03a9, 28ml, recargable. Ofrezca vapeadores de vanguardia y alta capacidad a sus clientes.<\/p>","protected":false},"featured_media":879,"comment_status":"open","ping_status":"closed","template":"","meta":[],"product_brand":[],"product_cat":[61,50,21,18,39,20,23,24,22,25,26,27,28,29,30,31,32,33,34,35,44,36,40],"product_tag":[],"class_list":{"0":"post-533","1":"product","2":"type-product","3":"status-publish","4":"has-post-thumbnail","6":"product_cat-bang","7":"product_cat-18000-puffs-disposable-vape","8":"product_cat-big-puffs-vapes","9":"product_cat-different-puffs-of-disposable-vapes","10":"product_cat-digital-box-vapes","11":"product_cat-disposable-vape-types","12":"product_cat-disposable-vapes-in-austria","13":"product_cat-disposable-vapes-in-belgium","14":"product_cat-disposable-vapes-in-europe","15":"product_cat-disposable-vapes-in-france","16":"product_cat-disposable-vapes-in-germany","17":"product_cat-disposable-vapes-in-hungary","18":"product_cat-disposable-vapes-in-ltaly","19":"product_cat-disposable-vapes-in-netherlands","20":"product_cat-disposable-vapes-in-norway","21":"product_cat-disposable-vapes-in-poland","22":"product_cat-disposable-vapes-in-portugal","23":"product_cat-disposable-vapes-in-spain","24":"product_cat-disposable-vapes-in-sweden","25":"product_cat-disposable-vapes-in-switzerland","26":"product_cat-dual-mesh-vapes","27":"product_cat-rechargeable-vapes","28":"product_cat-smart-screen-vapes","30":"first","31":"instock","32":"shipping-taxable","33":"purchasable","34":"product-type-variable","35":"has-default-attributes"},"jetpack_sharing_enabled":true,"tiered_pricing_type":"fixed","tiered_pricing_fixed_rules":{"2000":6.20999999999999996447286321199499070644378662109375},"tiered_pricing_product_settings":{"layout":"default","base_unit_name":{"singular":null,"plural":null},"default_variation":null},"tiered_pricing_minimum_quantity":1000,"tiered_pricing_roles_data":[],"tiered_pricing_percentage_rules":[],"tiered_pricing_maximum_quantity":null,"tiered_pricing_quantity_step":"10","_links":{"self":[{"href":"https:\/\/volovape.com\/es\/wp-json\/wp\/v2\/product\/533","targetHints":{"allow":["GET"]}}],"collection":[{"href":"https:\/\/volovape.com\/es\/wp-json\/wp\/v2\/product"}],"about":[{"href":"https:\/\/volovape.com\/es\/wp-json\/wp\/v2\/types\/product"}],"replies":[{"embeddable":true,"href":"https:\/\/volovape.com\/es\/wp-json\/wp\/v2\/comments?post=533"}],"wp:featuredmedia":[{"embeddable":true,"href":"https:\/\/volovape.com\/es\/wp-json\/wp\/v2\/media\/879"}],"wp:attachment":[{"href":"https:\/\/volovape.com\/es\/wp-json\/wp\/v2\/media?parent=533"}],"wp:term":[{"taxonomy":"product_brand","embeddable":true,"href":"https:\/\/volovape.com\/es\/wp-json\/wp\/v2\/product_brand?post=533"},{"taxonomy":"product_cat","embeddable":true,"href":"https:\/\/volovape.com\/es\/wp-json\/wp\/v2\/product_cat?post=533"},{"taxonomy":"product_tag","embeddable":true,"href":"https:\/\/volovape.com\/es\/wp-json\/wp\/v2\/product_tag?post=533"}],"curies":[{"name":"Gracias","href":"https:\/\/api.w.org\/{rel}","templated":true}]}}