{"id":499,"date":"2024-11-21T03:30:08","date_gmt":"2024-11-21T03:30:08","guid":{"rendered":"https:\/\/volovape.com\/?post_type=product&#038;p=499"},"modified":"2025-08-06T08:09:50","modified_gmt":"2025-08-06T08:09:50","slug":"caja-de-explosion-de-18000-bocanadas","status":"publish","type":"product","link":"https:\/\/volovape.com\/es\/product\/bang-box-18000-puffs\/","title":{"rendered":"BANG BOX 18000 Puffs Vapeador Desechable - Bobina Dual Mesh, Pantalla LED, Recargable"},"content":{"rendered":"<p><strong>BANG BOX 18000 Puffs Vape Desechable<\/strong> - Bobinas de malla doble para un sabor y una duraci\u00f3n superiores.<\/p>\n<p>El <strong>CAJA BANG 18000 Puffs<\/strong> ofrece una experiencia de vapeo inigualable con su dise\u00f1o de alta capacidad y su avanzada tecnolog\u00eda de bobina de malla doble. Disfruta de hasta <strong>18.000 bocanadas<\/strong>un enorme <strong>Dep\u00f3sito de e-l\u00edquido de 26 ml<\/strong>y un <strong>Bater\u00eda recargable de 850 mAh<\/strong> con carga Type-C. El <strong>Bobinas de malla doble de 0,8\u03a9<\/strong> aseguran un sabor rico y consistente, mientras que la pantalla digital LED proporciona actualizaciones en tiempo real sobre los niveles de bater\u00eda y e-l\u00edquido. Elija entre <strong>Concentraciones de nicotina 0%, 2%, 3% o 5%<\/strong> y 12 deliciosos sabores. Ideal para uso personal o <strong>vape desechable al por mayor<\/strong>, el <strong>CAJA DE EXPLOSI\u00d3N 18000<\/strong> establece un nuevo est\u00e1ndar para los vaporizadores desechables. Considera un <strong>pedidos al por mayor<\/strong> para obtener precios competitivos.<\/p>\n<h3><strong>BANG BOX 18000 Puffs Caracter\u00edsticas:<\/strong><\/h3>\n<ul>\n<li>Puffs: Hasta 18.000<\/li>\n<li>Capacidad del e-l\u00edquido: 26ml<\/li>\n<li>Bater\u00eda: 850mAh (recargable)<\/li>\n<li>Carga: Tipo-C<\/li>\n<li>Bobina: 0.8\u03a9 Dual Mesh Coils<\/li>\n<li>Pantalla: Pantalla digital LED<\/li>\n<li>Potencias de nicotina: 0%, 2%, 3%, 5%<\/li>\n<li>12 sabores disponibles<\/li>\n<\/ul>\n<h4>Preguntas frecuentes<\/h4>\n<h5>\u00bfQu\u00e9 hace que las bobinas de doble malla sean superiores?<\/h5>\n<p>El dise\u00f1o de doble bobina de malla proporciona una mayor superficie de calentamiento, lo que resulta en un calentamiento m\u00e1s r\u00e1pido y m\u00e1s uniforme. Esto mejora la producci\u00f3n de sabor, la densidad del vapor y la consistencia general, proporcionando una experiencia de vapeo m\u00e1s satisfactoria.<\/p>\n<h5>\u00bfQu\u00e9 m\u00e9todos de env\u00edo se utilizan para los pedidos al por mayor?<\/h5>\n<p>Utilizamos transportistas de confianza como UPS, DHL, FedEx y DPD para garantizar una entrega segura y eficaz de los pedidos al por mayor. El m\u00e9todo de env\u00edo m\u00e1s adecuado se selecciona en funci\u00f3n de su ubicaci\u00f3n y el tama\u00f1o del pedido.<\/p>\n<h5>\u00bfCu\u00e1nto suele tardar el env\u00edo de los pedidos al por mayor?<\/h5>\n<p>El env\u00edo suele tardar entre 7 y 15 d\u00edas laborables. Espere hasta 20 d\u00edas h\u00e1biles durante las temporadas altas o condiciones clim\u00e1ticas adversas.<\/p>\n<h5>\u00bfHay alg\u00fan problema de aduanas o tasas adicionales que deba tener en cuenta al hacer pedidos al por mayor?<\/h5>\n<p>Nos encargamos de todos los procesos de despacho de aduanas para garantizar una entrega sin problemas. No incurrir\u00e1s en impuestos ni tasas inesperadas, y garantizamos el despacho de aduanas 100% para todos los env\u00edos.<\/p>\n<h5>\u00bfC\u00f3mo puedo verificar la fiabilidad de mi compra a granel?<\/h5>\n<p>Ofrecemos opciones de pago seguras y nos comprometemos a proporcionar productos y servicios de alta calidad. Tambi\u00e9n puedes consultar las opiniones de nuestros clientes en plataformas de confianza para confirmar nuestra fiabilidad.<\/p>","protected":false},"excerpt":{"rendered":"<p>\u00a1Maximice sus ventas con BANG BOX 18000 Puffs al por mayor! Bobinas de doble malla, pantalla LED, 26ml, recargable. Stock vapes de alta capacidad con rico sabor y nicotina variada.<\/p>","protected":false},"featured_media":840,"comment_status":"open","ping_status":"closed","template":"","meta":[],"product_brand":[],"product_cat":[61,50,21,18,39,20,23,24,22,25,26,27,28,29,30,31,32,33,34,35,36,40],"product_tag":[],"class_list":{"0":"post-499","1":"product","2":"type-product","3":"status-publish","4":"has-post-thumbnail","6":"product_cat-bang","7":"product_cat-18000-puffs-disposable-vape","8":"product_cat-big-puffs-vapes","9":"product_cat-different-puffs-of-disposable-vapes","10":"product_cat-digital-box-vapes","11":"product_cat-disposable-vape-types","12":"product_cat-disposable-vapes-in-austria","13":"product_cat-disposable-vapes-in-belgium","14":"product_cat-disposable-vapes-in-europe","15":"product_cat-disposable-vapes-in-france","16":"product_cat-disposable-vapes-in-germany","17":"product_cat-disposable-vapes-in-hungary","18":"product_cat-disposable-vapes-in-ltaly","19":"product_cat-disposable-vapes-in-netherlands","20":"product_cat-disposable-vapes-in-norway","21":"product_cat-disposable-vapes-in-poland","22":"product_cat-disposable-vapes-in-portugal","23":"product_cat-disposable-vapes-in-spain","24":"product_cat-disposable-vapes-in-sweden","25":"product_cat-disposable-vapes-in-switzerland","26":"product_cat-rechargeable-vapes","27":"product_cat-smart-screen-vapes","29":"first","30":"instock","31":"shipping-taxable","32":"purchasable","33":"product-type-variable","34":"has-default-attributes"},"jetpack_sharing_enabled":true,"tiered_pricing_type":"fixed","tiered_pricing_fixed_rules":{"2000":4.62999999999999989341858963598497211933135986328125},"tiered_pricing_product_settings":{"layout":"default","base_unit_name":{"singular":null,"plural":null},"default_variation":null},"tiered_pricing_minimum_quantity":1000,"tiered_pricing_roles_data":[],"tiered_pricing_percentage_rules":[],"tiered_pricing_maximum_quantity":null,"tiered_pricing_quantity_step":"10","_links":{"self":[{"href":"https:\/\/volovape.com\/es\/wp-json\/wp\/v2\/product\/499","targetHints":{"allow":["GET"]}}],"collection":[{"href":"https:\/\/volovape.com\/es\/wp-json\/wp\/v2\/product"}],"about":[{"href":"https:\/\/volovape.com\/es\/wp-json\/wp\/v2\/types\/product"}],"replies":[{"embeddable":true,"href":"https:\/\/volovape.com\/es\/wp-json\/wp\/v2\/comments?post=499"}],"wp:featuredmedia":[{"embeddable":true,"href":"https:\/\/volovape.com\/es\/wp-json\/wp\/v2\/media\/840"}],"wp:attachment":[{"href":"https:\/\/volovape.com\/es\/wp-json\/wp\/v2\/media?parent=499"}],"wp:term":[{"taxonomy":"product_brand","embeddable":true,"href":"https:\/\/volovape.com\/es\/wp-json\/wp\/v2\/product_brand?post=499"},{"taxonomy":"product_cat","embeddable":true,"href":"https:\/\/volovape.com\/es\/wp-json\/wp\/v2\/product_cat?post=499"},{"taxonomy":"product_tag","embeddable":true,"href":"https:\/\/volovape.com\/es\/wp-json\/wp\/v2\/product_tag?post=499"}],"curies":[{"name":"Gracias","href":"https:\/\/api.w.org\/{rel}","templated":true}]}}