{"id":498,"date":"2024-11-21T03:30:08","date_gmt":"2024-11-21T03:30:08","guid":{"rendered":"https:\/\/volovape.com\/?post_type=product&#038;p=498"},"modified":"2025-07-09T09:46:30","modified_gmt":"2025-07-09T09:46:30","slug":"fluum-digital-box-tn-15000-inhalaciones","status":"publish","type":"product","link":"https:\/\/volovape.com\/es\/product\/fluum-digital-box-tn-15000-puffs\/","title":{"rendered":"FluuM Digital Box TN 15000 Puffs Vape Desechable - Recargable, Pantalla Digital"},"content":{"rendered":"<p><strong>FluuM Digital Box TN 15000 Puffs Vape Desechable<\/strong> - Mantente informado y disfruta del vapeo prolongado.<\/p>\n<p>El <strong>FluuM Digital Box TN 15000 Puffs<\/strong> proporciona una experiencia de vapeo de vanguardia con su pantalla digital integrada, que le permite controlar los niveles de bater\u00eda y e-l\u00edquido de un vistazo. Disfruta de hasta <strong>15.000 bocanadas<\/strong>un generoso <strong>Capacidad de e-l\u00edquido de 25 ml<\/strong>, y un <strong>Bater\u00eda recargable de 650 mAh<\/strong> con carga Type-C. Elige entre <strong>Concentraciones de nicotina 0%, 2%, 3% o 5%<\/strong> para adaptarse a sus preferencias. La avanzada bobina de malla proporciona un vapor suave y sabroso, y con 12 deliciosos sabores, encontrar\u00e1s la combinaci\u00f3n perfecta. Ideal para uso personal o <strong>vape desechable al por mayor<\/strong>, el <strong>Caja digital FluuM TN 15000<\/strong> combina comodidad con funciones avanzadas. Considere una <strong>pedidos al por mayor<\/strong> para obtener precios competitivos.<\/p>\n<h3><strong>FluuM Digital Box TN 15000 Puffs Caracter\u00edsticas:<\/strong><\/h3>\n<ul>\n<li>Puffs: Hasta 15.000<\/li>\n<li>Capacidad del e-l\u00edquido: 25ml<\/li>\n<li>Bater\u00eda: 650mAh (recargable)<\/li>\n<li>Carga: Tipo-C<\/li>\n<li>Pantalla: Pantalla digital (niveles de bater\u00eda y e-l\u00edquido)<\/li>\n<li>Potencias de nicotina: 0%, 2%, 3%, 5%<\/li>\n<li>12 sabores disponibles<\/li>\n<\/ul>\n<h4>Preguntas frecuentes<\/h4>\n<h5>\u00bfCu\u00e1l es la principal ventaja de la pantalla digital?<\/h5>\n<p>La pantalla digital proporciona informaci\u00f3n en tiempo real sobre la duraci\u00f3n de la bater\u00eda y los niveles de e-l\u00edquido, lo que elimina las conjeturas y garantiza que siempre conozca el estado de su dispositivo. Esta caracter\u00edstica mejora la comodidad y le permite gestionar su experiencia de vapeo de manera m\u00e1s eficaz.<\/p>\n<h5>\u00bfQu\u00e9 m\u00e9todos de env\u00edo utilizan y a qu\u00e9 pa\u00edses realizan env\u00edos?<\/h5>\n<p>Trabajamos con transportistas de confianza para garantizar una entrega eficaz. Realizamos env\u00edos a la mayor\u00eda de los pa\u00edses europeos, incluidos los Pa\u00edses Bajos, Alemania, Francia y Espa\u00f1a, entre otros. Los plazos de entrega pueden variar en funci\u00f3n del destino.<\/p>\n<h5>\u00bfCu\u00e1nto suele tardar el env\u00edo?<\/h5>\n<p>Los plazos de entrega var\u00edan en funci\u00f3n del destino. P\u00f3ngase en contacto con nosotros para obtener estimaciones de entrega espec\u00edficas para su ubicaci\u00f3n.<\/p>\n<h5>\u00bfHay alg\u00fan problema de aduanas o tasas adicionales que deba tener en cuenta para los pedidos europeos?<\/h5>\n<p>Nos encargamos del despacho de aduanas de los pedidos europeos para garantizar un proceso de entrega sin problemas. Aunque nos esforzamos por evitar cargos adicionales, tenga en cuenta que las pol\u00edticas aduaneras pueden variar y que cualquier posible cargo es responsabilidad del comprador.<\/p>\n<h5>\u00bfC\u00f3mo puedo estar seguro de la calidad del producto y la fiabilidad de su servicio?<\/h5>\n<p>Damos prioridad a la satisfacci\u00f3n del cliente y ofrecemos opciones de pago seguras. Tambi\u00e9n puede consultar las opiniones de los clientes en plataformas de confianza para verificar nuestro compromiso con la calidad y el servicio.<\/p>","protected":false},"excerpt":{"rendered":"<p>\u00a1Aumente su inventario con FluuM Digital Box TN 15000 Puffs al por mayor! Pantalla digital, 25ml, recargable. Ofrezca vaporizaciones c\u00f3modas y duraderas con diversas opciones de nicotina.<\/p>","protected":false},"featured_media":827,"comment_status":"open","ping_status":"closed","template":"","meta":[],"product_brand":[],"product_cat":[66,41,21,18,39,20,23,24,22,25,26,27,28,29,30,31,32,33,34,35,36,40],"product_tag":[],"class_list":{"0":"post-498","1":"product","2":"type-product","3":"status-publish","4":"has-post-thumbnail","6":"product_cat-fluum","7":"product_cat-15000-puffs-disposable-vape","8":"product_cat-big-puffs-vapes","9":"product_cat-different-puffs-of-disposable-vapes","10":"product_cat-digital-box-vapes","11":"product_cat-disposable-vape-types","12":"product_cat-disposable-vapes-in-austria","13":"product_cat-disposable-vapes-in-belgium","14":"product_cat-disposable-vapes-in-europe","15":"product_cat-disposable-vapes-in-france","16":"product_cat-disposable-vapes-in-germany","17":"product_cat-disposable-vapes-in-hungary","18":"product_cat-disposable-vapes-in-ltaly","19":"product_cat-disposable-vapes-in-netherlands","20":"product_cat-disposable-vapes-in-norway","21":"product_cat-disposable-vapes-in-poland","22":"product_cat-disposable-vapes-in-portugal","23":"product_cat-disposable-vapes-in-spain","24":"product_cat-disposable-vapes-in-sweden","25":"product_cat-disposable-vapes-in-switzerland","26":"product_cat-rechargeable-vapes","27":"product_cat-smart-screen-vapes","29":"first","30":"instock","31":"shipping-taxable","32":"purchasable","33":"product-type-variable","34":"has-default-attributes"},"jetpack_sharing_enabled":true,"tiered_pricing_type":"fixed","tiered_pricing_fixed_rules":{"2000":6.44000000000000039079850466805510222911834716796875},"tiered_pricing_product_settings":{"layout":"default","base_unit_name":{"singular":null,"plural":null},"default_variation":null},"tiered_pricing_minimum_quantity":1000,"tiered_pricing_roles_data":[],"tiered_pricing_percentage_rules":[],"tiered_pricing_maximum_quantity":null,"tiered_pricing_quantity_step":"10","_links":{"self":[{"href":"https:\/\/volovape.com\/es\/wp-json\/wp\/v2\/product\/498","targetHints":{"allow":["GET"]}}],"collection":[{"href":"https:\/\/volovape.com\/es\/wp-json\/wp\/v2\/product"}],"about":[{"href":"https:\/\/volovape.com\/es\/wp-json\/wp\/v2\/types\/product"}],"replies":[{"embeddable":true,"href":"https:\/\/volovape.com\/es\/wp-json\/wp\/v2\/comments?post=498"}],"wp:featuredmedia":[{"embeddable":true,"href":"https:\/\/volovape.com\/es\/wp-json\/wp\/v2\/media\/827"}],"wp:attachment":[{"href":"https:\/\/volovape.com\/es\/wp-json\/wp\/v2\/media?parent=498"}],"wp:term":[{"taxonomy":"product_brand","embeddable":true,"href":"https:\/\/volovape.com\/es\/wp-json\/wp\/v2\/product_brand?post=498"},{"taxonomy":"product_cat","embeddable":true,"href":"https:\/\/volovape.com\/es\/wp-json\/wp\/v2\/product_cat?post=498"},{"taxonomy":"product_tag","embeddable":true,"href":"https:\/\/volovape.com\/es\/wp-json\/wp\/v2\/product_tag?post=498"}],"curies":[{"name":"Gracias","href":"https:\/\/api.w.org\/{rel}","templated":true}]}}