{"id":497,"date":"2024-11-21T03:30:08","date_gmt":"2024-11-21T03:30:08","guid":{"rendered":"https:\/\/volovape.com\/?post_type=product&#038;p=497"},"modified":"2025-08-20T02:44:41","modified_gmt":"2025-08-20T02:44:41","slug":"bang-king-15000-bocanadas","status":"publish","type":"product","link":"https:\/\/volovape.com\/es\/product\/bang-king-15000-puffs\/","title":{"rendered":"Bang King 15000 bocanadas vape desechable - recargable, flujo de aire ajustable"},"content":{"rendered":"<p><strong>Bang King 15000 Puffs Vape Desechable<\/strong> - Vaping a medida con amplias opciones de sabor.<\/p>\n<p>El <strong>Bang King 15000 bocanadas<\/strong> ofrece una experiencia de vapeo personalizable gracias a su flujo de aire ajustable, que te permite cambiar entre los estilos MTL y DTL. Disfruta de hasta <strong>15.000 bocanadas<\/strong>un generoso <strong>Capacidad de e-l\u00edquido de 25 ml<\/strong>, y un <strong>Bater\u00eda recargable de 650 mAh<\/strong> con carga Type-C. Elige entre <strong>Concentraciones de nicotina 0%, 2%, 3% o 5%<\/strong> para adaptarse a sus preferencias. Con 20 sabores distintos, incluidas mezclas \u00fanicas como Yogur de fresa y Guayaba de kiwi y fruta de la pasi\u00f3n, este dispositivo satisface todos los paladares. Ideal para uso personal o <strong>vape desechable al por mayor<\/strong>, el <strong>Rey de la explosi\u00f3n 15000<\/strong> ofrece longevidad y versatilidad. Considere un <strong>pedidos al por mayor<\/strong> para obtener precios competitivos.<\/p>\n<h3><strong>Bang King 15000 Puffs Caracter\u00edsticas:<\/strong><\/h3>\n<ul>\n<li>Puffs: Hasta 15.000<\/li>\n<li>Capacidad del e-l\u00edquido: 25ml<\/li>\n<li>Bater\u00eda: 650mAh (recargable)<\/li>\n<li>Carga: Tipo-C<\/li>\n<li>Flujo de aire: Ajustable<\/li>\n<li>Potencias de nicotina: 0%, 2%, 3%, 5%<\/li>\n<li>20 sabores disponibles<\/li>\n<\/ul>\n<h4>Preguntas frecuentes<\/h4>\n<h5>\u00bfC\u00f3mo beneficia el flujo de aire ajustable a los diferentes estilos de vapeo?<\/h5>\n<p>El flujo de aire ajustable le permite personalizar su calada, atendiendo tanto a las preferencias MTL (boca a pulm\u00f3n) como DTL (directo a pulm\u00f3n). Un flujo de aire m\u00e1s ajustado imita la calada de un cigarrillo tradicional, ideal para MTL, mientras que un flujo de aire m\u00e1s flojo produce nubes m\u00e1s grandes y es preferible para vapear DTL.<\/p>\n<h5>\u00bfQu\u00e9 m\u00e9todos de env\u00edo se utilizan para los pedidos al por mayor?<\/h5>\n<p>Colaboramos con transportistas de confianza como UPS, DHL, FedEx y DPD para garantizar un env\u00edo seguro y eficaz de todos los pedidos al por mayor. El mejor transportista se elige en funci\u00f3n de su ubicaci\u00f3n y el tama\u00f1o del pedido.<\/p>\n<h5>\u00bfCu\u00e1nto suele tardar el env\u00edo?<\/h5>\n<p>El env\u00edo suele tardar entre 7 y 15 d\u00edas laborables. En temporadas altas o condiciones meteorol\u00f3gicas adversas, el plazo puede ser de hasta 20 d\u00edas laborables.<\/p>\n<h5>\u00bfTendr\u00e9 problemas de aduanas o gastos adicionales?<\/h5>\n<p>Nos encargamos de todos los procesos de despacho de aduanas para garantizar una entrega sin problemas. No incurrir\u00e1s en impuestos ni tasas inesperadas, y garantizamos el despacho de aduanas 100% para todos los env\u00edos.<\/p>\n<h5>\u00bfC\u00f3mo puedo verificar la fiabilidad de mi compra?<\/h5>\n<p>Ofrecemos opciones de pago seguras a trav\u00e9s de PayPal, que incluye protecci\u00f3n del comprador. Tambi\u00e9n puede consultar las opiniones de nuestros clientes en <a href=\"https:\/\/www.trustpilot.com\/review\/volovape.com?utm_medium=trustbox&amp;utm_source=TrustBoxReviewCollector\">TrustPilot<\/a> para confirmar nuestro compromiso con la calidad y el servicio.<\/p>","protected":false},"excerpt":{"rendered":"<p>\u00a1Maximice las ventas de vapeo con Bang King 15000 Puffs al por mayor! Flujo de aire ajustable, 25ml, recargable. Stock vapes personalizables con diversas opciones de nicotina y sabor.<\/p>","protected":false},"featured_media":809,"comment_status":"open","ping_status":"closed","template":"","meta":[],"product_brand":[],"product_cat":[61,41,21,18,20,23,24,22,25,26,27,28,29,30,31,32,33,34,35,36],"product_tag":[],"class_list":{"0":"post-497","1":"product","2":"type-product","3":"status-publish","4":"has-post-thumbnail","6":"product_cat-bang","7":"product_cat-15000-puffs-disposable-vape","8":"product_cat-big-puffs-vapes","9":"product_cat-different-puffs-of-disposable-vapes","10":"product_cat-disposable-vape-types","11":"product_cat-disposable-vapes-in-austria","12":"product_cat-disposable-vapes-in-belgium","13":"product_cat-disposable-vapes-in-europe","14":"product_cat-disposable-vapes-in-france","15":"product_cat-disposable-vapes-in-germany","16":"product_cat-disposable-vapes-in-hungary","17":"product_cat-disposable-vapes-in-ltaly","18":"product_cat-disposable-vapes-in-netherlands","19":"product_cat-disposable-vapes-in-norway","20":"product_cat-disposable-vapes-in-poland","21":"product_cat-disposable-vapes-in-portugal","22":"product_cat-disposable-vapes-in-spain","23":"product_cat-disposable-vapes-in-sweden","24":"product_cat-disposable-vapes-in-switzerland","25":"product_cat-rechargeable-vapes","27":"first","28":"instock","29":"shipping-taxable","30":"purchasable","31":"product-type-variable","32":"has-default-attributes"},"jetpack_sharing_enabled":true,"tiered_pricing_type":"fixed","tiered_pricing_fixed_rules":{"2000":3.520000000000000017763568394002504646778106689453125},"tiered_pricing_product_settings":{"layout":"default","base_unit_name":{"singular":null,"plural":null},"default_variation":null},"tiered_pricing_minimum_quantity":1000,"tiered_pricing_roles_data":[],"tiered_pricing_percentage_rules":[],"tiered_pricing_maximum_quantity":null,"tiered_pricing_quantity_step":"10","_links":{"self":[{"href":"https:\/\/volovape.com\/es\/wp-json\/wp\/v2\/product\/497","targetHints":{"allow":["GET"]}}],"collection":[{"href":"https:\/\/volovape.com\/es\/wp-json\/wp\/v2\/product"}],"about":[{"href":"https:\/\/volovape.com\/es\/wp-json\/wp\/v2\/types\/product"}],"replies":[{"embeddable":true,"href":"https:\/\/volovape.com\/es\/wp-json\/wp\/v2\/comments?post=497"}],"wp:featuredmedia":[{"embeddable":true,"href":"https:\/\/volovape.com\/es\/wp-json\/wp\/v2\/media\/809"}],"wp:attachment":[{"href":"https:\/\/volovape.com\/es\/wp-json\/wp\/v2\/media?parent=497"}],"wp:term":[{"taxonomy":"product_brand","embeddable":true,"href":"https:\/\/volovape.com\/es\/wp-json\/wp\/v2\/product_brand?post=497"},{"taxonomy":"product_cat","embeddable":true,"href":"https:\/\/volovape.com\/es\/wp-json\/wp\/v2\/product_cat?post=497"},{"taxonomy":"product_tag","embeddable":true,"href":"https:\/\/volovape.com\/es\/wp-json\/wp\/v2\/product_tag?post=497"}],"curies":[{"name":"Gracias","href":"https:\/\/api.w.org\/{rel}","templated":true}]}}