{"id":496,"date":"2024-11-21T03:30:08","date_gmt":"2024-11-21T03:30:08","guid":{"rendered":"https:\/\/volovape.com\/?post_type=product&#038;p=496"},"modified":"2025-07-29T08:14:03","modified_gmt":"2025-07-29T08:14:03","slug":"barra-de-frio-vopk-de-9000-bocanadas","status":"publish","type":"product","link":"https:\/\/volovape.com\/es\/product\/vopk-cool-bar-9000-puffs\/","title":{"rendered":"VOPK Cool Bar 9000 Puffs Vape Desechable - Flujo de aire ajustable, 1.0\u03a9 Mesh Coil"},"content":{"rendered":"<p><strong>VOPK Cool Bar 9000 Puffs Vape Desechable<\/strong> - Vaping personalizado con flujo de aire ajustable.<\/p>\n<p>Experimenta el vapeo a medida con el <strong>Barra de vaporizador VOPK Cool Bar de 9000 bocanadas<\/strong>. Este vape desechable ofrece hasta <strong>9.000 bocanadas<\/strong>, a <strong>15 ml de capacidad de e-l\u00edquido<\/strong>, y un <strong>Bater\u00eda recargable de 600 mAh<\/strong> para un uso prolongado. La caracter\u00edstica m\u00e1s destacada es su <strong>flujo de aire ajustable<\/strong>El dise\u00f1o de la tapa permite cambiar entre los estilos de vapeo MTL y DTL. El <strong>Bobina de malla de 1,0\u03a9<\/strong> asegura un sabor consistente y un vapor suave. Con un <strong>3% potencia de nicotina<\/strong> y 10 sabores refrescantes, este dispositivo proporciona una experiencia satisfactoria. Ideal para uso personal o <strong>vape desechable al por mayor<\/strong>, el <strong>Barra fr\u00eda VOPK 9000<\/strong> est\u00e1 dise\u00f1ado para la comodidad y la personalizaci\u00f3n. Considere un <strong>pedidos al por mayor<\/strong> para obtener precios competitivos.<\/p>\n<h3><strong>VOPK Cool Bar 9000 Puffs Caracter\u00edsticas:<\/strong><\/h3>\n<ul>\n<li>Puffs: Hasta 9.000<\/li>\n<li>Capacidad del e-l\u00edquido: 15ml<\/li>\n<li>Bater\u00eda: 600mAh (recargable)<\/li>\n<li>Carga: Tipo-C<\/li>\n<li>Bobina: 1.0\u03a9 Mesh Coil<\/li>\n<li>Flujo de aire: Ajustable<\/li>\n<li>Intensidad de nicotina: 3%<\/li>\n<li>10 sabores disponibles<\/li>\n<\/ul>\n<h4>Preguntas frecuentes<\/h4>\n<h5>\u00bfC\u00f3mo mejora mi experiencia de vapeo el flujo de aire ajustable?<\/h5>\n<p>El flujo de aire ajustable te permite personalizar tu calada, ofreciendo flexibilidad entre una calada MTL (boca a pulm\u00f3n) m\u00e1s ajustada, tipo cigarrillo, y una calada DTL (directo a pulm\u00f3n) m\u00e1s abierta y aireada. Esta personalizaci\u00f3n le permite encontrar el equilibrio perfecto de sabor y producci\u00f3n de vapor para satisfacer sus preferencias.<\/p>\n<h5>\u00bfQu\u00e9 m\u00e9todos de env\u00edo se utilizan?<\/h5>\n<p>Trabajamos con transportistas de confianza como UPS, DHL, FedEx y DPD para garantizar que su pedido llegue seguro y r\u00e1pido. El m\u00e9todo de env\u00edo m\u00e1s adecuado se selecciona en funci\u00f3n de su ubicaci\u00f3n.<\/p>\n<h5>\u00bfCu\u00e1nto tardar\u00e1 en llegar mi pedido?<\/h5>\n<p>La entrega suele tardar entre 7 y 15 d\u00edas laborables. Tenga en cuenta posibles retrasos de hasta 20 d\u00edas laborables durante las vacaciones o condiciones meteorol\u00f3gicas adversas.<\/p>\n<h5>\u00bfDebo tener en cuenta alguna tasa de aduanas?<\/h5>\n<p>Gestionamos todos los tr\u00e1mites aduaneros para garantizar una entrega sin complicaciones. No incurrir\u00e1s en impuestos ni tasas adicionales, y garantizamos el despacho de aduanas 100% para todos los env\u00edos.<\/p>\n<h5>\u00bfEs mi compra segura y fiable?<\/h5>\n<p>Ofrecemos opciones de pago seguras a trav\u00e9s de PayPal, que incluye protecci\u00f3n del comprador. Tambi\u00e9n puede verificar nuestra fiabilidad revisando los comentarios de los clientes en <a href=\"https:\/\/www.trustpilot.com\/review\/volovape.com?utm_medium=trustbox&amp;utm_source=TrustBoxReviewCollector\">TrustPilot<\/a>.<\/p>","protected":false},"excerpt":{"rendered":"<p>\u00a1Aumente las ventas de vapeo con VOPK Cool Bar 9000 Puffs al por mayor! Flujo de aire ajustable, bobina de malla 1.0\u03a9, 15ml, recargable. Ofrecer vapes personalizables con sabores refrescantes.<\/p>","protected":false},"featured_media":798,"comment_status":"open","ping_status":"closed","template":"","meta":[],"product_brand":[],"product_cat":[65,48,21,18,20,23,24,22,25,26,27,28,29,30,31,32,33,34,35,36],"product_tag":[],"class_list":{"0":"post-496","1":"product","2":"type-product","3":"status-publish","4":"has-post-thumbnail","6":"product_cat-vopk","7":"product_cat-9000-puffs-disposable-vape","8":"product_cat-big-puffs-vapes","9":"product_cat-different-puffs-of-disposable-vapes","10":"product_cat-disposable-vape-types","11":"product_cat-disposable-vapes-in-austria","12":"product_cat-disposable-vapes-in-belgium","13":"product_cat-disposable-vapes-in-europe","14":"product_cat-disposable-vapes-in-france","15":"product_cat-disposable-vapes-in-germany","16":"product_cat-disposable-vapes-in-hungary","17":"product_cat-disposable-vapes-in-ltaly","18":"product_cat-disposable-vapes-in-netherlands","19":"product_cat-disposable-vapes-in-norway","20":"product_cat-disposable-vapes-in-poland","21":"product_cat-disposable-vapes-in-portugal","22":"product_cat-disposable-vapes-in-spain","23":"product_cat-disposable-vapes-in-sweden","24":"product_cat-disposable-vapes-in-switzerland","25":"product_cat-rechargeable-vapes","27":"first","28":"instock","29":"shipping-taxable","30":"purchasable","31":"product-type-variable","32":"has-default-attributes"},"jetpack_sharing_enabled":true,"tiered_pricing_type":"fixed","tiered_pricing_fixed_rules":{"30":6.5,"50":6.4900000000000002131628207280300557613372802734375,"100":6.29000000000000003552713678800500929355621337890625,"200":5.78000000000000024868995751603506505489349365234375,"400":5.04000000000000003552713678800500929355621337890625},"tiered_pricing_product_settings":{"layout":"default","base_unit_name":{"singular":null,"plural":null},"default_variation":null},"tiered_pricing_minimum_quantity":10,"tiered_pricing_roles_data":[],"tiered_pricing_percentage_rules":[],"tiered_pricing_maximum_quantity":null,"tiered_pricing_quantity_step":"10","_links":{"self":[{"href":"https:\/\/volovape.com\/es\/wp-json\/wp\/v2\/product\/496","targetHints":{"allow":["GET"]}}],"collection":[{"href":"https:\/\/volovape.com\/es\/wp-json\/wp\/v2\/product"}],"about":[{"href":"https:\/\/volovape.com\/es\/wp-json\/wp\/v2\/types\/product"}],"replies":[{"embeddable":true,"href":"https:\/\/volovape.com\/es\/wp-json\/wp\/v2\/comments?post=496"}],"wp:featuredmedia":[{"embeddable":true,"href":"https:\/\/volovape.com\/es\/wp-json\/wp\/v2\/media\/798"}],"wp:attachment":[{"href":"https:\/\/volovape.com\/es\/wp-json\/wp\/v2\/media?parent=496"}],"wp:term":[{"taxonomy":"product_brand","embeddable":true,"href":"https:\/\/volovape.com\/es\/wp-json\/wp\/v2\/product_brand?post=496"},{"taxonomy":"product_cat","embeddable":true,"href":"https:\/\/volovape.com\/es\/wp-json\/wp\/v2\/product_cat?post=496"},{"taxonomy":"product_tag","embeddable":true,"href":"https:\/\/volovape.com\/es\/wp-json\/wp\/v2\/product_tag?post=496"}],"curies":[{"name":"Gracias","href":"https:\/\/api.w.org\/{rel}","templated":true}]}}