{"id":495,"date":"2024-11-21T03:30:07","date_gmt":"2024-11-21T03:30:07","guid":{"rendered":"https:\/\/volovape.com\/?post_type=product&#038;p=495"},"modified":"2025-12-02T13:15:47","modified_gmt":"2025-12-02T13:15:47","slug":"explosion-de-25000-bocanadas","status":"publish","type":"product","link":"https:\/\/volovape.com\/es\/product\/bang-25000-puffs\/","title":{"rendered":"Bang 25000 Puffs Vape Desechable - 1.0\u03a9 Mesh Coil, Recargable, Pantalla"},"content":{"rendered":"<p><iframe title=\"Reproductor de v\u00eddeo de VideoPress\" aria-label='Reproductor de v\u00eddeo de VideoPress' width='500' height='281' src='https:\/\/videopress.com\/embed\/Hmr9nGsM?hd=0&amp;cover=1' frameborder='0' allowfullscreen allow='clipboard-write'><\/iframe><script src='https:\/\/v0.wordpress.com\/js\/next\/videopress-iframe.js?m=1739540970'><\/script><\/p>\n<p><strong>Vape desechable Bang de 25 000 bocanadas<\/strong> - Experimente una longevidad y un sabor inigualables.<\/p>\n<p>El <strong>Bang 25000 bocanadas<\/strong> establece un nuevo est\u00e1ndar para los vapes desechables, ofreciendo hasta <strong>25.000 bocanadas<\/strong> con un enorme <strong>Capacidad de e-l\u00edquido de 25 ml<\/strong>. Disfrute de un sabor consistente y rico gracias al <strong>Bobina de malla de 1,0\u03a9<\/strong>y mantente informado con la pantalla integrada que muestra los niveles de bater\u00eda y e-l\u00edquido. Elija su concentraci\u00f3n de nicotina preferida entre <strong>0%, 2%, 3% o 5%<\/strong>. Este dispositivo funciona con un <strong>Bater\u00eda recargable de 650 mAh<\/strong> con <strong>Carga tipo C<\/strong>para garantizar la fiabilidad y la comodidad. Perfecto para uso personal o <strong>vape desechable al por mayor<\/strong>, el <strong>Bang 25000 bocanadas<\/strong> ofrece un valor excepcional y una experiencia de vapeo de primera calidad. Explora 12 sabores \u00fanicos y <strong>pedidos al por mayor<\/strong> para sus necesidades de vapeo.<\/p>\n<h3><strong>Bang 25000 Puffs Caracter\u00edsticas:<\/strong><\/h3>\n<ul>\n<li>Puffs: Hasta 25.000<\/li>\n<li>Capacidad del e-l\u00edquido: 25ml<\/li>\n<li>Bater\u00eda: 650mAh (recargable)<\/li>\n<li>Carga: Tipo-C<\/li>\n<li>Bobina: 1.0\u03a9 Mesh Coil<\/li>\n<li>Pantalla: Pantalla integrada (niveles de bater\u00eda y e-l\u00edquido)<\/li>\n<li>Potencias de nicotina: 0%, 2%, 3%, 5%<\/li>\n<li>12 sabores disponibles<\/li>\n<\/ul>\n<h4>Preguntas frecuentes<\/h4>\n<h5>\u00bfCu\u00e1l es la ventaja de la pantalla de visualizaci\u00f3n?<\/h5>\n<p>La pantalla integrada le permite controlar la bater\u00eda restante y los niveles de e-l\u00edquido en tiempo real, eliminando las conjeturas y garantizando que nunca le pillen desprevenido. Es una caracter\u00edstica clave para maximizar tu experiencia de vapeo y disfrutar hasta la \u00faltima calada.<\/p>\n<h5>\u00bfQu\u00e9 m\u00e9todos de env\u00edo se utilizan?<\/h5>\n<p>Colaboramos con transportistas l\u00edderes como UPS, DHL, FedEx y DPD para ofrecer env\u00edos fiables y eficientes. Seleccionamos el transportista m\u00e1s adecuado en funci\u00f3n de su ubicaci\u00f3n para garantizar una entrega r\u00e1pida.<\/p>\n<h5>\u00bfCu\u00e1nto tarda en llegar?<\/h5>\n<p>Normalmente, la entrega tarda entre 7 y 15 d\u00edas laborables. Por favor, espere hasta 20 d\u00edas h\u00e1biles durante las vacaciones o condiciones clim\u00e1ticas adversas.<\/p>\n<h5>\u00bfTendr\u00e9 problemas de aduanas o gastos adicionales?<\/h5>\n<p>Nos encargamos de todos los procesos de despacho de aduanas, garantizando una entrega fluida sin impuestos ni tasas inesperados. Tenga la seguridad de que 100% de nuestros env\u00edos pasan la aduana sin problemas.<\/p>\n<h5>\u00bfPuedo confiar en la calidad y el servicio?<\/h5>\n<p>Ofrecemos opciones de pago seguras a trav\u00e9s de PayPal, que incluye protecci\u00f3n del comprador. Tambi\u00e9n puede comprobar nuestra fiabilidad leyendo las opiniones de nuestros clientes en <a href=\"https:\/\/www.trustpilot.com\/review\/volovape.com?utm_medium=trustbox&amp;utm_source=TrustBoxReviewCollector\">TrustPilot<\/a>.<\/p>","protected":false},"excerpt":{"rendered":"<p>Disfruta de un vapeo prolongado y sabroso con el Bang 25000 Puffs. Pantalla f\u00e1cil de usar, malla de 1.0\u03a9, 25ml, recargable. Perfecto para uso personal o al por mayor, con diversas opciones de nicotina.<\/p>","protected":false},"featured_media":786,"comment_status":"open","ping_status":"closed","template":"","meta":[],"product_brand":[],"product_cat":[61,45,21,18,39,20,23,24,22,25,26,27,28,29,30,31,32,33,34,35,44,36,40],"product_tag":[],"class_list":{"0":"post-495","1":"product","2":"type-product","3":"status-publish","4":"has-post-thumbnail","6":"product_cat-bang","7":"product_cat-25000-puffs-disposable-vape","8":"product_cat-big-puffs-vapes","9":"product_cat-different-puffs-of-disposable-vapes","10":"product_cat-digital-box-vapes","11":"product_cat-disposable-vape-types","12":"product_cat-disposable-vapes-in-austria","13":"product_cat-disposable-vapes-in-belgium","14":"product_cat-disposable-vapes-in-europe","15":"product_cat-disposable-vapes-in-france","16":"product_cat-disposable-vapes-in-germany","17":"product_cat-disposable-vapes-in-hungary","18":"product_cat-disposable-vapes-in-ltaly","19":"product_cat-disposable-vapes-in-netherlands","20":"product_cat-disposable-vapes-in-norway","21":"product_cat-disposable-vapes-in-poland","22":"product_cat-disposable-vapes-in-portugal","23":"product_cat-disposable-vapes-in-spain","24":"product_cat-disposable-vapes-in-sweden","25":"product_cat-disposable-vapes-in-switzerland","26":"product_cat-dual-mesh-vapes","27":"product_cat-rechargeable-vapes","28":"product_cat-smart-screen-vapes","30":"first","31":"instock","32":"shipping-taxable","33":"purchasable","34":"product-type-variable","35":"has-default-attributes"},"jetpack_sharing_enabled":true,"tiered_pricing_type":"fixed","tiered_pricing_fixed_rules":{"30":7.160000000000000142108547152020037174224853515625,"50":6.910000000000000142108547152020037174224853515625,"100":6.1699999999999999289457264239899814128875732421875,"200":5.79999999999999982236431605997495353221893310546875,"400":5.30999999999999960920149533194489777088165283203125},"tiered_pricing_product_settings":{"layout":"default","base_unit_name":{"singular":null,"plural":null},"default_variation":null},"tiered_pricing_minimum_quantity":10,"tiered_pricing_roles_data":[],"tiered_pricing_percentage_rules":[],"tiered_pricing_maximum_quantity":null,"tiered_pricing_quantity_step":"10","_links":{"self":[{"href":"https:\/\/volovape.com\/es\/wp-json\/wp\/v2\/product\/495","targetHints":{"allow":["GET"]}}],"collection":[{"href":"https:\/\/volovape.com\/es\/wp-json\/wp\/v2\/product"}],"about":[{"href":"https:\/\/volovape.com\/es\/wp-json\/wp\/v2\/types\/product"}],"replies":[{"embeddable":true,"href":"https:\/\/volovape.com\/es\/wp-json\/wp\/v2\/comments?post=495"}],"wp:featuredmedia":[{"embeddable":true,"href":"https:\/\/volovape.com\/es\/wp-json\/wp\/v2\/media\/786"}],"wp:attachment":[{"href":"https:\/\/volovape.com\/es\/wp-json\/wp\/v2\/media?parent=495"}],"wp:term":[{"taxonomy":"product_brand","embeddable":true,"href":"https:\/\/volovape.com\/es\/wp-json\/wp\/v2\/product_brand?post=495"},{"taxonomy":"product_cat","embeddable":true,"href":"https:\/\/volovape.com\/es\/wp-json\/wp\/v2\/product_cat?post=495"},{"taxonomy":"product_tag","embeddable":true,"href":"https:\/\/volovape.com\/es\/wp-json\/wp\/v2\/product_tag?post=495"}],"curies":[{"name":"Gracias","href":"https:\/\/api.w.org\/{rel}","templated":true}]}}