{"id":491,"date":"2024-11-21T03:30:07","date_gmt":"2024-11-21T03:30:07","guid":{"rendered":"https:\/\/volovape.com\/?post_type=product&#038;p=491"},"modified":"2025-07-08T04:50:17","modified_gmt":"2025-07-08T04:50:17","slug":"shisha-bang-de-15000-caladas","status":"publish","type":"product","link":"https:\/\/volovape.com\/es\/product\/bang-shisha-15000-puffs\/","title":{"rendered":"Bang SHISHA 15000 Puffs XXL Vape Desechable - 0.6\u03a9 Mesh Coil, Recargable"},"content":{"rendered":"<p><strong>Bang SHISHA 15000 Puffs XXL Vape Desechable<\/strong> - Sabores inspirados en Hookah con una potente bobina de malla.<\/p>\n<p>Experimente los ricos y suaves sabores de la shisha tradicional en un c\u00f3modo formato desechable con la <strong>Bang SHISHA 15000 caladas XXL<\/strong>. Este dispositivo cuenta con una impresionante capacidad de 15.000 caladas, un dep\u00f3sito de e-l\u00edquido de 25 ml y una bater\u00eda recargable de 650 mAh. La bobina de malla 0.6\u03a9 est\u00e1 optimizada para nubes densas y rico sabor, replicando la aut\u00e9ntica experiencia hookah. Elige entre las concentraciones de nicotina 0%, 2% o 5% y disfruta de 12 sabores inspirados en la shisha. Ideal para uso personal y <strong>vape desechable al por mayor<\/strong> o <strong>pedidos al por mayor<\/strong>.<\/p>\n<h3><strong>Bang SHISHA 15000 Puffs XXL Caracter\u00edsticas:<\/strong><\/h3>\n<ul>\n<li>Puffs: Hasta 15.000<\/li>\n<li>Capacidad de E-l\u00edquido: 25mL<\/li>\n<li>Bater\u00eda: 650mAh (recargable)<\/li>\n<li>Carga: Tipo-C<\/li>\n<li>Bobina: 0.6\u03a9 Mesh Coil<\/li>\n<li>Potencias de nicotina: 0%, 2%, 5%<\/li>\n<li>12 sabores inspirados en la shisha<\/li>\n<\/ul>\n<h4>Preguntas frecuentes<\/h4>\n<h5>\u00bfQu\u00e9 opciones de env\u00edo hay disponibles?<\/h5>\n<p>Trabajamos con diversos transportistas para ofrecer opciones de env\u00edo fiables. El m\u00e9todo m\u00e1s adecuado se elige en funci\u00f3n de su ubicaci\u00f3n para garantizar la entrega puntual de su <strong>vape desechable<\/strong> productos. Tenga en cuenta que, debido a la normativa, el env\u00edo de productos de vapeo est\u00e1 m\u00e1s restringido y que los servicios de empresas de transporte como UPS, DHL y FedEx ya no est\u00e1n disponibles.<\/p>\n<h5>\u00bfCu\u00e1nto suele tardar la entrega est\u00e1ndar?<\/h5>\n<p>La entrega est\u00e1ndar suele tardar entre 7 y 15 d\u00edas laborables. Tenga en cuenta los posibles retrasos durante las vacaciones o debido a condiciones meteorol\u00f3gicas adversas, que pueden ampliar los plazos de entrega hasta 20 d\u00edas laborables.<\/p>\n<h5>\u00bfSe gestionan los tr\u00e1mites aduaneros?<\/h5>\n<p>Nos encargamos de los procedimientos aduaneros necesarios para garantizar un proceso de entrega sin problemas. Nuestro objetivo es minimizar cualquier problema potencial, sin embargo, tenga en cuenta que debido a las situaciones legales en torno a los productos vaping, que en cualquier momento, que la agencia de aduanas puede detener o detener un paquete, y que esta situaci\u00f3n estar\u00eda fuera de nuestro control.<\/p>\n<h5>C\u00f3mo mejora la bobina de malla de 0,6\u03a9 la experiencia de vapeo tipo shisha?<\/h5>\n<p>La bobina de malla de 0,6\u03a9 est\u00e1 dise\u00f1ada espec\u00edficamente para producir nubes m\u00e1s grandes y densas y ofrecer sabores ricos e intensos, replicando el suave y satisfactorio calado de una narguile tradicional. Esta bobina optimiza la producci\u00f3n de vapor y la entrega de sabor, proporcionando una aut\u00e9ntica experiencia de shisha.<\/p>\n<h5>\u00bfEs segura mi compra?<\/h5>\n<p>Ofrecemos opciones de pago seguras, especialmente a trav\u00e9s de plataformas como Paypal, que proporcionan protecci\u00f3n al comprador. Aunque las opiniones pueden ayudar a tomar decisiones de compra, no nos vinculamos directamente a ellas.<\/p>","protected":false},"excerpt":{"rendered":"<p>Del\u00e9itese con los sabores de la shisha sobre la marcha con la Bang SHISHA 15000 Puffs XXL. Malla de 0,6\u03a9, 25ml, recargable. Perfecta para uso personal o al por mayor, para disfrutar de la aut\u00e9ntica shisha.<\/p>","protected":false},"featured_media":734,"comment_status":"open","ping_status":"closed","template":"","meta":[],"product_brand":[],"product_cat":[41,61,21,18,20,23,24,22,25,26,27,28,29,30,31,32,33,34,35,36,47],"product_tag":[],"class_list":{"0":"post-491","1":"product","2":"type-product","3":"status-publish","4":"has-post-thumbnail","6":"product_cat-15000-puffs-disposable-vape","7":"product_cat-bang","8":"product_cat-big-puffs-vapes","9":"product_cat-different-puffs-of-disposable-vapes","10":"product_cat-disposable-vape-types","11":"product_cat-disposable-vapes-in-austria","12":"product_cat-disposable-vapes-in-belgium","13":"product_cat-disposable-vapes-in-europe","14":"product_cat-disposable-vapes-in-france","15":"product_cat-disposable-vapes-in-germany","16":"product_cat-disposable-vapes-in-hungary","17":"product_cat-disposable-vapes-in-ltaly","18":"product_cat-disposable-vapes-in-netherlands","19":"product_cat-disposable-vapes-in-norway","20":"product_cat-disposable-vapes-in-poland","21":"product_cat-disposable-vapes-in-portugal","22":"product_cat-disposable-vapes-in-spain","23":"product_cat-disposable-vapes-in-sweden","24":"product_cat-disposable-vapes-in-switzerland","25":"product_cat-rechargeable-vapes","26":"product_cat-shisha-hookah-vapes","28":"first","29":"instock","30":"shipping-taxable","31":"purchasable","32":"product-type-variable","33":"has-default-attributes"},"jetpack_sharing_enabled":true,"tiered_pricing_type":"fixed","tiered_pricing_fixed_rules":{"2000":4.9900000000000002131628207280300557613372802734375},"tiered_pricing_product_settings":{"layout":"default","base_unit_name":{"singular":null,"plural":null},"default_variation":null},"tiered_pricing_minimum_quantity":1000,"tiered_pricing_roles_data":[],"tiered_pricing_percentage_rules":[],"tiered_pricing_maximum_quantity":null,"tiered_pricing_quantity_step":"10","_links":{"self":[{"href":"https:\/\/volovape.com\/es\/wp-json\/wp\/v2\/product\/491","targetHints":{"allow":["GET"]}}],"collection":[{"href":"https:\/\/volovape.com\/es\/wp-json\/wp\/v2\/product"}],"about":[{"href":"https:\/\/volovape.com\/es\/wp-json\/wp\/v2\/types\/product"}],"replies":[{"embeddable":true,"href":"https:\/\/volovape.com\/es\/wp-json\/wp\/v2\/comments?post=491"}],"wp:featuredmedia":[{"embeddable":true,"href":"https:\/\/volovape.com\/es\/wp-json\/wp\/v2\/media\/734"}],"wp:attachment":[{"href":"https:\/\/volovape.com\/es\/wp-json\/wp\/v2\/media?parent=491"}],"wp:term":[{"taxonomy":"product_brand","embeddable":true,"href":"https:\/\/volovape.com\/es\/wp-json\/wp\/v2\/product_brand?post=491"},{"taxonomy":"product_cat","embeddable":true,"href":"https:\/\/volovape.com\/es\/wp-json\/wp\/v2\/product_cat?post=491"},{"taxonomy":"product_tag","embeddable":true,"href":"https:\/\/volovape.com\/es\/wp-json\/wp\/v2\/product_tag?post=491"}],"curies":[{"name":"Gracias","href":"https:\/\/api.w.org\/{rel}","templated":true}]}}