{"id":487,"date":"2024-11-21T03:30:07","date_gmt":"2024-11-21T03:30:07","guid":{"rendered":"https:\/\/volovape.com\/?post_type=product&#038;p=487"},"modified":"2025-06-19T03:44:56","modified_gmt":"2025-06-19T03:44:56","slug":"bang-tn-12000-bocanadas","status":"publish","type":"product","link":"https:\/\/volovape.com\/es\/product\/bang-tn-12000-puffs\/","title":{"rendered":"Bang Tn 12000 Puffs Vape Desechable - Recargable, Mesh Coil"},"content":{"rendered":"<p><strong>Bang Tn 12000 Puffs Vape Desechable<\/strong> - Vaping prolongado con rendimiento mejorado de la bobina de malla.<\/p>\n<p>El <strong>Bang Tn 12000 bocanadas<\/strong> ofrece una experiencia de vapeo c\u00f3moda y duradera con hasta 12.000 caladas y un dep\u00f3sito de e-l\u00edquido de 20 ml. Con una bater\u00eda recargable de 650mAh y una avanzada tecnolog\u00eda de bobina de malla, este dispositivo garantiza un vapor suave y sabroso. Elige entre las concentraciones de nicotina 0%, 2%, 3% o 5% y disfruta de 11 sabores distintos. Su dise\u00f1o port\u00e1til y sin mantenimiento lo hace perfecto para uso personal y <strong>vape desechable al por mayor<\/strong> o <strong>pedidos al por mayor<\/strong>.<\/p>\n<h3><strong>Bang Tn 12000 Puffs Caracter\u00edsticas:<\/strong><\/h3>\n<ul>\n<li>Puffs: Hasta 12.000<\/li>\n<li>Capacidad de E-l\u00edquido: 20mL<\/li>\n<li>Bater\u00eda: 650mAh (recargable)<\/li>\n<li>Carga: Tipo-C<\/li>\n<li>Bobina Bobina de malla<\/li>\n<li>Potencias de nicotina: 0%, 2%, 3%, 5%<\/li>\n<li>11 sabores \u00fanicos<\/li>\n<\/ul>\n<h4>Preguntas frecuentes<\/h4>\n<h5>\u00bfCu\u00e1les son las opciones de env\u00edo habituales?<\/h5>\n<p>Trabajamos con una red de transportistas de confianza para garantizar que su pedido se entregue con eficacia. Los m\u00e9todos de env\u00edo se eligen para adaptarse mejor a su ubicaci\u00f3n y garantizar la llegada puntual de su <strong>vape desechable<\/strong> pedidos. Tenga en cuenta que, debido a la regulaci\u00f3n, el env\u00edo de productos de vapeo se ha vuelto m\u00e1s restringido y que los servicios de transportistas como UPS, DHL y FedEx ya no est\u00e1n disponibles.<\/p>\n<h5>\u00bfCu\u00e1nto suele tardar la entrega est\u00e1ndar?<\/h5>\n<p>La entrega est\u00e1ndar suele tardar entre 7 y 15 d\u00edas laborables. Tenga en cuenta los posibles retrasos durante las vacaciones o debido a condiciones meteorol\u00f3gicas imprevistas, que pueden ampliar los plazos de entrega hasta 20 d\u00edas laborables.<\/p>\n<h5>\u00bfSe gestionan los tr\u00e1mites aduaneros?<\/h5>\n<p>Nos encargamos de los procedimientos aduaneros necesarios para garantizar un proceso de entrega sin problemas. Nuestro objetivo es minimizar cualquier problema potencial, sin embargo, tenga en cuenta que debido a las situaciones legales en torno a los productos vaping, que en cualquier momento, que la agencia de aduanas puede detener o detener un paquete, y que esta situaci\u00f3n estar\u00eda fuera de nuestro control.<\/p>\n<h5>\u00bfC\u00f3mo mejora la experiencia de vapeo la avanzada tecnolog\u00eda de bobina de malla?<\/h5>\n<p>La avanzada tecnolog\u00eda de bobina de malla est\u00e1 dise\u00f1ada para optimizar tanto el sabor como la producci\u00f3n de vapor. Esta configuraci\u00f3n de la bobina asegura una experiencia m\u00e1s consistente y satisfactoria vaping proporcionando un calentamiento eficiente y una distribuci\u00f3n uniforme de e-l\u00edquido, lo que resulta en sabores m\u00e1s ricos y vapor m\u00e1s suave.<\/p>\n<h5>\u00bfEs segura mi compra?<\/h5>\n<p>Damos prioridad a las transacciones seguras, especialmente a trav\u00e9s de plataformas de pago como Paypal, que ofrecen protecci\u00f3n al comprador. Aunque las opiniones pueden ayudar a tomar decisiones de compra, no nos vinculamos directamente a ellas.<\/p>","protected":false},"excerpt":{"rendered":"<p>Experimenta un sabor consistente con el Bang Tn 12000 Puffs. Bobina de malla, 20ml, recargable. Perfecto para uso personal o al por mayor, que ofrece vaping fiable y diversas concentraciones de nicotina.<\/p>","protected":false},"featured_media":687,"comment_status":"open","ping_status":"closed","template":"","meta":[],"product_brand":[],"product_cat":[61,38,21,18,20,23,24,22,25,26,27,28,29,30,31,32,33,34,35,36],"product_tag":[],"class_list":{"0":"post-487","1":"product","2":"type-product","3":"status-publish","4":"has-post-thumbnail","6":"product_cat-bang","7":"product_cat-12000-puffs-disposable-vape","8":"product_cat-big-puffs-vapes","9":"product_cat-different-puffs-of-disposable-vapes","10":"product_cat-disposable-vape-types","11":"product_cat-disposable-vapes-in-austria","12":"product_cat-disposable-vapes-in-belgium","13":"product_cat-disposable-vapes-in-europe","14":"product_cat-disposable-vapes-in-france","15":"product_cat-disposable-vapes-in-germany","16":"product_cat-disposable-vapes-in-hungary","17":"product_cat-disposable-vapes-in-ltaly","18":"product_cat-disposable-vapes-in-netherlands","19":"product_cat-disposable-vapes-in-norway","20":"product_cat-disposable-vapes-in-poland","21":"product_cat-disposable-vapes-in-portugal","22":"product_cat-disposable-vapes-in-spain","23":"product_cat-disposable-vapes-in-sweden","24":"product_cat-disposable-vapes-in-switzerland","25":"product_cat-rechargeable-vapes","27":"first","28":"instock","29":"shipping-taxable","30":"purchasable","31":"product-type-variable","32":"has-default-attributes"},"jetpack_sharing_enabled":true,"tiered_pricing_type":"fixed","tiered_pricing_fixed_rules":{"2000":6.20000000000000017763568394002504646778106689453125},"tiered_pricing_product_settings":{"layout":"default","base_unit_name":{"singular":null,"plural":null},"default_variation":null},"tiered_pricing_minimum_quantity":1000,"tiered_pricing_roles_data":[],"tiered_pricing_percentage_rules":[],"tiered_pricing_maximum_quantity":null,"tiered_pricing_quantity_step":"100","_links":{"self":[{"href":"https:\/\/volovape.com\/es\/wp-json\/wp\/v2\/product\/487","targetHints":{"allow":["GET"]}}],"collection":[{"href":"https:\/\/volovape.com\/es\/wp-json\/wp\/v2\/product"}],"about":[{"href":"https:\/\/volovape.com\/es\/wp-json\/wp\/v2\/types\/product"}],"replies":[{"embeddable":true,"href":"https:\/\/volovape.com\/es\/wp-json\/wp\/v2\/comments?post=487"}],"wp:featuredmedia":[{"embeddable":true,"href":"https:\/\/volovape.com\/es\/wp-json\/wp\/v2\/media\/687"}],"wp:attachment":[{"href":"https:\/\/volovape.com\/es\/wp-json\/wp\/v2\/media?parent=487"}],"wp:term":[{"taxonomy":"product_brand","embeddable":true,"href":"https:\/\/volovape.com\/es\/wp-json\/wp\/v2\/product_brand?post=487"},{"taxonomy":"product_cat","embeddable":true,"href":"https:\/\/volovape.com\/es\/wp-json\/wp\/v2\/product_cat?post=487"},{"taxonomy":"product_tag","embeddable":true,"href":"https:\/\/volovape.com\/es\/wp-json\/wp\/v2\/product_tag?post=487"}],"curies":[{"name":"Gracias","href":"https:\/\/api.w.org\/{rel}","templated":true}]}}