{"id":424,"date":"2024-11-21T03:29:43","date_gmt":"2024-11-21T03:29:43","guid":{"rendered":"https:\/\/volovape.com\/?post_type=product&#038;p=424"},"modified":"2025-06-19T03:44:54","modified_gmt":"2025-06-19T03:44:54","slug":"vaxe-flight-15000-inhalaciones","status":"publish","type":"product","link":"https:\/\/volovape.com\/es\/product\/vaxe-flight-15000-puffs\/","title":{"rendered":"VAXE Flight 15000 Puffs Vape Desechable - 1.0\u03a9 Mesh Coil, Recargable"},"content":{"rendered":"<p><strong>VAXE Flight 15000 Puffs Vape Desechable<\/strong> - Vaping prolongado con una robusta entrega de sabor.<\/p>\n<p>El <strong>15.000 inhalaciones del vuelo de VAXE<\/strong> proporciona una experiencia de vapeo duradera y satisfactoria con hasta 15.000 caladas y un dep\u00f3sito de e-l\u00edquido de 16 ml. Con una bater\u00eda recargable de 650mAh y una bobina de malla de 1.0\u03a9, este dispositivo garantiza una producci\u00f3n de vapor suave y sabrosa. Con una potencia de nicotina de 5% y 10 sabores distintos, abastece a aquellos que buscan un vapeo fuerte y agradable. Su dise\u00f1o port\u00e1til y c\u00f3modo lo hace perfecto para uso personal y <strong>vape desechable al por mayor<\/strong> o <strong>pedidos al por mayor<\/strong> necesidades.<\/p>\n<h3><strong>VAXE Flight 15000 Puffs Caracter\u00edsticas:<\/strong><\/h3>\n<ul>\n<li>Puffs: Hasta 15.000<\/li>\n<li>Capacidad del e-l\u00edquido: 16mL<\/li>\n<li>Bater\u00eda: 650mAh (recargable)<\/li>\n<li>Carga: Tipo-C<\/li>\n<li>Bobina: 1.0\u03a9 Mesh Coil<\/li>\n<li>Fuerza de la nicotina: 5%<\/li>\n<li>10 sabores \u00fanicos<\/li>\n<\/ul>\n<h4>Preguntas frecuentes<\/h4>\n<h5>\u00bfCu\u00e1les son las opciones de env\u00edo disponibles?<\/h5>\n<p>Colaboramos con varios transportistas para ofrecer opciones de env\u00edo fiables. El m\u00e9todo m\u00e1s adecuado se elige en funci\u00f3n de su ubicaci\u00f3n para garantizar la entrega oportuna de su <strong>vape desechable<\/strong> productos. Tenga en cuenta que, debido a la normativa, el env\u00edo de productos de vapeo est\u00e1 m\u00e1s restringido y que los servicios de empresas de transporte como UPS, DHL y FedEx ya no est\u00e1n disponibles.<\/p>\n<h5>\u00bfCu\u00e1nto suele tardar el env\u00edo est\u00e1ndar?<\/h5>\n<p>El env\u00edo est\u00e1ndar suele tardar entre 7 y 15 d\u00edas laborables. Tenga en cuenta los posibles retrasos durante las vacaciones o debido a condiciones meteorol\u00f3gicas adversas, que pueden ampliar los plazos de entrega hasta 20 d\u00edas laborables.<\/p>\n<h5>\u00bfSe gestionan los tr\u00e1mites aduaneros?<\/h5>\n<p>Nos encargamos de los procedimientos aduaneros necesarios para garantizar un proceso de entrega sin problemas. Nuestro objetivo es minimizar cualquier problema potencial, sin embargo, tenga en cuenta que debido a las situaciones legales en torno a los productos vaping, que en cualquier momento, que la agencia de aduanas puede detener o detener un paquete, y que esta situaci\u00f3n estar\u00eda fuera de nuestro control.<\/p>\n<h5>C\u00f3mo mejora la bobina de malla 1.0\u03a9 la experiencia vaping?<\/h5>\n<p>La bobina de malla 1.0\u03a9 proporciona una superficie de calentamiento equilibrada, asegurando un calentamiento consistente y uniforme del e-l\u00edquido. Este dise\u00f1o mejora el suministro de sabor y produce un vapor suave y satisfactorio, proporcionando una experiencia de vapeo premium con un fuerte golpe de nicotina.<\/p>\n<h5>\u00bfEs segura mi compra?<\/h5>\n<p>Ofrecemos opciones de pago seguras, especialmente a trav\u00e9s de plataformas como Paypal, que proporcionan protecci\u00f3n al comprador. Aunque las opiniones pueden ayudar a tomar decisiones de compra, no nos vinculamos directamente a ellas.<\/p>","protected":false},"excerpt":{"rendered":"<p>Experimenta un sabor prolongado con el VAXE Flight 15000 Puffs. Bobina de malla de 1,0\u03a9, 16ml, recargable, nicotina 5%. Ideal para el disfrute personal o la distribuci\u00f3n al por mayor.<\/p>","protected":false},"featured_media":650,"comment_status":"open","ping_status":"closed","template":"","meta":[],"product_brand":[],"product_cat":[62,41,21,18,39,20,23,24,22,25,26,27,28,29,30,31,32,33,34,35,44,36,40],"product_tag":[],"class_list":{"0":"post-424","1":"product","2":"type-product","3":"status-publish","4":"has-post-thumbnail","6":"product_cat-vaxe","7":"product_cat-15000-puffs-disposable-vape","8":"product_cat-big-puffs-vapes","9":"product_cat-different-puffs-of-disposable-vapes","10":"product_cat-digital-box-vapes","11":"product_cat-disposable-vape-types","12":"product_cat-disposable-vapes-in-austria","13":"product_cat-disposable-vapes-in-belgium","14":"product_cat-disposable-vapes-in-europe","15":"product_cat-disposable-vapes-in-france","16":"product_cat-disposable-vapes-in-germany","17":"product_cat-disposable-vapes-in-hungary","18":"product_cat-disposable-vapes-in-ltaly","19":"product_cat-disposable-vapes-in-netherlands","20":"product_cat-disposable-vapes-in-norway","21":"product_cat-disposable-vapes-in-poland","22":"product_cat-disposable-vapes-in-portugal","23":"product_cat-disposable-vapes-in-spain","24":"product_cat-disposable-vapes-in-sweden","25":"product_cat-disposable-vapes-in-switzerland","26":"product_cat-dual-mesh-vapes","27":"product_cat-rechargeable-vapes","28":"product_cat-smart-screen-vapes","30":"first","31":"instock","32":"shipping-taxable","33":"purchasable","34":"product-type-variable","35":"has-default-attributes"},"jetpack_sharing_enabled":true,"tiered_pricing_type":"fixed","tiered_pricing_fixed_rules":{"2000":5.44000000000000039079850466805510222911834716796875},"tiered_pricing_product_settings":{"layout":"default","base_unit_name":{"singular":null,"plural":null},"default_variation":null},"tiered_pricing_minimum_quantity":1000,"tiered_pricing_roles_data":[],"tiered_pricing_percentage_rules":[],"tiered_pricing_maximum_quantity":null,"tiered_pricing_quantity_step":"10","_links":{"self":[{"href":"https:\/\/volovape.com\/es\/wp-json\/wp\/v2\/product\/424","targetHints":{"allow":["GET"]}}],"collection":[{"href":"https:\/\/volovape.com\/es\/wp-json\/wp\/v2\/product"}],"about":[{"href":"https:\/\/volovape.com\/es\/wp-json\/wp\/v2\/types\/product"}],"replies":[{"embeddable":true,"href":"https:\/\/volovape.com\/es\/wp-json\/wp\/v2\/comments?post=424"}],"wp:featuredmedia":[{"embeddable":true,"href":"https:\/\/volovape.com\/es\/wp-json\/wp\/v2\/media\/650"}],"wp:attachment":[{"href":"https:\/\/volovape.com\/es\/wp-json\/wp\/v2\/media?parent=424"}],"wp:term":[{"taxonomy":"product_brand","embeddable":true,"href":"https:\/\/volovape.com\/es\/wp-json\/wp\/v2\/product_brand?post=424"},{"taxonomy":"product_cat","embeddable":true,"href":"https:\/\/volovape.com\/es\/wp-json\/wp\/v2\/product_cat?post=424"},{"taxonomy":"product_tag","embeddable":true,"href":"https:\/\/volovape.com\/es\/wp-json\/wp\/v2\/product_tag?post=424"}],"curies":[{"name":"Gracias","href":"https:\/\/api.w.org\/{rel}","templated":true}]}}