{"id":421,"date":"2024-11-21T03:29:43","date_gmt":"2024-11-21T03:29:43","guid":{"rendered":"https:\/\/volovape.com\/?post_type=product&#038;p=421"},"modified":"2025-07-08T04:50:02","modified_gmt":"2025-07-08T04:50:02","slug":"vapeador-bang-rocket-de-18-000-caladas","status":"publish","type":"product","link":"https:\/\/volovape.com\/es\/product\/bang-vape-rocket-18000-puffs\/","title":{"rendered":"Bang Vape Rocket 18000 Puffs Pantalla LED 0% 2% 3% 5% Nicotina Compra al por mayor de vapes desechables"},"content":{"rendered":"<p><strong>Bang Vape Rocket - Vape desechable de 18 000 bocanadas<\/strong> - Vaping de modo dual con mayor longevidad.<\/p>\n<p>Experimente una versatilidad sin precedentes con el <strong>Bang Vape Rocket 18000 Puffs<\/strong>Este dispositivo ofrece hasta 18.000 caladas en modo normal y 9.000 caladas en modo pulsado. Este dispositivo cuenta con una generosa capacidad de e-l\u00edquido de 26mL, una robusta bater\u00eda recargable de 650mAh, y una avanzada tecnolog\u00eda de bobina bi-shot de doble red para un sabor y vapor consistentes. Elige entre las concentraciones de nicotina 0%, 2%, 3% o 5% y disfruta de 12 sabores \u00fanicos. La pantalla digital LED y la carga Type-C mejoran la comodidad del usuario, por lo que es perfecto para uso personal y <strong>vape desechable al por mayor<\/strong> o <strong>pedidos al por mayor<\/strong>.<\/p>\n<h3><strong>Bang Vape Rocket 18000 Puffs Caracter\u00edsticas:<\/strong><\/h3>\n<ul>\n<li>Inhalaciones: Hasta 18.000 (modo normal), 9.000 (modo pulsado)<\/li>\n<li>Capacidad del E-l\u00edquido: 26mL<\/li>\n<li>Bater\u00eda: 650mAh (recargable)<\/li>\n<li>Carga: Tipo-C<\/li>\n<li>Bobina: Bobina Dual Network Bi-Shot<\/li>\n<li>Potencias de nicotina: 0%, 2%, 3%, 5%<\/li>\n<li>Pantalla digital LED<\/li>\n<li>12 sabores \u00fanicos<\/li>\n<\/ul>\n<h4>Preguntas frecuentes<\/h4>\n<h5>\u00bfCu\u00e1les son las opciones de env\u00edo habituales?<\/h5>\n<p>Trabajamos con una red de transportistas de confianza para garantizar que su pedido se entregue con eficacia. Los m\u00e9todos de env\u00edo se eligen para adaptarse mejor a su ubicaci\u00f3n y garantizar la llegada puntual de su <strong>vape desechable<\/strong> pedidos. Tenga en cuenta que, debido a la regulaci\u00f3n, el env\u00edo de productos de vapeo se ha vuelto m\u00e1s restringido y que los servicios de transportistas como UPS, DHL y FedEx ya no est\u00e1n disponibles.<\/p>\n<h5>\u00bfCu\u00e1nto suele tardar la entrega est\u00e1ndar?<\/h5>\n<p>La entrega est\u00e1ndar suele tardar entre 7 y 15 d\u00edas laborables. Tenga en cuenta los posibles retrasos durante las vacaciones o debido a condiciones meteorol\u00f3gicas imprevistas, que pueden ampliar los plazos de entrega hasta 20 d\u00edas laborables.<\/p>\n<h5>\u00bfSe gestionan los tr\u00e1mites aduaneros?<\/h5>\n<p>Nos encargamos de los procedimientos aduaneros necesarios para garantizar un proceso de entrega sin problemas. Nuestro objetivo es minimizar cualquier problema potencial, sin embargo, tenga en cuenta que debido a las situaciones legales en torno a los productos vaping, que en cualquier momento, que la agencia de aduanas puede detener o detener un paquete, y que esta situaci\u00f3n estar\u00eda fuera de nuestro control.<\/p>\n<h5>\u00bfCu\u00e1l es la ventaja de la tecnolog\u00eda de bobina bi-shot de doble red?<\/h5>\n<p>La tecnolog\u00eda de bobina bi-shot de doble red est\u00e1 dise\u00f1ada para optimizar tanto el sabor como la producci\u00f3n de vapor. Esta configuraci\u00f3n avanzada de la bobina garantiza una experiencia de vapeo m\u00e1s consistente y satisfactoria, proporcionando un calentamiento eficiente y una distribuci\u00f3n uniforme del e-l\u00edquido.<\/p>\n<h5>\u00bfEs segura mi compra?<\/h5>\n<p>Damos prioridad a las transacciones seguras, especialmente a trav\u00e9s de plataformas de pago como Paypal, que ofrecen protecci\u00f3n al comprador. Aunque las opiniones pueden ayudar a tomar decisiones de compra, no nos vinculamos directamente a ellas.<\/p>","protected":false},"excerpt":{"rendered":"<p>Bang Vape Rocket 18000 Puffs ofrece hasta 18 000 bocanadas en modo normal, un dep\u00f3sito de e-l\u00edquido de 26 ml y una bater\u00eda recargable de 650 mAh. Con resistencias de doble red bi-shot, una pantalla LED y 12 deliciosos sabores, es el vaporizador de larga duraci\u00f3n perfecto para cualquier preferencia.<\/p>","protected":false},"featured_media":617,"comment_status":"open","ping_status":"closed","template":"","meta":[],"product_brand":[],"product_cat":[61,50,21,18,39,20,23,24,22,25,26,27,28,29,30,31,32,33,34,35,44,36,40],"product_tag":[],"class_list":{"0":"post-421","1":"product","2":"type-product","3":"status-publish","4":"has-post-thumbnail","6":"product_cat-bang","7":"product_cat-18000-puffs-disposable-vape","8":"product_cat-big-puffs-vapes","9":"product_cat-different-puffs-of-disposable-vapes","10":"product_cat-digital-box-vapes","11":"product_cat-disposable-vape-types","12":"product_cat-disposable-vapes-in-austria","13":"product_cat-disposable-vapes-in-belgium","14":"product_cat-disposable-vapes-in-europe","15":"product_cat-disposable-vapes-in-france","16":"product_cat-disposable-vapes-in-germany","17":"product_cat-disposable-vapes-in-hungary","18":"product_cat-disposable-vapes-in-ltaly","19":"product_cat-disposable-vapes-in-netherlands","20":"product_cat-disposable-vapes-in-norway","21":"product_cat-disposable-vapes-in-poland","22":"product_cat-disposable-vapes-in-portugal","23":"product_cat-disposable-vapes-in-spain","24":"product_cat-disposable-vapes-in-sweden","25":"product_cat-disposable-vapes-in-switzerland","26":"product_cat-dual-mesh-vapes","27":"product_cat-rechargeable-vapes","28":"product_cat-smart-screen-vapes","30":"first","31":"instock","32":"shipping-taxable","33":"purchasable","34":"product-type-variable","35":"has-default-attributes"},"jetpack_sharing_enabled":true,"tiered_pricing_type":"fixed","tiered_pricing_fixed_rules":{"2000":6},"tiered_pricing_product_settings":{"layout":"default","base_unit_name":{"singular":null,"plural":null},"default_variation":null},"tiered_pricing_minimum_quantity":1000,"tiered_pricing_roles_data":[],"tiered_pricing_percentage_rules":[],"tiered_pricing_maximum_quantity":null,"tiered_pricing_quantity_step":"10","_links":{"self":[{"href":"https:\/\/volovape.com\/es\/wp-json\/wp\/v2\/product\/421","targetHints":{"allow":["GET"]}}],"collection":[{"href":"https:\/\/volovape.com\/es\/wp-json\/wp\/v2\/product"}],"about":[{"href":"https:\/\/volovape.com\/es\/wp-json\/wp\/v2\/types\/product"}],"replies":[{"embeddable":true,"href":"https:\/\/volovape.com\/es\/wp-json\/wp\/v2\/comments?post=421"}],"wp:featuredmedia":[{"embeddable":true,"href":"https:\/\/volovape.com\/es\/wp-json\/wp\/v2\/media\/617"}],"wp:attachment":[{"href":"https:\/\/volovape.com\/es\/wp-json\/wp\/v2\/media?parent=421"}],"wp:term":[{"taxonomy":"product_brand","embeddable":true,"href":"https:\/\/volovape.com\/es\/wp-json\/wp\/v2\/product_brand?post=421"},{"taxonomy":"product_cat","embeddable":true,"href":"https:\/\/volovape.com\/es\/wp-json\/wp\/v2\/product_cat?post=421"},{"taxonomy":"product_tag","embeddable":true,"href":"https:\/\/volovape.com\/es\/wp-json\/wp\/v2\/product_tag?post=421"}],"curies":[{"name":"Gracias","href":"https:\/\/api.w.org\/{rel}","templated":true}]}}