{"id":420,"date":"2024-11-21T03:29:43","date_gmt":"2024-11-21T03:29:43","guid":{"rendered":"https:\/\/volovape.com\/?post_type=product&#038;p=420"},"modified":"2026-05-06T12:43:13","modified_gmt":"2026-05-06T12:43:13","slug":"waspe-40k-doble-sabor-gemelos-40000-bocanadas","status":"publish","type":"product","link":"https:\/\/volovape.com\/es\/product\/waspe-40k-double-flavor-twins-40000-puffs\/","title":{"rendered":"WASPE 40K vape desechable | 40000 caladas doble sabor gemelos doble malla"},"content":{"rendered":"<p><iframe title=\"Reproductor de v\u00eddeo de VideoPress\" aria-label='Reproductor de v\u00eddeo de VideoPress' width='500' height='281' src='https:\/\/videopress.com\/embed\/JseA5Oeo?hd=0&amp;cover=1' frameborder='0' allowfullscreen allow='clipboard-write'><\/iframe><script src='https:\/\/v0.wordpress.com\/js\/next\/videopress-iframe.js?m=1739540970'><\/script><\/p>\n<p><strong>WASPE 40K Vape desechable Twins de doble sabor<\/strong> - Dos sabores, un n\u00famero de caladas inigualable.<\/p>\n<p>Experimente la innovaci\u00f3n del <strong>WASPE 40K Twins de doble sabor<\/strong>con un innovador <em>dise\u00f1o de doble sabor<\/em> y un asombroso <strong>Capacidad para 40.000 bocanadas<\/strong>. Disfrute de dos sabores distintos en un solo dispositivo recargable, alimentado por un <strong>Bater\u00eda de 850 mAh<\/strong> y un enorme <strong>Dep\u00f3sito de e-l\u00edquido de 36 ml<\/strong>. En <em>tecnolog\u00eda de bobina de doble malla<\/em> garantiza un sabor excepcional y un vapor suave. Elija entre <strong>Concentraciones de nicotina 0%, 2% o 5%<\/strong> y explora <strong>16 combinaciones de sabores \u00fanicas<\/strong>. Perfecto para el disfrute personal y <strong>vape desechable al por mayor<\/strong> o <strong>pedidos al por mayor<\/strong> necesidades.<\/p>\n<h3><strong>WASPE 40K Doble Sabor Gemelos Caracter\u00edsticas:<\/strong><\/h3>\n<ul>\n<li>Puffs: Hasta 40.000<\/li>\n<li>Capacidad del e-l\u00edquido: 36mL<\/li>\n<li>Bater\u00eda: 850mAh (recargable)<\/li>\n<li>Carga: Tipo-C<\/li>\n<li>Bobina: Dual Mesh Coils<\/li>\n<li>Potencias de nicotina: 0%, 2%, 5%<\/li>\n<li>16 combinaciones de sabores \u00fanicas<\/li>\n<\/ul>\n<h4>Preguntas frecuentes<\/h4>\n<h5>\u00bfQu\u00e9 m\u00e9todos de env\u00edo hay disponibles?<\/h5>\n<p>Colaboramos con transportistas l\u00edderes como UPS, DHL, FedEx y DPD para ofrecer una amplia gama de opciones de env\u00edo. El m\u00e9todo m\u00e1s adecuado se selecciona en funci\u00f3n de su ubicaci\u00f3n para garantizar la entrega puntual de sus <strong>vape desechable<\/strong> productos.<\/p>\n<h5>\u00bfCu\u00e1nto suele tardar el env\u00edo?<\/h5>\n<p>La entrega est\u00e1ndar suele tardar entre 7 y 15 d\u00edas laborables. Por favor, espere hasta 20 d\u00edas h\u00e1biles durante las vacaciones o en condiciones clim\u00e1ticas adversas.<\/p>\n<h5>\u00bfTendr\u00e9 problemas con las aduanas?<\/h5>\n<p>Nos encargamos de todos los tr\u00e1mites aduaneros, garantizando una experiencia fluida y sin complicaciones. No tendr\u00e1 que pagar impuestos ni tasas adicionales. Garantizamos el despacho de aduanas 100% para todos nuestros productos.<\/p>\n<h5>\u00bfC\u00f3mo mejora la doble bobina de malla la experiencia de vapeo?<\/h5>\n<p>La tecnolog\u00eda de doble bobina de malla proporciona una mayor superficie de calentamiento, lo que resulta en un calentamiento m\u00e1s uniforme y una producci\u00f3n de vapor consistente para ambos sabores. Esto garantiza sabores m\u00e1s ricos e intensos y un vapor m\u00e1s suave, proporcionando una experiencia de vapeo superior en comparaci\u00f3n con los dispositivos de bobina \u00fanica.<\/p>\n<h5>\u00bfEs segura mi compra?<\/h5>\n<p>Ofrecemos opciones de pago seguras a trav\u00e9s de PayPal, que incluye protecci\u00f3n del comprador. Tambi\u00e9n puede consultar los comentarios de nuestros clientes en <a href=\"https:\/\/www.trustpilot.com\/review\/volovape.com?utm_medium=trustbox&amp;utm_source=TrustBoxReviewCollector\">TrustPilot<\/a>.<\/p>","protected":false},"excerpt":{"rendered":"<p>\u00a1Maximiza el sabor y las caladas con el Vapeador Desechable WASPE 40K Twins! Dos sabores, 40.000 caladas y dos bobinas de malla. Ideal para el disfrute personal o de alto volumen al por mayor.<\/p>\n<p><strong>Env\u00edo r\u00e1pido en 3-7 d\u00edas desde nuestro almac\u00e9n local en Europa - vapes desechables reales, entregados cerca de usted<\/strong> (s\u00f3lo para la opci\u00f3n de nicotina est\u00e1ndar 5%).<\/p>","protected":false},"featured_media":28967,"comment_status":"open","ping_status":"closed","template":"","meta":[],"product_brand":[],"product_cat":[17,74,21,18,39,20,23,24,22,25,26,27,28,29,30,31,32,33,34,35,64,36,40],"product_tag":[],"class_list":{"0":"post-420","1":"product","2":"type-product","3":"status-publish","4":"has-post-thumbnail","6":"product_cat-waspe","7":"product_cat-40000-puffs-disposable-vape","8":"product_cat-big-puffs-vapes","9":"product_cat-different-puffs-of-disposable-vapes","10":"product_cat-digital-box-vapes","11":"product_cat-disposable-vape-types","12":"product_cat-disposable-vapes-in-austria","13":"product_cat-disposable-vapes-in-belgium","14":"product_cat-disposable-vapes-in-europe","15":"product_cat-disposable-vapes-in-france","16":"product_cat-disposable-vapes-in-germany","17":"product_cat-disposable-vapes-in-hungary","18":"product_cat-disposable-vapes-in-ltaly","19":"product_cat-disposable-vapes-in-netherlands","20":"product_cat-disposable-vapes-in-norway","21":"product_cat-disposable-vapes-in-poland","22":"product_cat-disposable-vapes-in-portugal","23":"product_cat-disposable-vapes-in-spain","24":"product_cat-disposable-vapes-in-sweden","25":"product_cat-disposable-vapes-in-switzerland","26":"product_cat-dual-flavor-vapes","27":"product_cat-rechargeable-vapes","28":"product_cat-smart-screen-vapes","30":"first","31":"instock","32":"shipping-taxable","33":"purchasable","34":"product-type-variable","35":"has-default-attributes"},"jetpack_sharing_enabled":true,"tiered_pricing_type":"fixed","tiered_pricing_fixed_rules":{"30":7.32000000000000028421709430404007434844970703125,"50":6.5999999999999996447286321199499070644378662109375,"100":6.36000000000000031974423109204508364200592041015625,"200":5.9900000000000002131628207280300557613372802734375,"400":5.42999999999999971578290569595992565155029296875},"tiered_pricing_product_settings":{"layout":"default","base_unit_name":{"singular":null,"plural":null},"default_variation":null},"tiered_pricing_minimum_quantity":10,"tiered_pricing_roles_data":[],"tiered_pricing_percentage_rules":[],"tiered_pricing_maximum_quantity":null,"tiered_pricing_quantity_step":"10","_links":{"self":[{"href":"https:\/\/volovape.com\/es\/wp-json\/wp\/v2\/product\/420","targetHints":{"allow":["GET"]}}],"collection":[{"href":"https:\/\/volovape.com\/es\/wp-json\/wp\/v2\/product"}],"about":[{"href":"https:\/\/volovape.com\/es\/wp-json\/wp\/v2\/types\/product"}],"replies":[{"embeddable":true,"href":"https:\/\/volovape.com\/es\/wp-json\/wp\/v2\/comments?post=420"}],"wp:featuredmedia":[{"embeddable":true,"href":"https:\/\/volovape.com\/es\/wp-json\/wp\/v2\/media\/28967"}],"wp:attachment":[{"href":"https:\/\/volovape.com\/es\/wp-json\/wp\/v2\/media?parent=420"}],"wp:term":[{"taxonomy":"product_brand","embeddable":true,"href":"https:\/\/volovape.com\/es\/wp-json\/wp\/v2\/product_brand?post=420"},{"taxonomy":"product_cat","embeddable":true,"href":"https:\/\/volovape.com\/es\/wp-json\/wp\/v2\/product_cat?post=420"},{"taxonomy":"product_tag","embeddable":true,"href":"https:\/\/volovape.com\/es\/wp-json\/wp\/v2\/product_tag?post=420"}],"curies":[{"name":"Gracias","href":"https:\/\/api.w.org\/{rel}","templated":true}]}}